{"id":1131,"date":"2021-02-13T19:42:12","date_gmt":"2021-02-13T19:42:12","guid":{"rendered":"https:\/\/hed.ch\/?page_id=1131"},"modified":"2024-02-16T14:09:11","modified_gmt":"2024-02-16T14:09:11","slug":"vaersli-e-arbaed","status":"publish","type":"page","link":"https:\/\/walsermundart.ch\/?page_id=1131","title":{"rendered":"8.4 &#8211; Arb\u00e4d"},"content":{"rendered":"\n<figure class=\"wp-block-image size-full is-resized\"><a href=\"https:\/\/walsermundart.ch\/?page_id=156\"><img loading=\"lazy\" decoding=\"async\" width=\"268\" height=\"173\" src=\"https:\/\/walsermundart.ch\/wp-content\/uploads\/2022\/03\/Pfeil-zurueck-mini-1.jpg\" alt=\"\" class=\"wp-image-6871\" style=\"width:109px;height:70px\"\/><\/a><\/figure>\n\n\n\n<p><strong>Aalti Walser<\/strong><\/p>\n\n\n\n<figure class=\"wp-block-audio\"><audio controls src=\"https:\/\/walsermundart.ch\/wp-content\/uploads\/2022\/04\/085-Walser.mp3\"><\/audio><\/figure>\n\n\n\n<p>Viil mee as Schaff\u00e4 chen\u00e4nd sch nid.<br>Im Jahr \u00e4s Feschtli, wenn s schi gid.<br>W\u00e4\u00e4r g\u00e4id den schon g\u00e4 wand\u00e4r\u00e4<br>von \u00e4in\u00e4m Tal in ds and\u00e4r\u00e4?<br>M\u00e4 g\u00e4id nid g\u00e4\u00e4r\u00e4 us schi uus,<br>gross Red\u00e4 haalt\u00e4 weer \u00e4n Gruus.<\/p>\n\n\n\n<p><strong>L\u00e4\u00e4rn\u00e4 schaff\u00e4<\/strong><\/p>\n\n\n\n<figure class=\"wp-block-audio\"><audio controls src=\"https:\/\/walsermundart.ch\/wp-content\/uploads\/2022\/04\/086-Rechen.mp3\"><\/audio><\/figure>\n\n\n\n<p>Schon fr\u00fc\u00e4 mu\u00e4s ds Chind \u00e4 R\u00e4chch\u00e4 f\u00fc\u00e4r\u00e4,<br>bim Bachch\u00e4 au \u00e4n T\u00e4ig aar\u00fc\u00e4r\u00e4.<br>Ni\u00e4 mu\u00e4s m\u00e4 \u00fcbr Lengwiil br\u00fc\u00e4t\u00e4.<br>Im Herbscht gid s z laub\u00e4, z z\u00fc\u00fcn\u00e4, z h\u00fc\u00e4t\u00e4.<br>Am ringscht\u00e4 is s den uf \u00e4m Schtu\u00e4l<br>im leng\u00e4 Wintr in dr Schu\u00e4l.<\/p>\n\n\n\n<p><strong>Aab gan Tanill<\/strong><\/p>\n\n\n\n<figure class=\"wp-block-audio\"><audio controls src=\"https:\/\/walsermundart.ch\/wp-content\/uploads\/2022\/04\/087-Tanill.mp3\"><\/audio><\/figure>\n\n\n\n<p>Di m\u00e4ischt\u00e4 Landchind m\u00fc\u00e4ss\u00e4nd l\u00e4\u00e4rn\u00e4 schaff\u00e4,<br>schi ch\u00f6n\u00e4nd nid dr ganz Taag ummrggaff\u00e4.<br>Dr Pap\u00e4 s\u00e4id, wi\u00e4r gaand jetz gan Tanill,<br>m\u00e4 w\u00e4is h\u00fctt nid, was ds W\u00e4ttr moor\u00e4 will.<br>Wen ds H\u00e4u \u00e4rnass\u00e4d, is s den schweer zum traag\u00e4,<br>uf moor\u00e4 z waart\u00e4, t\u00f6rrf wr gw\u00fcss nid waag\u00e4.<br>\u00c4n grau\u00e4 H\u00e4uschtock n\u00fctzt ja ni\u00e4m\u00e4d n\u00fc\u00fcd,<br>d\u00e4\u00e4r Schtaub ischt ungsund f\u00fcr di Ti\u00e4r und d L\u00fc\u00fct.<\/p>\n\n\n\n<p><strong>Folg\u00e4 l\u00e4\u00e4rn\u00e4<\/strong><\/p>\n\n\n\n<figure class=\"wp-block-audio\"><audio controls src=\"https:\/\/walsermundart.ch\/wp-content\/uploads\/2022\/04\/088-Folgae.mp3\"><\/audio><\/figure>\n\n\n\n<p>Chom\u00e4d nid innr mid mischtig\u00e4 Schu\u00e4<br>und machch\u00e4d doch pitti noch d Huust\u00fc\u00fcr zu\u00e4!<br>I bin jetz am Bachch\u00e4 und muas di Ziit nutz\u00e4,<br>Sus ch\u00f6nd i\u00e4r den s\u00e4lbr \u00fcns Scht\u00e4g\u00e4huus butz\u00e4!<\/p>\n\n\n\n<p><strong><strong>\u00c4 vrloorn\u00e4 Taag<\/strong><\/strong><\/p>\n\n\n\n<figure class=\"wp-block-audio\"><audio controls src=\"https:\/\/walsermundart.ch\/wp-content\/uploads\/2022\/04\/089-Pilger.mp3\"><\/audio><\/figure>\n\n\n\n<p>Dr Pilgr g\u00e4id g\u00e4n Bethlehem,<br>dr Puur g\u00e4id uus g\u00e4 Chur.<br>F\u00fcr k\u00e4in\u00e4 ischt di\u00e4 R\u00e4is bequem,<br>di Ziit r\u00fc\u00fct nun dr Puur.<\/p>\n\n\n\n<p><strong><strong><strong>Was f\u00fcr \u00e4n B\u00e4iz!<\/strong><\/strong><\/strong><\/p>\n\n\n\n<figure class=\"wp-block-audio\"><audio controls src=\"https:\/\/walsermundart.ch\/wp-content\/uploads\/2022\/04\/090-Tenglae.mp3\"><\/audio><\/figure>\n\n\n\n<p>\u00c4r meet und tengl\u00e4d, wetzt und meet,<br>di\u00e4 Chatz\u00e4schw\u00e4nz sind hert wi\u00e4 Dreet.<br>D Maschin\u00e4 ch\u00f6nti s bessr<br>mit suubr gschliffn\u00e4 Messr!<\/p>\n\n\n\n<figure class=\"wp-block-image size-large is-resized\"><img loading=\"lazy\" decoding=\"async\" width=\"1024\" height=\"297\" src=\"https:\/\/walsermundart.ch\/wp-content\/uploads\/2021\/02\/schachtelhalm-2-mehr-1024x297.jpg\" alt=\"\" class=\"wp-image-1205\" style=\"width:545px;height:158px\" srcset=\"https:\/\/walsermundart.ch\/wp-content\/uploads\/2021\/02\/schachtelhalm-2-mehr-1024x297.jpg 1024w, https:\/\/walsermundart.ch\/wp-content\/uploads\/2021\/02\/schachtelhalm-2-mehr-300x87.jpg 300w, https:\/\/walsermundart.ch\/wp-content\/uploads\/2021\/02\/schachtelhalm-2-mehr-768x222.jpg 768w, https:\/\/walsermundart.ch\/wp-content\/uploads\/2021\/02\/schachtelhalm-2-mehr.jpg 1181w\" sizes=\"auto, (max-width: 1024px) 100vw, 1024px\" \/><\/figure>\n\n\n\n<p><strong><strong><strong>Vee iischpann\u00e4<\/strong><\/strong><\/strong><\/p>\n\n\n\n<figure class=\"wp-block-audio\"><audio controls src=\"https:\/\/walsermundart.ch\/wp-content\/uploads\/2022\/04\/091-Maentschae.mp3\"><\/audio><\/figure>\n\n\n\n<p>\u00c4 M\u00e4ntsch\u00e4 mu\u00e4s l\u00e4\u00e4rn\u00e4 \u00e4 Schlitt\u00e4 zi\u00e4n,<br>schi w\u00e4is noch nid wi\u00e4 und will albig fli\u00e4n.<br>Das Blegr tu\u00e4d schtettig, \u00e4s bock\u00e4d und schpeert,<br>\u00e4s hud\u00e4r\u00e4d gw\u00fcss beedi Latt\u00e4 und ds Gfeert.<\/p>\n\n\n\n<figure class=\"wp-block-image size-large is-resized\"><img loading=\"lazy\" decoding=\"async\" width=\"800\" height=\"552\" src=\"https:\/\/walsermundart.ch\/wp-content\/uploads\/2021\/02\/Zugtier-Name.jpg\" alt=\"\" class=\"wp-image-1203\" style=\"aspect-ratio:1.451048951048951;width:480px;height:auto\" srcset=\"https:\/\/walsermundart.ch\/wp-content\/uploads\/2021\/02\/Zugtier-Name.jpg 800w, https:\/\/walsermundart.ch\/wp-content\/uploads\/2021\/02\/Zugtier-Name-300x207.jpg 300w, https:\/\/walsermundart.ch\/wp-content\/uploads\/2021\/02\/Zugtier-Name-768x530.jpg 768w\" sizes=\"auto, (max-width: 800px) 100vw, 800px\" \/><\/figure>\n\n\n\n<p><strong><strong><strong>Fr\u00fc\u00e4summr<\/strong><\/strong><\/strong><\/p>\n\n\n\n<figure class=\"wp-block-audio\"><audio controls src=\"https:\/\/walsermundart.ch\/wp-content\/uploads\/2022\/04\/093-Wisli.mp3\"><\/audio><\/figure>\n\n\n\n<p>Jetz lu\u00e4g\u00e4d doch zum F\u00e4nschtr uus!<br>Dr Naachpuur meet schon ob \u00e4m Huus.<br>Den m\u00fc\u00e4ss\u00e4nd wi\u00e4r in ds Wisli iin,<br>wi\u00e4r wel\u00e4nd nid di Letscht\u00e4 siin!<\/p>\n\n\n\n<p><strong><strong><strong>\u00c4s Reetsl<\/strong><\/strong><\/strong><\/p>\n\n\n\n<figure class=\"wp-block-audio\"><audio controls src=\"https:\/\/walsermundart.ch\/wp-content\/uploads\/2022\/04\/094-Reetsl.mp3\"><\/audio><\/figure>\n\n\n\n<p>\u00c4r mach\u00e4d Schtaub so h\u00f6\u00f6ch wi\u00e4 ds Tach,<br>\u00e4r machd \u00e4n tond\u00e4rlich\u00e4 Chrach,<br>\u00e4r schtiicht naa \u00d6l und naa Benzin.<br>W\u00e4\u00e4r chan das l\u00e4id\u00e4 Ungh\u00fc\u00fcr sin?<\/p>\n\n\n\n<p><strong><strong>Dr Blaasr!<\/strong><\/strong><\/p>\n\n\n\n<figure class=\"wp-block-audio\"><audio controls src=\"https:\/\/walsermundart.ch\/wp-content\/uploads\/2022\/04\/095-Blaser.mp3\"><\/audio><\/figure>\n\n\n\n<p>Schiin Blaasr gid \u00e4r n\u00fcmm\u00e4 fort,<br>\u00e4r blaas\u00e4d ds H\u00e4u us jedm Boord,<br>doch schtiicht r, scht\u00fc\u00fcbt und machch\u00e4d Chrach<br>und halt\u00e4d wiitum alli wach.<\/p>\n\n\n\n<figure class=\"wp-block-image size-large is-resized\"><img loading=\"lazy\" decoding=\"async\" width=\"423\" height=\"312\" src=\"https:\/\/walsermundart.ch\/wp-content\/uploads\/2021\/02\/Aschueael-Blaser.jpg\" alt=\"\" class=\"wp-image-1204\" style=\"aspect-ratio:1.3564356435643565;width:468px;height:auto\" srcset=\"https:\/\/walsermundart.ch\/wp-content\/uploads\/2021\/02\/Aschueael-Blaser.jpg 423w, https:\/\/walsermundart.ch\/wp-content\/uploads\/2021\/02\/Aschueael-Blaser-300x221.jpg 300w\" sizes=\"auto, (max-width: 423px) 100vw, 423px\" \/><\/figure>\n\n\n\n<p><strong><strong><strong>Dr n\u00fc\u00fcscht Chrachchbru\u00e4dr<\/strong><\/strong><\/strong><\/p>\n\n\n\n<figure class=\"wp-block-audio\"><audio controls src=\"https:\/\/walsermundart.ch\/wp-content\/uploads\/2022\/04\/096-Chrach.mp3\"><\/audio><\/figure>\n\n\n\n<p>Di jung\u00e4 Puur\u00e4 ch\u00f6nd nid mee\u00e4, tengl\u00e4, wetz\u00e4,<br>drf\u00fc\u00fcr van \u00e4inr Aarb\u00e4d zun dr neechscht\u00e4 hetz\u00e4.<br>Aschtatt \u00e4 S\u00e4g\u00e4s\u00e4 h\u00e4ind sch n\u00fc\u00fc\u00e4rdings dr Trimmr.<br>Dr Chrachch, dr Gschtank, dr Schtaub,<br>di\u00e4 chom\u00e4nd nun noch schlimmr.<\/p>\n\n\n\n<p><strong><strong><strong>Dr Schwiichochch<\/strong><\/strong><\/strong><\/p>\n\n\n\n<figure class=\"wp-block-audio\"><audio controls src=\"https:\/\/walsermundart.ch\/wp-content\/uploads\/2022\/04\/097-Schwiichoch.mp3\"><\/audio><\/figure>\n\n\n\n<p>Im Abw\u00e4schschwassr taarf k\u00e4i S\u00e4iff\u00e4 siin,<br>m\u00e4 nutz\u00e4d s nachh\u00e4r f\u00fcr d\u00e4 Chochch f\u00fcr d Schwiin.<br>Dert driin heds Schwiinh\u00e4rd\u00f6pfl, all\u00e4rl\u00e4i.<br>Das schmeckt! Am Fu\u00e4trtroog, da gid s \u00e4s Gschr\u00e4i.<\/p>\n\n\n\n<p><strong><strong><strong>Arnika und Edelwiiss<\/strong><\/strong><\/strong><\/p>\n\n\n\n<figure class=\"wp-block-audio\"><audio controls src=\"https:\/\/walsermundart.ch\/wp-content\/uploads\/2022\/04\/098-Arnika.mp3\"><\/audio><\/figure>\n\n\n\n<p>Am Montalin, ganz h\u00f6\u00f6ch am Grat,<br>meed dr Neni fr\u00fc\u00e4 und schpaat.<br>Arnika und Edelwiss<br>hed s dert dobn\u00e4 in dr Wis.<br>Im Wintr frisst ds Vee ds H\u00e4u mit Luscht,<br>\u00c4s hed d\u00e4\u00e4r bsundr B\u00e4\u00e4rgwisguscht.<\/p>\n\n\n\n<figure class=\"wp-block-image size-large is-resized\"><img loading=\"lazy\" decoding=\"async\" width=\"1024\" height=\"534\" src=\"https:\/\/walsermundart.ch\/wp-content\/uploads\/2021\/05\/Montalin-Juli-2016-Peter-Grischott-1024x534.jpg\" alt=\"\" class=\"wp-image-4889\" style=\"aspect-ratio:1.9195402298850575;width:564px;height:auto\" srcset=\"https:\/\/walsermundart.ch\/wp-content\/uploads\/2021\/05\/Montalin-Juli-2016-Peter-Grischott-1024x534.jpg 1024w, https:\/\/walsermundart.ch\/wp-content\/uploads\/2021\/05\/Montalin-Juli-2016-Peter-Grischott-300x156.jpg 300w, https:\/\/walsermundart.ch\/wp-content\/uploads\/2021\/05\/Montalin-Juli-2016-Peter-Grischott-768x400.jpg 768w, https:\/\/walsermundart.ch\/wp-content\/uploads\/2021\/05\/Montalin-Juli-2016-Peter-Grischott-1536x801.jpg 1536w, https:\/\/walsermundart.ch\/wp-content\/uploads\/2021\/05\/Montalin-Juli-2016-Peter-Grischott.jpg 1957w\" sizes=\"auto, (max-width: 1024px) 100vw, 1024px\" \/><\/figure>\n\n\n\n<p><strong><strong><strong>\u00dcnschi Mamm\u00e4<\/strong><\/strong><\/strong><\/p>\n\n\n\n<figure class=\"wp-block-audio\"><audio controls src=\"https:\/\/walsermundart.ch\/wp-content\/uploads\/2022\/04\/099-Mammae.mp3\"><\/audio><\/figure>\n\n\n\n<p>Im B\u00fcro schaff\u00e4, Poscht vrtraag\u00e4,<br>los\u00e4, was d L\u00fc\u00fct wel\u00e4nd chlag\u00e4,<br>chochch\u00e4, w\u00e4schsch\u00e4, und wenn s g\u00e4id<br>bim H\u00e4\u00fc\u00e4 h\u00e4lff\u00e4, is s nid l\u00e4id.<br>Am Sunntig oorg\u00e4l\u00e4 s\u00e4chzg Jaar,<br>denn d Organischt\u00e4, di\u00e4 sind rar.<br>\u00c4s eelends Gschpr\u00fcng uf der\u00e4 W\u00e4\u00e4ld.<br>Schi schetzt s \u00e4soo, nid w\u00e4g\u00e4m G\u00e4\u00e4ld.<\/p>\n\n\n\n<p><strong><strong><strong>Van Cafr\u00e4iss\u00e4 aab in ds Cascht\u00ec\u00e4lr Tobl<\/strong><\/strong><\/strong><\/p>\n\n\n\n<figure class=\"wp-block-audio\"><audio controls src=\"https:\/\/walsermundart.ch\/wp-content\/uploads\/2022\/04\/100-Sager.mp3\"><\/audio><\/figure>\n\n\n\n<p>Schi hed erscht grad \u00e4s Chind g\u00e4boor\u00e4,<br>ggm\u00e4ind hed sch, schi \u00fcbrchomi s moor\u00e4.<br>Dr Maan ischt wiit am Bach am Saag\u00e4.<br>Dert aab mag schii Zmittaag schon traag\u00e4.<br>Dr Saagr s\u00e4id, mi li\u00e4bi Frau,<br>g\u00e4id s di\u00e4r den gu\u00e4t, dm Popi au?<br>M\u00e4 chan di\u00e4 Fr\u00e4ud gar nid \u00e4rm\u00e4ss\u00e4.<br>Und erscht noch di\u00e4 am gu\u00e4t\u00e4 \u00c4ss\u00e4!<\/p>\n\n\n\n<p><strong><strong><strong>Schaff\u00e4, schaff\u00e4<\/strong><\/strong><\/strong><\/p>\n\n\n\n<figure class=\"wp-block-audio\"><audio controls src=\"https:\/\/walsermundart.ch\/wp-content\/uploads\/2022\/04\/101-Chrampfer.mp3\"><\/audio><\/figure>\n\n\n\n<p>Miin Pap\u00e4 ischt albig \u00e4 Chrampfr gsin<br>und off\u00e4 f\u00fcr N\u00fc\u00fcs und f\u00fcr Unbekannts.<br>\u00c4r hed ni\u00e4 n\u00fc\u00fcd gmachch\u00e4d \u00e4soo zum Schiin.<br>Und n\u00fc\u00fcd nun zur H\u00e4lfti, denn wenn schon, ganz.<br>Zur Uusnaam hed s \u00e4tt\u00e4 \u00e4s Schp\u00e4ssli gg\u00e4\u00e4n,<br>S\u00e4b hed \u00e4r schi trotzd\u00e4mm den nid l\u00e4 n\u00e4\u00e4n.<\/p>\n\n\n\n<p><strong><strong><strong>Miin Pap\u00e4 \u00e4rzelld<\/strong><\/strong><\/strong><\/p>\n\n\n\n<figure class=\"wp-block-audio\"><audio controls src=\"https:\/\/walsermundart.ch\/wp-content\/uploads\/2022\/04\/102-Oggs.mp3\"><\/audio><\/figure>\n\n\n\n<p>Dr Pap\u00e4 isch noch draan am H\u00e4u ablad\u00e4,<br>waa \u00fcnsch\u00e4 Oggs erscht us \u00e4m B\u00e4\u00e4rg g\u00e4zog\u00e4 hed.<br>\u00c4r flickt am Schlitt\u00e4 gschw\u00fcnd \u00e4 chl\u00e4in\u00e4 Schad\u00e4.<br>\u00c4r mu\u00e4s jetz ds zw\u00e4it Mal faar\u00e4, sus chund s schpeet.<br>       D Huush\u00e4lt\u00e4ri vam Fu\u00e4rm\u00e4 Hans scht\u00e4id dert.<br>Schi gsi\u00e4d, f\u00fcr ds Ti\u00e4r ischt so \u00e4n Aarb\u00e4d hert.<br>&#171;Gibt s denn noch Milch, wenn s fleissig schaff\u00e4 mu\u00e4?&#187;<br>Ach, gu\u00e4ti Frau, das ischt \u00e4n Oggs, k\u00e4i Chu\u00e4!<\/p>\n\n\n\n<p><strong><strong><strong>D Mamm\u00e4 \u00e4rzelld<\/strong><\/strong><\/strong><\/p>\n\n\n\n<figure class=\"wp-block-audio\"><audio controls src=\"https:\/\/walsermundart.ch\/wp-content\/uploads\/2022\/04\/103-Dieb.mp3\"><\/audio><\/figure>\n\n\n\n<p>Zwiili\u00e4chtigi L\u00fc\u00fct sind schon fr\u00fc\u00e4 d\u00fcr ds Tal iin.<br>Und ni\u00e4m\u00e4d ischt va n\u00e4 b\u00e4g\u00e4ischt\u00e4r\u00e4d gsin.<br>\u00c4 Schelm hed z Arosa dr Pf\u00e4ffr bald gschmeckt,<br>doch hed m\u00e4 n\u00e4 dert\u00e4 nid sofort \u00e4ntdeckt.<br>\u00c4r g\u00e4id an \u00e4s Lauff\u00e4, so gschw\u00fcnd ass n\u00e4 tr\u00e4id,<br>und schtild noch \u00e4s Velo, wa \u00e4ifach da scht\u00e4id.<\/p>\n\n\n\n<p><br>Nun z P\u00e4ischt uf dr Poscht hed s \u00e4s Teliffon ghan.<br>Da l\u00fc\u00fct\u00e4d \u00e4sw\u00e4\u00e4r uf das Teliffon an.<br>Und d Mamm\u00e4 n\u00fcmmt ab, s ischt \u00e4n Aaru\u00e4ff va Chur,<br>schi sii\u00e4nd dm Schelm jetz\u00e4 hert uf dr Schpuur.<br>Dr Lantjegr s\u00f6l gschw\u00fcnd an d Straass aab g\u00e4 schtaan,<br>dr Schelm dert \u00e4rgriiff\u00e4 und n\u00fcmm\u00e4 lan gaan!<\/p>\n\n\n\n<p><br>K\u00e4is Velo ischt choon, nid \u00e4s Auto, k\u00e4is Ti\u00e4r.<br>Dr Lantjegr m\u00e4int, jetz\u00e4 ch\u00f6n\u00e4nd sch den mi\u00e4r!<br>Schon fr\u00fc\u00e4 an dr Wis hed dr Schelm schi g\u00e4d\u00e4icht:<br>Da schtiigi vam Velo, noch vor as mi pr\u00e4icht.<br>I laan das Vehikl am Schtraass\u00e4rand schtaan,<br>van daa wil i h\u00e4imli in ds Br\u00e4ttig\u00e4 gaan!<\/p>\n\n\n\n<p><br>Dr Schelm ischt vrschwund\u00e4, n\u00fc\u00fcd hed m\u00e4 mee gh\u00f6\u00f6rd.<br>M\u00e4 hed n\u00e4 vrg\u00e4ss\u00e4, und ni\u00e4m\u00e4d hed s gscht\u00f6\u00f6rd.<\/p>\n\n\n\n<figure class=\"wp-block-image size-large is-resized\"><img loading=\"lazy\" decoding=\"async\" width=\"750\" height=\"1024\" src=\"https:\/\/walsermundart.ch\/wp-content\/uploads\/2023\/03\/Holzfuhr-Furna-min-750x1024.jpg\" alt=\"\" class=\"wp-image-8533\" style=\"aspect-ratio:0.7331887201735358;width:447px;height:auto\" srcset=\"https:\/\/walsermundart.ch\/wp-content\/uploads\/2023\/03\/Holzfuhr-Furna-min-750x1024.jpg 750w, https:\/\/walsermundart.ch\/wp-content\/uploads\/2023\/03\/Holzfuhr-Furna-min-220x300.jpg 220w, https:\/\/walsermundart.ch\/wp-content\/uploads\/2023\/03\/Holzfuhr-Furna-min-768x1048.jpg 768w, https:\/\/walsermundart.ch\/wp-content\/uploads\/2023\/03\/Holzfuhr-Furna-min.jpg 874w\" sizes=\"auto, (max-width: 750px) 100vw, 750px\" \/><\/figure>\n\n\n\n<p><strong><strong><strong>D Annina \u00e4rzelld<\/strong><\/strong><\/strong><\/p>\n\n\n\n<figure class=\"wp-block-audio\"><audio controls src=\"https:\/\/walsermundart.ch\/wp-content\/uploads\/2023\/03\/104b-Furnertobel.mp3\"><\/audio><\/figure>\n\n\n\n<p>Uf dr Brugg \u00e4s Ross, \u00e4 Maan.<br>Lengholz gsi\u00e4d m\u00e4 hinn\u00e4draan.<br>T\u00e4uff im Furner Tobl dinn\u00e4<br>gid s k\u00e4is Gold und Silbr z ggwinn\u00e4.<br>Ross und Fu\u00e4rm\u00e4 m\u00fc\u00e4ss\u00e4nd chrampf\u00e4,<br>d\u00fcr d\u00e4 t\u00e4uff Schnee uussr schtampf\u00e4.<br>Jetz ischt n\u00fc\u00fcd z tu\u00e4n uf \u00e4m F\u00e4\u00e4ld,<br>d Holzfu\u00e4r gid \u00e4s bitzi G\u00e4\u00e4ld.<br>Und w\u00e4r schaff\u00e4d den im Schtall?<br>D Frau! Di\u00e4 soorg\u00e4d \u00fcb\u00e4ral.<\/p>\n\n\n\n<p><strong><strong><strong>Ds Evali va Seewis<\/strong><\/strong><\/strong><\/p>\n\n\n\n<figure class=\"wp-block-audio\"><audio controls src=\"https:\/\/walsermundart.ch\/wp-content\/uploads\/2022\/04\/104-Evali.mp3\"><\/audio><\/figure>\n\n\n\n<p>W\u00e4r hed au ds Evali als W\u00fcrti in Partnun nid gchend!<br>Im Summr hed s viel Wandersl\u00fc\u00fct ghan in d\u00e4m h\u00fcbsch\u00e4 Gglend,<br>und di\u00e4 h\u00e4ind g\u00e4\u00e4r\u00e4 \u00fcbrnacht\u00e4d undr ir\u00e4m Tach.<br>Am Suntigaab\u00e4d sind den au di Ledig\u00e4 vrbii.<br>Das hed dem Evali gaar nid g\u00e4pass\u00e4d w\u00e4g\u00e4m Chrachch:<br>&#171;Da ch\u00f6n si eerscht am Zw\u00f6lfi und den t\u00fc\u00e4n si no wi\u00e4 d Schwii!&#187;<\/p>\n\n\n\n<figure class=\"wp-block-image size-large is-resized\"><img loading=\"lazy\" decoding=\"async\" width=\"1024\" height=\"681\" src=\"https:\/\/walsermundart.ch\/wp-content\/uploads\/2021\/02\/Partnun-Annina-und-Frida-1960-min-1-1024x681.jpg\" alt=\"\" class=\"wp-image-1227\" style=\"width:458px;height:304px\" srcset=\"https:\/\/walsermundart.ch\/wp-content\/uploads\/2021\/02\/Partnun-Annina-und-Frida-1960-min-1-1024x681.jpg 1024w, https:\/\/walsermundart.ch\/wp-content\/uploads\/2021\/02\/Partnun-Annina-und-Frida-1960-min-1-300x200.jpg 300w, https:\/\/walsermundart.ch\/wp-content\/uploads\/2021\/02\/Partnun-Annina-und-Frida-1960-min-1-768x511.jpg 768w, https:\/\/walsermundart.ch\/wp-content\/uploads\/2021\/02\/Partnun-Annina-und-Frida-1960-min-1-1536x1021.jpg 1536w, https:\/\/walsermundart.ch\/wp-content\/uploads\/2021\/02\/Partnun-Annina-und-Frida-1960-min-1-2048x1362.jpg 2048w\" sizes=\"auto, (max-width: 1024px) 100vw, 1024px\" \/><\/figure>\n\n\n\n<p><strong><strong><strong>Bin dr B\u00e4si und bim \u00d6hi<\/strong><\/strong><\/strong><\/p>\n\n\n\n<figure class=\"wp-block-audio\"><audio controls src=\"https:\/\/walsermundart.ch\/wp-content\/uploads\/2022\/04\/105-Tee.mp3\"><\/audio><\/figure>\n\n\n\n<p>Bin irn\u00e4 hed s L\u00e4d\u00e4, gw\u00fcss hund\u00e4rt und mee,<br>bin irn\u00e4 gid s jed\u00e4 Taag Chu\u00e4ch\u00e4 und Tee.<br>Zun irn\u00e4 g\u00e4n huus\u00e4, s\u00e4b tetti mr wee,<br>bin \u00fcnsch hed s halt Allm\u00e4in\u00e4, Wis\u00e4 und Vee.<\/p>\n\n\n\n<p><strong><strong><strong>Luschtigs Zig\u00fc\u00fcnerl\u00e4b\u00e4<\/strong><\/strong><\/strong><\/p>\n\n\n\n<figure class=\"wp-block-audio\"><audio controls src=\"https:\/\/walsermundart.ch\/wp-content\/uploads\/2022\/04\/106-Ziguener.mp3\"><\/audio><\/figure>\n\n\n\n<p>Im Summr, wenn s h\u00fcbsch aabr ischt,<br>den wett i z li\u00e4bscht Zig\u00fc\u00fcnr siin.<br>Im Wintr, wen alls gfroor\u00e4 ischt,<br>den is s f\u00fcrdussn\u00e4 n\u00fcmm\u00e4 fiin.<\/p>\n\n\n\n<p><strong><strong><strong>\u00c4 Sisyfusaarb\u00e4d<\/strong><\/strong><\/strong><\/p>\n\n\n\n<figure class=\"wp-block-audio\"><audio controls src=\"https:\/\/walsermundart.ch\/wp-content\/uploads\/2022\/04\/107-Sisyfus.mp3\"><\/audio><\/figure>\n\n\n\n<p>Dr Sisyfus, d\u00e4r tr\u00f6\u00f6lt schiin Scht\u00e4in<br>uf ds Mattlischhoor\u00e4 ganz all\u00e4in.<br>Fascht z obrscht chund \u00e4r m\u00e4 z \u00e4ntgaan.<br>Drum faad \u00e4r widrum dunn\u00e4 aan.<\/p>\n\n\n\n<figure class=\"wp-block-image size-large\"><img loading=\"lazy\" decoding=\"async\" width=\"472\" height=\"308\" src=\"https:\/\/walsermundart.ch\/wp-content\/uploads\/2021\/05\/sisyphus-heller-Name.jpg\" alt=\"\" class=\"wp-image-4887\" srcset=\"https:\/\/walsermundart.ch\/wp-content\/uploads\/2021\/05\/sisyphus-heller-Name.jpg 472w, https:\/\/walsermundart.ch\/wp-content\/uploads\/2021\/05\/sisyphus-heller-Name-300x196.jpg 300w\" sizes=\"auto, (max-width: 472px) 100vw, 472px\" \/><\/figure>\n\n\n\n<figure class=\"wp-block-image size-full is-resized\"><a href=\"https:\/\/walsermundart.ch\/?page_id=156\"><img loading=\"lazy\" decoding=\"async\" width=\"268\" height=\"173\" src=\"https:\/\/walsermundart.ch\/wp-content\/uploads\/2022\/03\/Pfeil-zurueck-mini-1.jpg\" alt=\"\" class=\"wp-image-6871\" style=\"width:107px;height:69px\"\/><\/a><\/figure>\n\n\n\n<p><\/p>\n","protected":false},"excerpt":{"rendered":"<p>Aalti Walser Viil mee as Schaff\u00e4 chen\u00e4nd sch nid.Im Jahr \u00e4s Feschtli, wenn s schi gid.W\u00e4\u00e4r g\u00e4id den schon g\u00e4 wand\u00e4r\u00e4von \u00e4in\u00e4m Tal in ds&hellip;<\/p>\n","protected":false},"author":1,"featured_media":0,"parent":0,"menu_order":0,"comment_status":"closed","ping_status":"closed","template":"","meta":{"footnotes":""},"class_list":["post-1131","page","type-page","status-publish","hentry"],"_links":{"self":[{"href":"https:\/\/walsermundart.ch\/index.php?rest_route=\/wp\/v2\/pages\/1131","targetHints":{"allow":["GET"]}}],"collection":[{"href":"https:\/\/walsermundart.ch\/index.php?rest_route=\/wp\/v2\/pages"}],"about":[{"href":"https:\/\/walsermundart.ch\/index.php?rest_route=\/wp\/v2\/types\/page"}],"author":[{"embeddable":true,"href":"https:\/\/walsermundart.ch\/index.php?rest_route=\/wp\/v2\/users\/1"}],"replies":[{"embeddable":true,"href":"https:\/\/walsermundart.ch\/index.php?rest_route=%2Fwp%2Fv2%2Fcomments&post=1131"}],"version-history":[{"count":35,"href":"https:\/\/walsermundart.ch\/index.php?rest_route=\/wp\/v2\/pages\/1131\/revisions"}],"predecessor-version":[{"id":8643,"href":"https:\/\/walsermundart.ch\/index.php?rest_route=\/wp\/v2\/pages\/1131\/revisions\/8643"}],"wp:attachment":[{"href":"https:\/\/walsermundart.ch\/index.php?rest_route=%2Fwp%2Fv2%2Fmedia&parent=1131"}],"curies":[{"name":"wp","href":"https:\/\/api.w.org\/{rel}","templated":true}]}}