{"id":1140,"date":"2021-02-13T19:53:08","date_gmt":"2021-02-13T19:53:08","guid":{"rendered":"https:\/\/hed.ch\/?page_id=1140"},"modified":"2025-06-20T17:55:35","modified_gmt":"2025-06-20T17:55:35","slug":"vaersli-g-soo-aetaes","status":"publish","type":"page","link":"https:\/\/walsermundart.ch\/?page_id=1140","title":{"rendered":"8.6 &#8211; Soo \u00e4t\u00e4s"},"content":{"rendered":"\n<figure class=\"wp-block-image size-full is-resized\"><a href=\"https:\/\/walsermundart.ch\/?page_id=156\"><img loading=\"lazy\" decoding=\"async\" width=\"268\" height=\"173\" src=\"https:\/\/walsermundart.ch\/wp-content\/uploads\/2022\/03\/Pfeil-zurueck-mini-1.jpg\" alt=\"\" class=\"wp-image-6871\" style=\"width:108px;height:70px\"\/><\/a><\/figure>\n\n\n\n<p><strong><strong><strong>\u00dcns Henn\u00e4volch<\/strong><\/strong><\/strong><\/p>\n\n\n\n<figure class=\"wp-block-audio\"><audio controls src=\"https:\/\/walsermundart.ch\/wp-content\/uploads\/2022\/04\/120-Hennae.mp3\"><\/audio><\/figure>\n\n\n\n<p>Uf jedem Fl\u00e4ck<br>\u00e4 l\u00e4id\u00e4 Dr\u00e4ck.<br>W\u00e4ischt nid waa gaan,<br>chascht ni\u00e4n\u00e4 staan.<br>\u00e4s ischt \u00e4n Gruus,<br>grad f\u00fcr \u00e4m Huus.<\/p>\n\n\n\n<p><strong><strong><strong>\u00dcns Nani bim Bachch\u00e4<\/strong><\/strong><\/strong><\/p>\n\n\n\n<figure class=\"wp-block-audio\"><audio controls src=\"https:\/\/walsermundart.ch\/wp-content\/uploads\/2022\/04\/121-Thymian.mp3\"><\/audio><\/figure>\n\n\n\n<p>Bin ii jetz schon vrg\u00e4ssli choon.<br>Waa han i ds Schmalz, waa han i ds Salz,<br>dr Majoran, dr Thymian?<br>Drum bruuch i jetz \u00e4n Baldrian.<\/p>\n\n\n\n<p><strong><strong>Protein<\/strong><\/strong><\/p>\n\n\n\n<figure class=\"wp-block-audio\"><audio controls src=\"https:\/\/walsermundart.ch\/wp-content\/uploads\/2022\/04\/122-Protein.mp3\"><\/audio><\/figure>\n\n\n\n<p>Z viil Fl\u00e4isch und z viil Fisch<br>chund h\u00fct uf d\u00e4 Tisch.<br>Drumm git s in d\u00e4 Wis\u00e4 \u00e4s Gscht\u00fcrm:<br>Alls su\u00e4cht jetz naa Grill\u00e4 und W\u00fcrm.<\/p>\n\n\n\n<figure class=\"wp-block-image size-large is-resized\"><img loading=\"lazy\" decoding=\"async\" width=\"800\" height=\"340\" src=\"https:\/\/walsermundart.ch\/wp-content\/uploads\/2021\/02\/Grille-kleiner.jpg\" alt=\"\" class=\"wp-image-1269\" style=\"width:496px;height:210px\" srcset=\"https:\/\/walsermundart.ch\/wp-content\/uploads\/2021\/02\/Grille-kleiner.jpg 800w, https:\/\/walsermundart.ch\/wp-content\/uploads\/2021\/02\/Grille-kleiner-300x128.jpg 300w, https:\/\/walsermundart.ch\/wp-content\/uploads\/2021\/02\/Grille-kleiner-768x326.jpg 768w\" sizes=\"auto, (max-width: 800px) 100vw, 800px\" \/><\/figure>\n\n\n\n<p><strong><strong><strong>Bh\u00fc\u00e4t isch!<\/strong><\/strong><\/strong><\/p>\n\n\n\n<figure class=\"wp-block-audio\"><audio controls src=\"https:\/\/walsermundart.ch\/wp-content\/uploads\/2022\/04\/123-Goofae.mp3\"><\/audio><\/figure>\n\n\n\n<p>Im H\u00fc\u00fcschi hed s M\u00fc\u00fcsch<br>und d Chatz\u00e4 h\u00e4ind L\u00fc\u00fcsch,<br>dr Hund hed \u00e4n Z\u00e4ch,<br>di Goof\u00e4 sind fr\u00e4ch.<\/p>\n\n\n\n<figure class=\"wp-block-image size-large is-resized\"><img loading=\"lazy\" decoding=\"async\" width=\"843\" height=\"265\" src=\"https:\/\/walsermundart.ch\/wp-content\/uploads\/2021\/02\/Haegar-3-Dialekt.jpg\" alt=\"\" class=\"wp-image-1270\" style=\"aspect-ratio:3.189655172413793;width:587px;height:auto\" srcset=\"https:\/\/walsermundart.ch\/wp-content\/uploads\/2021\/02\/Haegar-3-Dialekt.jpg 843w, https:\/\/walsermundart.ch\/wp-content\/uploads\/2021\/02\/Haegar-3-Dialekt-300x94.jpg 300w, https:\/\/walsermundart.ch\/wp-content\/uploads\/2021\/02\/Haegar-3-Dialekt-768x241.jpg 768w\" sizes=\"auto, (max-width: 843px) 100vw, 843px\" \/><\/figure>\n\n\n\n<p><strong><strong><strong>Uus mid dr Muus!<\/strong><\/strong><\/strong><\/p>\n\n\n\n<figure class=\"wp-block-audio\"><audio controls src=\"https:\/\/walsermundart.ch\/wp-content\/uploads\/2022\/04\/124-Muus.mp3\"><\/audio><\/figure>\n\n\n\n<p>\u00c4 Muus, di\u00e4 w\u00fctscht d\u00fcr d Huust\u00fc\u00fcr iin<br>und hed s im Ch\u00e4llr helisch fiin.<br>I mu\u00e4s sch\u00e4 faan, schi mu\u00e4s jetz uus!<br>M\u00e4 chan \u00e4 Muus nid han im Huus.<\/p>\n\n\n\n<figure class=\"wp-block-image size-large is-resized\"><img loading=\"lazy\" decoding=\"async\" width=\"1024\" height=\"565\" src=\"https:\/\/walsermundart.ch\/wp-content\/uploads\/2021\/02\/Maus-gefangen-SO-Online-2020-11-25-1024x565.jpg\" alt=\"\" class=\"wp-image-1272\" style=\"width:458px;height:253px\" srcset=\"https:\/\/walsermundart.ch\/wp-content\/uploads\/2021\/02\/Maus-gefangen-SO-Online-2020-11-25-1024x565.jpg 1024w, https:\/\/walsermundart.ch\/wp-content\/uploads\/2021\/02\/Maus-gefangen-SO-Online-2020-11-25-300x165.jpg 300w, https:\/\/walsermundart.ch\/wp-content\/uploads\/2021\/02\/Maus-gefangen-SO-Online-2020-11-25-768x424.jpg 768w, https:\/\/walsermundart.ch\/wp-content\/uploads\/2021\/02\/Maus-gefangen-SO-Online-2020-11-25.jpg 1124w\" sizes=\"auto, (max-width: 1024px) 100vw, 1024px\" \/><\/figure>\n\n\n\n<p><strong><strong><strong>Teddy odr B\u00e4\u00e4r?<\/strong><\/strong><\/strong><\/p>\n\n\n\n<figure class=\"wp-block-audio\"><audio controls src=\"https:\/\/walsermundart.ch\/wp-content\/uploads\/2022\/04\/125-Teddy.mp3\"><\/audio><\/figure>\n\n\n\n<p>\u00c4s chund \u00e4n B\u00e4\u00e4r, d\u00e4r tappt dah\u00e4\u00e4r,<br>und ischt d\u00e4r \u00e4cht, den g\u00e4id s dr schl\u00e4cht,<br>denn frisst di d\u00e4\u00e4r, sant Buuch und Schm\u00e4\u00e4r.<\/p>\n\n\n\n<p><strong><strong>Da chund r!<\/strong><\/strong><\/p>\n\n\n\n<figure class=\"wp-block-audio\"><audio controls src=\"https:\/\/walsermundart.ch\/wp-content\/uploads\/2022\/04\/126-Baer.mp3\"><\/audio><\/figure>\n\n\n\n<p>Was m\u00fc\u00e4chischt, \u00e4r cheemi uf \u00e4imal dert h\u00e4\u00e4r,<br>\u00e4n uusgwagsn\u00e4 schwarzbruun\u00e4 w\u00fc\u00e4tig\u00e4 B\u00e4r.<br>I n\u00fcmm\u00e4 drumm albig mis Sackmessr mit,<br>denn z Bod\u00e4 lan gchii\u00e4, s\u00e4b tett i mi nid.<\/p>\n\n\n\n<figure class=\"wp-block-image size-large is-resized\"><img loading=\"lazy\" decoding=\"async\" width=\"951\" height=\"634\" src=\"https:\/\/walsermundart.ch\/wp-content\/uploads\/2021\/02\/Baer-1.jpg\" alt=\"\" class=\"wp-image-1283\" style=\"width:377px;height:251px\" srcset=\"https:\/\/walsermundart.ch\/wp-content\/uploads\/2021\/02\/Baer-1.jpg 951w, https:\/\/walsermundart.ch\/wp-content\/uploads\/2021\/02\/Baer-1-300x200.jpg 300w, https:\/\/walsermundart.ch\/wp-content\/uploads\/2021\/02\/Baer-1-768x512.jpg 768w\" sizes=\"auto, (max-width: 951px) 100vw, 951px\" \/><\/figure>\n\n\n\n<p><strong><strong><strong>Au \u00e4n gschickt\u00e4 Hund macht \u00e4s Pfund<\/strong><\/strong><\/strong><\/p>\n\n\n\n<figure class=\"wp-block-audio\"><audio controls src=\"https:\/\/walsermundart.ch\/wp-content\/uploads\/2022\/04\/127-Pfund.mp3\"><\/audio><\/figure>\n\n\n\n<p>Dr Nachpuur hed geschtr \u00e4s Hundji gchauft.<br>\u00c4r hofft, das \u00e4r entli mee ummr lauft.<br>Doch wil \u00e4r nid lu\u00e4g\u00e4, was hindr m\u00e4 g\u00e4id,<br>ob schpeetr \u00e4sw\u00e4\u00e4r in \u00e4n Hund\u00e4dr\u00e4ck scht\u00e4id.<br><\/p>\n\n\n\n<p>Das ischt dr eerscht Hund,<br>doch dr zw\u00e4it chund.<\/p>\n\n\n\n<figure class=\"wp-block-image size-large is-resized\"><img loading=\"lazy\" decoding=\"async\" width=\"794\" height=\"760\" src=\"https:\/\/walsermundart.ch\/wp-content\/uploads\/2021\/02\/Haegar-Dialekt.jpg\" alt=\"\" class=\"wp-image-1273\" style=\"width:382px;height:366px\" srcset=\"https:\/\/walsermundart.ch\/wp-content\/uploads\/2021\/02\/Haegar-Dialekt.jpg 794w, https:\/\/walsermundart.ch\/wp-content\/uploads\/2021\/02\/Haegar-Dialekt-300x287.jpg 300w, https:\/\/walsermundart.ch\/wp-content\/uploads\/2021\/02\/Haegar-Dialekt-768x735.jpg 768w\" sizes=\"auto, (max-width: 794px) 100vw, 794px\" \/><\/figure>\n\n\n\n<p><strong><strong><strong>N\u00fc\u00fcd f\u00fcr ds Vee<\/strong><\/strong><\/strong><\/p>\n\n\n\n<figure class=\"wp-block-audio\"><audio controls src=\"https:\/\/walsermundart.ch\/wp-content\/uploads\/2022\/04\/128-Vee.mp3\"><\/audio><\/figure>\n\n\n\n<p>Da chund noch \u00e4in\u00e4 mid schiim Hund,<br>d\u00e4\u00e4r mach\u00e4d zmitzt in ds Graas \u00e4s Pfund.<br>Dr M\u00e4ischtr tr\u00fcckt churz d Aug\u00e4 zu\u00e4.<br>Uusfr\u00e4ss\u00e4 mu\u00e4s \u00e4s den \u00e4 Chu\u00e4.<\/p>\n\n\n\n<figure class=\"wp-block-image size-large is-resized\"><img loading=\"lazy\" decoding=\"async\" width=\"425\" height=\"280\" src=\"https:\/\/walsermundart.ch\/wp-content\/uploads\/2021\/02\/Hunde-an-der-Leine.jpg\" alt=\"\" class=\"wp-image-1274\" style=\"width:393px;height:259px\" srcset=\"https:\/\/walsermundart.ch\/wp-content\/uploads\/2021\/02\/Hunde-an-der-Leine.jpg 425w, https:\/\/walsermundart.ch\/wp-content\/uploads\/2021\/02\/Hunde-an-der-Leine-300x198.jpg 300w\" sizes=\"auto, (max-width: 425px) 100vw, 425px\" \/><\/figure>\n\n\n\n<p><strong><strong><strong>\u00dcns Ch\u00fc\u00e4li und schiis Chalb<\/strong><\/strong><\/strong><\/p>\n\n\n\n<figure class=\"wp-block-audio\"><audio controls src=\"https:\/\/walsermundart.ch\/wp-content\/uploads\/2022\/04\/129-Chalb.mp3\"><\/audio><\/figure>\n\n\n\n<p>\u00dcns Ch\u00fc\u00e4li schpringt d Wis aab und uuf,<br>vor \u00dcbrmu\u00e4t chund s us \u00e4m Schnuuf.<br>Bald chund vor Fr\u00e4ud noch ds Chalb drzu\u00e4<br>und mach\u00e4d jetz ds Chalb mit dr Chu\u00e4.<\/p>\n\n\n\n<figure class=\"wp-block-image size-large is-resized\"><img loading=\"lazy\" decoding=\"async\" width=\"362\" height=\"226\" src=\"https:\/\/walsermundart.ch\/wp-content\/uploads\/2021\/02\/Kuh-Tagi-mit-Kalb.jpg\" alt=\"\" class=\"wp-image-1287\" style=\"width:428px;height:auto\" srcset=\"https:\/\/walsermundart.ch\/wp-content\/uploads\/2021\/02\/Kuh-Tagi-mit-Kalb.jpg 362w, https:\/\/walsermundart.ch\/wp-content\/uploads\/2021\/02\/Kuh-Tagi-mit-Kalb-300x187.jpg 300w\" sizes=\"auto, (max-width: 362px) 100vw, 362px\" \/><\/figure>\n\n\n\n<p><strong><strong><strong>Ch\u00f6ttirauchr<\/strong><\/strong><\/strong><\/p>\n\n\n\n<figure class=\"wp-block-audio\"><audio controls src=\"https:\/\/walsermundart.ch\/wp-content\/uploads\/2022\/04\/130-Raucher.mp3\"><\/audio><\/figure>\n\n\n\n<p>In dr Wonig unn\u00e4draan<br>raucht \u00e4in\u00e4 wi\u00e4 \u00e4 Sidian.<br>Drum T\u00fc\u00fcr und Toor und d F\u00e4nschtr zu\u00e4,<br>Sus h\u00e4i wr Taag und Nacht k\u00e4i Ru\u00e4.<\/p>\n\n\n\n<p><strong><strong><strong>Ni\u00e4 ggnu\u00e4g<\/strong><\/strong><\/strong><\/p>\n\n\n\n<figure class=\"wp-block-audio\"><audio controls src=\"https:\/\/walsermundart.ch\/wp-content\/uploads\/2022\/04\/131-Chlaas.mp3\"><\/audio><\/figure>\n\n\n\n<p>Sit \u00e4\u00e4r al\u00e4in ischt, Mertlisch Chlaas,<br>da lu\u00e4g\u00e4d \u00e4\u00e4r gaar t\u00e4uff in ds Glas.<br>\u00c4r triicht und triicht und leert dr Chru\u00e4g,<br>hed viil mal z viil und doch ni\u00e4 ggnu\u00e4g.<\/p>\n\n\n\n<p><strong><strong><strong>Uw\u00f6rtigi Robi<\/strong><\/strong><\/strong><\/p>\n\n\n\n<figure class=\"wp-block-audio\"><audio controls src=\"https:\/\/walsermundart.ch\/wp-content\/uploads\/2022\/04\/132-Grind.mp3\"><\/audio><\/figure>\n\n\n\n<p>\u00c4r sii, so s\u00e4id d Mamm\u00e4, \u00e4 Schtor\u00e4.<br>(\u00c4r s\u00e4id dr Frau \u201eMamm\u00e4\u201c wi\u00e4 d Chind.)<br>\u00c4r t\u00fc\u00e4 n\u00fc\u00fcd andrscht as schnorr\u00e4,<br>schi geeb\u00e4 m\u00e4 z li\u00e4bscht an d\u00e4 Grind.<\/p>\n\n\n\n<p><strong><strong>Abr au!<\/strong><\/strong><\/p>\n\n\n\n<figure class=\"wp-block-audio\"><audio controls src=\"https:\/\/walsermundart.ch\/wp-content\/uploads\/2022\/04\/133-Chaschtae.mp3\"><\/audio><\/figure>\n\n\n\n<p>Vam Morg\u00e4d fr\u00fc\u00e4 bis ds Aab\u00e4dsch schpaat<br>lauft irn\u00e4 Fernseeapparaat,<br>driin chan schi jed\u00e4s produzi\u00e4r\u00e4<br>und d L\u00fc\u00fct ch\u00f6nd in d\u00e4 Chascht\u00e4 schti\u00e4r\u00e4.<\/p>\n\n\n\n<p><strong><strong><strong>Zmitzt am Taag<\/strong><\/strong><\/strong><\/p>\n\n\n\n<figure class=\"wp-block-audio\"><audio controls src=\"https:\/\/walsermundart.ch\/wp-content\/uploads\/2022\/04\/134-Schnee.mp3\"><\/audio><\/figure>\n\n\n\n<p>Grad f\u00fcr \u00e4m Schtub\u00e4f\u00e4nschtr schlaaff\u00e4nd Ree,<br>zringum hed s ganzi B\u00e4\u00e4rg\u00e4 frischsch\u00e4 Schnee.<br>\u00c4s schneewiiss Wis\u00e4li v\u00e4rschl\u00fc\u00fcft schi n\u00e4bm Huus.<br>Am Taag drnaa, da schpringt \u00e4n Has\u00e4 zw\u00e4\u00e4g d\u00fcruus.<br>F\u00fcr alli weer s wi\u00e4 ds Paradiis uf der\u00e4 W\u00e4\u00e4ld,<br>wenn sch nun au \u00e4tt\u00e4s Fu\u00e4tr h\u00e4tt\u00e4nd uf \u00e4m F\u00e4\u00e4ld.<\/p>\n\n\n\n<figure class=\"wp-block-image size-large is-resized\"><img loading=\"lazy\" decoding=\"async\" width=\"1024\" height=\"596\" src=\"https:\/\/walsermundart.ch\/wp-content\/uploads\/2021\/02\/Rehe-vor-Stube-1024x596.jpg\" alt=\"\" class=\"wp-image-1276\" style=\"width:445px;height:258px\" srcset=\"https:\/\/walsermundart.ch\/wp-content\/uploads\/2021\/02\/Rehe-vor-Stube-1024x596.jpg 1024w, https:\/\/walsermundart.ch\/wp-content\/uploads\/2021\/02\/Rehe-vor-Stube-300x175.jpg 300w, https:\/\/walsermundart.ch\/wp-content\/uploads\/2021\/02\/Rehe-vor-Stube-768x447.jpg 768w, https:\/\/walsermundart.ch\/wp-content\/uploads\/2021\/02\/Rehe-vor-Stube.jpg 1220w\" sizes=\"auto, (max-width: 1024px) 100vw, 1024px\" \/><\/figure>\n\n\n\n<p><strong><strong>Immi<\/strong><\/strong><\/p>\n\n\n\n<figure class=\"wp-block-audio\"><audio controls src=\"https:\/\/walsermundart.ch\/wp-content\/uploads\/2022\/04\/135-Immi.mp3\"><\/audio><\/figure>\n\n\n\n<p>\u00c4s Immi s\u00e4id: Entschuldigung!<br>Du, Imkr, n\u00fcmmscht mi\u00e4r albig ds Hung.<br>Du witt s f\u00fcr diini G\u00f6\u00f6f zum \u00e4ss\u00e4,<br>und ii s\u00f6ll denn dr Zuckr fr\u00e4ss\u00e4.<\/p>\n\n\n\n<p><strong><strong><a><strong>Im Wintr zw\u00fcsch\u00e4d fu\u00e4t\u00e4r\u00e4<\/strong><\/a><\/strong><\/strong><\/p>\n\n\n\n<figure class=\"wp-block-audio\"><audio controls src=\"https:\/\/walsermundart.ch\/wp-content\/uploads\/2022\/04\/136-Meerli.mp3\"><\/audio><\/figure>\n\n\n\n<p>Du hescht doch Taag f\u00fcr Taag so ds F\u00fcdli voll\u00e4 z tuan im Huus.<br>Wen ii di\u00e4r \u00e4tt\u00e4 h\u00e4lff\u00e4, gsi\u00e4scht au bessr dr\u00fcbr uus.<br>Nun n\u00fctz i l\u00e4idr n\u00fc\u00fcd bim Sock\u00e4 flick\u00e4 und bim chochch\u00e4.<br>Drum will i schpeenl\u00e4, B\u00f6d\u00e4 uufn\u00e4\u00e4n, w\u00fcschsch\u00e4, wigs\u00e4, blochch\u00e4.<br>I will au Windl\u00e4 w\u00e4schsch\u00e4, Schmaalz iisi\u00e4d\u00e4, F\u00e4nschtr butz\u00e4,<br>au Wassr traag\u00e4 und dr Taag so gu\u00e4t \u00e4s m\u00fcgli nutz\u00e4.<br>Soo, glaubscht du das? D\u00e4r Maan n\u00fcmmt s sichchr nid so gfeerli.<br>Was du da lisischt odr gh\u00f6\u00f6rscht, ischt doch \u00e4s Meerli.<\/p>\n\n\n\n<figure class=\"wp-block-image size-full is-resized\"><a href=\"https:\/\/walsermundart.ch\/?page_id=156\"><img loading=\"lazy\" decoding=\"async\" width=\"268\" height=\"173\" src=\"https:\/\/walsermundart.ch\/wp-content\/uploads\/2022\/03\/Pfeil-zurueck-mini-1.jpg\" alt=\"\" class=\"wp-image-6871\" style=\"width:109px;height:70px\"\/><\/a><\/figure>\n\n\n\n<p><\/p>\n","protected":false},"excerpt":{"rendered":"<p>\u00dcns Henn\u00e4volch Uf jedem Fl\u00e4ck\u00e4 l\u00e4id\u00e4 Dr\u00e4ck.W\u00e4ischt nid waa gaan,chascht ni\u00e4n\u00e4 staan.\u00e4s ischt \u00e4n Gruus,grad f\u00fcr \u00e4m Huus. \u00dcns Nani bim Bachch\u00e4 Bin ii jetz&hellip;<\/p>\n","protected":false},"author":1,"featured_media":0,"parent":0,"menu_order":0,"comment_status":"closed","ping_status":"closed","template":"","meta":{"footnotes":""},"class_list":["post-1140","page","type-page","status-publish","hentry"],"_links":{"self":[{"href":"https:\/\/walsermundart.ch\/index.php?rest_route=\/wp\/v2\/pages\/1140","targetHints":{"allow":["GET"]}}],"collection":[{"href":"https:\/\/walsermundart.ch\/index.php?rest_route=\/wp\/v2\/pages"}],"about":[{"href":"https:\/\/walsermundart.ch\/index.php?rest_route=\/wp\/v2\/types\/page"}],"author":[{"embeddable":true,"href":"https:\/\/walsermundart.ch\/index.php?rest_route=\/wp\/v2\/users\/1"}],"replies":[{"embeddable":true,"href":"https:\/\/walsermundart.ch\/index.php?rest_route=%2Fwp%2Fv2%2Fcomments&post=1140"}],"version-history":[{"count":22,"href":"https:\/\/walsermundart.ch\/index.php?rest_route=\/wp\/v2\/pages\/1140\/revisions"}],"predecessor-version":[{"id":8786,"href":"https:\/\/walsermundart.ch\/index.php?rest_route=\/wp\/v2\/pages\/1140\/revisions\/8786"}],"wp:attachment":[{"href":"https:\/\/walsermundart.ch\/index.php?rest_route=%2Fwp%2Fv2%2Fmedia&parent=1140"}],"curies":[{"name":"wp","href":"https:\/\/api.w.org\/{rel}","templated":true}]}}