{"id":1145,"date":"2021-02-13T19:56:35","date_gmt":"2021-02-13T19:56:35","guid":{"rendered":"https:\/\/hed.ch\/?page_id=1145"},"modified":"2024-02-16T16:09:33","modified_gmt":"2024-02-16T16:09:33","slug":"vaersli-i-zum-naadaeichae","status":"publish","type":"page","link":"https:\/\/walsermundart.ch\/?page_id=1145","title":{"rendered":"8.8 &#8211; Zum Naad\u00e4ich\u00e4"},"content":{"rendered":"\n<figure class=\"wp-block-image size-full is-resized\"><a href=\"https:\/\/walsermundart.ch\/?page_id=156\"><img loading=\"lazy\" decoding=\"async\" width=\"268\" height=\"173\" src=\"https:\/\/walsermundart.ch\/wp-content\/uploads\/2022\/03\/Pfeil-zurueck-mini-1.jpg\" alt=\"\" class=\"wp-image-6871\" style=\"width:110px;height:71px\"\/><\/a><\/figure>\n\n\n\n<p><strong><strong>Abfall<\/strong><\/strong><\/p>\n\n\n\n<figure class=\"wp-block-audio\"><audio controls src=\"https:\/\/walsermundart.ch\/wp-content\/uploads\/2022\/04\/160-Abfall.mp3\"><\/audio><\/figure>\n\n\n\n<p>Vor gu\u00e4t hund\u00e4rt Jaar hed s k\u00e4in Cheerichtseck gg\u00e4\u00e4n.<br>Was d L\u00fc\u00fct nid h\u00e4ind m\u00f6g\u00e4, h\u00e4ind d Schwiin ch\u00f6nn\u00e4 n\u00e4\u00e4n.<br>Nid lang druf h\u00e4ind sch Iingmachts im Lad\u00e4 vrchauft<br>in B\u00fcgs\u00e4 und Plaschtik, das ds Gsch\u00e4ft bessr lauft.<br>Ja, B\u00fcgs\u00e4 und Plaschtik, was macht m\u00e4 drmid?<br>Am \u00e4ifachscht\u00e4, we m\u00e4 s in ds Tobl aabghiid.<br>Sit mee as s\u00e4chzg Jaar isch di\u00e4 l\u00e4id Nar\u00e4tii<br>vrbott\u00e4, vrbii.<\/p>\n\n\n\n<p><strong><strong>Chl\u00e4ini Feeri\u00e4gescht und di Popi<\/strong><\/strong><\/p>\n\n\n\n<figure class=\"wp-block-audio\"><audio controls src=\"https:\/\/walsermundart.ch\/wp-content\/uploads\/2022\/04\/161-Gescht.mp3\"><\/audio><\/figure>\n\n\n\n<p>\u00c4s M\u00e4iti van T\u00fc\u00fctschland, das hed schiini Pop\u00e4,<br>und di\u00e4 \u00fcbrchund jetz\u00e4 grad ir\u00e4 Schopp\u00e4.<br>Di\u00e4 h\u00e4i isch erscht ch\u00fcrzli vam Schtorch \u00fcbrchoon.<br>F\u00fcr ds Abtr\u00fcchn\u00e4 sii das, s\u00e4id d Mamm\u00e4, dr Loon.<br>\u00c4s M\u00e4iti va Frankriich glaubt nid so r\u00e4cht draan.<br>\u00c4s Popi g\u00e4b s z\u00e4mm\u00e4, \u00e4 Frau mid dm Maan.<br>So s\u00e4g is z mindscht d Mamm\u00e4, schii w\u00fcssi s als Frau.<br>Und ds M\u00e4iti van daa w\u00e4is \u00e4s ggnau\u00e4r as ggnau:<br>Miin \u00c4tti und d Mamm\u00e4 sind mid\u00e4nand zfrid\u00e4,<br>\u00e4s ischt van Kanton zu Kanton halt vrschid\u00e4.<\/p>\n\n\n\n<figure class=\"wp-block-image size-large is-resized\"><img loading=\"lazy\" decoding=\"async\" width=\"348\" height=\"348\" src=\"https:\/\/walsermundart.ch\/wp-content\/uploads\/2021\/02\/Spielzeugpuppe.jpg\" alt=\"\" class=\"wp-image-1405\" style=\"width:270px;height:270px\" srcset=\"https:\/\/walsermundart.ch\/wp-content\/uploads\/2021\/02\/Spielzeugpuppe.jpg 348w, https:\/\/walsermundart.ch\/wp-content\/uploads\/2021\/02\/Spielzeugpuppe-300x300.jpg 300w, https:\/\/walsermundart.ch\/wp-content\/uploads\/2021\/02\/Spielzeugpuppe-150x150.jpg 150w\" sizes=\"auto, (max-width: 348px) 100vw, 348px\" \/><\/figure>\n\n\n\n<p><strong><strong>Iingschpeerd<\/strong><\/strong><\/p>\n\n\n\n<figure class=\"wp-block-audio\"><audio controls src=\"https:\/\/walsermundart.ch\/wp-content\/uploads\/2022\/04\/162-Schtadt.mp3\"><\/audio><\/figure>\n\n\n\n<p>Di jung\u00e4 Mentsch\u00e4 sind z b\u00e4duur\u00e4,<br>di\u00e4 in dr Schtadt.<br>Schi hock\u00e4nd hindr dick\u00e4 Muur\u00e4<br>bis ds Aab\u00e4dsch schpaat.<br>Schi ch\u00f6n\u00e4nd nid g\u00e4n H\u00fctt\u00e4 buu\u00e4<br>grad f\u00fcr \u00e4m Huus.<br>Schi ch\u00f6n\u00e4nd fr\u00f6nd\u00e4 L\u00fc\u00fct nid truu\u00e4.<br>W\u00e4\u00e4r g\u00e4id noch uus?<\/p>\n\n\n\n<figure class=\"wp-block-image size-large is-resized\"><img loading=\"lazy\" decoding=\"async\" width=\"1024\" height=\"576\" src=\"https:\/\/walsermundart.ch\/wp-content\/uploads\/2021\/02\/rueckbau-syngenta-hochhaus-minim-1024x576.jpg\" alt=\"\" class=\"wp-image-1406\" style=\"width:457px;height:257px\" srcset=\"https:\/\/walsermundart.ch\/wp-content\/uploads\/2021\/02\/rueckbau-syngenta-hochhaus-minim-1024x576.jpg 1024w, https:\/\/walsermundart.ch\/wp-content\/uploads\/2021\/02\/rueckbau-syngenta-hochhaus-minim-300x169.jpg 300w, https:\/\/walsermundart.ch\/wp-content\/uploads\/2021\/02\/rueckbau-syngenta-hochhaus-minim-768x432.jpg 768w, https:\/\/walsermundart.ch\/wp-content\/uploads\/2021\/02\/rueckbau-syngenta-hochhaus-minim-1536x864.jpg 1536w, https:\/\/walsermundart.ch\/wp-content\/uploads\/2021\/02\/rueckbau-syngenta-hochhaus-minim.jpg 1600w\" sizes=\"auto, (max-width: 1024px) 100vw, 1024px\" \/><\/figure>\n\n\n\n<p><strong><strong><strong>Truurig, n\u00fc\u00fcd f\u00fcr Chind<\/strong><\/strong><\/strong><\/p>\n\n\n\n<figure class=\"wp-block-audio\"><audio controls src=\"https:\/\/walsermundart.ch\/wp-content\/uploads\/2022\/04\/163-Alaad.mp3\"><\/audio><\/figure>\n\n\n\n<p>Dussn\u00e4 in Alaad<br>ischt \u00e4s Auto aab,<br>gw\u00fcss hundert Meter wiit,<br>und d L\u00fc\u00fct hed s ussr ghiid.<br>Schi ligg\u00e4nd l\u00e4blos dunn\u00e4.<br>Wi\u00e4r h\u00e4ind nisch nid lang bsunn\u00e4,<br>sind gschw\u00fcnd in ds Dorf in gschprung\u00e4<br>und h\u00e4ind mid vollr Lung\u00e4<br>um H\u00fclf ggr\u00fc\u00e4ft: Lauff\u00e4d uus!<br>In Alaad \u00e4s Ungl\u00fcck, lauff\u00e4d uus!<br>Wi\u00e4r sind den h\u00e4in, sofort,<br>\u00e4w\u00e4gg vam l\u00e4id\u00e4 Ord.<\/p>\n\n\n\n<p><strong><strong><strong>Benzin und Schtrom nid vrw\u00e4gsl\u00e4!<\/strong><\/strong><\/strong><\/p>\n\n\n\n<figure class=\"wp-block-audio\"><audio controls src=\"https:\/\/walsermundart.ch\/wp-content\/uploads\/2022\/04\/164-Benzin.mp3\"><\/audio><\/figure>\n\n\n\n<p>Chrischtli chauft i schiin\u00e4 aalt\u00e4 Tag\u00e4<br>\u00e4 n\u00fc\u00fc\u00e4 Wag\u00e4.<br>D\u00e4\u00e4r bruuchi weniger Benzin und Schtrom.<br>Das gfallt m\u00e4 schoon.<br>Bim Tank\u00e4 macht \u00e4r den \u00e4s D\u00fcr\u00e4nand.<br>Inn schlaad s an d Wand.<br>So schtaand jetz dr Motor und d Raad ganz tumm<br>und ooni Bl\u00e4ch zringum.<\/p>\n\n\n\n<figure class=\"wp-block-image size-large is-resized\"><img loading=\"lazy\" decoding=\"async\" width=\"431\" height=\"177\" src=\"https:\/\/walsermundart.ch\/wp-content\/uploads\/2021\/02\/Auto-ausgebrannt-6-zugeschn.jpg\" alt=\"\" class=\"wp-image-1407\" style=\"aspect-ratio:2.4285714285714284;width:527px;height:auto\" srcset=\"https:\/\/walsermundart.ch\/wp-content\/uploads\/2021\/02\/Auto-ausgebrannt-6-zugeschn.jpg 431w, https:\/\/walsermundart.ch\/wp-content\/uploads\/2021\/02\/Auto-ausgebrannt-6-zugeschn-300x123.jpg 300w\" sizes=\"auto, (max-width: 431px) 100vw, 431px\" \/><\/figure>\n\n\n\n<p><strong><strong><strong>Gsichts\u00e4rchennig<\/strong><\/strong><\/strong><\/p>\n\n\n\n<figure class=\"wp-block-audio\"><audio controls src=\"https:\/\/walsermundart.ch\/wp-content\/uploads\/2022\/04\/165-Scanner.mp3\"><\/audio><\/figure>\n\n\n\n<p>Chum i an \u00e4 Schaaltr,<br>chent m\u00e4 schon miis Aaltr,<br>hed \u00e4 Maan, zw\u00e4i Chind,<br>waa \u00e4rwags\u00e4 sind.<br>Schuld\u00e4 hed schii nid.<br>F\u00e4\u00e4r\u00e4 ischt schii gchiid,<br>sib\u00e4 Wuch\u00e4 im Schpital.<br>Alls \u00e4rfasst und digital!<\/p>\n\n\n\n<figure class=\"wp-block-image size-large is-resized\"><img loading=\"lazy\" decoding=\"async\" width=\"620\" height=\"413\" src=\"https:\/\/walsermundart.ch\/wp-content\/uploads\/2021\/02\/Glaeserner-Mensch-Name2.jpg\" alt=\"\" class=\"wp-image-1408\" style=\"width:400px;height:266px\" srcset=\"https:\/\/walsermundart.ch\/wp-content\/uploads\/2021\/02\/Glaeserner-Mensch-Name2.jpg 620w, https:\/\/walsermundart.ch\/wp-content\/uploads\/2021\/02\/Glaeserner-Mensch-Name2-300x200.jpg 300w\" sizes=\"auto, (max-width: 620px) 100vw, 620px\" \/><\/figure>\n\n\n\n<p><strong><strong><strong>Algorithm\u00e4<\/strong><\/strong><\/strong><\/p>\n\n\n\n<figure class=\"wp-block-audio\"><audio controls src=\"https:\/\/walsermundart.ch\/wp-content\/uploads\/2022\/04\/166-Algorithmen.mp3\"><\/audio><\/figure>\n\n\n\n<p>I \u00fcbrchum\u00e4 jetz Reklaam\u00e4<br>mid Scht\u00f6cklischu\u00e4 f\u00fcr jungi Daam\u00e4,<br>will ii daletscht bim Onl\u00e4in bschtell\u00e4,<br>miis Aaltr nid han aang\u00e4\u00e4n well\u00e4.<br>Au d Haarfarb g\u00e4id schi gaar n\u00fc\u00fcd aan,<br>di\u00e4 F\u00e4\u00e4ldr laan i leer la schtaan.<\/p>\n\n\n\n<figure class=\"wp-block-image size-large\"><img loading=\"lazy\" decoding=\"async\" width=\"187\" height=\"270\" src=\"https:\/\/walsermundart.ch\/wp-content\/uploads\/2021\/02\/stoecklischuhe-e1613505837474.jpg\" alt=\"\" class=\"wp-image-1412\"\/><\/figure>\n\n\n\n<p><strong><strong>Dr Diktator<\/strong><\/strong><\/p>\n\n\n\n<figure class=\"wp-block-audio\"><audio controls src=\"https:\/\/walsermundart.ch\/wp-content\/uploads\/2022\/04\/167-Kloon.mp3\"><\/audio><\/figure>\n\n\n\n<p>Rund um schiin Troon hed s luutr Kloon.<br>\u00c4rhebt schi ds Volch, denn g\u00e4id s m\u00e4 schl\u00e4cht,<br>denn jed\u00e4 ischt ja nun \u00e4 Chn\u00e4cht.<br>Wi\u00e4 s naa imm g\u00e4id? Da soorgt \u00e4r schon,<br>\u00e4r scht\u00e4id ber\u00e4it, schiin \u00e4ign\u00e4 Klon.<\/p>\n\n\n\n<figure class=\"wp-block-image size-large is-resized\"><img loading=\"lazy\" decoding=\"async\" width=\"777\" height=\"398\" src=\"https:\/\/walsermundart.ch\/wp-content\/uploads\/2021\/02\/Klon-chilipflanzen-com-Name.jpg\" alt=\"\" class=\"wp-image-1410\" style=\"width:401px;height:205px\" srcset=\"https:\/\/walsermundart.ch\/wp-content\/uploads\/2021\/02\/Klon-chilipflanzen-com-Name.jpg 777w, https:\/\/walsermundart.ch\/wp-content\/uploads\/2021\/02\/Klon-chilipflanzen-com-Name-300x154.jpg 300w, https:\/\/walsermundart.ch\/wp-content\/uploads\/2021\/02\/Klon-chilipflanzen-com-Name-768x393.jpg 768w\" sizes=\"auto, (max-width: 777px) 100vw, 777px\" \/><\/figure>\n\n\n\n<p><strong><strong>Gliichg\u00fcltig<\/strong><\/strong><\/p>\n\n\n\n<figure class=\"wp-block-audio\"><audio controls src=\"https:\/\/walsermundart.ch\/wp-content\/uploads\/2022\/04\/168-Gliichgueltig.mp3\"><\/audio><\/figure>\n\n\n\n<p>So is s, im Schtaat gid s nid nun gfrauti Sach\u00e4.<br>Au Fuuli mu\u00e4sst\u00e4nd schi an d Urn\u00e4 machch\u00e4.<br>Schi w\u00fcss\u00e4nd s schon, schi s\u00f6tt\u00e4nd schtimm\u00e4, weel\u00e4<br>und nid fascht albig an dr Urn\u00e4 feel\u00e4.<\/p>\n\n\n\n<p><strong><strong><strong>\u00c4sw\u00e4\u00e4r \u00e9rg\u00e4r\u00e4 well\u00e4<\/strong><\/strong><\/strong><\/p>\n\n\n\n<figure class=\"wp-block-audio\"><audio controls src=\"https:\/\/walsermundart.ch\/wp-content\/uploads\/2022\/04\/169-Wassertrager.mp3\"><\/audio><\/figure>\n\n\n\n<p>Wen \u00e4in\u00e4 mi\u00e4r \u00e4rzellt, was disch\u00e4 va mi\u00e4r haalti,<br>den ischt dr Wassrtraagr s\u00e4lbr ds gr\u00f6\u00f6scht\u00e4 Gaalti.<br>W\u00e4\u00e4r schini M\u00e4inig mi\u00e4r nid s\u00e4g\u00e4 mag,<br>D\u00e4\u00e4r schwiigti bessr h\u00fctt und jed\u00e4 Taag.<\/p>\n\n\n\n<p><strong><strong><strong>Mu\u00e4s i lachch\u00e4?<\/strong><\/strong><\/strong><\/p>\n\n\n\n<figure class=\"wp-block-audio\"><audio controls src=\"https:\/\/walsermundart.ch\/wp-content\/uploads\/2022\/04\/170-Lachchae.mp3\"><\/audio><\/figure>\n\n\n\n<p>Bim Lachch\u00e4, wenn s \u00e4 Foti gid, den chund s mr schl\u00e4cht.<br>Was ischt den a m\u00e4 \u00e4\u00e4rischthaft\u00e4 Gsicht nid r\u00e4cht?<br>Dass Filmschauschpilr g\u00e4\u00e4r\u00e4 l\u00fc\u00fccht\u00e4nd mid d\u00e4 Zend,<br>asoo, dass alli L\u00fc\u00fct schi schon va wiit\u00e4m gseend,<br>vrschtaan i gu\u00e4t. Au wen s di Jung\u00e4 luschtig h\u00e4ind<br>und wenn s dr Gloon mid Schp\u00e4ss im Zirkus gaar gu\u00e4t m\u00e4ind.<br>Doch das ii s\u00e4lbr au uf jed\u00e4m Bild s\u00f6l lachch\u00e4,<br>wenn s mi\u00e4r nid drumm ischt, n\u00e4i, das chascht mid mi\u00e4r nid machch\u00e4.<br>Wi\u00e4r gseend s ja in dr Politik churz vor am weel\u00e4,<br>w\u00e4r kandidi\u00e4rt, mu\u00e4s chrampfhaft schi zum Lachch\u00e4 kweel\u00e4.<\/p>\n\n\n\n<figure class=\"wp-block-image size-large is-resized\"><img loading=\"lazy\" decoding=\"async\" width=\"788\" height=\"523\" src=\"https:\/\/walsermundart.ch\/wp-content\/uploads\/2021\/02\/Lachen-uebertrieben-Pferd-msn-com-29Febr2020-Name.jpg\" alt=\"\" class=\"wp-image-1411\" style=\"width:378px;height:250px\" srcset=\"https:\/\/walsermundart.ch\/wp-content\/uploads\/2021\/02\/Lachen-uebertrieben-Pferd-msn-com-29Febr2020-Name.jpg 788w, https:\/\/walsermundart.ch\/wp-content\/uploads\/2021\/02\/Lachen-uebertrieben-Pferd-msn-com-29Febr2020-Name-300x199.jpg 300w, https:\/\/walsermundart.ch\/wp-content\/uploads\/2021\/02\/Lachen-uebertrieben-Pferd-msn-com-29Febr2020-Name-768x510.jpg 768w\" sizes=\"auto, (max-width: 788px) 100vw, 788px\" \/><\/figure>\n\n\n\n<p><strong><strong>Fan<\/strong><\/strong><\/p>\n\n\n\n<figure class=\"wp-block-audio\"><audio controls src=\"https:\/\/walsermundart.ch\/wp-content\/uploads\/2022\/04\/171-Fan.mp3\"><\/audio><\/figure>\n\n\n\n<p>\u00dcns Naani m\u00e4int: Was ischt \u00e4 Fan?<br>Im W\u00f6rtrbu\u00e4ch s\u00f6l dinn\u00e4 schtaan,<br>Fan chomi van Fanatiker,<br>und der\u00e4 h\u00e4i s wi\u00e4 Sand am Meer.<br>Im Bu\u00e4ch sii au Fantascht noch driin.<br>I wetti, bh\u00fc\u00e4tisch, beeds nid siin.<\/p>\n\n\n\n<figure class=\"wp-block-image size-large is-resized\"><img loading=\"lazy\" decoding=\"async\" width=\"225\" height=\"225\" src=\"https:\/\/walsermundart.ch\/wp-content\/uploads\/2021\/02\/Fan.jpg\" alt=\"\" class=\"wp-image-1448\" style=\"width:220px;height:220px\" srcset=\"https:\/\/walsermundart.ch\/wp-content\/uploads\/2021\/02\/Fan.jpg 225w, https:\/\/walsermundart.ch\/wp-content\/uploads\/2021\/02\/Fan-150x150.jpg 150w\" sizes=\"auto, (max-width: 225px) 100vw, 225px\" \/><\/figure>\n\n\n\n<p><strong><strong><strong>\u00c4n and\u00e4ri M\u00e4inig<\/strong><\/strong><\/strong><\/p>\n\n\n\n<figure class=\"wp-block-audio\"><audio controls src=\"https:\/\/walsermundart.ch\/wp-content\/uploads\/2022\/04\/172-Michel.mp3\"><\/audio><\/figure>\n\n\n\n<p>Hans und Michel gaand d\u00fcr ds F\u00e4\u00e4ld,<br>schi h\u00e4ind s vam W\u00e4ttr und vam G\u00e4\u00e4ld.<br>Wil beed nid di gliich M\u00e4inig h\u00e4ind,<br>\u00e4rgrind\u00e4d schi halt z mindscht dr \u00e4int.<\/p>\n\n\n\n<p><strong><strong><strong>JaN\u00e4i<\/strong><\/strong><\/strong><\/p>\n\n\n\n<figure class=\"wp-block-audio\"><audio controls src=\"https:\/\/walsermundart.ch\/wp-content\/uploads\/2022\/04\/173-JaNei.mp3\"><\/audio><\/figure>\n\n\n\n<p>Vrschid\u00e4 d\u00e4ich\u00e4nd au di\u00e4 zw\u00e4i,<br>dr \u00e4int s\u00e4id Ja, dr andr N\u00e4i:<\/p>\n\n\n\n<p><strong><strong><strong>Dr eerscht Kompiutr<\/strong><\/strong><\/strong><\/p>\n\n\n\n<figure class=\"wp-block-audio\"><audio controls src=\"https:\/\/walsermundart.ch\/wp-content\/uploads\/2022\/04\/174-Kompiuter.mp3\"><\/audio><\/figure>\n\n\n\n<p>Was magscht du in di\u00e4 Schiib\u00e4 ggaff\u00e4?<br>&#8230;&#8230;.I schaff\u00e4.<br>Du schlaascht di Ziit z Tod, gar k\u00e4i Frag.<br>&#8230;&#8230;.I schaff\u00e4 jed\u00e4 Tag.<br>Was zablischt ummr uf d\u00e4 Tascht\u00e4?<br>Das ischt doch ummrg\u00f6\u00f6l\u00e4. Bascht\u00e4!<br>So Tag f\u00fcr Tag, was s\u00e4g\u00e4nd d L\u00fc\u00fct?<br>&#8230;&#8230;.Das scht\u00f6\u00f6rt mi n\u00fc\u00fcd.<br>So zabl\u00e4 chascht ja au bim Schlaaff\u00e4.<br>&#8230;&#8230;.I schlaaff\u00e4 nid, i schaff\u00e4.<br>N\u00e4i, tu\u00e4n tu\u00e4scht n\u00fc\u00fcd, das gsi\u00e4n i doch,<br>di Bildr gaand vrloor\u00e4 noch und noch.<br>\u00c4soo vrl\u00fc\u00fcrt m\u00e4 schi bim Tromm\u00e4.<br>&#8230;&#8230;.Du bischt da nid willkomm\u00e4.<br>&#8230;&#8230;.I mu\u00e4s jetz schaff\u00e4, sii s wi\u00e4 s wel,<br>&#8230;&#8230;.ds \u00c4rg\u00e4bnis ischt halt virtuell.<\/p>\n\n\n\n<figure class=\"wp-block-image size-large is-resized\"><img loading=\"lazy\" decoding=\"async\" width=\"632\" height=\"459\" src=\"https:\/\/walsermundart.ch\/wp-content\/uploads\/2021\/02\/Computer-alt-3.jpg\" alt=\"\" class=\"wp-image-1451\" style=\"width:308px;height:229px\" srcset=\"https:\/\/walsermundart.ch\/wp-content\/uploads\/2021\/02\/Computer-alt-3.jpg 632w, https:\/\/walsermundart.ch\/wp-content\/uploads\/2021\/02\/Computer-alt-3-300x218.jpg 300w\" sizes=\"auto, (max-width: 632px) 100vw, 632px\" \/><\/figure>\n\n\n\n<p><strong><strong><strong>Viil Jaar sind s h\u00e4\u00e4r<\/strong><\/strong><\/strong><\/p>\n\n\n\n<figure class=\"wp-block-audio\"><audio controls src=\"https:\/\/walsermundart.ch\/wp-content\/uploads\/2022\/04\/175-Vaersliheft.mp3\"><\/audio><\/figure>\n\n\n\n<p>\u00c4 Naachpuur hed du\u00e4 am\u00e4 V\u00e4rsliheft gschrib\u00e4,<br>uf Schriftt\u00fc\u00fctsch, \u00e4r h\u00e4tti s so g\u00e4\u00e4r\u00e4 vrtrib\u00e4.<br>Scho lengscht\u00e4 ischt \u00e4\u00e4r in d\u00e4 Himm\u00e4l uuf.<br>Und d V\u00e4rs sind vrg\u00e4ss\u00e4, k\u00e4i Mensch waart\u00e4d druuf.<\/p>\n\n\n\n<p><strong><strong>Erg\u00e4r\u00e4<\/strong><\/strong><\/p>\n\n\n\n<figure class=\"wp-block-audio\"><audio controls src=\"https:\/\/walsermundart.ch\/wp-content\/uploads\/2022\/04\/176-Ergaerae.mp3\"><\/audio><\/figure>\n\n\n\n<p>I s\u00f6tti mi nid erg\u00e4r\u00e4 f\u00fcr n\u00fc\u00fcd,<br>nid \u00fcbr Sachch\u00e4 und nid \u00fcbr L\u00fc\u00fct.<br>In hund\u00e4rt Jaar ischt z Erg\u00e4r\u00e4 vrbii.<br>W\u00e4\u00e4r w\u00fcrd schi noch \u00e4rinn\u00e4r\u00e4 a mii?<\/p>\n\n\n\n<p><strong><strong>N\u00fc\u00fcd N\u00fc\u00fcsch<\/strong><\/strong><\/p>\n\n\n\n<figure class=\"wp-block-audio\"><audio controls src=\"https:\/\/walsermundart.ch\/wp-content\/uploads\/2023\/04\/176b-Nueued.mp3\"><\/audio><\/figure>\n\n\n\n<p>\u00c4s jed\u00e4s l\u00e4bt uf der\u00e4 W\u00e4\u00e4ld,<br>ob s das hed well\u00e4 odr nid.<br>M\u00e4 tu\u00e4d im Huus, m\u00e4 tu\u00e4d im F\u00e4\u00e4ld,<br>das s jed\u00e4 Taag gnu\u00e4g z \u00c4ss\u00e4 gid.<\/p>\n\n\n\n<p>Nid albig ischt m\u00e4 soorg\u00e4frii,<br>Viil h\u00e4ind an groossi Burdi z traag\u00e4.<br>M\u00e4 hofft, au ds L\u00e4id sii baald vrbii,<br>\u00e4s chom\u00e4nd ggw\u00fcss noch gu\u00e4ti Tag\u00e4.<\/p>\n\n\n\n<p>Uf \u00e4imaal isch sch den um, di Ziit.<br>M\u00e4 lu\u00e4g\u00e4d zrugg und mu\u00e4s schi s\u00e4g\u00e4:<br>Warum gid s s\u00f6vl Ggwalt und Schtriit?<br>Zum Schtriit\u00e4 is s doch z churz, \u00fcns L\u00e4b\u00e4.<\/p>\n\n\n\n<p><strong><strong>Aalti Walser<\/strong><\/strong><\/p>\n\n\n\n<figure class=\"wp-block-audio\"><audio controls src=\"https:\/\/walsermundart.ch\/wp-content\/uploads\/2022\/04\/177-Walser.mp3\"><\/audio><\/figure>\n\n\n\n<p>Schi h\u00e4ind noch Scht\u00e4ll g\u00e4buu\u00e4 mid\u00e4nand<br>und H\u00fc\u00fcschr, W\u00e4g\u00e4, Brugg\u00e4, alls von Hand.<br>H\u00fctt m\u00fc\u00e4ss\u00e4nd sch chl\u00e4ini Ggm\u00e4ind\u00e4 z\u00e4mm\u00e4zi\u00e4n,<br>fascht alli wel\u00e4nd vor d\u00e4 \u00c4mtli fli\u00e4n.<\/p>\n\n\n\n<figure class=\"wp-block-image size-large is-resized\"><img decoding=\"async\" src=\"https:\/\/walsermundart.ch\/wp-content\/uploads\/2021\/02\/Avers-Stall-min.jpg\" alt=\"\" class=\"wp-image-1467\" style=\"width:490px;height:326px\"\/><\/figure>\n\n\n\n<p><strong><strong>Zal\u00e4 ooni Rapp\u00e4<\/strong><\/strong><\/p>\n\n\n\n<figure class=\"wp-block-audio\"><audio controls src=\"https:\/\/walsermundart.ch\/wp-content\/uploads\/2023\/04\/177b-Zalae.mp3\"><\/audio><\/figure>\n\n\n\n<p>Zwei L\u00fc\u00fctli gaand all Jaar \u00e4maal<br>zun d\u00e4 Vrwandt\u00e4 aab in ds Taal.<br>\u00c4 Schtuck n\u00fcmmt schi \u00e4s Auto mit,<br>den chund \u00e4n Bus, waa s dunn\u00e4 gid.<\/p>\n\n\n\n<p>Schi schtiig\u00e4nd iin mid Achch und Chrachch.<br>Schon zeerschtw\u00e4rch gid s den \u00e4is uf ds Tachch.<br>\u00c4s Billett l\u00f6\u00f6s\u00e4 ch\u00f6nd i\u00e4r schon,<br>h\u00e4id i\u00e4r \u00e4n \u00c4pp uf \u00e4u\u00e4m Phon?<\/p>\n\n\n\n<p>Wi\u00e4r h\u00e4ind gw\u00fcss w\u00e4dr das noch ditz,<br>wi\u00e4r bruuch\u00e4nd nun zw\u00e4i schmaali Sitz.<br>N\u00e4i, Rapp\u00e4 ch\u00f6nd i\u00e4r mi\u00e4r nid g\u00e4\u00e4n,<br>den m\u00fc\u00e4sst i\u00e4r halt \u00e4s Taxi n\u00e4\u00e4n.<\/p>\n\n\n\n<p>So chl\u00e4tt\u00e4r\u00e4nd di\u00e4 L\u00fc\u00fctli uus,<br>Dr Bus faart ab und ds Taal d\u00fcruus.<br>Schi h\u00f6ckl\u00e4nd dussn\u00e4 ganz vrscht\u00f6\u00f6rt.<br>Di\u00e4 n\u00fc\u00fc\u00e4 Br\u00fc\u00fcch sind un\u00e4rh\u00f6\u00f6rt.<\/p>\n\n\n\n<p>Was machch\u00e4nd wi\u00e4r da ganz al\u00e4in?<br>Wi\u00e4r gaand jetz w\u00e4idli uuf und h\u00e4in.<\/p>\n\n\n\n<p><strong><strong>\u00c4s duuchl\u00e4d<\/strong><\/strong><\/p>\n\n\n\n<figure class=\"wp-block-audio\"><audio controls src=\"https:\/\/walsermundart.ch\/wp-content\/uploads\/2022\/04\/178-Nacht.mp3\"><\/audio><\/figure>\n\n\n\n<p>Baald nacht\u00e4d s, bischt du noch nid m\u00fc\u00e4d?<br>\u00c4n Heng\u00e4rt ischt doch gu\u00e4t f\u00fcr ds Gm\u00fc\u00e4t!<br>Du g\u00e4inischt, Nani, gang in ds Bett!<br>I lu\u00e4g\u00e4, ob s schon Scht\u00e4rn\u00e4 hed.<\/p>\n\n\n\n<p><strong><strong>Nooch am Himml<\/strong><\/strong><\/p>\n\n\n\n<figure class=\"wp-block-audio\"><audio controls src=\"https:\/\/walsermundart.ch\/wp-content\/uploads\/2022\/04\/179-Sterne.mp3\"><\/audio><\/figure>\n\n\n\n<p>Wiitaab k\u00e4i Schtadt, k\u00e4is Doorf, k\u00e4i Schtraass,<br>i ligg\u00e4 uf \u00e4m trochchn\u00e4 Graas.<br>M\u00e4 gh\u00f6\u00f6rd k\u00e4i Schtimm, m\u00e4 gh\u00f6\u00f6rd k\u00e4i Schnuuf,<br>schtockduuchl is s, k\u00e4i Man\u00e4schiin.<br>I lu\u00e4g\u00e4 zun d\u00e4 Scht\u00e4\u00e4rn\u00e4 uuf<br>und gschp\u00fcr\u00e4 fescht, wi\u00e4 chl\u00e4in i bin.<\/p>\n\n\n\n<figure class=\"wp-block-image size-large\"><img loading=\"lazy\" decoding=\"async\" width=\"608\" height=\"406\" src=\"https:\/\/walsermundart.ch\/wp-content\/uploads\/2021\/02\/Sternenhimmel-2.jpg\" alt=\"\" class=\"wp-image-1455\" srcset=\"https:\/\/walsermundart.ch\/wp-content\/uploads\/2021\/02\/Sternenhimmel-2.jpg 608w, https:\/\/walsermundart.ch\/wp-content\/uploads\/2021\/02\/Sternenhimmel-2-300x200.jpg 300w\" sizes=\"auto, (max-width: 608px) 100vw, 608px\" \/><\/figure>\n\n\n\n<figure class=\"wp-block-image size-full is-resized\"><a href=\"https:\/\/walsermundart.ch\/?page_id=156\"><img loading=\"lazy\" decoding=\"async\" width=\"268\" height=\"173\" src=\"https:\/\/walsermundart.ch\/wp-content\/uploads\/2022\/03\/Pfeil-zurueck-mini-1.jpg\" alt=\"\" class=\"wp-image-6871\" style=\"aspect-ratio:1.5571428571428572;width:124px;height:auto\"\/><\/a><\/figure>\n","protected":false},"excerpt":{"rendered":"<p>Abfall Vor gu\u00e4t hund\u00e4rt Jaar hed s k\u00e4in Cheerichtseck gg\u00e4\u00e4n.Was d L\u00fc\u00fct nid h\u00e4ind m\u00f6g\u00e4, h\u00e4ind d Schwiin ch\u00f6nn\u00e4 n\u00e4\u00e4n.Nid lang druf h\u00e4ind sch Iingmachts&hellip;<\/p>\n","protected":false},"author":1,"featured_media":0,"parent":0,"menu_order":0,"comment_status":"closed","ping_status":"closed","template":"","meta":{"footnotes":""},"class_list":["post-1145","page","type-page","status-publish","hentry"],"_links":{"self":[{"href":"https:\/\/walsermundart.ch\/index.php?rest_route=\/wp\/v2\/pages\/1145","targetHints":{"allow":["GET"]}}],"collection":[{"href":"https:\/\/walsermundart.ch\/index.php?rest_route=\/wp\/v2\/pages"}],"about":[{"href":"https:\/\/walsermundart.ch\/index.php?rest_route=\/wp\/v2\/types\/page"}],"author":[{"embeddable":true,"href":"https:\/\/walsermundart.ch\/index.php?rest_route=\/wp\/v2\/users\/1"}],"replies":[{"embeddable":true,"href":"https:\/\/walsermundart.ch\/index.php?rest_route=%2Fwp%2Fv2%2Fcomments&post=1145"}],"version-history":[{"count":51,"href":"https:\/\/walsermundart.ch\/index.php?rest_route=\/wp\/v2\/pages\/1145\/revisions"}],"predecessor-version":[{"id":8657,"href":"https:\/\/walsermundart.ch\/index.php?rest_route=\/wp\/v2\/pages\/1145\/revisions\/8657"}],"wp:attachment":[{"href":"https:\/\/walsermundart.ch\/index.php?rest_route=%2Fwp%2Fv2%2Fmedia&parent=1145"}],"curies":[{"name":"wp","href":"https:\/\/api.w.org\/{rel}","templated":true}]}}