{"id":1587,"date":"2021-02-19T21:22:08","date_gmt":"2021-02-19T21:22:08","guid":{"rendered":"https:\/\/walsermundart.ch\/?page_id=1587"},"modified":"2024-11-10T20:17:59","modified_gmt":"2024-11-10T20:17:59","slug":"sprechen-b","status":"publish","type":"page","link":"https:\/\/walsermundart.ch\/?page_id=1587","title":{"rendered":"2.02 &#8211; Das \u00c4"},"content":{"rendered":"\n<figure class=\"wp-block-image size-full is-resized\"><a href=\"https:\/\/walsermundart.ch\/?page_id=360\"><img loading=\"lazy\" decoding=\"async\" width=\"268\" height=\"173\" src=\"https:\/\/walsermundart.ch\/wp-content\/uploads\/2022\/03\/Pfeil-zurueck-mini-1.jpg\" alt=\"\" class=\"wp-image-6871\" style=\"width:108px;height:70px\"\/><\/a><\/figure>\n\n\n\n<p class=\"has-vivid-red-color has-text-color\"><strong>So klingen alle \u00c4, beinahe wie ein helles A:<\/strong><\/p>\n\n\n\n<p>Das \u00c4 ist der bedeutungsvollste Selbstlaut in unserem Dialekt. Wer das \u00c4 nicht richtig aussprechen kann, kann nicht lautgetreu sprechen. <\/p>\n\n\n\n<p>Hier h\u00f6ren wir drei Stimmen: W\u00e4ttrh\u00e4\u00e4ss aus <strong>Peist<\/strong>, G\u00f6\u00f6lischg\u00e4ffli aus <strong>Gr\u00fcsch <\/strong>(Cordula Hitz-Walser) und B\u00e4\u00e4r\u00e4w\u00e4\u00e4g aus der Stadt <strong>Z\u00fcrich <\/strong>(Sylvia Sempert), diese vielleicht ein bisschen greller.<\/p>\n\n\n\n<figure class=\"wp-block-audio\"><audio controls src=\"https:\/\/walsermundart.ch\/wp-content\/uploads\/2021\/01\/Waettrhaeaess.mp3\"><\/audio><\/figure>\n\n\n\n<figure class=\"wp-block-audio\"><audio controls src=\"https:\/\/walsermundart.ch\/wp-content\/uploads\/2021\/01\/Goeoelischgaeffli-von-Gruesch.mp3\"><\/audio><\/figure>\n\n\n\n<figure class=\"wp-block-audio\"><audio controls src=\"https:\/\/walsermundart.ch\/wp-content\/uploads\/2021\/01\/Baeaeraewaeaeg-von-Zuerich.mp3\"><\/audio><\/figure>\n\n\n<p>Nordb\u00fcnden: Alle <strong>\u00e4<\/strong> klingen als ein <strong>offenes helles<\/strong> <strong>a <\/strong>wie im schriftdeutschen Wort H<strong>e<\/strong>im, keinesfalls wie das <strong>\u00e4<\/strong> in \u201eB<strong>\u00e4<\/strong>chlein\u201c, ausnahmslos!<\/p>\n<p>Tonbeispiel dazu von Marie Fleisch, <strong>L\u00fcen<\/strong> 1959. Unter <strong>9<\/strong> <strong>Walsert\u00e4ler, <\/strong>dort <strong>9.02 Brod bach\u00e4 <\/strong>auch als Text.\u00a0<\/p>\n\n\n<p class=\"has-vivid-cyan-blue-color has-text-color\"><a href=\"https:\/\/www.idiotikon.ch\/hoerproben-gr\" target=\"_blank\" rel=\"noreferrer noopener\"><em>H\u00f6rproben aus den deutschsprachigen Teilen des Kantons Graub\u00fcnden (idiotikon.ch)<\/em><\/a><\/p>\n\n\n\n<p>Das gleiche <strong>\u00e4<\/strong> h\u00f6ren wir in anderen Schweizer Dialekten: im breiten Z\u00fcrcherdialekt (B\u00e4\u00e4r), in Luzern (Luz\u00e4\u00e4rn), im Emmental (\u00c4mmitaal), im <strong>Haslital<\/strong> (zum Gross\u00e4ttis Zyten):<\/p>\n\n\n\n<p class=\"has-vivid-cyan-blue-color has-text-color\"><a href=\"https:\/\/www.youtube.com\/watch?v=fFc5zYNaDMM\" target=\"_blank\" rel=\"noreferrer noopener\">https:\/\/www.youtube.com\/watch?v=fFc5zYNaDMM<\/a><\/p>\n\n\n\n<p>Auch das Englische kennt unser <strong>\u00e4<\/strong>, schliesslich ist Englisch zu einem guten Teil aus dem Altdeutschen entstanden. Der Google-\u00dcbersetzer spricht den Satz laut und deutlich: <strong>I have a hat. <\/strong>(Ich habe einen Hut.)<\/p>\n\n\n\n<figure class=\"wp-block-audio\"><audio controls src=\"https:\/\/walsermundart.ch\/wp-content\/uploads\/2024\/11\/i-hava-a-hat-Google.mp3\"><\/audio><\/figure>\n\n\n<p>Man h\u00f6rt genau unser <span style=\"color: #ff0000;\">\u00e4.<\/span> So klingt auch <span style=\"color: #ff0000;\">App<\/span> (Application), wie es heute als <span style=\"color: #ff0000;\">Epp<\/span> in aller Munde ist. <strong><span style=\"color: #ff0000;\">Ein halbes \u00e4 ist kein \u00e4.<\/span><\/strong><\/p>\n\n\n<figure class=\"wp-block-audio\"><audio controls src=\"https:\/\/walsermundart.ch\/wp-content\/uploads\/2024\/11\/Application-Google-Translater.mp3\"><\/audio><\/figure>\n\n\n\n<p class=\"has-vivid-red-color has-text-color\"><strong>\u00e4<\/strong> aus Nordb\u00fcnden, z.B.<\/p>\n\n\n\n<figure class=\"wp-block-image size-large is-resized\"><img loading=\"lazy\" decoding=\"async\" width=\"574\" height=\"467\" src=\"https:\/\/walsermundart.ch\/wp-content\/uploads\/2021\/03\/Teil-2-Seite-3.jpg\" alt=\"\" class=\"wp-image-3808\" style=\"width:432px;height:352px\" srcset=\"https:\/\/walsermundart.ch\/wp-content\/uploads\/2021\/03\/Teil-2-Seite-3.jpg 574w, https:\/\/walsermundart.ch\/wp-content\/uploads\/2021\/03\/Teil-2-Seite-3-300x244.jpg 300w\" sizes=\"auto, (max-width: 574px) 100vw, 574px\" \/><\/figure>\n\n\n\n<p class=\"has-vivid-red-color has-text-color\"><strong>Texte aus dem Wallis<\/strong><\/p>\n\n\n\n<p class=\"has-vivid-cyan-blue-color has-text-color\"><a href=\"http:\/\/www.walser-museum.ch\" target=\"_blank\" rel=\"noreferrer noopener\">http:\/\/www.walser-museum.ch<\/a><\/p>\n\n\n\n<p>Dort das Fenster Alltagsleben, dann Sprache w\u00e4hlen. <\/p>\n\n\n\n<p class=\"has-vivid-red-color has-text-color\"><strong>zum \u00e4<\/strong><\/p>\n\n\n\n<p><span style=\"color: #339966;\"><em>Nit vill G\u00e4\u00e4lt, nit vill w\u00e4\u00e4rt<\/em>. <\/span>Nicht viel Geld, nicht viel wert.<\/p>\n\n\n\n<p>&nbsp;<span style=\"color: #339966;\">V<em>ill Gschrei, wenig Wolla<\/em>.<\/span> Viel Geschrei und wenig Wolle. &nbsp; &nbsp;&nbsp;<\/p>\n\n\n\n<p><span style=\"color: #339966;\"><em>Ischts gfr\u00e4ssus, ischts verg\u00e4ssus<\/em>. <span style=\"color: #000000;\">Ist es gegessen, ist es vergessen.<\/span><\/span><\/p>\n\n\n\n<p><span style=\"color: #339966;\"><em>Schich s\u00e4lber im W\u00e4gg sii. <span style=\"color: #000000;\">Sich selber im Wege stehen.<\/span><\/em><\/span><\/p>\n\n\n\n<p class=\"has-vivid-red-color has-text-color\"><strong>zum e<\/strong><\/p>\n\n\n\n<p><span style=\"color: #339966;\"><em>Wer ee meet, der mee meet.<\/em><\/span> Wer eher m\u00e4ht, m\u00e4ht mehr.<\/p>\n\n\n\n<p><span style=\"color: #339966;\"><em>Weer nit chunt zer r\u00e4chtu Ziit, <em>deer m\u00fcess n\u00e4, was ubrig bliipt.<\/em> <\/em><\/span>Wer nicht zur rechten Zeit kommt, der muss nehmen, was \u00fcbrig bleibt.<\/p>\n\n\n\n<p><span style=\"color: #339966;\"><em>Mu selle nit aalti Chatze leerru M\u00fc\u00fcsu.<\/em><\/span> Man soll nicht alte Katzen das Mausen lehren.<\/p>\n\n\n\n<p><span style=\"color: #339966;\"><em>Der Hetti und der Welti sind Brieder gsii.<\/em><\/span> Der H\u00e4tt-ich und der Wollt-ich sind Br\u00fcder gewesen.<\/p>\n\n\n\n<p><strong>Tondokumente aus dem unteren, s\u00fcdwestlichen Teil des Oberwallis<\/strong>, dem Gebiet des <a href=\"file:\/\/\/C:\/Users\/phein\/Documents\/Eigene%20Scans\/Dialekt%20Walser\/A%20Walserziit\/Weitergabe\/schweer%20v%20Kobald.mp3\"><strong>schweer<\/strong><\/a>:<\/p>\n\n\n\n<p class=\"has-vivid-cyan-blue-color has-text-color\"><a href=\"http:\/\/www.walser-museum.ch\/museum\/soziales-wirken\/sagen.html\" target=\"_blank\" rel=\"noreferrer noopener\">http:\/\/www.walser-museum.ch\/museum\/soziales-wirken\/sagen.html<\/a><\/p>\n\n\n\n<p>Hier wird oft ein <strong>a<\/strong> gesprochen, wo bei uns ein <strong>\u00e4<\/strong> steht.<\/p>\n\n\n\n<p><strong>Tondokumente (Sagen) aus dem obersten Wallis<\/strong>, dem Gebiet des <a href=\"file:\/\/\/C:\/Users\/phein\/Documents\/Eigene%20Scans\/Dialekt%20Walser\/A%20Walserziit\/Weitergabe\/schw\u00e4\u00e4r%20v%20Barandun.mp3\"><strong>schw\u00e4\u00e4r<\/strong><\/a> (Kopfh\u00f6rer empfohlen) unter dem Link<\/p>\n\n\n\n<p class=\"has-vivid-cyan-blue-color has-text-color\"><a href=\"http:\/\/xml.memovs.ch\/s034b0164z.xml\" target=\"_blank\" rel=\"noreferrer noopener\">http:\/\/xml.memovs.ch\/s034b0164z.xml<\/a><\/p>\n\n\n\n<figure class=\"wp-block-image size-full is-resized\"><a href=\"https:\/\/walsermundart.ch\/?page_id=360\"><img loading=\"lazy\" decoding=\"async\" width=\"268\" height=\"173\" src=\"https:\/\/walsermundart.ch\/wp-content\/uploads\/2022\/03\/Pfeil-zurueck-mini-1.jpg\" alt=\"\" class=\"wp-image-6871\" style=\"width:108px;height:70px\"\/><\/a><\/figure>\n\n\n\n<p><\/p>\n","protected":false},"excerpt":{"rendered":"<p>So klingen alle \u00c4, beinahe wie ein helles A: Das \u00c4 ist der bedeutungsvollste Selbstlaut in unserem Dialekt. Wer das \u00c4 nicht richtig aussprechen kann,&hellip;<\/p>\n","protected":false},"author":1,"featured_media":0,"parent":0,"menu_order":0,"comment_status":"closed","ping_status":"closed","template":"","meta":{"footnotes":""},"class_list":["post-1587","page","type-page","status-publish","hentry"],"_links":{"self":[{"href":"https:\/\/walsermundart.ch\/index.php?rest_route=\/wp\/v2\/pages\/1587","targetHints":{"allow":["GET"]}}],"collection":[{"href":"https:\/\/walsermundart.ch\/index.php?rest_route=\/wp\/v2\/pages"}],"about":[{"href":"https:\/\/walsermundart.ch\/index.php?rest_route=\/wp\/v2\/types\/page"}],"author":[{"embeddable":true,"href":"https:\/\/walsermundart.ch\/index.php?rest_route=\/wp\/v2\/users\/1"}],"replies":[{"embeddable":true,"href":"https:\/\/walsermundart.ch\/index.php?rest_route=%2Fwp%2Fv2%2Fcomments&post=1587"}],"version-history":[{"count":49,"href":"https:\/\/walsermundart.ch\/index.php?rest_route=\/wp\/v2\/pages\/1587\/revisions"}],"predecessor-version":[{"id":8778,"href":"https:\/\/walsermundart.ch\/index.php?rest_route=\/wp\/v2\/pages\/1587\/revisions\/8778"}],"wp:attachment":[{"href":"https:\/\/walsermundart.ch\/index.php?rest_route=%2Fwp%2Fv2%2Fmedia&parent=1587"}],"curies":[{"name":"wp","href":"https:\/\/api.w.org\/{rel}","templated":true}]}}