{"id":1665,"date":"2021-02-20T19:46:48","date_gmt":"2021-02-20T19:46:48","guid":{"rendered":"https:\/\/walsermundart.ch\/?page_id=1665"},"modified":"2022-03-18T08:23:49","modified_gmt":"2022-03-18T08:23:49","slug":"12-e-ae-a-ei-aei","status":"publish","type":"page","link":"https:\/\/walsermundart.ch\/?page_id=1665","title":{"rendered":"2.03 &#8211; e \u00e4 a ei \u00e4i"},"content":{"rendered":"\n<figure class=\"wp-block-image size-full is-resized\"><a href=\"https:\/\/walsermundart.ch\/?page_id=360\"><img loading=\"lazy\" decoding=\"async\" src=\"https:\/\/walsermundart.ch\/wp-content\/uploads\/2022\/03\/Pfeil-zurueck-mini-1.jpg\" alt=\"\" class=\"wp-image-6871\" width=\"109\" height=\"70\"\/><\/a><\/figure>\n\n\n\n<p>Lesen wir in W\u00f6rterb\u00fcchern und in alten und neuen Erz\u00e4hlungen, f\u00e4llt uns auf, dass der Grossteil der Schwierigkeiten beim Schreiben im Walserdialekt der Unterscheidung von <strong>e<\/strong> und <strong>\u00e4<\/strong> entspringt.<\/p>\n\n\n\n<p><strong>W\u00f6rterb\u00fccher<\/strong> im Vergleich: W\u00f6rter, die beim Sprechen gleich klingen:<\/p>\n\n\n\n<figure class=\"wp-block-image size-large\"><img loading=\"lazy\" decoding=\"async\" width=\"765\" height=\"434\" src=\"https:\/\/walsermundart.ch\/wp-content\/uploads\/2021\/02\/Seite-4-a.jpg\" alt=\"\" class=\"wp-image-1668\" srcset=\"https:\/\/walsermundart.ch\/wp-content\/uploads\/2021\/02\/Seite-4-a.jpg 765w, https:\/\/walsermundart.ch\/wp-content\/uploads\/2021\/02\/Seite-4-a-300x170.jpg 300w\" sizes=\"auto, (max-width: 765px) 100vw, 765px\" \/><\/figure>\n\n\n\n<p>Im <strong>Davoser W\u00f6rterbuch<\/strong> werden Verben am Wortende mit <strong>e <\/strong>geschrieben, obwohl ein kurzes ged\u00e4mpftes <strong>\u00e4<\/strong> gesprochen wird. Das e am Ende des Verbes stammt aus jener Zeit, als noch das <strong>-n<\/strong> gesprochen wurde: g\u00e4ischte<strong>n<\/strong>. Man kann es noch in Davos, Langwies und von Klosters bis Saas h\u00f6ren. <\/p>\n\n\n\n<p><strong>En<\/strong> <strong>Hund <\/strong>wird so gesprochen: <strong><em>\u00e4n Hund<\/em><\/strong> oder gar <em><strong>an Hund<\/strong><\/em>. <em>S\u00e4ileta <\/em>bereitet beim Lesen M\u00fche, <strong><em>S\u00e4il\u00e4t\u00e4<\/em><\/strong> ist eindeutig. <em>Nid ege <\/em>ist schwierig richtig zu lesen, also: <strong><em>nid eeg\u00e4<\/em><\/strong>.<\/p>\n\n\n\n<p>Das Davoser W\u00f6rterbuch unterscheidet in der Endung: Einzahl mit <strong>a<\/strong> (Egga), Mehrzahl mit <strong>\u00e4<\/strong> (Egg\u00e4). Hans Laely-Meyer (Flurnamen): <em>Bockt\u00e4, Bachbl\u00e4ika, Chl\u00e4ttertanna, Egga, Egg\u00e4, Furra, Furr\u00e4, Gamsfalla, Waald\u00e4, Stadleralp\u00e4,<\/em> <em>Sch\u00e4itla<\/em>. Besonderheiten bei Laely (Redensarten): Di Gepsa welp<strong>a<\/strong>, h\u00fct fredj<strong>e<\/strong> wr Tiges, verzi<strong>\u00e4<\/strong> will dr s (verziehen will ich es dir \u2026 ),\u00e4sw\u00ec<strong>\u00e4<\/strong>, ds L\u00e4id abn<strong>\u00e4<\/strong>.<em> Ch\u00fcpf<strong>en<\/strong>fl<strong>uo<\/strong>, L\u00e4imgr<strong>uo<\/strong>ba.<\/em><\/p>\n\n\n\n<p>Im <strong>Pr\u00e4ttigauer W\u00f6rterbuch<\/strong> m\u00fcssen die verschiedenen Dialekte von Seewis bis Klosters ber\u00fccksichtigt werden (<em>liid\u00e4, liiden, liechta, liechten<\/em>). Dabei begegnen uns <strong>e <\/strong>und <strong>\u00e4<\/strong>: <em>B\u00fcel, abgf\u00fcert, \u00e4rm\u00fc\u00e4t\u00e4, aar\u00fc\u00e4f\u00e4 und aar\u00fcef\u00e4<\/em>. Wof\u00fcr sollen sich die Schreiberinnen und Schreiber entscheiden? Die entsprechende Wahl muss auch bei <strong>ei<\/strong> und <strong>\u00e4i<\/strong> getroffen werden.<\/p>\n\n\n\n<p>Im Pr\u00e4ttigauer W\u00f6rterbuch steht nur in jenen W\u00f6rtern ein <strong>ei<\/strong>, die dem Schriftdeutschen gleichen: <em>Bein, Ei, feist, Geiss, Heim, heimli<\/em>.<\/p>\n\n\n\n<p>Im Davoser W\u00f6rterbuch hingegen wird das <strong>ei<\/strong> ausnahmslos als <strong>\u00e4i<\/strong> geschrieben: <em>R\u00e4inheft, chl\u00e4inhaft, h\u00e4indsch, gm\u00e4ind, \u00c4ier, zw\u00e4i. <\/em>Die durchwegs klarste L\u00f6sung ergibt sich durch das \u00e4 (oder je nach Region a).<\/p>\n\n\n\n<figure class=\"wp-block-image size-large\"><img loading=\"lazy\" decoding=\"async\" width=\"850\" height=\"390\" src=\"https:\/\/walsermundart.ch\/wp-content\/uploads\/2021\/02\/Seite-4-b-e1613982876917.jpg\" alt=\"\" class=\"wp-image-1863\"\/><\/figure>\n\n\n\n<p class=\"has-vivid-cyan-blue-color has-text-color\"><strong><em>R\u00e4cht schriib\u00e4<\/em><\/strong><\/p>\n\n\n\n<p class=\"has-vivid-cyan-blue-color has-text-color\">Wi\u00e4r h\u00e4ind nisch lengscht\u00e4 da draan gwennt,<br>wil \u00fcnschrn\u00e4is n\u00fc\u00fcd andrscht chent:<br>Und doch, \u00e4s gsi\u00e4d s ja jed\u00e4s Chind,<br>das d Schriibig\u00e4 nid \u00e4ifach sind.<br>Was schriibt m\u00e4: miese, miasa, mi\u00e4s\u00e4<br>und pschliesse, pschliassa odr pschli\u00e4ss\u00e4,<br>am Meer di Gist, am Mehr di Gischt?<br>Wen das k\u00e4in Mischmasch ischt!<\/p>\n\n\n\n<div class=\"wp-block-group\"><div class=\"wp-block-group__inner-container is-layout-flow wp-block-group-is-layout-flow\"><\/div><\/div>\n\n\n\n<figure class=\"wp-block-image size-full is-resized\"><a href=\"https:\/\/walsermundart.ch\/?page_id=360\"><img loading=\"lazy\" decoding=\"async\" src=\"https:\/\/walsermundart.ch\/wp-content\/uploads\/2022\/03\/Pfeil-zurueck-mini-1.jpg\" alt=\"\" class=\"wp-image-6871\" width=\"109\" height=\"70\"\/><\/a><\/figure>\n\n\n\n<p><\/p>\n","protected":false},"excerpt":{"rendered":"<p>Lesen wir in W\u00f6rterb\u00fcchern und in alten und neuen Erz\u00e4hlungen, f\u00e4llt uns auf, dass der Grossteil der Schwierigkeiten beim Schreiben im Walserdialekt der Unterscheidung von&hellip;<\/p>\n","protected":false},"author":1,"featured_media":0,"parent":0,"menu_order":0,"comment_status":"closed","ping_status":"closed","template":"","meta":{"footnotes":""},"class_list":["post-1665","page","type-page","status-publish","hentry"],"_links":{"self":[{"href":"https:\/\/walsermundart.ch\/index.php?rest_route=\/wp\/v2\/pages\/1665","targetHints":{"allow":["GET"]}}],"collection":[{"href":"https:\/\/walsermundart.ch\/index.php?rest_route=\/wp\/v2\/pages"}],"about":[{"href":"https:\/\/walsermundart.ch\/index.php?rest_route=\/wp\/v2\/types\/page"}],"author":[{"embeddable":true,"href":"https:\/\/walsermundart.ch\/index.php?rest_route=\/wp\/v2\/users\/1"}],"replies":[{"embeddable":true,"href":"https:\/\/walsermundart.ch\/index.php?rest_route=%2Fwp%2Fv2%2Fcomments&post=1665"}],"version-history":[{"count":20,"href":"https:\/\/walsermundart.ch\/index.php?rest_route=\/wp\/v2\/pages\/1665\/revisions"}],"predecessor-version":[{"id":7027,"href":"https:\/\/walsermundart.ch\/index.php?rest_route=\/wp\/v2\/pages\/1665\/revisions\/7027"}],"wp:attachment":[{"href":"https:\/\/walsermundart.ch\/index.php?rest_route=%2Fwp%2Fv2%2Fmedia&parent=1665"}],"curies":[{"name":"wp","href":"https:\/\/api.w.org\/{rel}","templated":true}]}}