{"id":1675,"date":"2021-02-20T20:51:32","date_gmt":"2021-02-20T20:51:32","guid":{"rendered":"https:\/\/walsermundart.ch\/?page_id=1675"},"modified":"2022-03-18T08:25:34","modified_gmt":"2022-03-18T08:25:34","slug":"13-aus-ie-wird-iae","status":"publish","type":"page","link":"https:\/\/walsermundart.ch\/?page_id=1675","title":{"rendered":"2.04 &#8211; ie  i\u00e4  ei  e\u00ef eu"},"content":{"rendered":"\n<figure class=\"wp-block-image size-full is-resized\"><a href=\"https:\/\/walsermundart.ch\/?page_id=360\"><img loading=\"lazy\" decoding=\"async\" src=\"https:\/\/walsermundart.ch\/wp-content\/uploads\/2022\/03\/Pfeil-zurueck-mini-1.jpg\" alt=\"\" class=\"wp-image-6871\" width=\"109\" height=\"70\"\/><\/a><\/figure>\n\n\n\n<p><em>Ds Fueter s\u00f6tti bessr <strong>bschiesse<\/strong><\/em>. So stehen die W\u00f6rter vor uns, wenn wir uns vom Schriftdeutschen nicht l\u00f6sen k\u00f6nnen. Erst wenn die fraglichen <strong>e<\/strong> durch <strong>\u00e4<\/strong> ersetzt sind, k\u00f6nnen wir den Inhalt erfassen und richtig lesen.<\/p>\n\n\n\n<p><span style=\"color: #339966;\"><em data-rich-text-format-boundary=\"true\">Ds Fu\u00e4tr s\u00f6tti bessr bsch<strong>i\u00e4<\/strong>ss\u00e4<\/em>.<\/span> Das Futter sollte ergiebiger sein.<\/p>\n\n\n\n<p><em data-rich-text-format-boundary=\"true\"><span style=\"color: #339966;\">B<strong>i\u00e4<\/strong>l odr Agsch, chentscht du dr Undrschid?<\/span> <\/em>Beil oder Axt, kennst du den Unterschied?<\/p>\n\n\n\n<p><span style=\"color: #339966;\"><em data-rich-text-format-boundary=\"true\">Schi l<strong>i\u00e4<\/strong>cht\u00e4d noch am Aab\u00e4d schpaat. <\/em><\/span>Sie hat noch sp\u00e4t abends Licht.<\/p>\n\n\n\n<p><em>Das <span style=\"color: #ff0000;\">pliebed<\/span> mr<\/em>. Das beliebt mir. Erst so ist es klar: <span style=\"color: #339966;\"><em>Das <strong>pli\u00e4b\u00e4d<\/strong> mr<\/em>.<\/span><\/p>\n\n\n\n<p><span style=\"color: #ff0000;\">Biescht &#8211; <span style=\"color: #339966;\"><strong><em>Bi\u00e4scht, <\/em><\/strong><\/span><\/span>die erste Milch nach dem Kalben<\/p>\n\n\n\n<p><span style=\"color: #ff0000;\">die Dieb\u00e4 &#8211; <span style=\"color: #339966;\"><em>di\u00e4 <strong>Di\u00e4b\u00e4<\/strong><\/em><\/span><\/span> (diese Diebe)<\/p>\n\n\n\n<p><span style=\"color: #ff0000;\">esie&nbsp;<\/span> <span style=\"color: #339966;\"><strong><em>\u00e4s\u00ec\u00e4<\/em><\/strong> <\/span>(manchmal) <em>Schi hed mr \u00e4s\u00ec\u00e4 gholff\u00e4<\/em>. Sie hat mir manchmal geholfen.<\/p>\n\n\n<p><span data-rich-text-format-boundary=\"true\"><span style=\"color: #ff0000;\">entlien<\/span> &#8211; <span style=\"color: #339966;\"><strong><em>\u00e4ntl\u00ec\u00e4n<\/em><\/strong> <\/span>(ausleihen) <\/span><em>Taarf i di\u00e4 Schuufl\u00e4 \u00e4ntl\u00ec\u00e4n? <\/em>Darf ich diese Schaufel ausleihen?<\/p>\n\n\n<p><span style=\"color: #ff0000;\">nietig &#8211; <span style=\"color: #339966;\"><em>\u00c4s ischt mr <strong>ni\u00e4tig<\/strong>. <\/em><\/span><\/span>Es ist mir unangenehm. Auch: unwohl.<\/p>\n\n\n<p><span style=\"color: #ff0000;\" data-rich-text-format-boundary=\"true\">pschliess\u00e4 <\/span>&#8211; <span style=\"color: #339966;\"><strong><em>pschli\u00e4ss\u00e4, <\/em><\/strong><span style=\"color: #000000;\">abschliessen. <em>Vrgiss nid, di T\u00fc\u00fcr z pschli\u00e4ss\u00e4! <\/em>Vergiss nicht, die T\u00fcre abzuschliessen!<\/span><\/span><\/p>\n\n\n<figure class=\"wp-block-image size-large is-resized\"><img loading=\"lazy\" decoding=\"async\" src=\"https:\/\/walsermundart.ch\/wp-content\/uploads\/2021\/03\/Seite-5-a2.jpg\" alt=\"\" class=\"wp-image-2686\" width=\"605\" height=\"275\" srcset=\"https:\/\/walsermundart.ch\/wp-content\/uploads\/2021\/03\/Seite-5-a2.jpg 763w, https:\/\/walsermundart.ch\/wp-content\/uploads\/2021\/03\/Seite-5-a2-300x137.jpg 300w\" sizes=\"auto, (max-width: 605px) 100vw, 605px\" \/><\/figure>\n\n\n\n<figure class=\"wp-block-image size-large is-resized\"><img loading=\"lazy\" decoding=\"async\" src=\"https:\/\/walsermundart.ch\/wp-content\/uploads\/2021\/02\/Seite-5-b.jpg\" alt=\"\" class=\"wp-image-1680\" width=\"606\" height=\"556\"\/><\/figure>\n\n\n\n<figure class=\"wp-block-image size-large is-resized\"><img loading=\"lazy\" decoding=\"async\" src=\"https:\/\/walsermundart.ch\/wp-content\/uploads\/2021\/02\/Seite-5-c-e1613891743466.jpg\" alt=\"\" class=\"wp-image-1707\" width=\"601\" height=\"420\"\/><\/figure>\n\n\n\n<figure class=\"wp-block-image size-large is-resized\"><img loading=\"lazy\" decoding=\"async\" src=\"https:\/\/walsermundart.ch\/wp-content\/uploads\/2021\/02\/Seite-5-d.jpg\" alt=\"\" class=\"wp-image-1682\" width=\"599\" height=\"525\" srcset=\"https:\/\/walsermundart.ch\/wp-content\/uploads\/2021\/02\/Seite-5-d.jpg 776w, https:\/\/walsermundart.ch\/wp-content\/uploads\/2021\/02\/Seite-5-d-300x263.jpg 300w, https:\/\/walsermundart.ch\/wp-content\/uploads\/2021\/02\/Seite-5-d-768x673.jpg 768w\" sizes=\"auto, (max-width: 599px) 100vw, 599px\" \/><\/figure>\n\n\n\n<p>Besonderheit: <strong><em>zee, <\/em><\/strong>z\u00e4h &#8211;&nbsp;<em>\u00e4s zees M\u00e4nnli,<\/em> <em>\u00e4n zeei Frau<\/em>: <em>ei<\/em> ist hier kein Umlaut, es sind zwei getrennte Vokale: <strong><em>e\u00ef.<\/em><\/strong><\/p>\n\n\n\n<p>St\u00fcnde \u00e4 nicht zur Verf\u00fcgung, m\u00fcsste das ungeeignete <strong>ie<\/strong> durch ein <strong>ia<\/strong> ersetzt werden: w<strong>ia<\/strong>r, z<strong>ia<\/strong>n, usw.<\/p>\n\n\n\n<p class=\"has-vivid-red-color has-text-color\" style=\"font-size:35px\"><strong>\u00e4 oder a?<\/strong><\/p>\n\n\n\n<p>Meist ist es eine Ermessensfrage. Im Davoser und Pr\u00e4ttigauer W\u00f6rterbuch wird das <strong>\u00e4<\/strong> gew\u00e4hlt. In der Presse erscheinen oft W\u00f6rter mit <strong>a<\/strong>, beispielsweise im P&amp;H vom 3. Juni 2017: Serneus, Auffahrt \u2013 <em>ds Maitiatschupa<\/em>. Andernorts begegnen uns <em>d Wiissflua<\/em> und <em>ds Wiisshora<\/em>. In Fremdw\u00f6rtern: <em>uf dr Caranti <\/em>(<em>C\u00e4ranti<\/em>). Im Davoser W\u00f6rterbuch steht, wie schon weiter oben erw\u00e4hnt, bei Nomen, die in der Einzahl mit <strong>-a<\/strong> enden, in der Mehrzahl ein <strong>-\u00e4<\/strong>, so wie man fr\u00fcher im Klang unterschieden hat. <em>Aadra\u2013Aadr\u00e4. M\u00e4itja\u2013M\u00e4itj\u00e4<\/em>. Bemerkenswert ist, dass Leonie Barandun-Alig im Obersaxerdialekt auf das <strong>\u00e4<\/strong> im Text verzichtet: <strong><em>Mit da Chind isch as \u00e0lbig as Heba und as Loosl\u00e0\u00e0 midan\u00e0nd<\/em>.<\/strong> Dies ist wohl urspr\u00fcnglicher und treffender. In der vorliegenden Arbeit wird im Zweifel das <strong>\u00e4<\/strong> verwendet: <em>Chua \u2013 Chu\u00e4, legga \u2013 legg\u00e4, <\/em>da wir ihm fast ausnahmslos in den Pr\u00e4ttigauer und in den wenigen Schanfigger Texten begegnen.<\/p>\n\n\n\n<p class=\"has-vivid-red-color has-text-color\" style=\"font-size:35px\"><strong>ei &#8211; e i<\/strong><\/p>\n\n\n\n<p>Beispiele aus dem oberen <strong>Oberwallis<\/strong> zeigen, dass der Umlaut <strong>ei<\/strong> in verschiedenen (allen?) W\u00f6rtern als <strong>e\u00ef<\/strong> gesprochen wird: <em>\u2026 den ischt \u00e4r dah<strong>e<\/strong>ima gsi. <\/em>Das <strong>e<\/strong> wird hier als <strong>e<\/strong> gesprochen, nicht als \u00e4, also <em>dahe<strong>\u00ef<\/strong>ma <\/em>und nicht wie bei uns<em> d\u00e4h<strong>\u00e4<\/strong>im\u00e4d<\/em>.<\/p>\n\n\n\n<p>Wallis: <em>Schi hend schi nid chenn\u00e4 einig\u00e4, dr Acher z teil\u00e4.<\/em> F\u00fcr alle i gilt <strong>\u00ef<\/strong>. Walliser k\u00f6nnen unseren Satz nur so richtig lesen: <em>Schi h\u00e4ind schi nid ch\u00f6nn\u00e4 \u00e4inig\u00e4, dr Ach\u00e4r z t\u00e4il\u00e4.<\/em><\/p>\n\n\n\n<p><strong>Berner<\/strong> verstehen unter <em>Sch<strong>ei<\/strong>che<\/em> die Beine und sprechen <strong>e\u00ef<\/strong>. Unser s<em>cheich\u00e4<\/em> (schenken) w\u00fcrde als sch<strong>e<\/strong>\u00efch\u00e4 gesprochen, weshalb  nur <strong><em>sch\u00e4ich\u00e4<\/em><\/strong> richtig lesbar ist.<\/p>\n\n\n\n<p>Wie Christian Patt erw\u00e4hnt, gibt es im Ausserschanfigg Laute, die anderswo nirgends vorkommen.<\/p>\n\n\n\n<p class=\"has-vivid-cyan-blue-color has-text-color\"><a href=\"https:\/\/idiotikon.ch\/media\/media\/mp3\/playAudio.php?titel=%3cstrong%3eL%FCen,%20Schanfigg,%20Graub%FCnden%3c\/strong%3e%3cbr%3eMarie%20Fleisch:%20%3ci%3eVam%20Brodbache%3c\/i%3e%20(1959)&amp;file='Fleisch_Vam_Broodbache.mp3'&amp;copyright=Quelle:%20SDS%20Phonogramme%202.%20Tonaufnahmen%20f%FCr%20den%20Sprachatlas%20der%20deutschen%20Schweiz%20(Aufnahmen%201956,%201958,%201959).%20Wallis,%20Graub%FCnden,%20Solothurn,%20Basel,%20Aargau%20(CD60158).\" target=\"_blank\" rel=\"noreferrer noopener\">Marie Fleisch: \u00abVam Brodbache\u00bb<\/a><\/p>\n\n\n\n<p>Der Text dazu befindet sich unter <strong>5<\/strong> <strong>Peist +<\/strong> auf der Startseite.<\/p>\n\n\n\n<figure class=\"wp-block-image size-large is-resized\"><img loading=\"lazy\" decoding=\"async\" src=\"https:\/\/walsermundart.ch\/wp-content\/uploads\/2021\/02\/Seite-7.jpg\" alt=\"\" class=\"wp-image-1721\" width=\"447\" height=\"302\" srcset=\"https:\/\/walsermundart.ch\/wp-content\/uploads\/2021\/02\/Seite-7.jpg 601w, https:\/\/walsermundart.ch\/wp-content\/uploads\/2021\/02\/Seite-7-300x203.jpg 300w\" sizes=\"auto, (max-width: 447px) 100vw, 447px\" \/><\/figure>\n\n\n\n<p><em>M\u00e4ind m\u00e4, ds Brood bl<strong>e\u00ef<\/strong>bi bl<strong>ei<\/strong>chhafts, tu\u00e4d m\u00e4 noch \u00e4n Aug\u00e4blick f\u00f6\u00fcr\u00e4<\/em>.<\/p>\n\n\n\n<p>Es bleibt gar keine andere Wahl, als \u2026 <em>bl<strong>e\u00ef<\/strong>bi bl<strong>\u00e4i<\/strong>chhafts \u2026<\/em> zu schreiben.<\/p>\n\n\n\n<p>In der vorliegenden Arbeit wird die f\u00fcr das Ohr passende Schreibweise verwendet: Dort, wo im gesprochenen Wort ein <strong>\u00e4<\/strong> klingt, steht auch im geschriebenen Wort ein <strong>\u00e4. <\/strong>Hielte man sich durchwegs an diese Regel, w\u00e4ren die Texte leichter zu lesen und zu verstehen, und es w\u00e4re auch einfacher, ein W\u00f6rterbuch einzurichten. Ein Gelenk beispielsweise ist ein <em>Gl\u00e4ich<\/em>, \u201eGleich\u201c begegnet uns in der Mathematik.<\/p>\n\n\n\n<p class=\"has-vivid-red-color has-text-color\" style=\"font-size:35px\"><strong>eu <\/strong>oder<strong> \u00e4u?<\/strong><\/p>\n\n\n\n<p>Es gibt nur wenige W\u00f6rter, welche mit <strong>eu<\/strong> oder <strong>\u00e4u<\/strong> geschrieben werden k\u00f6nnen:<\/p>\n\n\n\n<figure class=\"wp-block-image size-large is-resized\"><img loading=\"lazy\" decoding=\"async\" src=\"https:\/\/walsermundart.ch\/wp-content\/uploads\/2021\/02\/Seite-8.jpg\" alt=\"\" class=\"wp-image-1731\" width=\"540\" height=\"149\" srcset=\"https:\/\/walsermundart.ch\/wp-content\/uploads\/2021\/02\/Seite-8.jpg 685w, https:\/\/walsermundart.ch\/wp-content\/uploads\/2021\/02\/Seite-8-300x83.jpg 300w\" sizes=\"auto, (max-width: 540px) 100vw, 540px\" \/><\/figure>\n\n\n\n<p>Weitere W\u00f6rter auf <strong>\u00e4u<\/strong>, die aber keinen Bezug zu <strong>eu<\/strong> haben und ohnehin mit <strong>\u00e4u<\/strong> zu schreiben sind: T\u00e4ufi, Fr\u00e4uli, Chn\u00e4u, fl\u00e4ug\u00e4. In der vorliegenden Arbeit wird die Schreibweise aus dem Davoser W\u00f6rterbuch \u00fcbernommen.<\/p>\n\n\n\n<figure class=\"wp-block-image size-full is-resized\"><a href=\"https:\/\/walsermundart.ch\/?page_id=360\"><img loading=\"lazy\" decoding=\"async\" src=\"https:\/\/walsermundart.ch\/wp-content\/uploads\/2022\/03\/Pfeil-zurueck-mini-1.jpg\" alt=\"\" class=\"wp-image-6871\" width=\"110\" height=\"71\"\/><\/a><\/figure>\n","protected":false},"excerpt":{"rendered":"<p>Ds Fueter s\u00f6tti bessr bschiesse. So stehen die W\u00f6rter vor uns, wenn wir uns vom Schriftdeutschen nicht l\u00f6sen k\u00f6nnen. Erst wenn die fraglichen e durch&hellip;<\/p>\n","protected":false},"author":1,"featured_media":0,"parent":0,"menu_order":0,"comment_status":"closed","ping_status":"closed","template":"","meta":{"footnotes":""},"class_list":["post-1675","page","type-page","status-publish","hentry"],"_links":{"self":[{"href":"https:\/\/walsermundart.ch\/index.php?rest_route=\/wp\/v2\/pages\/1675","targetHints":{"allow":["GET"]}}],"collection":[{"href":"https:\/\/walsermundart.ch\/index.php?rest_route=\/wp\/v2\/pages"}],"about":[{"href":"https:\/\/walsermundart.ch\/index.php?rest_route=\/wp\/v2\/types\/page"}],"author":[{"embeddable":true,"href":"https:\/\/walsermundart.ch\/index.php?rest_route=\/wp\/v2\/users\/1"}],"replies":[{"embeddable":true,"href":"https:\/\/walsermundart.ch\/index.php?rest_route=%2Fwp%2Fv2%2Fcomments&post=1675"}],"version-history":[{"count":45,"href":"https:\/\/walsermundart.ch\/index.php?rest_route=\/wp\/v2\/pages\/1675\/revisions"}],"predecessor-version":[{"id":7029,"href":"https:\/\/walsermundart.ch\/index.php?rest_route=\/wp\/v2\/pages\/1675\/revisions\/7029"}],"wp:attachment":[{"href":"https:\/\/walsermundart.ch\/index.php?rest_route=%2Fwp%2Fv2%2Fmedia&parent=1675"}],"curies":[{"name":"wp","href":"https:\/\/api.w.org\/{rel}","templated":true}]}}