{"id":2014,"date":"2021-02-23T19:45:21","date_gmt":"2021-02-23T19:45:21","guid":{"rendered":"https:\/\/walsermundart.ch\/?page_id=2014"},"modified":"2022-03-19T21:44:21","modified_gmt":"2022-03-19T21:44:21","slug":"19-walsergebiete-vergleich","status":"publish","type":"page","link":"https:\/\/walsermundart.ch\/?page_id=2014","title":{"rendered":"2.10 &#8211; Walsergebiete Vergleich"},"content":{"rendered":"\n<figure class=\"wp-block-image size-full is-resized\"><a href=\"https:\/\/walsermundart.ch\/?page_id=360\"><img loading=\"lazy\" decoding=\"async\" src=\"https:\/\/walsermundart.ch\/wp-content\/uploads\/2022\/03\/Pfeil-zurueck-mini-1.jpg\" alt=\"\" class=\"wp-image-6871\" width=\"109\" height=\"70\"\/><\/a><\/figure>\n\n\n\n<p><strong><a><strong>W\u00f6rter aus verschiedenen Walsergebieten<\/strong><\/a><\/strong><\/p>\n\n\n\n<p class=\"has-vivid-cyan-blue-color has-text-color\"><a href=\"http:\/\/www.walser-alps.eu\/mundart\/woerterbuch\" target=\"_blank\" rel=\"noreferrer noopener\">http:\/\/www.walser-alps.eu\/mundart\/woerterbuch<\/a><\/p>\n\n\n\n<figure class=\"wp-block-image size-large\"><img loading=\"lazy\" decoding=\"async\" width=\"935\" height=\"397\" src=\"https:\/\/walsermundart.ch\/wp-content\/uploads\/2021\/02\/Alps.jpg\" alt=\"\" class=\"wp-image-2019\" srcset=\"https:\/\/walsermundart.ch\/wp-content\/uploads\/2021\/02\/Alps.jpg 935w, https:\/\/walsermundart.ch\/wp-content\/uploads\/2021\/02\/Alps-300x127.jpg 300w, https:\/\/walsermundart.ch\/wp-content\/uploads\/2021\/02\/Alps-768x326.jpg 768w\" sizes=\"auto, (max-width: 935px) 100vw, 935px\" \/><\/figure>\n\n\n\n<p>Auf walser-alps k\u00f6nnen die Ortschaften ausgew\u00e4hlt werden.<\/p>\n\n\n\n<figure class=\"wp-block-image size-large\"><img loading=\"lazy\" decoding=\"async\" width=\"1024\" height=\"544\" src=\"https:\/\/walsermundart.ch\/wp-content\/uploads\/2021\/02\/Seite-25-b-1024x544.jpg\" alt=\"\" class=\"wp-image-2021\" srcset=\"https:\/\/walsermundart.ch\/wp-content\/uploads\/2021\/02\/Seite-25-b-1024x544.jpg 1024w, https:\/\/walsermundart.ch\/wp-content\/uploads\/2021\/02\/Seite-25-b-300x159.jpg 300w, https:\/\/walsermundart.ch\/wp-content\/uploads\/2021\/02\/Seite-25-b-768x408.jpg 768w, https:\/\/walsermundart.ch\/wp-content\/uploads\/2021\/02\/Seite-25-b.jpg 1492w\" sizes=\"auto, (max-width: 1024px) 100vw, 1024px\" \/><\/figure>\n\n\n\n<figure class=\"wp-block-image size-large\"><img loading=\"lazy\" decoding=\"async\" width=\"1024\" height=\"511\" src=\"https:\/\/walsermundart.ch\/wp-content\/uploads\/2021\/02\/Seite-25-c-1024x511.jpg\" alt=\"\" class=\"wp-image-2022\" srcset=\"https:\/\/walsermundart.ch\/wp-content\/uploads\/2021\/02\/Seite-25-c-1024x511.jpg 1024w, https:\/\/walsermundart.ch\/wp-content\/uploads\/2021\/02\/Seite-25-c-300x150.jpg 300w, https:\/\/walsermundart.ch\/wp-content\/uploads\/2021\/02\/Seite-25-c-768x383.jpg 768w, https:\/\/walsermundart.ch\/wp-content\/uploads\/2021\/02\/Seite-25-c.jpg 1447w\" sizes=\"auto, (max-width: 1024px) 100vw, 1024px\" \/><\/figure>\n\n\n\n<p style=\"font-size:23px\"><strong><sup>1 <\/sup><\/strong>Grosses Walsertal   <strong><sup>2 <\/sup><\/strong>auch: schtotzig, g\u00e4\u00e4i<\/p>\n\n\n\n<p>Am Beispiel von Davos sehen wir, dass die Schreibweise nicht einheitlich ist, so stehen hier W\u00f6rter mit <strong>e<\/strong>, die als <strong>\u00e4<\/strong> gesprochen werden. W\u00e4re <strong>b\u00fceze<\/strong> wie in Tannberg und dem Kleinen Walsertal als <strong>b\u00fcaza<\/strong> geschrieben, entspr\u00e4che es dem gesprochenen Davoser Wort. Der gleichen Unklarheit begegnen wir auch in Obersaxen, Vals und Rheinwald, wenn wir den Dialekt nicht kennen. Spricht man <strong>e, \u00e4 oder a<\/strong>?<\/p>\n\n\n\n<p><strong>Schp<\/strong>uusa, <strong>Schp<\/strong>iegel und <strong>scht<\/strong>otzig beginnen mit <strong>sch.<\/strong> Bei Davos steht \u00fcnsch (betont), aber <strong>nisch <\/strong>(das unbetonte <strong>\u00fcnsch<\/strong>) fehlt. Auf der oben genannten Website k\u00f6nnen wir Triesenberg wohl anw\u00e4hlen, doch fehlen dort die W\u00f6rter zu den 13 Spalten. Das Pr\u00e4ttigau und das Schanfigg werden gar nicht erw\u00e4hnt.<\/p>\n\n\n\n<p><strong>Vorarlberg<\/strong><\/p>\n\n\n\n<figure class=\"wp-block-image size-large\"><img loading=\"lazy\" decoding=\"async\" width=\"496\" height=\"669\" src=\"https:\/\/walsermundart.ch\/wp-content\/uploads\/2021\/02\/Vorarlberg-austria-forum-org-b.jpg\" alt=\"\" class=\"wp-image-2030\" srcset=\"https:\/\/walsermundart.ch\/wp-content\/uploads\/2021\/02\/Vorarlberg-austria-forum-org-b.jpg 496w, https:\/\/walsermundart.ch\/wp-content\/uploads\/2021\/02\/Vorarlberg-austria-forum-org-b-222x300.jpg 222w\" sizes=\"auto, (max-width: 496px) 100vw, 496px\" \/><\/figure>\n\n\n\n<p>Walser besiedelten das Laternsertal 1,<br>das Argental mit Dam\u00fcls 2,<br>das Gro\u00dfe Walsertal 3,<br>das Brandnertal 4,<br>das Silbertal 5,<br>das obere Lechtal, auch Tannberg genannt, 6<br>sowie das Kleinwalsertal und den \u201eMittelberg\u201c 7,<br>der das obere Breitachtal umfasst. Dort ist es noch schwieriger als bei uns, den Walserdialekt zu erhalten.<br><\/p>\n\n\n\n<p><strong>L\u00f6tschental<\/strong><\/p>\n\n\n\n<p>Beachtenswert sind die weggelassenen Vokale.<\/p>\n\n\n\n<figure class=\"wp-block-image size-large is-resized\"><img loading=\"lazy\" decoding=\"async\" src=\"https:\/\/walsermundart.ch\/wp-content\/uploads\/2021\/02\/Seite-26-a.jpg\" alt=\"\" class=\"wp-image-2046\" width=\"471\" height=\"553\" srcset=\"https:\/\/walsermundart.ch\/wp-content\/uploads\/2021\/02\/Seite-26-a.jpg 535w, https:\/\/walsermundart.ch\/wp-content\/uploads\/2021\/02\/Seite-26-a-255x300.jpg 255w\" sizes=\"auto, (max-width: 471px) 100vw, 471px\" \/><\/figure>\n\n\n\n<p>Die n-Endungen sind in Davos, in Langwies und im inneren Pr\u00e4ttigau vereinzelt noch zu h\u00f6ren.<\/p>\n\n\n\n<p><strong>Davos<\/strong><\/p>\n\n\n\n<figure class=\"wp-block-image size-large is-resized\"><img loading=\"lazy\" decoding=\"async\" src=\"https:\/\/walsermundart.ch\/wp-content\/uploads\/2021\/02\/Seite-26-b.jpg\" alt=\"\" class=\"wp-image-2049\" width=\"452\" height=\"174\" srcset=\"https:\/\/walsermundart.ch\/wp-content\/uploads\/2021\/02\/Seite-26-b.jpg 489w, https:\/\/walsermundart.ch\/wp-content\/uploads\/2021\/02\/Seite-26-b-300x115.jpg 300w\" sizes=\"auto, (max-width: 452px) 100vw, 452px\" \/><\/figure>\n\n\n\n<p>F\u00fcr das Kleine Walsertal steht zu ruhen <strong>ruaba<\/strong>, was auch f\u00fcr Davos besser passte als ruobe. Zum Wort rutschig steht f\u00fcr das Kleine Walsertal heel, f\u00fcr Davos fehlt heel, obwohl es hier gesprochen wird.<\/p>\n\n\n\n<p>Helisch heel&nbsp;&#8211;&nbsp;<em>H\u00fct is s helisch heel<\/em> (<em>is s<\/em>, gesprochen: <em>iss<\/em>). Heute ist es h\u00f6llisch rutschig, glitschig.<\/p>\n\n\n\n<p><strong>Schanfigg<\/strong><\/p>\n\n\n\n<p>Sogar im Schanfigg, einem geografisch eng begrenzten Raum, klingt der Dialekt von Dorf zu Dorf etwas verschieden. Friedrich Pieth schreibt: Dem Namen unseres Tales z. B. begegnen wir urkundlich erstmals 841 in der Form &#171;Scanevicum&#187;, also in einer Zeit, da das Gebiet l\u00e4ngst urbarisiert war. Vorgeschlagen wurde die Ableitung des Namens vom Mittellateinischen &#171;Scanabis&#187; = Hanf, also Hanfland. Die Bezeichnung h\u00e4tte einst vieles f\u00fcr sich gehabt; denn von Peist ausw\u00e4rts bis Maladers hatte noch zu Beginn dieses Jahrhunderts jedes Dorf sein Hanfland, manche sogar mehrere. (Aus der Geschichte des Tales Schanfigg, Separatabdruck aus dem Jahresbericht der Hist.-Antiq. Gesellschaft von Graub\u00fcnden, 1951) Mehr dazu unter Punkt <strong>6 Peist +<\/strong> auf der Startseite.<\/p>\n\n\n\n<p><strong>Pr\u00e4ttigau<\/strong><\/p>\n\n\n\n<p>Hier sind die Unterschiede von Klosters bis Seewis noch gr\u00f6sser als im Schanfigg, das Gebiet ist weiter, l\u00e4nger und hat n\u00e4heren Kontakt zum Rheintal. Gern m\u00f6chte man den Talnamen von pratum (lat. Wiese) und Gau (Auenlandschaft) ableiten. Dass dem nicht so ist, lesen wir unter Punkt <strong>7 Luzein <\/strong>auf der Startseite. <\/p>\n\n\n\n<figure class=\"wp-block-image size-full is-resized\"><a href=\"https:\/\/walsermundart.ch\/?page_id=360\"><img loading=\"lazy\" decoding=\"async\" src=\"https:\/\/walsermundart.ch\/wp-content\/uploads\/2022\/03\/Pfeil-zurueck-mini-1.jpg\" alt=\"\" class=\"wp-image-6871\" width=\"107\" height=\"69\"\/><\/a><\/figure>\n\n\n\n<p><\/p>\n","protected":false},"excerpt":{"rendered":"<p>W\u00f6rter aus verschiedenen Walsergebieten http:\/\/www.walser-alps.eu\/mundart\/woerterbuch Auf walser-alps k\u00f6nnen die Ortschaften ausgew\u00e4hlt werden. 1 Grosses Walsertal 2 auch: schtotzig, g\u00e4\u00e4i Am Beispiel von Davos sehen wir,&hellip;<\/p>\n","protected":false},"author":1,"featured_media":0,"parent":0,"menu_order":0,"comment_status":"closed","ping_status":"closed","template":"","meta":{"footnotes":""},"class_list":["post-2014","page","type-page","status-publish","hentry"],"_links":{"self":[{"href":"https:\/\/walsermundart.ch\/index.php?rest_route=\/wp\/v2\/pages\/2014","targetHints":{"allow":["GET"]}}],"collection":[{"href":"https:\/\/walsermundart.ch\/index.php?rest_route=\/wp\/v2\/pages"}],"about":[{"href":"https:\/\/walsermundart.ch\/index.php?rest_route=\/wp\/v2\/types\/page"}],"author":[{"embeddable":true,"href":"https:\/\/walsermundart.ch\/index.php?rest_route=\/wp\/v2\/users\/1"}],"replies":[{"embeddable":true,"href":"https:\/\/walsermundart.ch\/index.php?rest_route=%2Fwp%2Fv2%2Fcomments&post=2014"}],"version-history":[{"count":27,"href":"https:\/\/walsermundart.ch\/index.php?rest_route=\/wp\/v2\/pages\/2014\/revisions"}],"predecessor-version":[{"id":7041,"href":"https:\/\/walsermundart.ch\/index.php?rest_route=\/wp\/v2\/pages\/2014\/revisions\/7041"}],"wp:attachment":[{"href":"https:\/\/walsermundart.ch\/index.php?rest_route=%2Fwp%2Fv2%2Fmedia&parent=2014"}],"curies":[{"name":"wp","href":"https:\/\/api.w.org\/{rel}","templated":true}]}}