{"id":2166,"date":"2021-02-25T16:27:33","date_gmt":"2021-02-25T16:27:33","guid":{"rendered":"https:\/\/walsermundart.ch\/?page_id=2166"},"modified":"2024-12-14T15:04:19","modified_gmt":"2024-12-14T15:04:19","slug":"21-fremdes-kommt","status":"publish","type":"page","link":"https:\/\/walsermundart.ch\/?page_id=2166","title":{"rendered":"2.12 &#8211; Fremde Sprachen"},"content":{"rendered":"\n<figure class=\"wp-block-image size-full is-resized\"><a href=\"https:\/\/walsermundart.ch\/?page_id=360\"><img loading=\"lazy\" decoding=\"async\" width=\"268\" height=\"173\" src=\"https:\/\/walsermundart.ch\/wp-content\/uploads\/2022\/03\/Pfeil-zurueck-mini-1.jpg\" alt=\"\" class=\"wp-image-6871\" style=\"width:108px;height:70px\"\/><\/a><\/figure>\n\n\n\n<p>Aus der Schreibweise der W\u00f6rter l\u00e4sst sich schliessen, wie sich die Sprache der Walser im Verlauf von vielleicht tausend Jahren ver\u00e4ndert hat. Hiess es zur Zeit der Auswanderung aus S\u00fcddeutschland noch Schlucht, wurde das Wort dunkler zu Schluocht und heute wieder heller zu Schlu\u00e4cht. B\u00fchl wurde zu Buol oder zu B\u00fc\u00f6l, das heute B\u00fc\u00e4l oder B\u00fcal geschrieben wird. Es gibt einige wenige W\u00f6rter, die l\u00e4nger geworden sind, <strong>wir<\/strong> wurde zu <strong>wi\u00e4r<\/strong>, viele wurden k\u00fcrzer.<\/p>\n\n\n\n<p>d\u00e4\u00e4r W\u00e4\u00e4g \u2013 d\u00e4\u00e4w\u00e4g &#8211; N\u00fcmm dr Hobl d\u00e4\u00e4w\u00e4g zur Hand!<\/p>\n\n\n\n<p>n\u00e4rrisch \u2013 n\u00e4rrsch &#8211; Tu\u00e4n nid \u00e4soo n\u00e4rrsch.<\/p>\n\n\n\n<p>chaalt choon \u2013 chu\u00e4l\u00e4 &#8211; H\u00fct hed s gschw\u00fcnd gchu\u00e4l\u00e4d.<\/p>\n\n\n\n<p><strong>Romanische und italienische W\u00f6rter<\/strong> wurden \u00fcbernommen, insbesondere viele Flurnamen, die aber oft nicht verstanden und sprachlich bis zur Unkenntlichkeit ver\u00e4ndert wurden oder wieder ganz verschwanden:<\/p>\n\n\n\n<p>Flurnamen: Alad, Crstalta (Crestaulta = hoher H\u00fcgel), Gatiisch, Maduz, Piirig\u00e4, Pramaff\u00eca (Pra = Wiese), Salanaas, Falanaas, Tan\u00ecl, Vascr\u00e9schtis, Vazal\u00e9nga, Zal\u00e4tz, Zal<strong>\u00fc<\/strong>\u00e4ni\u00e4, Zld\u00e0uer, Zlggoort, \u2026<\/p>\n\n\n\n<p>Andere Namen: Mar\u00e4nd\u00e4 (<em>mit\u00e0g\u00e4<\/em>), Batzgr (Zu\u00e4senn), Chapp\u00e4t\u00fc\u00fcsli, Capat\u00fc\u00fcsli (Kopfbedeckung zur Tracht), Chescht\u00e4n\u00e4 (Kastanien), Faduschgl (\u00fcberj\u00e4hriges Gras), Fischndr (Hilfshirt), Froosl\u00e4 (Hagebutte), Furm (Form), Ggaranti (Hengert), Katheder (Schreibpult), Krampool (L\u00e4rm), \u2026<\/p>\n\n\n\n<p>Kirchlicher Einfluss brachte viele, viele <strong>lateinische W\u00f6rter <\/strong>zu uns. Hier nur eine Auslese zum Buchstaben A: Aktie, Aktion, Advent, \u00c4quator, Album, Alge, Alibi, Aluminium, Ambulanz, Amplitude, Ampel, Anker, Angina, animalisch, Animation, Anno, Antenne, antik, Aquarium, Arche, Archiv, Areal, Arena, Assistent, Armee, Adio, Auktion.<\/p>\n\n\n\n<p>Vor zweihundert Jahren kam, ausgel\u00f6st durch die Reisl\u00e4uferei, <strong>die franz\u00f6sische Welle<\/strong>. Einige W\u00f6rter verschwanden wieder (kont\u00e4nt &#8211; zufrieden), andere halten sich heute noch, ja sie sind Bestandteil des Dialekts geworden. Eine kleine Auswahl:<\/p>\n\n\n\n<figure class=\"wp-block-image size-large\"><img loading=\"lazy\" decoding=\"async\" width=\"557\" height=\"591\" src=\"https:\/\/walsermundart.ch\/wp-content\/uploads\/2021\/02\/Seite-31-a2.jpg\" alt=\"\" class=\"wp-image-2209\" srcset=\"https:\/\/walsermundart.ch\/wp-content\/uploads\/2021\/02\/Seite-31-a2.jpg 557w, https:\/\/walsermundart.ch\/wp-content\/uploads\/2021\/02\/Seite-31-a2-283x300.jpg 283w\" sizes=\"auto, (max-width: 557px) 100vw, 557px\" \/><\/figure>\n\n\n\n<p>In lateinischen Sprachen wird fast ausnahmslos die <strong>zweite Silbe im Wort betont<\/strong>, in den germanischen Sprachen die <strong>erste<\/strong>, also auch im Walserdeutschen.<\/p>\n\n\n\n<p>Seit einigen Jahrzehnten rollt die <strong>englischamerikanische Welle<\/strong> auf uns zu, von der einzelne Bereiche von Anglizismen besonders betroffen sind:<\/p>\n\n\n\n<p>Alles, was mit Rechnen zu tun hat: Beamer, Computer, Disc, Mousepad, Smartphone, Tablet, \u2026<\/p>\n\n\n\n<p>\u00d6ffentlichkeit: Shopping, Show, Design, City, Business, Manager, Ticket, Shootingstar, CEO, Run, \u2026&nbsp;&nbsp;<\/p>\n\n\n\n<p>Sport: Bob, Bodybuilding, Coach, Cup, Handicap, Offside, Slalom, Snowboard, Windsurfing, \u2026<\/p>\n\n\n\n<p><strong>Dialekte<\/strong> <strong>aus dem Unterland<\/strong> bedr\u00e4ngen unseren Dialekt noch st\u00e4rker, da sie sich nicht sehr deutlich unterscheiden:<\/p>\n\n\n\n<p>si, sch\u00f6n, fein, gengti, d\u00f6t, gr\u00fc\u00e4ss\u00e4, mier \u2026 und viele weitere.<\/p>\n\n\n\n<p>Im \u00e4usseren Pr\u00e4ttigau hat sich <strong>fl\u00fc\u00fcg\u00e4<\/strong> durchgesetzt, vom nahen Rheintal \u00fcbernommen. Siehe auch 4.0. In Randregionen ist eine Vermischung unvermeidlich. Die bev\u00f6lkerungsreichere Region hat den st\u00e4rkeren Einfluss.<\/p>\n\n\n\n<p class=\"has-black-color has-text-color\"><strong>Und die Zukunft?<\/strong> Wir h\u00f6ren schon lange warnende Stimmen, unser Dialekt werde untergehen. Alle bisher landauf, landab geschriebenen Texte und die verschiedenen Tonaufnahmen d\u00fcrften dannzumal in einem Wortmuseum abgelegt werden. In Deutschland scheint es um die Dialekte auch nicht gut bestellt zu sein. In seinem Buch <em>Pf\u00e4lzisch<\/em> aus dem Jahr 1990 meint <a rel=\"noreferrer noopener\" href=\"https:\/\/de.wikipedia.org\/wiki\/Rudolf_Post\" target=\"_blank\"><em>Rudolf Post<\/em><\/a>, dass das Pf\u00e4lzische mit jeder neuen Generation neun Prozent seines Wortschatzes verliere. Viele junge Leute st\u00f6ren sich darob offenbar nicht: srf.ch\/Kultur 31. Jan. 2019 &#8230; Mundart und Emojis: Junge Schweizer schreiben digital meist nicht mehr auf Schriftdeutsch. \u2013 (Doch kaum im Walserdialekt!)<\/p>\n\n\n\n<figure class=\"wp-block-image size-full is-resized\"><a href=\"https:\/\/walsermundart.ch\/?page_id=360\"><img loading=\"lazy\" decoding=\"async\" width=\"268\" height=\"173\" src=\"https:\/\/walsermundart.ch\/wp-content\/uploads\/2022\/03\/Pfeil-zurueck-mini-1.jpg\" alt=\"\" class=\"wp-image-6871\" style=\"width:108px;height:70px\"\/><\/a><\/figure>\n","protected":false},"excerpt":{"rendered":"<p>Aus der Schreibweise der W\u00f6rter l\u00e4sst sich schliessen, wie sich die Sprache der Walser im Verlauf von vielleicht tausend Jahren ver\u00e4ndert hat. Hiess es zur&hellip;<\/p>\n","protected":false},"author":1,"featured_media":0,"parent":0,"menu_order":0,"comment_status":"closed","ping_status":"closed","template":"","meta":{"footnotes":""},"class_list":["post-2166","page","type-page","status-publish","hentry"],"_links":{"self":[{"href":"https:\/\/walsermundart.ch\/index.php?rest_route=\/wp\/v2\/pages\/2166","targetHints":{"allow":["GET"]}}],"collection":[{"href":"https:\/\/walsermundart.ch\/index.php?rest_route=\/wp\/v2\/pages"}],"about":[{"href":"https:\/\/walsermundart.ch\/index.php?rest_route=\/wp\/v2\/types\/page"}],"author":[{"embeddable":true,"href":"https:\/\/walsermundart.ch\/index.php?rest_route=\/wp\/v2\/users\/1"}],"replies":[{"embeddable":true,"href":"https:\/\/walsermundart.ch\/index.php?rest_route=%2Fwp%2Fv2%2Fcomments&post=2166"}],"version-history":[{"count":18,"href":"https:\/\/walsermundart.ch\/index.php?rest_route=\/wp\/v2\/pages\/2166\/revisions"}],"predecessor-version":[{"id":8784,"href":"https:\/\/walsermundart.ch\/index.php?rest_route=\/wp\/v2\/pages\/2166\/revisions\/8784"}],"wp:attachment":[{"href":"https:\/\/walsermundart.ch\/index.php?rest_route=%2Fwp%2Fv2%2Fmedia&parent=2166"}],"curies":[{"name":"wp","href":"https:\/\/api.w.org\/{rel}","templated":true}]}}