{"id":2447,"date":"2021-02-28T18:52:13","date_gmt":"2021-02-28T18:52:13","guid":{"rendered":"https:\/\/walsermundart.ch\/?page_id=2447"},"modified":"2024-02-16T16:35:46","modified_gmt":"2024-02-16T16:35:46","slug":"02-nordbuenden","status":"publish","type":"page","link":"https:\/\/walsermundart.ch\/?page_id=2447","title":{"rendered":"1.3 &#8211; Nordb\u00fcnden"},"content":{"rendered":"\n<figure class=\"wp-block-image size-full is-resized\"><a href=\"https:\/\/walsermundart.ch\/?page_id=330\"><img loading=\"lazy\" decoding=\"async\" width=\"268\" height=\"173\" src=\"https:\/\/walsermundart.ch\/wp-content\/uploads\/2022\/03\/Pfeil-zurueck-mini-1.jpg\" alt=\"\" class=\"wp-image-6871\" style=\"width:106px;height:68px\"\/><\/a><\/figure>\n\n\n\n<p class=\"has-black-color has-text-color\" style=\"font-size:35px\"><strong>Sprachr\u00e4ume Davos, Schanfigg und<\/strong> <strong>Pr\u00e4ttigau<\/strong><\/p>\n\n\n\n<figure class=\"wp-block-image size-large\"><img loading=\"lazy\" decoding=\"async\" width=\"963\" height=\"1024\" src=\"https:\/\/walsermundart.ch\/wp-content\/uploads\/2021\/03\/swisstopo-Schan-u-Prae-Ovale2-min-963x1024.jpg\" alt=\"\" class=\"wp-image-2573\" srcset=\"https:\/\/walsermundart.ch\/wp-content\/uploads\/2021\/03\/swisstopo-Schan-u-Prae-Ovale2-min-963x1024.jpg 963w, https:\/\/walsermundart.ch\/wp-content\/uploads\/2021\/03\/swisstopo-Schan-u-Prae-Ovale2-min-282x300.jpg 282w, https:\/\/walsermundart.ch\/wp-content\/uploads\/2021\/03\/swisstopo-Schan-u-Prae-Ovale2-min-768x817.jpg 768w, https:\/\/walsermundart.ch\/wp-content\/uploads\/2021\/03\/swisstopo-Schan-u-Prae-Ovale2-min.jpg 1066w\" sizes=\"auto, (max-width: 963px) 100vw, 963px\" \/><\/figure>\n\n\n\n<p class=\"has-black-color has-text-color has-small-font-size\">Bildausschnitt aus <a href=\"http:\/\/www.map.geo.admin.ch\">www.map.geo.admin.ch<\/a>, bearbeitet<\/p>\n\n\n\n<p>Innerhalb der beiden Sprachgruppen aus dem Oberwallis (schweer, schw\u00e4\u00e4r) gibt es von Tal zu Tal, von Dorf zu Dorf weitere Unterschiede im Wortschatz und in der Aussprache. Im n\u00f6rdlichen Teil Graub\u00fcndens (Davos, Schanfigg und Pr\u00e4ttigau) spricht man \u201eschweer\u201c. Je st\u00e4rker der Kontakt mit dem Rheintal ist, desto st\u00e4rker ist der Walserdialekt mit jenem Dialekt vermischt. Verst\u00e4ndlicherweise haben sich die alamannischen Dialekte verschieden entwickelt, einerseits der alamannische Dialekt durch halb Helvetien ins Wallis und als Walserdialekt nach Graub\u00fcnden, anderseits der alamannische Dialekt \u00fcber einen viel k\u00fcrzeren Weg in die B\u00fcndner Herrschaft und ins Churer Rheintal. <\/p>\n\n\n\n<p>Der nachbarliche Einfluss hat Seewis einen ganz eigenen Dialekt gegeben, w\u00e4hrend der Dialekt in Triesenberg erstaunlicherweise eine grosse \u00c4hnlichkeit hat mit jenem im Mittelpr\u00e4ttigau und im Mittelschanfigg. <\/p>\n\n\n\n<p>Neben den Schweer-W\u00f6rtern kommen auch Schw\u00e4\u00e4r-W\u00f6rter in allen drei Regionen vor. Im Schanfigg sagt man Meg\u00e4ri, Megerlig, in Luzein M\u00e4g\u00e4ri, M\u00e4gerlig &#8211; Im Schanfigg Br\u00e4\u00e4m\u00e4, in Luzein Breem\u00e4 (Insekt) &#8211; Bi\u00e4sch, Laely, Valer und Val\u00e4r spricht man \u00fcberall mit \u00e4, ebenso Eid\u00e4gsli, Z\u00e4m\u00e4nt. <\/p>\n\n\n\n<p>So wie in Deutschland einzelne Regionen den Artikel vor einem Personennamen verwenden (Er ist Hamburgs Wahrzeichen: der Michel &#8211; und &#171;Heut kommt der Hans zu mir&#187;, ein Kinderlied aus dem Ammergau), ist es auch in der Schweiz (Alfred Huggenberger: Der Hansi und der Michel gingen \u00fcber Feld, &#8230; ), und auf kleinem Raum in Nordb\u00fcnden. In Davos und im Pr\u00e4ttigau heisst es &#171;<em>Hans hed gs\u00e4id &#8230;<\/em> .&#187; und &#187; <em>I gib\u00e4 di\u00e4 Schnitt\u00e4 Hans<\/em>.&#187; Im Schanfigg h\u00f6ren wir beides, also auch den Artikel. <em>&#171;Dr Hans hed gs\u00e4id &#8230;&#187; <\/em>und <em>&#171;I gib\u00e4 di\u00e4 Schnitt\u00e4 dm Hans.&#187; <\/em> Christian Zippert: <em>\u00c4\u00e4rd\u00e4, hed dr Jann gs\u00e4id und hed an d\u00e4 H\u00e4\u00e4rd va schiim Gaart\u00e4 g\u00e4d\u00e4icht<\/em>. Quelle: Loss \u00e4maal, Gschicht\u00e4 im Walserdialekt, Walservereinigung GR <\/p>\n\n\n\n<p><strong>Langwies<\/strong><\/p>\n\n\n\n<figure class=\"wp-block-audio\"><audio controls src=\"https:\/\/walsermundart.ch\/wp-content\/uploads\/2021\/02\/Loss-aemaal-9-Langwies-CD-Teil.mp3\"><\/audio><\/figure>\n\n\n\n<p>Besonderheiten: In Davos, Langwies und Klosters sagt man in vielen kurzen W\u00f6rtern das <strong>a<\/strong> und <strong>o<\/strong> ganz kurz, beispielsweise in <strong>Hof<\/strong>, talausw\u00e4rts im Schanfigg und im Pr\u00e4ttigau jedoch <strong>Hoof<\/strong>. In Davos und Klosters heisst es <strong>Baum<\/strong>, sonst <strong>Bomm<\/strong>.<\/p>\n\n\n\n<p>An vermeintlich groben Ausdr\u00fccken sollte man sich nicht stossen, es ist Alltagssprache. Das kr\u00e4nkelnde Kind f\u00fchlt sich mit &#171;<em>Du aarm\u00e4 Schiissr!<\/em>&#187; getr\u00f6stet. <em>I bin uf ds F\u00fcdli ghiid.<\/em> <em>\u00c4n Brunzggutt\u00e4r\u00e4, \u00e4s gschnor\u00e4ds M\u00e4nnli, \u00e4n Hos\u00e4schiissr.<\/em> In &#171;L\u00e4sibl\u00fcescht&#187; ist ein ganzes Kapitel den Kraftausdr\u00fccken gewidmet, zusammengetragen und gesprochen von Marietta Kobald-Walli.<\/p>\n\n\n\n<figure class=\"wp-block-image size-full is-resized\"><a href=\"https:\/\/walsermundart.ch\/?page_id=330\"><img loading=\"lazy\" decoding=\"async\" width=\"268\" height=\"173\" src=\"https:\/\/walsermundart.ch\/wp-content\/uploads\/2022\/03\/Pfeil-zurueck-mini-1.jpg\" alt=\"\" class=\"wp-image-6871\" style=\"width:107px;height:69px\"\/><\/a><\/figure>\n\n\n\n<p><\/p>\n","protected":false},"excerpt":{"rendered":"<p>Sprachr\u00e4ume Davos, Schanfigg und Pr\u00e4ttigau Bildausschnitt aus www.map.geo.admin.ch, bearbeitet Innerhalb der beiden Sprachgruppen aus dem Oberwallis (schweer, schw\u00e4\u00e4r) gibt es von Tal zu Tal, von&hellip;<\/p>\n","protected":false},"author":1,"featured_media":0,"parent":0,"menu_order":0,"comment_status":"closed","ping_status":"closed","template":"","meta":{"footnotes":""},"class_list":["post-2447","page","type-page","status-publish","hentry"],"_links":{"self":[{"href":"https:\/\/walsermundart.ch\/index.php?rest_route=\/wp\/v2\/pages\/2447","targetHints":{"allow":["GET"]}}],"collection":[{"href":"https:\/\/walsermundart.ch\/index.php?rest_route=\/wp\/v2\/pages"}],"about":[{"href":"https:\/\/walsermundart.ch\/index.php?rest_route=\/wp\/v2\/types\/page"}],"author":[{"embeddable":true,"href":"https:\/\/walsermundart.ch\/index.php?rest_route=\/wp\/v2\/users\/1"}],"replies":[{"embeddable":true,"href":"https:\/\/walsermundart.ch\/index.php?rest_route=%2Fwp%2Fv2%2Fcomments&post=2447"}],"version-history":[{"count":45,"href":"https:\/\/walsermundart.ch\/index.php?rest_route=\/wp\/v2\/pages\/2447\/revisions"}],"predecessor-version":[{"id":8667,"href":"https:\/\/walsermundart.ch\/index.php?rest_route=\/wp\/v2\/pages\/2447\/revisions\/8667"}],"wp:attachment":[{"href":"https:\/\/walsermundart.ch\/index.php?rest_route=%2Fwp%2Fv2%2Fmedia&parent=2447"}],"curies":[{"name":"wp","href":"https:\/\/api.w.org\/{rel}","templated":true}]}}