{"id":2463,"date":"2021-02-28T19:23:51","date_gmt":"2021-02-28T19:23:51","guid":{"rendered":"https:\/\/walsermundart.ch\/?page_id=2463"},"modified":"2022-03-17T14:43:25","modified_gmt":"2022-03-17T14:43:25","slug":"05-praettigau","status":"publish","type":"page","link":"https:\/\/walsermundart.ch\/?page_id=2463","title":{"rendered":"1.6 &#8211; Pr\u00e4ttigau"},"content":{"rendered":"\n<figure class=\"wp-block-image size-full is-resized\"><a href=\"https:\/\/walsermundart.ch\/?page_id=330\"><img loading=\"lazy\" decoding=\"async\" src=\"https:\/\/walsermundart.ch\/wp-content\/uploads\/2022\/03\/Pfeil-zurueck-mini-1.jpg\" alt=\"\" class=\"wp-image-6871\" width=\"108\" height=\"70\"\/><\/a><\/figure>\n\n\n<p>Wie im Schanfigg, so sind auch im Pr\u00e4ttigau die hochgelegenen Gebiete von Davos her besiedelt worden, und auch hier verdr\u00e4ngten die neuen Siedler das Romanische in den bestehenden D\u00f6rfern.<\/p>\n<p>Die Dialekte im Innerpr\u00e4ttigau (Klosters bis Saas) und dem Innerschanfigg (Langwies) sind sehr \u00e4hnlich. Auch zwischen dem Mittelpr\u00e4ttigau und dem Mittelschanfigg gibt es nur geringe Unterschiede. Die Walserdialekte im \u00e4usseren Pr\u00e4ttigau und im \u00e4usseren Schanfigg jedoch sind ganz verschieden. Im \u00e4usseren Pr\u00e4ttigau, vor allem in Seewis, ist der Einfluss aus der B\u00fcndner Herrschaft im Sprachklang unverkennbar.<\/p>\n<p><strong>Seewis<\/strong>: <em>\u00c4s ischt <strong>schuu<\/strong> Nov. gsii. Ds Filet ischt f\u00fcr d Brootw\u00fcrscht <strong>pruucht<\/strong> <strong>chuu<\/strong><\/em>. (A. Th\u00f6ny-T\u00f6nz)<\/p>\n<p><strong>Gr\u00fcsch<\/strong>: \u2026 <em>\u00dcber di Pagg\u00e4 <strong>acher<\/strong><\/em>. Margrith Ladner-Frei<\/p>\n<p><strong>Schiers<\/strong>: <em>Schi hed di ganz Nacht keis Aug zu\u00e4 <strong>taa<\/strong>. Beedi <strong>zemm\u00e4<\/strong> <strong>hend<\/strong> m\u00fc\u00e4ss\u00e4 lach\u00e4<\/em>. (M. Ladner-Frei). Pr\u00e4ttigauer W\u00f6rterbuch: Zwischen Gr\u00fcsch und Schiers sind nur leichte Unterschiede feststellbar.<\/p>\n<p>Die <strong>e<\/strong> von <em>z<strong>e<\/strong>mma<\/em> und <em>h<strong>e<\/strong>nd<\/em> werden als geschlossene <strong>e<\/strong> gesprochen wie in <em>wenn<\/em>.<\/p>\n<p><strong>Furna<\/strong>: Hier begegnen wir noch dem Personalpronomen <strong><em>wi\u00e4r<\/em><\/strong> (wir), einer von vielen Gemeinsamkeiten mit dem Schanfigg. Sonst h\u00f6rt und liest man im ganzen Pr\u00e4ttigau schon seit Jahren nur noch <strong><em>mi\u00e4r<\/em><\/strong>.<\/p>\n<p><strong>Jenaz: <\/strong>z.B. Pfenschtr anstelle von F\u00e4nschtr, <em>g\u00f6gl\u00e4<\/em> wie im Schanfigg anstatt <em>g\u00fcgl\u00e4 <\/em>wie in Luzein.<\/p>\n<p><strong>Fideris\/Strahlegg)<\/strong>: <em>M\u00e4 ch\u00f6nnt\u00e4sch\u00e4 ds Boord abtr\u00f6\u00f6l\u00e4. Schi hed schi gaar n\u00fc\u00fcd l\u00e4 s\u00e4g\u00e4.<\/em> (M. Kobald-Walli). In diesen beiden S\u00e4tzen gibt es keinen Unterschied zu Luzein und Peist.<\/p>\n\n\n<figure class=\"wp-block-image size-large is-resized\"><img loading=\"lazy\" decoding=\"async\" src=\"https:\/\/walsermundart.ch\/wp-content\/uploads\/2021\/02\/Praettigau-swisstopo-April-2020-korr-1024x556.jpg\" alt=\"\" class=\"wp-image-2436\" width=\"810\" height=\"439\" srcset=\"https:\/\/walsermundart.ch\/wp-content\/uploads\/2021\/02\/Praettigau-swisstopo-April-2020-korr-1024x556.jpg 1024w, https:\/\/walsermundart.ch\/wp-content\/uploads\/2021\/02\/Praettigau-swisstopo-April-2020-korr-300x163.jpg 300w, https:\/\/walsermundart.ch\/wp-content\/uploads\/2021\/02\/Praettigau-swisstopo-April-2020-korr-768x417.jpg 768w, https:\/\/walsermundart.ch\/wp-content\/uploads\/2021\/02\/Praettigau-swisstopo-April-2020-korr.jpg 1463w\" sizes=\"auto, (max-width: 810px) 100vw, 810px\" \/><\/figure>\n\n\n\n<p><strong>St. Ant\u00f6nien-Ascharina<\/strong>: Laut den bekannten Unterlagen ist das Tal von Davos her besiedelt worden, zur Herrschaftszeit der Montfort wohl auch vom Montafon her. So mag sich erkl\u00e4ren, weshalb der Dialekt in bestimmten Ausdr\u00fccken gegen\u00fcber Luzein Unterschiede aufweist: <em>I gaan allsteet.<\/em> Ich gehe gelegentlich. <em>w\u00f6\u00f6tschl\u00e4.<\/em> Vieh locken. <em>Schi h\u00e4ind nisch in ds Huus gch\u00f6\u00f6rt.<\/em> Sie haben uns geheissen einzutreten. Dazu Feinheiten, die nur Einheimische sp\u00fcren.<\/p>\n\n\n\n<p><strong>Klosters-Serneus<\/strong>: Bis hinaus nach <strong>Saas und Conters <\/strong>(Gguntrsch) h\u00f6rt man die Grundform des Verbs und bestimmte Formen des Partizip Perfekt noch mit der Endung <strong>\u2013en<\/strong>: <em>w\u00e4rchen, laufen, n\u00f6\u00f6ten<\/em>.<\/p>\n\n\n\n<p>Johannes Brassel, \u201e<em>Mii Schuelschatz<\/em>\u201c 2015 in der \u201eS\u00fcdostschweiz\u201c: \u2026 <em>nach d\u00e4m glenzig\u00e4 Ch\u00f6tt\u00e4li su\u00e4ch\u00e4n<\/em>. Peter Guler-Lutz, \u201e<em>Ds Toutavolch<\/em>\u201c in \u201ePr\u00e4ttigauer Geschichten\u201c: \u2026 ,<em>dass ma an Muus gch\u00f6urt h\u00e4tti hueschten.&nbsp; \u2026 , wa afan lengscht gstoorben sind<\/em>. Die beiden W\u00f6rter <em>Toutavolch<\/em> und <em>gch\u00f6urt<\/em> sind \u00e4hnlich geschrieben wie Ausserschanfigger W\u00f6rter bei Christian Patt im Dialekt von Calfreisen, Castiel und L\u00fcen.<\/p>\n\n\n\n<p>Erich Bernegger in \u201ePr\u00e4ttigauer Dialekt\u201c: <em>Woorti st\u00e4rb\u00e4nd. As gid f\u00fcr schi kein Vergrebnisch.<\/em><\/p>\n\n\n\n<p>Das Buch \u201ePr\u00e4ttigauer Dialekt\u201c geht auf die Eigenheiten der einzelnen Ortschaften ein, ein vorbildliches Werk. Die beiliegende CD tr\u00e4gt sogar den richtigen Ton dazu bei.<\/p>\n\n\n\n<figure class=\"wp-block-image size-full is-resized\"><a href=\"https:\/\/walsermundart.ch\/?page_id=330\"><img loading=\"lazy\" decoding=\"async\" src=\"https:\/\/walsermundart.ch\/wp-content\/uploads\/2022\/03\/Pfeil-zurueck-mini-1.jpg\" alt=\"\" class=\"wp-image-6871\" width=\"106\" height=\"68\"\/><\/a><\/figure>\n","protected":false},"excerpt":{"rendered":"<p>Wie im Schanfigg, so sind auch im Pr\u00e4ttigau die hochgelegenen Gebiete von Davos her besiedelt worden, und auch hier verdr\u00e4ngten die neuen Siedler das Romanische&hellip;<\/p>\n","protected":false},"author":1,"featured_media":0,"parent":0,"menu_order":0,"comment_status":"closed","ping_status":"closed","template":"","meta":{"footnotes":""},"class_list":["post-2463","page","type-page","status-publish","hentry"],"_links":{"self":[{"href":"https:\/\/walsermundart.ch\/index.php?rest_route=\/wp\/v2\/pages\/2463","targetHints":{"allow":["GET"]}}],"collection":[{"href":"https:\/\/walsermundart.ch\/index.php?rest_route=\/wp\/v2\/pages"}],"about":[{"href":"https:\/\/walsermundart.ch\/index.php?rest_route=\/wp\/v2\/types\/page"}],"author":[{"embeddable":true,"href":"https:\/\/walsermundart.ch\/index.php?rest_route=\/wp\/v2\/users\/1"}],"replies":[{"embeddable":true,"href":"https:\/\/walsermundart.ch\/index.php?rest_route=%2Fwp%2Fv2%2Fcomments&post=2463"}],"version-history":[{"count":21,"href":"https:\/\/walsermundart.ch\/index.php?rest_route=\/wp\/v2\/pages\/2463\/revisions"}],"predecessor-version":[{"id":8805,"href":"https:\/\/walsermundart.ch\/index.php?rest_route=\/wp\/v2\/pages\/2463\/revisions\/8805"}],"wp:attachment":[{"href":"https:\/\/walsermundart.ch\/index.php?rest_route=%2Fwp%2Fv2%2Fmedia&parent=2463"}],"curies":[{"name":"wp","href":"https:\/\/api.w.org\/{rel}","templated":true}]}}