{"id":2483,"date":"2021-02-28T20:48:36","date_gmt":"2021-02-28T20:48:36","guid":{"rendered":"https:\/\/walsermundart.ch\/?page_id=2483"},"modified":"2022-09-14T12:36:21","modified_gmt":"2022-09-14T12:36:21","slug":"07-literatur-und-ton","status":"publish","type":"page","link":"https:\/\/walsermundart.ch\/?page_id=2483","title":{"rendered":"9 &#8211; Davos und weitere Walsergebiete"},"content":{"rendered":"\n<figure class=\"wp-block-image size-full is-resized\"><a href=\"https:\/\/walsermundart.ch\/\"><img loading=\"lazy\" decoding=\"async\" src=\"https:\/\/walsermundart.ch\/wp-content\/uploads\/2022\/03\/pfeil-home-Snipp.jpg\" alt=\"\" class=\"wp-image-6993\" width=\"135\" height=\"74\" srcset=\"https:\/\/walsermundart.ch\/wp-content\/uploads\/2022\/03\/pfeil-home-Snipp.jpg 316w, https:\/\/walsermundart.ch\/wp-content\/uploads\/2022\/03\/pfeil-home-Snipp-300x164.jpg 300w\" sizes=\"auto, (max-width: 135px) 100vw, 135px\" \/><\/a><\/figure>\n\n\n\n<p style=\"font-size:48px\"><strong>Davos<\/strong><\/p>\n\n\n\n<p><a href=\"https:\/\/walsermundart.ch\/?page_id=5643\">9.<strong>01<\/strong> Walserdeutsches W\u00f6rterbuch<\/a><\/p>\n\n\n\n<p><a href=\"https:\/\/walsermundart.ch\/?page_id=4109\">9.<strong>02<\/strong> Dr T\u00fcrligiiger va Hans Val\u00e4r<\/a><\/p>\n\n\n\n<p><a href=\"https:\/\/walsermundart.ch\/?page_id=6047\">9.<strong>03<\/strong> Us em Underschnitt von Martin Schmid<\/a><\/p>\n\n\n\n<p><a href=\"https:\/\/walsermundart.ch\/?page_id=6437\">9.<strong>04<\/strong> Geschichtliches<\/a><\/p>\n\n\n\n<p><a href=\"https:\/\/walsermundart.ch\/?page_id=6590\">9.<strong>05<\/strong> Flurnamen<\/a><\/p>\n\n\n\n<p><a href=\"https:\/\/walsermundart.ch\/?page_id=6032\">9.<strong>06<\/strong> Underw\u00e4gs mid Elisabeth Mani-Heldstab<\/a><\/p>\n\n\n\n<p><a href=\"https:\/\/walsermundart.ch\/?page_id=6492\">9.<strong>07<\/strong> Gschicht\u00e4 f\u00fcr d Enekli<\/a><\/p>\n\n\n\n<p><a href=\"https:\/\/walsermundart.ch\/?page_id=6508\">9.<strong>08<\/strong> Kolumn<\/a>en<\/p>\n\n\n\n<p><a href=\"https:\/\/walsermundart.ch\/?page_id=4115\">9.<strong>09<\/strong> Lieder<\/a><\/p>\n\n\n\n<p style=\"font-size:48px\"><strong>Weitere Walsergebiete<\/strong><\/p>\n\n\n\n<p class=\"has-black-color has-text-color\"><a href=\"https:\/\/walsermundart.ch\/?page_id=6581\">9.<strong>21<\/strong> Geografisches <\/a><\/p>\n\n\n\n<p class=\"has-black-color has-text-color\"><a href=\"https:\/\/walsermundart.ch\/?page_id=6599\">9.<strong>22<\/strong> \u00c4s \u00c4\u00e4li<\/a><\/p>\n\n\n\n<p class=\"has-black-color has-text-color\"><a href=\"https:\/\/walsermundart.ch\/?page_id=6603\">9.<strong>23<\/strong> Runggali<\/a><\/p>\n\n\n\n<p><a href=\"https:\/\/walsermundart.ch\/?page_id=6645\">9.<strong>24<\/strong> Stimmen<\/a><\/p>\n\n\n\n<p><a href=\"https:\/\/walsermundart.ch\/?page_id=6723\">9.<strong>25<\/strong> Walser S\u00fcdt\u00e4ler<\/a><\/p>\n\n\n\n<p><a href=\"https:\/\/walsermundart.ch\/?page_id=6731\">9.<strong>26<\/strong> Bosco Gurin<\/a><\/p>\n\n\n\n<p><a href=\"https:\/\/walsermundart.ch\/?page_id=6739\">9.<strong>27<\/strong> Triesenberg<\/a><\/p>\n\n\n\n<p><a href=\"https:\/\/walsermundart.ch\/?page_id=6744\">9.<strong>28<\/strong> Vorarlberg und Tirol<\/a><\/p>\n\n\n\n<div style=\"height:26px\" aria-hidden=\"true\" class=\"wp-block-spacer\"><\/div>\n\n\n\n<p class=\"has-x-large-font-size\">9.<strong>50<\/strong> <a href=\"https:\/\/walsermundart.ch\/?page_id=6034\">Walserliteratur \u00dcbersicht<\/a><\/p>\n\n\n\n<figure class=\"wp-block-image size-full is-resized\"><img loading=\"lazy\" decoding=\"async\" src=\"https:\/\/walsermundart.ch\/wp-content\/uploads\/2022\/01\/Monstein-73-red.jpg\" alt=\"\" class=\"wp-image-5678\" width=\"666\" height=\"452\" srcset=\"https:\/\/walsermundart.ch\/wp-content\/uploads\/2022\/01\/Monstein-73-red.jpg 1002w, https:\/\/walsermundart.ch\/wp-content\/uploads\/2022\/01\/Monstein-73-red-300x204.jpg 300w, https:\/\/walsermundart.ch\/wp-content\/uploads\/2022\/01\/Monstein-73-red-768x521.jpg 768w\" sizes=\"auto, (max-width: 666px) 100vw, 666px\" \/><figcaption><sup>Monstein<\/sup><\/figcaption><\/figure>\n\n\n\n<figure class=\"wp-block-image size-full is-resized\"><a href=\"https:\/\/walsermundart.ch\/\"><img loading=\"lazy\" decoding=\"async\" src=\"https:\/\/walsermundart.ch\/wp-content\/uploads\/2022\/03\/pfeil-home-Snipp.jpg\" alt=\"\" class=\"wp-image-6993\" width=\"134\" height=\"73\" srcset=\"https:\/\/walsermundart.ch\/wp-content\/uploads\/2022\/03\/pfeil-home-Snipp.jpg 316w, https:\/\/walsermundart.ch\/wp-content\/uploads\/2022\/03\/pfeil-home-Snipp-300x164.jpg 300w\" sizes=\"auto, (max-width: 134px) 100vw, 134px\" \/><\/a><\/figure>\n\n\n\n<p> <\/p>\n","protected":false},"excerpt":{"rendered":"<p>Davos 9.01 Walserdeutsches W\u00f6rterbuch 9.02 Dr T\u00fcrligiiger va Hans Val\u00e4r 9.03 Us em Underschnitt von Martin Schmid 9.04 Geschichtliches 9.05 Flurnamen 9.06 Underw\u00e4gs mid Elisabeth&hellip;<\/p>\n","protected":false},"author":1,"featured_media":0,"parent":0,"menu_order":0,"comment_status":"closed","ping_status":"closed","template":"","meta":{"footnotes":""},"class_list":["post-2483","page","type-page","status-publish","hentry"],"_links":{"self":[{"href":"https:\/\/walsermundart.ch\/index.php?rest_route=\/wp\/v2\/pages\/2483","targetHints":{"allow":["GET"]}}],"collection":[{"href":"https:\/\/walsermundart.ch\/index.php?rest_route=\/wp\/v2\/pages"}],"about":[{"href":"https:\/\/walsermundart.ch\/index.php?rest_route=\/wp\/v2\/types\/page"}],"author":[{"embeddable":true,"href":"https:\/\/walsermundart.ch\/index.php?rest_route=\/wp\/v2\/users\/1"}],"replies":[{"embeddable":true,"href":"https:\/\/walsermundart.ch\/index.php?rest_route=%2Fwp%2Fv2%2Fcomments&post=2483"}],"version-history":[{"count":144,"href":"https:\/\/walsermundart.ch\/index.php?rest_route=\/wp\/v2\/pages\/2483\/revisions"}],"predecessor-version":[{"id":8430,"href":"https:\/\/walsermundart.ch\/index.php?rest_route=\/wp\/v2\/pages\/2483\/revisions\/8430"}],"wp:attachment":[{"href":"https:\/\/walsermundart.ch\/index.php?rest_route=%2Fwp%2Fv2%2Fmedia&parent=2483"}],"curies":[{"name":"wp","href":"https:\/\/api.w.org\/{rel}","templated":true}]}}