{"id":2491,"date":"2021-03-01T08:36:36","date_gmt":"2021-03-01T08:36:36","guid":{"rendered":"https:\/\/walsermundart.ch\/?page_id=2491"},"modified":"2025-11-19T14:12:37","modified_gmt":"2025-11-19T14:12:37","slug":"08-verursacher","status":"publish","type":"page","link":"https:\/\/walsermundart.ch\/?page_id=2491","title":{"rendered":"0 &#8211; Vorwort"},"content":{"rendered":"\n<figure class=\"wp-block-image size-full is-resized\"><a href=\"https:\/\/walsermundart.ch\/\"><img loading=\"lazy\" decoding=\"async\" width=\"316\" height=\"173\" src=\"https:\/\/walsermundart.ch\/wp-content\/uploads\/2022\/03\/pfeil-home-Snipp.jpg\" alt=\"\" class=\"wp-image-6993\" style=\"width:129px;height:71px\" srcset=\"https:\/\/walsermundart.ch\/wp-content\/uploads\/2022\/03\/pfeil-home-Snipp.jpg 316w, https:\/\/walsermundart.ch\/wp-content\/uploads\/2022\/03\/pfeil-home-Snipp-300x164.jpg 300w\" sizes=\"auto, (max-width: 316px) 100vw, 316px\" \/><\/a><\/figure>\n\n\n\n<p>Anstelle eines Vor-Wortes ein paar Vor-S\u00e4tze:<\/p>\n\n\n\n<p>Der starke Bezug zum Dialekt reicht zur\u00fcck bis zu den Windeln und liess mich nie los, vor allem auch dank meiner Frau Annina, geb. Roffler, aufgewachsen in Luzein. Da Annina gestorben ist, wird diese Arbeit nur noch geringf\u00fcgige Erg\u00e4nzungen erhalten, wobei ich froh bin um die Unterst\u00fctzung durch meine Schwester Elsbeth in Langwies und Verwandte und Bekannte im Pr\u00e4ttigau. Elsbeths Mann, Hans Mettier, ist im Jahr 2025 gestorben. In Zweifelsf\u00e4llen hat er mir immer weiterhelfen k\u00f6nnen wie auch Toni Butzerin in Peist. Toni ist 2024 gestorben.<\/p>\n\n\n\n<p>Den Anstoss und die Starthilfe zu dieser Website verdanke ich meinem Sohn Andrea und meinem Enkel Gian-Andrea.<\/p>\n\n\n\n<p>Besonders freut mich der umfangreiche Beitrag von Elisabeth Mani-Heldstab unter der Nummer 10 mit ihrer vertonten Davoser Lyrik.<\/p>\n\n\n\n<p>Bleiben unsere Dialekte erhalten ohne b\u00f6s verw\u00e4ssert zu werden, d\u00fcrfen wir uns freuen, andernfalls wird das Geschriebene und Gesprochene ein Wortmuseum.<\/p>\n\n\n\n<p>Peter Heinrich, aufgewachsen in Peist, wohnhaft in Davos<\/p>\n\n\n\n<p class=\"has-vivid-cyan-blue-color has-text-color\"><a href=\"mailto:p.heinrich@bluemail.ch\">p.heinrich@bluemail.ch<\/a><\/p>\n\n\n\n<p>R\u00fcckmeldungen sind willkommen, vor allem zu Fehlern jeder Art.<\/p>\n\n\n\n<p>Tondokumente ab CDs und dem Web sind mit dem Namen der Sprechenden und des Tontr\u00e4gers versehen, ebenso Texte und Fotos. Solche ohne Adresse sind eigener oder unbekannter Herkunft.<\/p>\n\n\n\n<p>Cookies gibt es hier nicht, hier wird nicht geschn\u00fcffelt!<\/p>\n\n\n\n<figure class=\"wp-block-image size-full is-resized\"><a href=\"https:\/\/walsermundart.ch\/\"><img loading=\"lazy\" decoding=\"async\" width=\"316\" height=\"173\" src=\"https:\/\/walsermundart.ch\/wp-content\/uploads\/2022\/03\/pfeil-home-Snipp.jpg\" alt=\"\" class=\"wp-image-6993\" style=\"width:129px;height:71px\" srcset=\"https:\/\/walsermundart.ch\/wp-content\/uploads\/2022\/03\/pfeil-home-Snipp.jpg 316w, https:\/\/walsermundart.ch\/wp-content\/uploads\/2022\/03\/pfeil-home-Snipp-300x164.jpg 300w\" sizes=\"auto, (max-width: 316px) 100vw, 316px\" \/><\/a><\/figure>\n","protected":false},"excerpt":{"rendered":"<p>Anstelle eines Vor-Wortes ein paar Vor-S\u00e4tze: Der starke Bezug zum Dialekt reicht zur\u00fcck bis zu den Windeln und liess mich nie los, vor allem auch&hellip;<\/p>\n","protected":false},"author":1,"featured_media":0,"parent":0,"menu_order":0,"comment_status":"closed","ping_status":"closed","template":"","meta":{"footnotes":""},"class_list":["post-2491","page","type-page","status-publish","hentry"],"_links":{"self":[{"href":"https:\/\/walsermundart.ch\/index.php?rest_route=\/wp\/v2\/pages\/2491","targetHints":{"allow":["GET"]}}],"collection":[{"href":"https:\/\/walsermundart.ch\/index.php?rest_route=\/wp\/v2\/pages"}],"about":[{"href":"https:\/\/walsermundart.ch\/index.php?rest_route=\/wp\/v2\/types\/page"}],"author":[{"embeddable":true,"href":"https:\/\/walsermundart.ch\/index.php?rest_route=\/wp\/v2\/users\/1"}],"replies":[{"embeddable":true,"href":"https:\/\/walsermundart.ch\/index.php?rest_route=%2Fwp%2Fv2%2Fcomments&post=2491"}],"version-history":[{"count":45,"href":"https:\/\/walsermundart.ch\/index.php?rest_route=\/wp\/v2\/pages\/2491\/revisions"}],"predecessor-version":[{"id":8794,"href":"https:\/\/walsermundart.ch\/index.php?rest_route=\/wp\/v2\/pages\/2491\/revisions\/8794"}],"wp:attachment":[{"href":"https:\/\/walsermundart.ch\/index.php?rest_route=%2Fwp%2Fv2%2Fmedia&parent=2491"}],"curies":[{"name":"wp","href":"https:\/\/api.w.org\/{rel}","templated":true}]}}