{"id":2735,"date":"2021-03-05T06:50:21","date_gmt":"2021-03-05T06:50:21","guid":{"rendered":"https:\/\/walsermundart.ch\/?page_id=2735"},"modified":"2024-02-18T13:54:29","modified_gmt":"2024-02-18T13:54:29","slug":"4-b","status":"publish","type":"page","link":"https:\/\/walsermundart.ch\/?page_id=2735","title":{"rendered":"5.02 &#8211; B"},"content":{"rendered":"\n<figure class=\"wp-block-image size-full is-resized\"><a href=\"https:\/\/walsermundart.ch\/?page_id=414\"><img loading=\"lazy\" decoding=\"async\" width=\"268\" height=\"173\" src=\"https:\/\/walsermundart.ch\/wp-content\/uploads\/2022\/03\/Pfeil-zurueck-mini-1.jpg\" alt=\"\" class=\"wp-image-6871\" style=\"width:109px;height:70px\"\/><\/a><\/figure>\n\n\n\n<p><strong>b\u00e4gglengg\u00e4<\/strong><\/p>\n\n\n\n<figure class=\"wp-block-audio\"><audio controls src=\"https:\/\/walsermundart.ch\/wp-content\/uploads\/2022\/04\/a022-baegglenggae.mp3\"><\/audio><\/figure>\n\n\n\n<figure class=\"wp-block-image size-large\"><img loading=\"lazy\" decoding=\"async\" width=\"962\" height=\"143\" src=\"https:\/\/walsermundart.ch\/wp-content\/uploads\/2021\/03\/a022-baegglenggae.jpg\" alt=\"\" class=\"wp-image-2879\" srcset=\"https:\/\/walsermundart.ch\/wp-content\/uploads\/2021\/03\/a022-baegglenggae.jpg 962w, https:\/\/walsermundart.ch\/wp-content\/uploads\/2021\/03\/a022-baegglenggae-300x45.jpg 300w, https:\/\/walsermundart.ch\/wp-content\/uploads\/2021\/03\/a022-baegglenggae-768x114.jpg 768w\" sizes=\"auto, (max-width: 962px) 100vw, 962px\" \/><\/figure>\n\n\n\n<p><strong>Bandali\u00e4rig<\/strong><\/p>\n\n\n\n<figure class=\"wp-block-audio\"><audio controls src=\"https:\/\/walsermundart.ch\/wp-content\/uploads\/2022\/04\/a023-Bandaliaerig.mp3\"><\/audio><\/figure>\n\n\n\n<figure class=\"wp-block-image size-large\"><img loading=\"lazy\" decoding=\"async\" width=\"957\" height=\"150\" src=\"https:\/\/walsermundart.ch\/wp-content\/uploads\/2021\/03\/a023-Bandaliaerig.jpg\" alt=\"\" class=\"wp-image-2881\" srcset=\"https:\/\/walsermundart.ch\/wp-content\/uploads\/2021\/03\/a023-Bandaliaerig.jpg 957w, https:\/\/walsermundart.ch\/wp-content\/uploads\/2021\/03\/a023-Bandaliaerig-300x47.jpg 300w, https:\/\/walsermundart.ch\/wp-content\/uploads\/2021\/03\/a023-Bandaliaerig-768x120.jpg 768w\" sizes=\"auto, (max-width: 957px) 100vw, 957px\" \/><\/figure>\n\n\n\n<p><strong>B\u00e4ttlrggaffi<\/strong>, <strong>Schpenglrggaffi<\/strong><\/p>\n\n\n\n<figure class=\"wp-block-audio\"><audio controls src=\"https:\/\/walsermundart.ch\/wp-content\/uploads\/2022\/05\/a024-Baettlrggaffi.mp3\"><\/audio><\/figure>\n\n\n\n<figure class=\"wp-block-image size-large\"><img loading=\"lazy\" decoding=\"async\" width=\"960\" height=\"147\" src=\"https:\/\/walsermundart.ch\/wp-content\/uploads\/2021\/03\/a024-Baettlrggaffi.jpg\" alt=\"\" class=\"wp-image-2883\" srcset=\"https:\/\/walsermundart.ch\/wp-content\/uploads\/2021\/03\/a024-Baettlrggaffi.jpg 960w, https:\/\/walsermundart.ch\/wp-content\/uploads\/2021\/03\/a024-Baettlrggaffi-300x46.jpg 300w, https:\/\/walsermundart.ch\/wp-content\/uploads\/2021\/03\/a024-Baettlrggaffi-768x118.jpg 768w\" sizes=\"auto, (max-width: 960px) 100vw, 960px\" \/><\/figure>\n\n\n\n<p><strong>b\u00e4ugg\u00e4<\/strong><\/p>\n\n\n\n<figure class=\"wp-block-audio\"><audio controls src=\"https:\/\/walsermundart.ch\/wp-content\/uploads\/2022\/04\/a025-baeuggae.mp3\"><\/audio><\/figure>\n\n\n\n<figure class=\"wp-block-image size-large\"><img loading=\"lazy\" decoding=\"async\" width=\"960\" height=\"150\" src=\"https:\/\/walsermundart.ch\/wp-content\/uploads\/2021\/03\/a025-baeuggae.jpg\" alt=\"\" class=\"wp-image-2885\" srcset=\"https:\/\/walsermundart.ch\/wp-content\/uploads\/2021\/03\/a025-baeuggae.jpg 960w, https:\/\/walsermundart.ch\/wp-content\/uploads\/2021\/03\/a025-baeuggae-300x47.jpg 300w, https:\/\/walsermundart.ch\/wp-content\/uploads\/2021\/03\/a025-baeuggae-768x120.jpg 768w\" sizes=\"auto, (max-width: 960px) 100vw, 960px\" \/><\/figure>\n\n\n\n<p><strong>beg\u00e4l\u00e4<\/strong><\/p>\n\n\n\n<figure class=\"wp-block-audio\"><audio controls src=\"https:\/\/walsermundart.ch\/wp-content\/uploads\/2022\/04\/a026-begaelae.mp3\"><\/audio><\/figure>\n\n\n\n<figure class=\"wp-block-image size-large\"><img loading=\"lazy\" decoding=\"async\" width=\"963\" height=\"146\" src=\"https:\/\/walsermundart.ch\/wp-content\/uploads\/2021\/03\/a026-begaelae.jpg\" alt=\"\" class=\"wp-image-2887\" srcset=\"https:\/\/walsermundart.ch\/wp-content\/uploads\/2021\/03\/a026-begaelae.jpg 963w, https:\/\/walsermundart.ch\/wp-content\/uploads\/2021\/03\/a026-begaelae-300x45.jpg 300w, https:\/\/walsermundart.ch\/wp-content\/uploads\/2021\/03\/a026-begaelae-768x116.jpg 768w\" sizes=\"auto, (max-width: 963px) 100vw, 963px\" \/><\/figure>\n\n\n\n<p><strong>Bi\u00e4scht<\/strong><\/p>\n\n\n\n<figure class=\"wp-block-audio\"><audio controls src=\"https:\/\/walsermundart.ch\/wp-content\/uploads\/2022\/04\/a027-Biaescht.mp3\"><\/audio><\/figure>\n\n\n\n<figure class=\"wp-block-image size-large\"><img loading=\"lazy\" decoding=\"async\" width=\"951\" height=\"146\" src=\"https:\/\/walsermundart.ch\/wp-content\/uploads\/2021\/03\/a027-Biaescht.jpg\" alt=\"\" class=\"wp-image-2892\" srcset=\"https:\/\/walsermundart.ch\/wp-content\/uploads\/2021\/03\/a027-Biaescht.jpg 951w, https:\/\/walsermundart.ch\/wp-content\/uploads\/2021\/03\/a027-Biaescht-300x46.jpg 300w, https:\/\/walsermundart.ch\/wp-content\/uploads\/2021\/03\/a027-Biaescht-768x118.jpg 768w\" sizes=\"auto, (max-width: 951px) 100vw, 951px\" \/><\/figure>\n\n\n\n<p><strong>bi\u00e4t\u00e4<\/strong><\/p>\n\n\n\n<figure class=\"wp-block-audio\"><audio controls src=\"https:\/\/walsermundart.ch\/wp-content\/uploads\/2022\/04\/a028-biaetae.mp3\"><\/audio><\/figure>\n\n\n\n<figure class=\"wp-block-image size-large\"><img loading=\"lazy\" decoding=\"async\" width=\"956\" height=\"153\" src=\"https:\/\/walsermundart.ch\/wp-content\/uploads\/2021\/03\/a028-biaetae.jpg\" alt=\"\" class=\"wp-image-2894\" srcset=\"https:\/\/walsermundart.ch\/wp-content\/uploads\/2021\/03\/a028-biaetae.jpg 956w, https:\/\/walsermundart.ch\/wp-content\/uploads\/2021\/03\/a028-biaetae-300x48.jpg 300w, https:\/\/walsermundart.ch\/wp-content\/uploads\/2021\/03\/a028-biaetae-768x123.jpg 768w\" sizes=\"auto, (max-width: 956px) 100vw, 956px\" \/><\/figure>\n\n\n\n<p><strong>Biig\u00e4<\/strong><\/p>\n\n\n\n<figure class=\"wp-block-audio\"><audio controls src=\"https:\/\/walsermundart.ch\/wp-content\/uploads\/2022\/04\/a029-Biigae.mp3\"><\/audio><\/figure>\n\n\n\n<figure class=\"wp-block-image size-large\"><img loading=\"lazy\" decoding=\"async\" width=\"953\" height=\"149\" src=\"https:\/\/walsermundart.ch\/wp-content\/uploads\/2021\/03\/a029-Biigae.jpg\" alt=\"\" class=\"wp-image-2896\" srcset=\"https:\/\/walsermundart.ch\/wp-content\/uploads\/2021\/03\/a029-Biigae.jpg 953w, https:\/\/walsermundart.ch\/wp-content\/uploads\/2021\/03\/a029-Biigae-300x47.jpg 300w, https:\/\/walsermundart.ch\/wp-content\/uploads\/2021\/03\/a029-Biigae-768x120.jpg 768w\" sizes=\"auto, (max-width: 953px) 100vw, 953px\" \/><\/figure>\n\n\n\n<p><strong>biign\u00e4<\/strong><\/p>\n\n\n\n<figure class=\"wp-block-audio\"><audio controls src=\"https:\/\/walsermundart.ch\/wp-content\/uploads\/2022\/04\/a029b-biignae.mp3\"><\/audio><\/figure>\n\n\n\n<figure class=\"wp-block-image size-large\"><img loading=\"lazy\" decoding=\"async\" width=\"958\" height=\"150\" src=\"https:\/\/walsermundart.ch\/wp-content\/uploads\/2021\/03\/a029b-biignae.jpg\" alt=\"\" class=\"wp-image-2904\" srcset=\"https:\/\/walsermundart.ch\/wp-content\/uploads\/2021\/03\/a029b-biignae.jpg 958w, https:\/\/walsermundart.ch\/wp-content\/uploads\/2021\/03\/a029b-biignae-300x47.jpg 300w, https:\/\/walsermundart.ch\/wp-content\/uploads\/2021\/03\/a029b-biignae-768x120.jpg 768w\" sizes=\"auto, (max-width: 958px) 100vw, 958px\" \/><\/figure>\n\n\n\n<p><strong>bin\u00e4nand\u00e4r\u00e4<\/strong> <strong>han<\/strong><\/p>\n\n\n\n<figure class=\"wp-block-audio\"><audio controls src=\"https:\/\/walsermundart.ch\/wp-content\/uploads\/2022\/04\/a030-binaenandaerae.mp3\"><\/audio><\/figure>\n\n\n\n<figure class=\"wp-block-image size-large\"><img loading=\"lazy\" decoding=\"async\" width=\"959\" height=\"152\" src=\"https:\/\/walsermundart.ch\/wp-content\/uploads\/2021\/03\/a030-binaenandaerae.jpg\" alt=\"\" class=\"wp-image-2898\" srcset=\"https:\/\/walsermundart.ch\/wp-content\/uploads\/2021\/03\/a030-binaenandaerae.jpg 959w, https:\/\/walsermundart.ch\/wp-content\/uploads\/2021\/03\/a030-binaenandaerae-300x48.jpg 300w, https:\/\/walsermundart.ch\/wp-content\/uploads\/2021\/03\/a030-binaenandaerae-768x122.jpg 768w\" sizes=\"auto, (max-width: 959px) 100vw, 959px\" \/><\/figure>\n\n\n\n<p><strong>Bl\u00e4u\u00e4l\u00e4<\/strong><\/p>\n\n\n\n<figure class=\"wp-block-audio\"><audio controls src=\"https:\/\/walsermundart.ch\/wp-content\/uploads\/2022\/04\/a031-Blaeueaelae.mp3\"><\/audio><\/figure>\n\n\n\n<figure class=\"wp-block-image size-large\"><img loading=\"lazy\" decoding=\"async\" width=\"957\" height=\"151\" src=\"https:\/\/walsermundart.ch\/wp-content\/uploads\/2021\/03\/a031-Blaeueaelae.jpg\" alt=\"\" class=\"wp-image-2900\" srcset=\"https:\/\/walsermundart.ch\/wp-content\/uploads\/2021\/03\/a031-Blaeueaelae.jpg 957w, https:\/\/walsermundart.ch\/wp-content\/uploads\/2021\/03\/a031-Blaeueaelae-300x47.jpg 300w, https:\/\/walsermundart.ch\/wp-content\/uploads\/2021\/03\/a031-Blaeueaelae-768x121.jpg 768w\" sizes=\"auto, (max-width: 957px) 100vw, 957px\" \/><\/figure>\n\n\n\n<p><strong>Blid\u00e4rig<\/strong><\/p>\n\n\n\n<figure class=\"wp-block-audio\"><audio controls src=\"https:\/\/walsermundart.ch\/wp-content\/uploads\/2022\/04\/a031b-Blidaerig.mp3\"><\/audio><\/figure>\n\n\n\n<figure class=\"wp-block-image size-full\"><img loading=\"lazy\" decoding=\"async\" width=\"969\" height=\"145\" src=\"https:\/\/walsermundart.ch\/wp-content\/uploads\/2022\/04\/a031b-Blidaerig.jpg\" alt=\"\" class=\"wp-image-7624\" srcset=\"https:\/\/walsermundart.ch\/wp-content\/uploads\/2022\/04\/a031b-Blidaerig.jpg 969w, https:\/\/walsermundart.ch\/wp-content\/uploads\/2022\/04\/a031b-Blidaerig-300x45.jpg 300w, https:\/\/walsermundart.ch\/wp-content\/uploads\/2022\/04\/a031b-Blidaerig-768x115.jpg 768w\" sizes=\"auto, (max-width: 969px) 100vw, 969px\" \/><\/figure>\n\n\n\n<p><strong>Bruschttu\u00e4ch<\/strong><\/p>\n\n\n\n<figure class=\"wp-block-audio\"><audio controls src=\"https:\/\/walsermundart.ch\/wp-content\/uploads\/2022\/04\/a032-Bruschttuaech.mp3\"><\/audio><\/figure>\n\n\n\n<figure class=\"wp-block-image size-large\"><img loading=\"lazy\" decoding=\"async\" width=\"959\" height=\"149\" src=\"https:\/\/walsermundart.ch\/wp-content\/uploads\/2021\/03\/a032-Bruschttuaech.jpg\" alt=\"\" class=\"wp-image-2908\" srcset=\"https:\/\/walsermundart.ch\/wp-content\/uploads\/2021\/03\/a032-Bruschttuaech.jpg 959w, https:\/\/walsermundart.ch\/wp-content\/uploads\/2021\/03\/a032-Bruschttuaech-300x47.jpg 300w, https:\/\/walsermundart.ch\/wp-content\/uploads\/2021\/03\/a032-Bruschttuaech-768x119.jpg 768w\" sizes=\"auto, (max-width: 959px) 100vw, 959px\" \/><\/figure>\n\n\n\n<p><strong>bruuch\u00e4<\/strong><\/p>\n\n\n\n<figure class=\"wp-block-audio\"><audio controls src=\"https:\/\/walsermundart.ch\/wp-content\/uploads\/2022\/04\/a032b-bruuchae.mp3\"><\/audio><\/figure>\n\n\n\n<figure class=\"wp-block-image size-large\"><img loading=\"lazy\" decoding=\"async\" width=\"954\" height=\"153\" src=\"https:\/\/walsermundart.ch\/wp-content\/uploads\/2021\/03\/a032b-bruuchae.jpg\" alt=\"\" class=\"wp-image-3039\" srcset=\"https:\/\/walsermundart.ch\/wp-content\/uploads\/2021\/03\/a032b-bruuchae.jpg 954w, https:\/\/walsermundart.ch\/wp-content\/uploads\/2021\/03\/a032b-bruuchae-300x48.jpg 300w, https:\/\/walsermundart.ch\/wp-content\/uploads\/2021\/03\/a032b-bruuchae-768x123.jpg 768w\" sizes=\"auto, (max-width: 954px) 100vw, 954px\" \/><\/figure>\n\n\n\n<p><strong>bschi\u00e4ss\u00e4<\/strong><\/p>\n\n\n\n<figure class=\"wp-block-audio\"><audio controls src=\"https:\/\/walsermundart.ch\/wp-content\/uploads\/2022\/04\/a033-bschiaessae.mp3\"><\/audio><\/figure>\n\n\n\n<figure class=\"wp-block-image size-large\"><img loading=\"lazy\" decoding=\"async\" width=\"964\" height=\"145\" src=\"https:\/\/walsermundart.ch\/wp-content\/uploads\/2021\/03\/a033-bschiaessae.jpg\" alt=\"\" class=\"wp-image-2910\" srcset=\"https:\/\/walsermundart.ch\/wp-content\/uploads\/2021\/03\/a033-bschiaessae.jpg 964w, https:\/\/walsermundart.ch\/wp-content\/uploads\/2021\/03\/a033-bschiaessae-300x45.jpg 300w, https:\/\/walsermundart.ch\/wp-content\/uploads\/2021\/03\/a033-bschiaessae-768x116.jpg 768w\" sizes=\"auto, (max-width: 964px) 100vw, 964px\" \/><\/figure>\n\n\n\n<p><strong>bschiiss\u00e4<\/strong> 1<\/p>\n\n\n\n<figure class=\"wp-block-audio\"><audio controls src=\"https:\/\/walsermundart.ch\/wp-content\/uploads\/2022\/04\/a034-bschiissae.mp3\"><\/audio><\/figure>\n\n\n\n<figure class=\"wp-block-image size-large\"><img loading=\"lazy\" decoding=\"async\" width=\"960\" height=\"186\" src=\"https:\/\/walsermundart.ch\/wp-content\/uploads\/2021\/03\/a034-bschiissae.jpg\" alt=\"\" class=\"wp-image-2912\" srcset=\"https:\/\/walsermundart.ch\/wp-content\/uploads\/2021\/03\/a034-bschiissae.jpg 960w, https:\/\/walsermundart.ch\/wp-content\/uploads\/2021\/03\/a034-bschiissae-300x58.jpg 300w, https:\/\/walsermundart.ch\/wp-content\/uploads\/2021\/03\/a034-bschiissae-768x149.jpg 768w\" sizes=\"auto, (max-width: 960px) 100vw, 960px\" \/><\/figure>\n\n\n\n<p><strong>bschiiss\u00e4 <\/strong>2<\/p>\n\n\n\n<figure class=\"wp-block-audio\"><audio controls src=\"https:\/\/walsermundart.ch\/wp-content\/uploads\/2022\/04\/a035-bschiissae2.mp3\"><\/audio><\/figure>\n\n\n\n<figure class=\"wp-block-image size-large\"><img loading=\"lazy\" decoding=\"async\" width=\"954\" height=\"150\" src=\"https:\/\/walsermundart.ch\/wp-content\/uploads\/2021\/03\/a035-bschiissae2.jpg\" alt=\"\" class=\"wp-image-2914\" srcset=\"https:\/\/walsermundart.ch\/wp-content\/uploads\/2021\/03\/a035-bschiissae2.jpg 954w, https:\/\/walsermundart.ch\/wp-content\/uploads\/2021\/03\/a035-bschiissae2-300x47.jpg 300w, https:\/\/walsermundart.ch\/wp-content\/uploads\/2021\/03\/a035-bschiissae2-768x121.jpg 768w\" sizes=\"auto, (max-width: 954px) 100vw, 954px\" \/><\/figure>\n\n\n\n<p><strong>buu\u00e4<\/strong><\/p>\n\n\n\n<figure class=\"wp-block-audio\"><audio controls src=\"https:\/\/walsermundart.ch\/wp-content\/uploads\/2022\/04\/a036-buuae.mp3\"><\/audio><\/figure>\n\n\n\n<figure class=\"wp-block-image size-large\"><img loading=\"lazy\" decoding=\"async\" width=\"956\" height=\"150\" src=\"https:\/\/walsermundart.ch\/wp-content\/uploads\/2021\/03\/a036-buuae.jpg\" alt=\"\" class=\"wp-image-2916\" srcset=\"https:\/\/walsermundart.ch\/wp-content\/uploads\/2021\/03\/a036-buuae.jpg 956w, https:\/\/walsermundart.ch\/wp-content\/uploads\/2021\/03\/a036-buuae-300x47.jpg 300w, https:\/\/walsermundart.ch\/wp-content\/uploads\/2021\/03\/a036-buuae-768x121.jpg 768w\" sizes=\"auto, (max-width: 956px) 100vw, 956px\" \/><\/figure>\n\n\n\n<figure class=\"wp-block-image size-full is-resized\"><a href=\"https:\/\/walsermundart.ch\/?page_id=414\"><img loading=\"lazy\" decoding=\"async\" width=\"268\" height=\"173\" src=\"https:\/\/walsermundart.ch\/wp-content\/uploads\/2022\/03\/Pfeil-zurueck-mini-1.jpg\" alt=\"\" class=\"wp-image-6871\" style=\"width:107px;height:69px\"\/><\/a><\/figure>\n\n\n\n<p><\/p>\n","protected":false},"excerpt":{"rendered":"<p>b\u00e4gglengg\u00e4 Bandali\u00e4rig B\u00e4ttlrggaffi, Schpenglrggaffi b\u00e4ugg\u00e4 beg\u00e4l\u00e4 Bi\u00e4scht bi\u00e4t\u00e4 Biig\u00e4 biign\u00e4 bin\u00e4nand\u00e4r\u00e4 han Bl\u00e4u\u00e4l\u00e4 Blid\u00e4rig Bruschttu\u00e4ch bruuch\u00e4 bschi\u00e4ss\u00e4 bschiiss\u00e4 1 bschiiss\u00e4 2 buu\u00e4<\/p>\n","protected":false},"author":1,"featured_media":0,"parent":0,"menu_order":0,"comment_status":"closed","ping_status":"closed","template":"","meta":{"footnotes":""},"class_list":["post-2735","page","type-page","status-publish","hentry"],"_links":{"self":[{"href":"https:\/\/walsermundart.ch\/index.php?rest_route=\/wp\/v2\/pages\/2735","targetHints":{"allow":["GET"]}}],"collection":[{"href":"https:\/\/walsermundart.ch\/index.php?rest_route=\/wp\/v2\/pages"}],"about":[{"href":"https:\/\/walsermundart.ch\/index.php?rest_route=\/wp\/v2\/types\/page"}],"author":[{"embeddable":true,"href":"https:\/\/walsermundart.ch\/index.php?rest_route=\/wp\/v2\/users\/1"}],"replies":[{"embeddable":true,"href":"https:\/\/walsermundart.ch\/index.php?rest_route=%2Fwp%2Fv2%2Fcomments&post=2735"}],"version-history":[{"count":25,"href":"https:\/\/walsermundart.ch\/index.php?rest_route=\/wp\/v2\/pages\/2735\/revisions"}],"predecessor-version":[{"id":8691,"href":"https:\/\/walsermundart.ch\/index.php?rest_route=\/wp\/v2\/pages\/2735\/revisions\/8691"}],"wp:attachment":[{"href":"https:\/\/walsermundart.ch\/index.php?rest_route=%2Fwp%2Fv2%2Fmedia&parent=2735"}],"curies":[{"name":"wp","href":"https:\/\/api.w.org\/{rel}","templated":true}]}}