{"id":2932,"date":"2021-03-08T16:41:47","date_gmt":"2021-03-08T16:41:47","guid":{"rendered":"https:\/\/walsermundart.ch\/?page_id=2932"},"modified":"2024-02-18T14:23:34","modified_gmt":"2024-02-18T14:23:34","slug":"a-cde","status":"publish","type":"page","link":"https:\/\/walsermundart.ch\/?page_id=2932","title":{"rendered":"5.03 &#8211; C D E"},"content":{"rendered":"\n<figure class=\"wp-block-image size-full is-resized\"><a href=\"https:\/\/walsermundart.ch\/?page_id=414\"><img loading=\"lazy\" decoding=\"async\" width=\"268\" height=\"173\" src=\"https:\/\/walsermundart.ch\/wp-content\/uploads\/2022\/03\/Pfeil-zurueck-mini-1.jpg\" alt=\"\" class=\"wp-image-6871\" style=\"width:108px;height:70px\"\/><\/a><\/figure>\n\n\n\n<p><strong>Chamm\u00e4r\u00e4scht\u00e4g\u00e4<\/strong><\/p>\n\n\n\n<figure class=\"wp-block-audio\"><audio controls src=\"https:\/\/walsermundart.ch\/wp-content\/uploads\/2022\/04\/a043-Chammaeraeschtaegae.mp3\"><\/audio><\/figure>\n\n\n\n<figure class=\"wp-block-image size-large\"><img loading=\"lazy\" decoding=\"async\" width=\"967\" height=\"227\" src=\"https:\/\/walsermundart.ch\/wp-content\/uploads\/2021\/03\/a043-Chammaeraeschtaegae.jpg\" alt=\"\" class=\"wp-image-2935\" srcset=\"https:\/\/walsermundart.ch\/wp-content\/uploads\/2021\/03\/a043-Chammaeraeschtaegae.jpg 967w, https:\/\/walsermundart.ch\/wp-content\/uploads\/2021\/03\/a043-Chammaeraeschtaegae-300x70.jpg 300w, https:\/\/walsermundart.ch\/wp-content\/uploads\/2021\/03\/a043-Chammaeraeschtaegae-768x180.jpg 768w\" sizes=\"auto, (max-width: 967px) 100vw, 967px\" \/><\/figure>\n\n\n\n<p><strong>chl\u00e4in<\/strong><\/p>\n\n\n\n<figure class=\"wp-block-audio\"><audio controls src=\"https:\/\/walsermundart.ch\/wp-content\/uploads\/2022\/04\/a044-chlaein.mp3\"><\/audio><\/figure>\n\n\n\n<figure class=\"wp-block-image size-large\"><img loading=\"lazy\" decoding=\"async\" width=\"958\" height=\"153\" src=\"https:\/\/walsermundart.ch\/wp-content\/uploads\/2021\/03\/a044-chlaein.jpg\" alt=\"\" class=\"wp-image-2943\" srcset=\"https:\/\/walsermundart.ch\/wp-content\/uploads\/2021\/03\/a044-chlaein.jpg 958w, https:\/\/walsermundart.ch\/wp-content\/uploads\/2021\/03\/a044-chlaein-300x48.jpg 300w, https:\/\/walsermundart.ch\/wp-content\/uploads\/2021\/03\/a044-chlaein-768x123.jpg 768w\" sizes=\"auto, (max-width: 958px) 100vw, 958px\" \/><\/figure>\n\n\n\n<p><strong>chlemp\u00e4<\/strong><\/p>\n\n\n\n<figure class=\"wp-block-audio\"><audio controls src=\"https:\/\/walsermundart.ch\/wp-content\/uploads\/2022\/04\/a045-chlempae.mp3\"><\/audio><\/figure>\n\n\n\n<figure class=\"wp-block-image size-large\"><img loading=\"lazy\" decoding=\"async\" width=\"956\" height=\"150\" src=\"https:\/\/walsermundart.ch\/wp-content\/uploads\/2021\/03\/a045-chlempae.jpg\" alt=\"\" class=\"wp-image-2945\" srcset=\"https:\/\/walsermundart.ch\/wp-content\/uploads\/2021\/03\/a045-chlempae.jpg 956w, https:\/\/walsermundart.ch\/wp-content\/uploads\/2021\/03\/a045-chlempae-300x47.jpg 300w, https:\/\/walsermundart.ch\/wp-content\/uploads\/2021\/03\/a045-chlempae-768x121.jpg 768w\" sizes=\"auto, (max-width: 956px) 100vw, 956px\" \/><\/figure>\n\n\n\n<p><strong>chr\u00e4uch\u00e4<\/strong><\/p>\n\n\n\n<figure class=\"wp-block-audio\"><audio controls src=\"https:\/\/walsermundart.ch\/wp-content\/uploads\/2022\/04\/a046-chraeuchae.mp3\"><\/audio><\/figure>\n\n\n\n<figure class=\"wp-block-image size-large\"><img loading=\"lazy\" decoding=\"async\" width=\"961\" height=\"150\" src=\"https:\/\/walsermundart.ch\/wp-content\/uploads\/2021\/03\/a046-chraeuchae.jpg\" alt=\"\" class=\"wp-image-2947\" srcset=\"https:\/\/walsermundart.ch\/wp-content\/uploads\/2021\/03\/a046-chraeuchae.jpg 961w, https:\/\/walsermundart.ch\/wp-content\/uploads\/2021\/03\/a046-chraeuchae-300x47.jpg 300w, https:\/\/walsermundart.ch\/wp-content\/uploads\/2021\/03\/a046-chraeuchae-768x120.jpg 768w\" sizes=\"auto, (max-width: 961px) 100vw, 961px\" \/><\/figure>\n\n\n\n<p><strong>Daawigi<\/strong><\/p>\n\n\n\n<figure class=\"wp-block-audio\"><audio controls src=\"https:\/\/walsermundart.ch\/wp-content\/uploads\/2022\/04\/a047-Dawigi.mp3\"><\/audio><\/figure>\n\n\n\n<figure class=\"wp-block-image size-large\"><img loading=\"lazy\" decoding=\"async\" width=\"960\" height=\"189\" src=\"https:\/\/walsermundart.ch\/wp-content\/uploads\/2021\/03\/a047-Daawigi.jpg\" alt=\"\" class=\"wp-image-2949\" srcset=\"https:\/\/walsermundart.ch\/wp-content\/uploads\/2021\/03\/a047-Daawigi.jpg 960w, https:\/\/walsermundart.ch\/wp-content\/uploads\/2021\/03\/a047-Daawigi-300x59.jpg 300w, https:\/\/walsermundart.ch\/wp-content\/uploads\/2021\/03\/a047-Daawigi-768x151.jpg 768w\" sizes=\"auto, (max-width: 960px) 100vw, 960px\" \/><\/figure>\n\n\n\n<p><strong>d\u00e4ich\u00e4<\/strong><\/p>\n\n\n\n<figure class=\"wp-block-audio\"><audio controls src=\"https:\/\/walsermundart.ch\/wp-content\/uploads\/2022\/04\/a047b-daeichae.mp3\"><\/audio><\/figure>\n\n\n\n<figure class=\"wp-block-image size-large\"><img loading=\"lazy\" decoding=\"async\" width=\"972\" height=\"154\" src=\"https:\/\/walsermundart.ch\/wp-content\/uploads\/2021\/03\/a047b-daeichae.jpg\" alt=\"\" class=\"wp-image-3044\" srcset=\"https:\/\/walsermundart.ch\/wp-content\/uploads\/2021\/03\/a047b-daeichae.jpg 972w, https:\/\/walsermundart.ch\/wp-content\/uploads\/2021\/03\/a047b-daeichae-300x48.jpg 300w, https:\/\/walsermundart.ch\/wp-content\/uploads\/2021\/03\/a047b-daeichae-768x122.jpg 768w\" sizes=\"auto, (max-width: 972px) 100vw, 972px\" \/><\/figure>\n\n\n\n<p><strong>drd\u00fcrtwiil\u00e4<\/strong><\/p>\n\n\n\n<figure class=\"wp-block-audio\"><audio controls src=\"https:\/\/walsermundart.ch\/wp-content\/uploads\/2022\/04\/a048-drduertwiilae.mp3\"><\/audio><\/figure>\n\n\n\n<figure class=\"wp-block-image size-large\"><img loading=\"lazy\" decoding=\"async\" width=\"960\" height=\"182\" src=\"https:\/\/walsermundart.ch\/wp-content\/uploads\/2021\/03\/a048-drduertwiilae.jpg\" alt=\"\" class=\"wp-image-2951\" srcset=\"https:\/\/walsermundart.ch\/wp-content\/uploads\/2021\/03\/a048-drduertwiilae.jpg 960w, https:\/\/walsermundart.ch\/wp-content\/uploads\/2021\/03\/a048-drduertwiilae-300x57.jpg 300w, https:\/\/walsermundart.ch\/wp-content\/uploads\/2021\/03\/a048-drduertwiilae-768x146.jpg 768w\" sizes=\"auto, (max-width: 960px) 100vw, 960px\" \/><\/figure>\n\n\n\n<p><strong>drmid<\/strong><\/p>\n\n\n\n<figure class=\"wp-block-audio\"><audio controls src=\"https:\/\/walsermundart.ch\/wp-content\/uploads\/2022\/04\/a049-drmid.mp3\"><\/audio><\/figure>\n\n\n\n<figure class=\"wp-block-image size-large\"><img loading=\"lazy\" decoding=\"async\" width=\"959\" height=\"151\" src=\"https:\/\/walsermundart.ch\/wp-content\/uploads\/2021\/03\/a049-drmid.jpg\" alt=\"\" class=\"wp-image-2956\" srcset=\"https:\/\/walsermundart.ch\/wp-content\/uploads\/2021\/03\/a049-drmid.jpg 959w, https:\/\/walsermundart.ch\/wp-content\/uploads\/2021\/03\/a049-drmid-300x47.jpg 300w, https:\/\/walsermundart.ch\/wp-content\/uploads\/2021\/03\/a049-drmid-768x121.jpg 768w\" sizes=\"auto, (max-width: 959px) 100vw, 959px\" \/><\/figure>\n\n\n\n<p><strong>drvaan<\/strong><\/p>\n\n\n\n<figure class=\"wp-block-audio\"><audio controls src=\"https:\/\/walsermundart.ch\/wp-content\/uploads\/2022\/04\/a050-drvaan.mp3\"><\/audio><\/figure>\n\n\n\n<figure class=\"wp-block-image size-large\"><img loading=\"lazy\" decoding=\"async\" width=\"957\" height=\"184\" src=\"https:\/\/walsermundart.ch\/wp-content\/uploads\/2021\/03\/a050-drvaan.jpg\" alt=\"\" class=\"wp-image-2958\" srcset=\"https:\/\/walsermundart.ch\/wp-content\/uploads\/2021\/03\/a050-drvaan.jpg 957w, https:\/\/walsermundart.ch\/wp-content\/uploads\/2021\/03\/a050-drvaan-300x58.jpg 300w, https:\/\/walsermundart.ch\/wp-content\/uploads\/2021\/03\/a050-drvaan-768x148.jpg 768w\" sizes=\"auto, (max-width: 957px) 100vw, 957px\" \/><\/figure>\n\n\n\n<p><strong>drw\u00e4\u00e4rd<\/strong><\/p>\n\n\n\n<figure class=\"wp-block-audio\"><audio controls src=\"https:\/\/walsermundart.ch\/wp-content\/uploads\/2022\/04\/a051-drwaeaerd.mp3\"><\/audio><\/figure>\n\n\n\n<figure class=\"wp-block-image size-large\"><img loading=\"lazy\" decoding=\"async\" width=\"956\" height=\"142\" src=\"https:\/\/walsermundart.ch\/wp-content\/uploads\/2021\/03\/a051-drwaeaerd.jpg\" alt=\"\" class=\"wp-image-2960\" srcset=\"https:\/\/walsermundart.ch\/wp-content\/uploads\/2021\/03\/a051-drwaeaerd.jpg 956w, https:\/\/walsermundart.ch\/wp-content\/uploads\/2021\/03\/a051-drwaeaerd-300x45.jpg 300w, https:\/\/walsermundart.ch\/wp-content\/uploads\/2021\/03\/a051-drwaeaerd-768x114.jpg 768w\" sizes=\"auto, (max-width: 956px) 100vw, 956px\" \/><\/figure>\n\n\n\n<p><strong>d\u00fcrl\u00fccht<\/strong><\/p>\n\n\n\n<figure class=\"wp-block-audio\"><audio controls src=\"https:\/\/walsermundart.ch\/wp-content\/uploads\/2022\/04\/a052-duerluecht.mp3\"><\/audio><\/figure>\n\n\n\n<figure class=\"wp-block-image size-large\"><img loading=\"lazy\" decoding=\"async\" width=\"947\" height=\"154\" src=\"https:\/\/walsermundart.ch\/wp-content\/uploads\/2021\/03\/a052-duerluecht.jpg\" alt=\"\" class=\"wp-image-2962\" srcset=\"https:\/\/walsermundart.ch\/wp-content\/uploads\/2021\/03\/a052-duerluecht.jpg 947w, https:\/\/walsermundart.ch\/wp-content\/uploads\/2021\/03\/a052-duerluecht-300x49.jpg 300w, https:\/\/walsermundart.ch\/wp-content\/uploads\/2021\/03\/a052-duerluecht-768x125.jpg 768w\" sizes=\"auto, (max-width: 947px) 100vw, 947px\" \/><\/figure>\n\n\n\n<p><strong>d\u00fc\u00fcrn\u00fc\u00e4l\u00e4<\/strong><\/p>\n\n\n\n<figure class=\"wp-block-audio\"><audio controls src=\"https:\/\/walsermundart.ch\/wp-content\/uploads\/2022\/04\/a053-dueuernueaelae.mp3\"><\/audio><\/figure>\n\n\n\n<figure class=\"wp-block-image size-large\"><img loading=\"lazy\" decoding=\"async\" width=\"954\" height=\"146\" src=\"https:\/\/walsermundart.ch\/wp-content\/uploads\/2021\/03\/a053-dduernueaelae.jpg\" alt=\"\" class=\"wp-image-2964\" srcset=\"https:\/\/walsermundart.ch\/wp-content\/uploads\/2021\/03\/a053-dduernueaelae.jpg 954w, https:\/\/walsermundart.ch\/wp-content\/uploads\/2021\/03\/a053-dduernueaelae-300x46.jpg 300w, https:\/\/walsermundart.ch\/wp-content\/uploads\/2021\/03\/a053-dduernueaelae-768x118.jpg 768w\" sizes=\"auto, (max-width: 954px) 100vw, 954px\" \/><\/figure>\n\n\n\n<p><strong>eerscht<\/strong><\/p>\n\n\n\n<figure class=\"wp-block-audio\"><audio controls src=\"https:\/\/walsermundart.ch\/wp-content\/uploads\/2022\/04\/a054-eerscht.mp3\"><\/audio><\/figure>\n\n\n\n<figure class=\"wp-block-image size-large\"><img loading=\"lazy\" decoding=\"async\" width=\"960\" height=\"150\" src=\"https:\/\/walsermundart.ch\/wp-content\/uploads\/2021\/03\/a054-eerscht.jpg\" alt=\"\" class=\"wp-image-2968\" srcset=\"https:\/\/walsermundart.ch\/wp-content\/uploads\/2021\/03\/a054-eerscht.jpg 960w, https:\/\/walsermundart.ch\/wp-content\/uploads\/2021\/03\/a054-eerscht-300x47.jpg 300w, https:\/\/walsermundart.ch\/wp-content\/uploads\/2021\/03\/a054-eerscht-768x120.jpg 768w\" sizes=\"auto, (max-width: 960px) 100vw, 960px\" \/><\/figure>\n\n\n\n<p><strong>eeg\u00e4<\/strong><\/p>\n\n\n\n<figure class=\"wp-block-audio\"><audio controls src=\"https:\/\/walsermundart.ch\/wp-content\/uploads\/2022\/04\/a055-eegae.mp3\"><\/audio><\/figure>\n\n\n\n<figure class=\"wp-block-image size-full\"><img loading=\"lazy\" decoding=\"async\" width=\"943\" height=\"156\" src=\"https:\/\/walsermundart.ch\/wp-content\/uploads\/2022\/04\/a055-eegae.jpg\" alt=\"\" class=\"wp-image-7642\" srcset=\"https:\/\/walsermundart.ch\/wp-content\/uploads\/2022\/04\/a055-eegae.jpg 943w, https:\/\/walsermundart.ch\/wp-content\/uploads\/2022\/04\/a055-eegae-300x50.jpg 300w, https:\/\/walsermundart.ch\/wp-content\/uploads\/2022\/04\/a055-eegae-768x127.jpg 768w\" sizes=\"auto, (max-width: 943px) 100vw, 943px\" \/><figcaption class=\"wp-element-caption\"><a href=\"https:\/\/walsermundart.ch\/?page_id=414\"><\/a><a href=\"https:\/\/walsermundart.ch\/?page_id=414\"><\/a><a href=\"https:\/\/walsermundart.ch\/?page_id=414\"><\/a><a href=\"https:\/\/walsermundart.ch\/?page_id=414\"><\/a><\/figcaption><\/figure>\n\n\n\n<figure class=\"wp-block-image size-full is-resized\"><a href=\"https:\/\/walsermundart.ch\/?page_id=414\"><img loading=\"lazy\" decoding=\"async\" width=\"268\" height=\"173\" src=\"https:\/\/walsermundart.ch\/wp-content\/uploads\/2022\/03\/Pfeil-zurueck-mini-1.jpg\" alt=\"\" class=\"wp-image-6871\" style=\"width:107px;height:69px\"\/><\/a><\/figure>\n","protected":false},"excerpt":{"rendered":"<p>Chamm\u00e4r\u00e4scht\u00e4g\u00e4 chl\u00e4in chlemp\u00e4 chr\u00e4uch\u00e4 Daawigi d\u00e4ich\u00e4 drd\u00fcrtwiil\u00e4 drmid drvaan drw\u00e4\u00e4rd d\u00fcrl\u00fccht d\u00fc\u00fcrn\u00fc\u00e4l\u00e4 eerscht eeg\u00e4<\/p>\n","protected":false},"author":1,"featured_media":0,"parent":0,"menu_order":0,"comment_status":"closed","ping_status":"closed","template":"","meta":{"footnotes":""},"class_list":["post-2932","page","type-page","status-publish","hentry"],"_links":{"self":[{"href":"https:\/\/walsermundart.ch\/index.php?rest_route=\/wp\/v2\/pages\/2932","targetHints":{"allow":["GET"]}}],"collection":[{"href":"https:\/\/walsermundart.ch\/index.php?rest_route=\/wp\/v2\/pages"}],"about":[{"href":"https:\/\/walsermundart.ch\/index.php?rest_route=\/wp\/v2\/types\/page"}],"author":[{"embeddable":true,"href":"https:\/\/walsermundart.ch\/index.php?rest_route=\/wp\/v2\/users\/1"}],"replies":[{"embeddable":true,"href":"https:\/\/walsermundart.ch\/index.php?rest_route=%2Fwp%2Fv2%2Fcomments&post=2932"}],"version-history":[{"count":22,"href":"https:\/\/walsermundart.ch\/index.php?rest_route=\/wp\/v2\/pages\/2932\/revisions"}],"predecessor-version":[{"id":8696,"href":"https:\/\/walsermundart.ch\/index.php?rest_route=\/wp\/v2\/pages\/2932\/revisions\/8696"}],"wp:attachment":[{"href":"https:\/\/walsermundart.ch\/index.php?rest_route=%2Fwp%2Fv2%2Fmedia&parent=2932"}],"curies":[{"name":"wp","href":"https:\/\/api.w.org\/{rel}","templated":true}]}}