{"id":2974,"date":"2021-03-08T20:01:54","date_gmt":"2021-03-08T20:01:54","guid":{"rendered":"https:\/\/walsermundart.ch\/?page_id=2974"},"modified":"2024-02-18T15:29:35","modified_gmt":"2024-02-18T15:29:35","slug":"4-f","status":"publish","type":"page","link":"https:\/\/walsermundart.ch\/?page_id=2974","title":{"rendered":"5.04 &#8211; F"},"content":{"rendered":"\n<figure class=\"wp-block-image size-full is-resized\"><a href=\"https:\/\/walsermundart.ch\/?page_id=414\"><img loading=\"lazy\" decoding=\"async\" width=\"268\" height=\"173\" src=\"https:\/\/walsermundart.ch\/wp-content\/uploads\/2022\/03\/Pfeil-zurueck-mini-1.jpg\" alt=\"\" class=\"wp-image-6871\" style=\"width:109px;height:70px\"\/><\/a><\/figure>\n\n\n\n<p class=\"has-black-color has-text-color\"><strong>F\u00e4rsch\u00e4n\u00e4<\/strong><\/p>\n\n\n\n<figure class=\"wp-block-audio\"><audio controls src=\"https:\/\/walsermundart.ch\/wp-content\/uploads\/2022\/04\/a060-Faeaerschaenae.mp3\"><\/audio><\/figure>\n\n\n\n<figure class=\"wp-block-image size-large\"><img loading=\"lazy\" decoding=\"async\" width=\"958\" height=\"145\" src=\"https:\/\/walsermundart.ch\/wp-content\/uploads\/2021\/03\/a060-Faeaerschaenae.jpg\" alt=\"\" class=\"wp-image-2981\" srcset=\"https:\/\/walsermundart.ch\/wp-content\/uploads\/2021\/03\/a060-Faeaerschaenae.jpg 958w, https:\/\/walsermundart.ch\/wp-content\/uploads\/2021\/03\/a060-Faeaerschaenae-300x45.jpg 300w, https:\/\/walsermundart.ch\/wp-content\/uploads\/2021\/03\/a060-Faeaerschaenae-768x116.jpg 768w\" sizes=\"auto, (max-width: 958px) 100vw, 958px\" \/><\/figure>\n\n\n\n<p><strong>F\u00e4drl\u00e4sis<\/strong><\/p>\n\n\n\n<figure class=\"wp-block-audio\"><audio controls src=\"https:\/\/walsermundart.ch\/wp-content\/uploads\/2022\/04\/a061-Faedrlaesis.mp3\"><\/audio><\/figure>\n\n\n\n<figure class=\"wp-block-image size-large\"><img loading=\"lazy\" decoding=\"async\" width=\"953\" height=\"149\" src=\"https:\/\/walsermundart.ch\/wp-content\/uploads\/2021\/03\/a061-Faedrlaesis.jpg\" alt=\"\" class=\"wp-image-2983\" srcset=\"https:\/\/walsermundart.ch\/wp-content\/uploads\/2021\/03\/a061-Faedrlaesis.jpg 953w, https:\/\/walsermundart.ch\/wp-content\/uploads\/2021\/03\/a061-Faedrlaesis-300x47.jpg 300w, https:\/\/walsermundart.ch\/wp-content\/uploads\/2021\/03\/a061-Faedrlaesis-768x120.jpg 768w\" sizes=\"auto, (max-width: 953px) 100vw, 953px\" \/><\/figure>\n\n\n\n<p><strong>Faduschgl<\/strong><\/p>\n\n\n\n<figure class=\"wp-block-audio\"><audio controls src=\"https:\/\/walsermundart.ch\/wp-content\/uploads\/2022\/04\/a062-Faduschgl.mp3\"><\/audio><\/figure>\n\n\n\n<figure class=\"wp-block-image size-large\"><img loading=\"lazy\" decoding=\"async\" width=\"954\" height=\"183\" src=\"https:\/\/walsermundart.ch\/wp-content\/uploads\/2021\/03\/a062-Faduschgl.jpg\" alt=\"\" class=\"wp-image-2985\" srcset=\"https:\/\/walsermundart.ch\/wp-content\/uploads\/2021\/03\/a062-Faduschgl.jpg 954w, https:\/\/walsermundart.ch\/wp-content\/uploads\/2021\/03\/a062-Faduschgl-300x58.jpg 300w, https:\/\/walsermundart.ch\/wp-content\/uploads\/2021\/03\/a062-Faduschgl-768x147.jpg 768w\" sizes=\"auto, (max-width: 954px) 100vw, 954px\" \/><\/figure>\n\n\n\n<p><strong>fergg\u00e4<\/strong><\/p>\n\n\n\n<figure class=\"wp-block-audio\"><audio controls src=\"https:\/\/walsermundart.ch\/wp-content\/uploads\/2022\/04\/a062b-ferggae.mp3\"><\/audio><\/figure>\n\n\n\n<figure class=\"wp-block-image size-large\"><img loading=\"lazy\" decoding=\"async\" width=\"958\" height=\"148\" src=\"https:\/\/walsermundart.ch\/wp-content\/uploads\/2021\/03\/a062b-ferggae.jpg\" alt=\"\" class=\"wp-image-3049\" srcset=\"https:\/\/walsermundart.ch\/wp-content\/uploads\/2021\/03\/a062b-ferggae.jpg 958w, https:\/\/walsermundart.ch\/wp-content\/uploads\/2021\/03\/a062b-ferggae-300x46.jpg 300w, https:\/\/walsermundart.ch\/wp-content\/uploads\/2021\/03\/a062b-ferggae-768x119.jpg 768w\" sizes=\"auto, (max-width: 958px) 100vw, 958px\" \/><\/figure>\n\n\n\n<p><strong>fiin<\/strong><\/p>\n\n\n\n<figure class=\"wp-block-audio\"><audio controls src=\"https:\/\/walsermundart.ch\/wp-content\/uploads\/2022\/04\/a063-fiin.mp3\"><\/audio><\/figure>\n\n\n\n<figure class=\"wp-block-image size-large\"><img loading=\"lazy\" decoding=\"async\" width=\"951\" height=\"151\" src=\"https:\/\/walsermundart.ch\/wp-content\/uploads\/2021\/03\/a063-fiin.jpg\" alt=\"\" class=\"wp-image-2987\" srcset=\"https:\/\/walsermundart.ch\/wp-content\/uploads\/2021\/03\/a063-fiin.jpg 951w, https:\/\/walsermundart.ch\/wp-content\/uploads\/2021\/03\/a063-fiin-300x48.jpg 300w, https:\/\/walsermundart.ch\/wp-content\/uploads\/2021\/03\/a063-fiin-768x122.jpg 768w\" sizes=\"auto, (max-width: 951px) 100vw, 951px\" \/><\/figure>\n\n\n\n<p><strong>fil\u00e4<\/strong><\/p>\n\n\n\n<figure class=\"wp-block-audio\"><audio controls src=\"https:\/\/walsermundart.ch\/wp-content\/uploads\/2022\/04\/a064-filae.mp3\"><\/audio><\/figure>\n\n\n\n<figure class=\"wp-block-image size-large\"><img loading=\"lazy\" decoding=\"async\" width=\"958\" height=\"153\" src=\"https:\/\/walsermundart.ch\/wp-content\/uploads\/2021\/03\/a064-filae.jpg\" alt=\"\" class=\"wp-image-2989\" srcset=\"https:\/\/walsermundart.ch\/wp-content\/uploads\/2021\/03\/a064-filae.jpg 958w, https:\/\/walsermundart.ch\/wp-content\/uploads\/2021\/03\/a064-filae-300x48.jpg 300w, https:\/\/walsermundart.ch\/wp-content\/uploads\/2021\/03\/a064-filae-768x123.jpg 768w\" sizes=\"auto, (max-width: 958px) 100vw, 958px\" \/><\/figure>\n\n\n\n<p><strong>fisrl\u00e4<\/strong><\/p>\n\n\n\n<figure class=\"wp-block-audio\"><audio controls src=\"https:\/\/walsermundart.ch\/wp-content\/uploads\/2022\/04\/a065-fisrlae.mp3\"><\/audio><\/figure>\n\n\n\n<figure class=\"wp-block-image size-large\"><img loading=\"lazy\" decoding=\"async\" width=\"952\" height=\"154\" src=\"https:\/\/walsermundart.ch\/wp-content\/uploads\/2021\/03\/a065-fisrlae.jpg\" alt=\"\" class=\"wp-image-2994\" srcset=\"https:\/\/walsermundart.ch\/wp-content\/uploads\/2021\/03\/a065-fisrlae.jpg 952w, https:\/\/walsermundart.ch\/wp-content\/uploads\/2021\/03\/a065-fisrlae-300x49.jpg 300w, https:\/\/walsermundart.ch\/wp-content\/uploads\/2021\/03\/a065-fisrlae-768x124.jpg 768w\" sizes=\"auto, (max-width: 952px) 100vw, 952px\" \/><\/figure>\n\n\n\n<p><strong>fl\u00e4schsch\u00e4<\/strong><\/p>\n\n\n\n<figure class=\"wp-block-audio\"><audio controls src=\"https:\/\/walsermundart.ch\/wp-content\/uploads\/2022\/04\/a066-flaeschschae.mp3\"><\/audio><\/figure>\n\n\n\n<figure class=\"wp-block-image size-large\"><img loading=\"lazy\" decoding=\"async\" width=\"953\" height=\"151\" src=\"https:\/\/walsermundart.ch\/wp-content\/uploads\/2021\/03\/a066-flaeschschae.jpg\" alt=\"\" class=\"wp-image-2996\" srcset=\"https:\/\/walsermundart.ch\/wp-content\/uploads\/2021\/03\/a066-flaeschschae.jpg 953w, https:\/\/walsermundart.ch\/wp-content\/uploads\/2021\/03\/a066-flaeschschae-300x48.jpg 300w, https:\/\/walsermundart.ch\/wp-content\/uploads\/2021\/03\/a066-flaeschschae-768x122.jpg 768w\" sizes=\"auto, (max-width: 953px) 100vw, 953px\" \/><\/figure>\n\n\n\n<p><strong>Fl\u00e4ug\u00e4<\/strong><\/p>\n\n\n\n<figure class=\"wp-block-audio\"><audio controls src=\"https:\/\/walsermundart.ch\/wp-content\/uploads\/2022\/04\/a067-Flaeugae.mp3\"><\/audio><\/figure>\n\n\n\n<figure class=\"wp-block-image size-large\"><img loading=\"lazy\" decoding=\"async\" width=\"956\" height=\"148\" src=\"https:\/\/walsermundart.ch\/wp-content\/uploads\/2021\/03\/a067-Flaeugae.jpg\" alt=\"\" class=\"wp-image-2998\" srcset=\"https:\/\/walsermundart.ch\/wp-content\/uploads\/2021\/03\/a067-Flaeugae.jpg 956w, https:\/\/walsermundart.ch\/wp-content\/uploads\/2021\/03\/a067-Flaeugae-300x46.jpg 300w, https:\/\/walsermundart.ch\/wp-content\/uploads\/2021\/03\/a067-Flaeugae-768x119.jpg 768w\" sizes=\"auto, (max-width: 956px) 100vw, 956px\" \/><\/figure>\n\n\n\n<p><strong>fl\u00e4ug\u00e4<\/strong><\/p>\n\n\n\n<figure class=\"wp-block-audio\"><audio controls src=\"https:\/\/walsermundart.ch\/wp-content\/uploads\/2022\/04\/a068-flaeugae.mp3\"><\/audio><\/figure>\n\n\n\n<figure class=\"wp-block-image size-large\"><img loading=\"lazy\" decoding=\"async\" width=\"961\" height=\"148\" src=\"https:\/\/walsermundart.ch\/wp-content\/uploads\/2021\/03\/a068-flaeugae.jpg\" alt=\"\" class=\"wp-image-3000\" srcset=\"https:\/\/walsermundart.ch\/wp-content\/uploads\/2021\/03\/a068-flaeugae.jpg 961w, https:\/\/walsermundart.ch\/wp-content\/uploads\/2021\/03\/a068-flaeugae-300x46.jpg 300w, https:\/\/walsermundart.ch\/wp-content\/uploads\/2021\/03\/a068-flaeugae-768x118.jpg 768w\" sizes=\"auto, (max-width: 961px) 100vw, 961px\" \/><\/figure>\n\n\n\n<p><strong>fli\u00e4n<\/strong><\/p>\n\n\n\n<figure class=\"wp-block-audio\"><audio controls src=\"https:\/\/walsermundart.ch\/wp-content\/uploads\/2022\/04\/a069-fliaen.mp3\"><\/audio><\/figure>\n\n\n\n<figure class=\"wp-block-image size-large\"><img loading=\"lazy\" decoding=\"async\" width=\"962\" height=\"150\" src=\"https:\/\/walsermundart.ch\/wp-content\/uploads\/2021\/03\/a069-fliaen.jpg\" alt=\"\" class=\"wp-image-3002\" srcset=\"https:\/\/walsermundart.ch\/wp-content\/uploads\/2021\/03\/a069-fliaen.jpg 962w, https:\/\/walsermundart.ch\/wp-content\/uploads\/2021\/03\/a069-fliaen-300x47.jpg 300w, https:\/\/walsermundart.ch\/wp-content\/uploads\/2021\/03\/a069-fliaen-768x120.jpg 768w\" sizes=\"auto, (max-width: 962px) 100vw, 962px\" \/><\/figure>\n\n\n\n<p><strong>fr\u00fc\u00e4r<\/strong><\/p>\n\n\n\n<figure class=\"wp-block-audio\"><audio controls src=\"https:\/\/walsermundart.ch\/wp-content\/uploads\/2022\/04\/a070-frueaer.mp3\"><\/audio><\/figure>\n\n\n\n<figure class=\"wp-block-image size-large\"><img loading=\"lazy\" decoding=\"async\" width=\"958\" height=\"152\" src=\"https:\/\/walsermundart.ch\/wp-content\/uploads\/2021\/03\/a070-frueaer.jpg\" alt=\"\" class=\"wp-image-3006\" srcset=\"https:\/\/walsermundart.ch\/wp-content\/uploads\/2021\/03\/a070-frueaer.jpg 958w, https:\/\/walsermundart.ch\/wp-content\/uploads\/2021\/03\/a070-frueaer-300x48.jpg 300w, https:\/\/walsermundart.ch\/wp-content\/uploads\/2021\/03\/a070-frueaer-768x122.jpg 768w\" sizes=\"auto, (max-width: 958px) 100vw, 958px\" \/><\/figure>\n\n\n\n<p><strong>fu\u00e4trziitsch<\/strong><\/p>\n\n\n\n<figure class=\"wp-block-audio\"><audio controls src=\"https:\/\/walsermundart.ch\/wp-content\/uploads\/2022\/04\/a071-fuaetrziitsch.mp3\"><\/audio><\/figure>\n\n\n\n<figure class=\"wp-block-image size-large\"><img loading=\"lazy\" decoding=\"async\" width=\"960\" height=\"147\" src=\"https:\/\/walsermundart.ch\/wp-content\/uploads\/2021\/03\/a071-fuaetrziitsch.jpg\" alt=\"\" class=\"wp-image-3008\" srcset=\"https:\/\/walsermundart.ch\/wp-content\/uploads\/2021\/03\/a071-fuaetrziitsch.jpg 960w, https:\/\/walsermundart.ch\/wp-content\/uploads\/2021\/03\/a071-fuaetrziitsch-300x46.jpg 300w, https:\/\/walsermundart.ch\/wp-content\/uploads\/2021\/03\/a071-fuaetrziitsch-768x118.jpg 768w\" sizes=\"auto, (max-width: 960px) 100vw, 960px\" \/><\/figure>\n\n\n\n<p><strong>f\u00fcfzeh\u00e4<\/strong><\/p>\n\n\n\n<figure class=\"wp-block-audio\"><audio controls src=\"https:\/\/walsermundart.ch\/wp-content\/uploads\/2022\/04\/a072-fuefzehae.mp3\"><\/audio><\/figure>\n\n\n\n<figure class=\"wp-block-image size-large\"><img loading=\"lazy\" decoding=\"async\" width=\"947\" height=\"148\" src=\"https:\/\/walsermundart.ch\/wp-content\/uploads\/2021\/03\/a072-fuefzehae.jpg\" alt=\"\" class=\"wp-image-3010\" srcset=\"https:\/\/walsermundart.ch\/wp-content\/uploads\/2021\/03\/a072-fuefzehae.jpg 947w, https:\/\/walsermundart.ch\/wp-content\/uploads\/2021\/03\/a072-fuefzehae-300x47.jpg 300w, https:\/\/walsermundart.ch\/wp-content\/uploads\/2021\/03\/a072-fuefzehae-768x120.jpg 768w\" sizes=\"auto, (max-width: 947px) 100vw, 947px\" \/><\/figure>\n\n\n\n<p><strong>f\u00fcrdussn\u00e4<\/strong><\/p>\n\n\n\n<figure class=\"wp-block-audio\"><audio controls src=\"https:\/\/walsermundart.ch\/wp-content\/uploads\/2022\/04\/a073-fuerdussnae.mp3\"><\/audio><\/figure>\n\n\n\n<figure class=\"wp-block-image size-large\"><img loading=\"lazy\" decoding=\"async\" width=\"959\" height=\"147\" src=\"https:\/\/walsermundart.ch\/wp-content\/uploads\/2021\/03\/a073-fuerdussnae.jpg\" alt=\"\" class=\"wp-image-3012\" srcset=\"https:\/\/walsermundart.ch\/wp-content\/uploads\/2021\/03\/a073-fuerdussnae.jpg 959w, https:\/\/walsermundart.ch\/wp-content\/uploads\/2021\/03\/a073-fuerdussnae-300x46.jpg 300w, https:\/\/walsermundart.ch\/wp-content\/uploads\/2021\/03\/a073-fuerdussnae-768x118.jpg 768w\" sizes=\"auto, (max-width: 959px) 100vw, 959px\" \/><\/figure>\n\n\n\n<p><strong>f\u00fcrhiin<\/strong><\/p>\n\n\n\n<figure class=\"wp-block-audio\"><audio controls src=\"https:\/\/walsermundart.ch\/wp-content\/uploads\/2022\/04\/a074-fuerhiin.mp3\"><\/audio><\/figure>\n\n\n\n<figure class=\"wp-block-image size-large\"><img loading=\"lazy\" decoding=\"async\" width=\"963\" height=\"152\" src=\"https:\/\/walsermundart.ch\/wp-content\/uploads\/2021\/03\/a074-fuerhiin.jpg\" alt=\"\" class=\"wp-image-3014\" srcset=\"https:\/\/walsermundart.ch\/wp-content\/uploads\/2021\/03\/a074-fuerhiin.jpg 963w, https:\/\/walsermundart.ch\/wp-content\/uploads\/2021\/03\/a074-fuerhiin-300x47.jpg 300w, https:\/\/walsermundart.ch\/wp-content\/uploads\/2021\/03\/a074-fuerhiin-768x121.jpg 768w\" sizes=\"auto, (max-width: 963px) 100vw, 963px\" \/><\/figure>\n\n\n\n<figure class=\"wp-block-image size-full is-resized\"><a href=\"https:\/\/walsermundart.ch\/?page_id=414\"><img loading=\"lazy\" decoding=\"async\" width=\"268\" height=\"173\" src=\"https:\/\/walsermundart.ch\/wp-content\/uploads\/2022\/03\/Pfeil-zurueck-mini-1.jpg\" alt=\"\" class=\"wp-image-6871\" style=\"width:110px;height:71px\"\/><\/a><\/figure>\n","protected":false},"excerpt":{"rendered":"<p>F\u00e4rsch\u00e4n\u00e4 F\u00e4drl\u00e4sis Faduschgl fergg\u00e4 fiin fil\u00e4 fisrl\u00e4 fl\u00e4schsch\u00e4 Fl\u00e4ug\u00e4 fl\u00e4ug\u00e4 fli\u00e4n fr\u00fc\u00e4r fu\u00e4trziitsch f\u00fcfzeh\u00e4 f\u00fcrdussn\u00e4 f\u00fcrhiin<\/p>\n","protected":false},"author":1,"featured_media":0,"parent":0,"menu_order":0,"comment_status":"closed","ping_status":"closed","template":"","meta":{"footnotes":""},"class_list":["post-2974","page","type-page","status-publish","hentry"],"_links":{"self":[{"href":"https:\/\/walsermundart.ch\/index.php?rest_route=\/wp\/v2\/pages\/2974","targetHints":{"allow":["GET"]}}],"collection":[{"href":"https:\/\/walsermundart.ch\/index.php?rest_route=\/wp\/v2\/pages"}],"about":[{"href":"https:\/\/walsermundart.ch\/index.php?rest_route=\/wp\/v2\/types\/page"}],"author":[{"embeddable":true,"href":"https:\/\/walsermundart.ch\/index.php?rest_route=\/wp\/v2\/users\/1"}],"replies":[{"embeddable":true,"href":"https:\/\/walsermundart.ch\/index.php?rest_route=%2Fwp%2Fv2%2Fcomments&post=2974"}],"version-history":[{"count":20,"href":"https:\/\/walsermundart.ch\/index.php?rest_route=\/wp\/v2\/pages\/2974\/revisions"}],"predecessor-version":[{"id":8702,"href":"https:\/\/walsermundart.ch\/index.php?rest_route=\/wp\/v2\/pages\/2974\/revisions\/8702"}],"wp:attachment":[{"href":"https:\/\/walsermundart.ch\/index.php?rest_route=%2Fwp%2Fv2%2Fmedia&parent=2974"}],"curies":[{"name":"wp","href":"https:\/\/api.w.org\/{rel}","templated":true}]}}