{"id":3018,"date":"2021-03-09T08:27:57","date_gmt":"2021-03-09T08:27:57","guid":{"rendered":"https:\/\/walsermundart.ch\/?page_id=3018"},"modified":"2024-02-18T15:42:40","modified_gmt":"2024-02-18T15:42:40","slug":"4-g","status":"publish","type":"page","link":"https:\/\/walsermundart.ch\/?page_id=3018","title":{"rendered":"5.05 &#8211; G"},"content":{"rendered":"\n<figure class=\"wp-block-image size-full is-resized\"><a href=\"https:\/\/walsermundart.ch\/?page_id=414\"><img loading=\"lazy\" decoding=\"async\" width=\"268\" height=\"173\" src=\"https:\/\/walsermundart.ch\/wp-content\/uploads\/2022\/03\/Pfeil-zurueck-mini-1.jpg\" alt=\"\" class=\"wp-image-6871\" style=\"width:105px;height:68px\"\/><\/a><\/figure>\n\n\n\n<p><strong>gaan<\/strong><\/p>\n\n\n\n<figure class=\"wp-block-audio\"><audio controls src=\"https:\/\/walsermundart.ch\/wp-content\/uploads\/2022\/04\/a080-gaan.mp3\"><\/audio><\/figure>\n\n\n\n<figure class=\"wp-block-image size-large\"><img loading=\"lazy\" decoding=\"async\" width=\"964\" height=\"152\" src=\"https:\/\/walsermundart.ch\/wp-content\/uploads\/2021\/03\/a080-gaan.jpg\" alt=\"\" class=\"wp-image-3074\" srcset=\"https:\/\/walsermundart.ch\/wp-content\/uploads\/2021\/03\/a080-gaan.jpg 964w, https:\/\/walsermundart.ch\/wp-content\/uploads\/2021\/03\/a080-gaan-300x47.jpg 300w, https:\/\/walsermundart.ch\/wp-content\/uploads\/2021\/03\/a080-gaan-768x121.jpg 768w\" sizes=\"auto, (max-width: 964px) 100vw, 964px\" \/><\/figure>\n\n\n\n<p><strong>g\u00e4\u00e4n<\/strong><\/p>\n\n\n\n<figure class=\"wp-block-audio\"><audio controls src=\"https:\/\/walsermundart.ch\/wp-content\/uploads\/2022\/04\/a081-gaeaen.mp3\"><\/audio><\/figure>\n\n\n\n<figure class=\"wp-block-image size-large\"><img loading=\"lazy\" decoding=\"async\" width=\"957\" height=\"157\" src=\"https:\/\/walsermundart.ch\/wp-content\/uploads\/2021\/03\/a081-gaeaen.jpg\" alt=\"\" class=\"wp-image-3076\" srcset=\"https:\/\/walsermundart.ch\/wp-content\/uploads\/2021\/03\/a081-gaeaen.jpg 957w, https:\/\/walsermundart.ch\/wp-content\/uploads\/2021\/03\/a081-gaeaen-300x49.jpg 300w, https:\/\/walsermundart.ch\/wp-content\/uploads\/2021\/03\/a081-gaeaen-768x126.jpg 768w\" sizes=\"auto, (max-width: 957px) 100vw, 957px\" \/><\/figure>\n\n\n\n<p><strong>g\u00e4\u00e4r\u00e4<\/strong><\/p>\n\n\n\n<figure class=\"wp-block-audio\"><audio controls src=\"https:\/\/walsermundart.ch\/wp-content\/uploads\/2022\/04\/a082-gaeaerae.mp3\"><\/audio><\/figure>\n\n\n\n<figure class=\"wp-block-image size-large\"><img loading=\"lazy\" decoding=\"async\" width=\"957\" height=\"143\" src=\"https:\/\/walsermundart.ch\/wp-content\/uploads\/2021\/03\/a082-gaeaerae.jpg\" alt=\"\" class=\"wp-image-3078\" srcset=\"https:\/\/walsermundart.ch\/wp-content\/uploads\/2021\/03\/a082-gaeaerae.jpg 957w, https:\/\/walsermundart.ch\/wp-content\/uploads\/2021\/03\/a082-gaeaerae-300x45.jpg 300w, https:\/\/walsermundart.ch\/wp-content\/uploads\/2021\/03\/a082-gaeaerae-768x115.jpg 768w\" sizes=\"auto, (max-width: 957px) 100vw, 957px\" \/><\/figure>\n\n\n\n<p><strong>g\u00e4batz\u00e4d<\/strong><\/p>\n\n\n\n<figure class=\"wp-block-audio\"><audio controls src=\"https:\/\/walsermundart.ch\/wp-content\/uploads\/2022\/04\/a083-gaebatzaed.mp3\"><\/audio><\/figure>\n\n\n\n<figure class=\"wp-block-image size-large\"><img loading=\"lazy\" decoding=\"async\" width=\"954\" height=\"148\" src=\"https:\/\/walsermundart.ch\/wp-content\/uploads\/2021\/03\/a083-gaebatzaed.jpg\" alt=\"\" class=\"wp-image-3080\" srcset=\"https:\/\/walsermundart.ch\/wp-content\/uploads\/2021\/03\/a083-gaebatzaed.jpg 954w, https:\/\/walsermundart.ch\/wp-content\/uploads\/2021\/03\/a083-gaebatzaed-300x47.jpg 300w, https:\/\/walsermundart.ch\/wp-content\/uploads\/2021\/03\/a083-gaebatzaed-768x119.jpg 768w\" sizes=\"auto, (max-width: 954px) 100vw, 954px\" \/><\/figure>\n\n\n\n<p><strong>g\u00e4bittloos<\/strong><\/p>\n\n\n\n<figure class=\"wp-block-audio\"><audio controls src=\"https:\/\/walsermundart.ch\/wp-content\/uploads\/2022\/04\/a084-gaebittloos.mp3\"><\/audio><\/figure>\n\n\n\n<figure class=\"wp-block-image size-large\"><img loading=\"lazy\" decoding=\"async\" width=\"953\" height=\"150\" src=\"https:\/\/walsermundart.ch\/wp-content\/uploads\/2021\/03\/a084-gaebittloos.jpg\" alt=\"\" class=\"wp-image-3082\" srcset=\"https:\/\/walsermundart.ch\/wp-content\/uploads\/2021\/03\/a084-gaebittloos.jpg 953w, https:\/\/walsermundart.ch\/wp-content\/uploads\/2021\/03\/a084-gaebittloos-300x47.jpg 300w, https:\/\/walsermundart.ch\/wp-content\/uploads\/2021\/03\/a084-gaebittloos-768x121.jpg 768w\" sizes=\"auto, (max-width: 953px) 100vw, 953px\" \/><\/figure>\n\n\n\n<p><strong>G\u00e4b\u00fc\u00e4tztsch<\/strong><\/p>\n\n\n\n<figure class=\"wp-block-audio\"><audio controls src=\"https:\/\/walsermundart.ch\/wp-content\/uploads\/2022\/04\/a085-Gaebueaetztsch.mp3\"><\/audio><\/figure>\n\n\n\n<figure class=\"wp-block-image size-large\"><img loading=\"lazy\" decoding=\"async\" width=\"954\" height=\"150\" src=\"https:\/\/walsermundart.ch\/wp-content\/uploads\/2021\/03\/a085-Gaebueaetztsch.jpg\" alt=\"\" class=\"wp-image-3089\" srcset=\"https:\/\/walsermundart.ch\/wp-content\/uploads\/2021\/03\/a085-Gaebueaetztsch.jpg 954w, https:\/\/walsermundart.ch\/wp-content\/uploads\/2021\/03\/a085-Gaebueaetztsch-300x47.jpg 300w, https:\/\/walsermundart.ch\/wp-content\/uploads\/2021\/03\/a085-Gaebueaetztsch-768x121.jpg 768w\" sizes=\"auto, (max-width: 954px) 100vw, 954px\" \/><\/figure>\n\n\n\n<p><strong>G\u00e4um\u00e4ri<\/strong><\/p>\n\n\n\n<figure class=\"wp-block-audio\"><audio controls src=\"https:\/\/walsermundart.ch\/wp-content\/uploads\/2022\/04\/a086-Gaeumaeri.mp3\"><\/audio><\/figure>\n\n\n\n<figure class=\"wp-block-image size-large\"><img loading=\"lazy\" decoding=\"async\" width=\"956\" height=\"148\" src=\"https:\/\/walsermundart.ch\/wp-content\/uploads\/2021\/03\/a086-Gaeumaeri.jpg\" alt=\"\" class=\"wp-image-3091\" srcset=\"https:\/\/walsermundart.ch\/wp-content\/uploads\/2021\/03\/a086-Gaeumaeri.jpg 956w, https:\/\/walsermundart.ch\/wp-content\/uploads\/2021\/03\/a086-Gaeumaeri-300x46.jpg 300w, https:\/\/walsermundart.ch\/wp-content\/uploads\/2021\/03\/a086-Gaeumaeri-768x119.jpg 768w\" sizes=\"auto, (max-width: 956px) 100vw, 956px\" \/><\/figure>\n\n\n\n<p><strong>gchii\u00e4<\/strong><\/p>\n\n\n\n<figure class=\"wp-block-audio\"><audio controls src=\"https:\/\/walsermundart.ch\/wp-content\/uploads\/2022\/04\/a087-gchiiae.mp3\"><\/audio><\/figure>\n\n\n\n<figure class=\"wp-block-image size-large\"><img loading=\"lazy\" decoding=\"async\" width=\"960\" height=\"151\" src=\"https:\/\/walsermundart.ch\/wp-content\/uploads\/2021\/03\/a087-gchiiae.jpg\" alt=\"\" class=\"wp-image-3093\" srcset=\"https:\/\/walsermundart.ch\/wp-content\/uploads\/2021\/03\/a087-gchiiae.jpg 960w, https:\/\/walsermundart.ch\/wp-content\/uploads\/2021\/03\/a087-gchiiae-300x47.jpg 300w, https:\/\/walsermundart.ch\/wp-content\/uploads\/2021\/03\/a087-gchiiae-768x121.jpg 768w\" sizes=\"auto, (max-width: 960px) 100vw, 960px\" \/><\/figure>\n\n\n\n<p><strong>Ggeedr<\/strong><\/p>\n\n\n\n<figure class=\"wp-block-audio\"><audio controls src=\"https:\/\/walsermundart.ch\/wp-content\/uploads\/2022\/04\/a088-Ggeedr.mp3\"><\/audio><\/figure>\n\n\n\n<figure class=\"wp-block-image size-large\"><img loading=\"lazy\" decoding=\"async\" width=\"951\" height=\"182\" src=\"https:\/\/walsermundart.ch\/wp-content\/uploads\/2021\/03\/a088-Ggeedr.jpg\" alt=\"\" class=\"wp-image-3095\" srcset=\"https:\/\/walsermundart.ch\/wp-content\/uploads\/2021\/03\/a088-Ggeedr.jpg 951w, https:\/\/walsermundart.ch\/wp-content\/uploads\/2021\/03\/a088-Ggeedr-300x57.jpg 300w, https:\/\/walsermundart.ch\/wp-content\/uploads\/2021\/03\/a088-Ggeedr-768x147.jpg 768w\" sizes=\"auto, (max-width: 951px) 100vw, 951px\" \/><\/figure>\n\n\n\n<p><strong>ggn\u00e4s\u00e4<\/strong><\/p>\n\n\n\n<figure class=\"wp-block-audio\"><audio controls src=\"https:\/\/walsermundart.ch\/wp-content\/uploads\/2022\/04\/a089-ggnaesae.mp3\"><\/audio><\/figure>\n\n\n\n<figure class=\"wp-block-image size-large\"><img loading=\"lazy\" decoding=\"async\" width=\"956\" height=\"152\" src=\"https:\/\/walsermundart.ch\/wp-content\/uploads\/2021\/03\/a089-ggnaesae.jpg\" alt=\"\" class=\"wp-image-3097\" srcset=\"https:\/\/walsermundart.ch\/wp-content\/uploads\/2021\/03\/a089-ggnaesae.jpg 956w, https:\/\/walsermundart.ch\/wp-content\/uploads\/2021\/03\/a089-ggnaesae-300x48.jpg 300w, https:\/\/walsermundart.ch\/wp-content\/uploads\/2021\/03\/a089-ggnaesae-768x122.jpg 768w\" sizes=\"auto, (max-width: 956px) 100vw, 956px\" \/><\/figure>\n\n\n\n<p><strong>ggni\u00e4ss\u00e4<\/strong><\/p>\n\n\n\n<figure class=\"wp-block-audio\"><audio controls src=\"https:\/\/walsermundart.ch\/wp-content\/uploads\/2022\/04\/a090-ggniaessae.mp3\"><\/audio><\/figure>\n\n\n\n<figure class=\"wp-block-image size-large\"><img loading=\"lazy\" decoding=\"async\" width=\"958\" height=\"148\" src=\"https:\/\/walsermundart.ch\/wp-content\/uploads\/2021\/03\/a090-ggniaessae.jpg\" alt=\"\" class=\"wp-image-3101\" srcset=\"https:\/\/walsermundart.ch\/wp-content\/uploads\/2021\/03\/a090-ggniaessae.jpg 958w, https:\/\/walsermundart.ch\/wp-content\/uploads\/2021\/03\/a090-ggniaessae-300x46.jpg 300w, https:\/\/walsermundart.ch\/wp-content\/uploads\/2021\/03\/a090-ggniaessae-768x119.jpg 768w\" sizes=\"auto, (max-width: 958px) 100vw, 958px\" \/><\/figure>\n\n\n\n<p><strong>ggnigl\u00e4d<\/strong><\/p>\n\n\n\n<figure class=\"wp-block-audio\"><audio controls src=\"https:\/\/walsermundart.ch\/wp-content\/uploads\/2022\/04\/a091-ggniglaed.mp3\"><\/audio><\/figure>\n\n\n\n<figure class=\"wp-block-image size-large\"><img loading=\"lazy\" decoding=\"async\" width=\"954\" height=\"148\" src=\"https:\/\/walsermundart.ch\/wp-content\/uploads\/2021\/03\/a091-ggniglaed.jpg\" alt=\"\" class=\"wp-image-3103\" srcset=\"https:\/\/walsermundart.ch\/wp-content\/uploads\/2021\/03\/a091-ggniglaed.jpg 954w, https:\/\/walsermundart.ch\/wp-content\/uploads\/2021\/03\/a091-ggniglaed-300x47.jpg 300w, https:\/\/walsermundart.ch\/wp-content\/uploads\/2021\/03\/a091-ggniglaed-768x119.jpg 768w\" sizes=\"auto, (max-width: 954px) 100vw, 954px\" \/><\/figure>\n\n\n\n<p><strong>ggn\u00fc\u00e4g\u00e4l\u00e4<\/strong><\/p>\n\n\n\n<figure class=\"wp-block-audio\"><audio controls src=\"https:\/\/walsermundart.ch\/wp-content\/uploads\/2022\/04\/a092-ggnueaegaelae.mp3\"><\/audio><\/figure>\n\n\n\n<figure class=\"wp-block-image size-large\"><img loading=\"lazy\" decoding=\"async\" width=\"955\" height=\"150\" src=\"https:\/\/walsermundart.ch\/wp-content\/uploads\/2021\/03\/a092-ggnueaegaelae.jpg\" alt=\"\" class=\"wp-image-3105\" srcset=\"https:\/\/walsermundart.ch\/wp-content\/uploads\/2021\/03\/a092-ggnueaegaelae.jpg 955w, https:\/\/walsermundart.ch\/wp-content\/uploads\/2021\/03\/a092-ggnueaegaelae-300x47.jpg 300w, https:\/\/walsermundart.ch\/wp-content\/uploads\/2021\/03\/a092-ggnueaegaelae-768x121.jpg 768w\" sizes=\"auto, (max-width: 955px) 100vw, 955px\" \/><\/figure>\n\n\n\n<p><strong>Ggongg\u00e4<\/strong><\/p>\n\n\n\n<figure class=\"wp-block-audio\"><audio controls src=\"https:\/\/walsermundart.ch\/wp-content\/uploads\/2022\/04\/a093-Ggonggae.mp3\"><\/audio><\/figure>\n\n\n\n<figure class=\"wp-block-image size-large\"><img loading=\"lazy\" decoding=\"async\" width=\"962\" height=\"189\" src=\"https:\/\/walsermundart.ch\/wp-content\/uploads\/2021\/03\/a093-Ggonggae.jpg\" alt=\"\" class=\"wp-image-3107\" srcset=\"https:\/\/walsermundart.ch\/wp-content\/uploads\/2021\/03\/a093-Ggonggae.jpg 962w, https:\/\/walsermundart.ch\/wp-content\/uploads\/2021\/03\/a093-Ggonggae-300x59.jpg 300w, https:\/\/walsermundart.ch\/wp-content\/uploads\/2021\/03\/a093-Ggonggae-768x151.jpg 768w\" sizes=\"auto, (max-width: 962px) 100vw, 962px\" \/><\/figure>\n\n\n\n<p><strong>ghand<\/strong><\/p>\n\n\n\n<figure class=\"wp-block-audio\"><audio controls src=\"https:\/\/walsermundart.ch\/wp-content\/uploads\/2022\/04\/a094-ghand.mp3\"><\/audio><\/figure>\n\n\n\n<figure class=\"wp-block-image size-large\"><img loading=\"lazy\" decoding=\"async\" width=\"954\" height=\"146\" src=\"https:\/\/walsermundart.ch\/wp-content\/uploads\/2021\/03\/a094-ghand.jpg\" alt=\"\" class=\"wp-image-3109\" srcset=\"https:\/\/walsermundart.ch\/wp-content\/uploads\/2021\/03\/a094-ghand.jpg 954w, https:\/\/walsermundart.ch\/wp-content\/uploads\/2021\/03\/a094-ghand-300x46.jpg 300w, https:\/\/walsermundart.ch\/wp-content\/uploads\/2021\/03\/a094-ghand-768x118.jpg 768w\" sizes=\"auto, (max-width: 954px) 100vw, 954px\" \/><\/figure>\n\n\n\n<figure class=\"wp-block-image size-full is-resized\"><a href=\"https:\/\/walsermundart.ch\/?page_id=414\"><img loading=\"lazy\" decoding=\"async\" width=\"268\" height=\"173\" src=\"https:\/\/walsermundart.ch\/wp-content\/uploads\/2022\/03\/Pfeil-zurueck-mini-1.jpg\" alt=\"\" class=\"wp-image-6871\" style=\"width:108px;height:70px\"\/><\/a><\/figure>\n","protected":false},"excerpt":{"rendered":"<p>gaan g\u00e4\u00e4n g\u00e4\u00e4r\u00e4 g\u00e4batz\u00e4d g\u00e4bittloos G\u00e4b\u00fc\u00e4tztsch G\u00e4um\u00e4ri gchii\u00e4 Ggeedr ggn\u00e4s\u00e4 ggni\u00e4ss\u00e4 ggnigl\u00e4d ggn\u00fc\u00e4g\u00e4l\u00e4 Ggongg\u00e4 ghand<\/p>\n","protected":false},"author":1,"featured_media":0,"parent":0,"menu_order":0,"comment_status":"closed","ping_status":"closed","template":"","meta":{"footnotes":""},"class_list":["post-3018","page","type-page","status-publish","hentry"],"_links":{"self":[{"href":"https:\/\/walsermundart.ch\/index.php?rest_route=\/wp\/v2\/pages\/3018","targetHints":{"allow":["GET"]}}],"collection":[{"href":"https:\/\/walsermundart.ch\/index.php?rest_route=\/wp\/v2\/pages"}],"about":[{"href":"https:\/\/walsermundart.ch\/index.php?rest_route=\/wp\/v2\/types\/page"}],"author":[{"embeddable":true,"href":"https:\/\/walsermundart.ch\/index.php?rest_route=\/wp\/v2\/users\/1"}],"replies":[{"embeddable":true,"href":"https:\/\/walsermundart.ch\/index.php?rest_route=%2Fwp%2Fv2%2Fcomments&post=3018"}],"version-history":[{"count":19,"href":"https:\/\/walsermundart.ch\/index.php?rest_route=\/wp\/v2\/pages\/3018\/revisions"}],"predecessor-version":[{"id":8708,"href":"https:\/\/walsermundart.ch\/index.php?rest_route=\/wp\/v2\/pages\/3018\/revisions\/8708"}],"wp:attachment":[{"href":"https:\/\/walsermundart.ch\/index.php?rest_route=%2Fwp%2Fv2%2Fmedia&parent=3018"}],"curies":[{"name":"wp","href":"https:\/\/api.w.org\/{rel}","templated":true}]}}