{"id":3020,"date":"2021-03-09T08:28:48","date_gmt":"2021-03-09T08:28:48","guid":{"rendered":"https:\/\/walsermundart.ch\/?page_id=3020"},"modified":"2024-02-18T15:52:37","modified_gmt":"2024-02-18T15:52:37","slug":"4-h","status":"publish","type":"page","link":"https:\/\/walsermundart.ch\/?page_id=3020","title":{"rendered":"5.06 &#8211; H"},"content":{"rendered":"\n<figure class=\"wp-block-image size-full is-resized\"><a href=\"https:\/\/walsermundart.ch\/?page_id=414\"><img loading=\"lazy\" decoding=\"async\" width=\"268\" height=\"173\" src=\"https:\/\/walsermundart.ch\/wp-content\/uploads\/2022\/03\/Pfeil-zurueck-mini-1.jpg\" alt=\"\" class=\"wp-image-6871\" style=\"width:108px;height:70px\"\/><\/a><\/figure>\n\n\n\n<p><strong>haald\u00e4<\/strong><\/p>\n\n\n\n<figure class=\"wp-block-audio\"><audio controls src=\"https:\/\/walsermundart.ch\/wp-content\/uploads\/2022\/04\/a095-haaldae.mp3\"><\/audio><\/figure>\n\n\n\n<figure class=\"wp-block-image size-large\"><img loading=\"lazy\" decoding=\"async\" width=\"961\" height=\"152\" src=\"https:\/\/walsermundart.ch\/wp-content\/uploads\/2021\/03\/a095-haaldae.jpg\" alt=\"\" class=\"wp-image-3115\" srcset=\"https:\/\/walsermundart.ch\/wp-content\/uploads\/2021\/03\/a095-haaldae.jpg 961w, https:\/\/walsermundart.ch\/wp-content\/uploads\/2021\/03\/a095-haaldae-300x47.jpg 300w, https:\/\/walsermundart.ch\/wp-content\/uploads\/2021\/03\/a095-haaldae-768x121.jpg 768w\" sizes=\"auto, (max-width: 961px) 100vw, 961px\" \/><\/figure>\n\n\n\n<p><strong>h\u00e4ich\u00e4<\/strong><\/p>\n\n\n\n<figure class=\"wp-block-audio\"><audio controls src=\"https:\/\/walsermundart.ch\/wp-content\/uploads\/2022\/04\/a096-haeichae.mp3\"><\/audio><\/figure>\n\n\n\n<figure class=\"wp-block-image size-large\"><img loading=\"lazy\" decoding=\"async\" width=\"949\" height=\"151\" src=\"https:\/\/walsermundart.ch\/wp-content\/uploads\/2021\/03\/a096-haeichae.jpg\" alt=\"\" class=\"wp-image-3117\" srcset=\"https:\/\/walsermundart.ch\/wp-content\/uploads\/2021\/03\/a096-haeichae.jpg 949w, https:\/\/walsermundart.ch\/wp-content\/uploads\/2021\/03\/a096-haeichae-300x48.jpg 300w, https:\/\/walsermundart.ch\/wp-content\/uploads\/2021\/03\/a096-haeichae-768x122.jpg 768w\" sizes=\"auto, (max-width: 949px) 100vw, 949px\" \/><\/figure>\n\n\n\n<p><strong>h\u00e4in<\/strong><\/p>\n\n\n\n<figure class=\"wp-block-audio\"><audio controls src=\"https:\/\/walsermundart.ch\/wp-content\/uploads\/2022\/04\/a097-haein.mp3\"><\/audio><\/figure>\n\n\n\n<figure class=\"wp-block-image size-large\"><img loading=\"lazy\" decoding=\"async\" width=\"954\" height=\"152\" src=\"https:\/\/walsermundart.ch\/wp-content\/uploads\/2021\/03\/a097-haein.jpg\" alt=\"\" class=\"wp-image-3119\" srcset=\"https:\/\/walsermundart.ch\/wp-content\/uploads\/2021\/03\/a097-haein.jpg 954w, https:\/\/walsermundart.ch\/wp-content\/uploads\/2021\/03\/a097-haein-300x48.jpg 300w, https:\/\/walsermundart.ch\/wp-content\/uploads\/2021\/03\/a097-haein-768x122.jpg 768w\" sizes=\"auto, (max-width: 954px) 100vw, 954px\" \/><\/figure>\n\n\n\n<p><strong>H\u00e4ing\u00e4zogni<\/strong><\/p>\n\n\n\n<figure class=\"wp-block-audio\"><audio controls src=\"https:\/\/walsermundart.ch\/wp-content\/uploads\/2022\/04\/a098-haeingaezogni.mp3\"><\/audio><\/figure>\n\n\n\n<figure class=\"wp-block-image size-large\"><img loading=\"lazy\" decoding=\"async\" width=\"955\" height=\"187\" src=\"https:\/\/walsermundart.ch\/wp-content\/uploads\/2021\/03\/a098-haeingaezogni.jpg\" alt=\"\" class=\"wp-image-3121\" srcset=\"https:\/\/walsermundart.ch\/wp-content\/uploads\/2021\/03\/a098-haeingaezogni.jpg 955w, https:\/\/walsermundart.ch\/wp-content\/uploads\/2021\/03\/a098-haeingaezogni-300x59.jpg 300w, https:\/\/walsermundart.ch\/wp-content\/uploads\/2021\/03\/a098-haeingaezogni-768x150.jpg 768w\" sizes=\"auto, (max-width: 955px) 100vw, 955px\" \/><\/figure>\n\n\n\n<p><strong>han<\/strong><\/p>\n\n\n\n<figure class=\"wp-block-audio\"><audio controls src=\"https:\/\/walsermundart.ch\/wp-content\/uploads\/2022\/04\/a099-han.mp3\"><\/audio><\/figure>\n\n\n\n<figure class=\"wp-block-image size-large\"><img loading=\"lazy\" decoding=\"async\" width=\"954\" height=\"152\" src=\"https:\/\/walsermundart.ch\/wp-content\/uploads\/2021\/03\/a099-han.jpg\" alt=\"\" class=\"wp-image-3123\" srcset=\"https:\/\/walsermundart.ch\/wp-content\/uploads\/2021\/03\/a099-han.jpg 954w, https:\/\/walsermundart.ch\/wp-content\/uploads\/2021\/03\/a099-han-300x48.jpg 300w, https:\/\/walsermundart.ch\/wp-content\/uploads\/2021\/03\/a099-han-768x122.jpg 768w\" sizes=\"auto, (max-width: 954px) 100vw, 954px\" \/><\/figure>\n\n\n\n<p> <strong>H\u00e4uschtr\u00e4ffl<\/strong><\/p>\n\n\n\n<figure class=\"wp-block-audio\"><audio controls src=\"https:\/\/walsermundart.ch\/wp-content\/uploads\/2022\/04\/a100-Haeuschtraeffl.mp3\"><\/audio><\/figure>\n\n\n\n<figure class=\"wp-block-image size-large\"><img loading=\"lazy\" decoding=\"async\" width=\"968\" height=\"153\" src=\"https:\/\/walsermundart.ch\/wp-content\/uploads\/2021\/03\/a100-Haeuschtraeffl.jpg\" alt=\"\" class=\"wp-image-3127\" srcset=\"https:\/\/walsermundart.ch\/wp-content\/uploads\/2021\/03\/a100-Haeuschtraeffl.jpg 968w, https:\/\/walsermundart.ch\/wp-content\/uploads\/2021\/03\/a100-Haeuschtraeffl-300x47.jpg 300w, https:\/\/walsermundart.ch\/wp-content\/uploads\/2021\/03\/a100-Haeuschtraeffl-768x121.jpg 768w\" sizes=\"auto, (max-width: 968px) 100vw, 968px\" \/><\/figure>\n\n\n\n<p><strong>hilb\u00e4n\u00e4<\/strong><\/p>\n\n\n\n<figure class=\"wp-block-audio\"><audio controls src=\"https:\/\/walsermundart.ch\/wp-content\/uploads\/2022\/04\/a101-hilbaenae.mp3\"><\/audio><\/figure>\n\n\n\n<figure class=\"wp-block-image size-large\"><img loading=\"lazy\" decoding=\"async\" width=\"956\" height=\"149\" src=\"https:\/\/walsermundart.ch\/wp-content\/uploads\/2021\/03\/a101-hilbaenae.jpg\" alt=\"\" class=\"wp-image-3129\" srcset=\"https:\/\/walsermundart.ch\/wp-content\/uploads\/2021\/03\/a101-hilbaenae.jpg 956w, https:\/\/walsermundart.ch\/wp-content\/uploads\/2021\/03\/a101-hilbaenae-300x47.jpg 300w, https:\/\/walsermundart.ch\/wp-content\/uploads\/2021\/03\/a101-hilbaenae-768x120.jpg 768w\" sizes=\"auto, (max-width: 956px) 100vw, 956px\" \/><\/figure>\n\n\n\n<p><strong>hind\u00e4r\u00e4nand\u00e4r\u00e4<\/strong><\/p>\n\n\n\n<figure class=\"wp-block-audio\"><audio controls src=\"https:\/\/walsermundart.ch\/wp-content\/uploads\/2022\/04\/a102-hindaeraenandaerae.mp3\"><\/audio><\/figure>\n\n\n\n<figure class=\"wp-block-image size-large\"><img loading=\"lazy\" decoding=\"async\" width=\"956\" height=\"152\" src=\"https:\/\/walsermundart.ch\/wp-content\/uploads\/2021\/03\/a102-hindaeraenandaerae.jpg\" alt=\"\" class=\"wp-image-3131\" srcset=\"https:\/\/walsermundart.ch\/wp-content\/uploads\/2021\/03\/a102-hindaeraenandaerae.jpg 956w, https:\/\/walsermundart.ch\/wp-content\/uploads\/2021\/03\/a102-hindaeraenandaerae-300x48.jpg 300w, https:\/\/walsermundart.ch\/wp-content\/uploads\/2021\/03\/a102-hindaeraenandaerae-768x122.jpg 768w\" sizes=\"auto, (max-width: 956px) 100vw, 956px\" \/><\/figure>\n\n\n\n<p><strong>h\u00f6\u00f6ch<\/strong><\/p>\n\n\n\n<figure class=\"wp-block-audio\"><audio controls src=\"https:\/\/walsermundart.ch\/wp-content\/uploads\/2022\/04\/a103-hoeoech.mp3\"><\/audio><\/figure>\n\n\n\n<figure class=\"wp-block-image size-large\"><img loading=\"lazy\" decoding=\"async\" width=\"958\" height=\"151\" src=\"https:\/\/walsermundart.ch\/wp-content\/uploads\/2021\/03\/a103-hoeoech.jpg\" alt=\"\" class=\"wp-image-3133\" srcset=\"https:\/\/walsermundart.ch\/wp-content\/uploads\/2021\/03\/a103-hoeoech.jpg 958w, https:\/\/walsermundart.ch\/wp-content\/uploads\/2021\/03\/a103-hoeoech-300x47.jpg 300w, https:\/\/walsermundart.ch\/wp-content\/uploads\/2021\/03\/a103-hoeoech-768x121.jpg 768w\" sizes=\"auto, (max-width: 958px) 100vw, 958px\" \/><\/figure>\n\n\n\n<p><strong>h\u00fcbsch<\/strong><\/p>\n\n\n\n<figure class=\"wp-block-audio\"><audio controls src=\"https:\/\/walsermundart.ch\/wp-content\/uploads\/2022\/04\/a104-huebsch.mp3\"><\/audio><\/figure>\n\n\n\n<figure class=\"wp-block-image size-large\"><img loading=\"lazy\" decoding=\"async\" width=\"954\" height=\"150\" src=\"https:\/\/walsermundart.ch\/wp-content\/uploads\/2021\/03\/a104-huebsch.jpg\" alt=\"\" class=\"wp-image-3135\" srcset=\"https:\/\/walsermundart.ch\/wp-content\/uploads\/2021\/03\/a104-huebsch.jpg 954w, https:\/\/walsermundart.ch\/wp-content\/uploads\/2021\/03\/a104-huebsch-300x47.jpg 300w, https:\/\/walsermundart.ch\/wp-content\/uploads\/2021\/03\/a104-huebsch-768x121.jpg 768w\" sizes=\"auto, (max-width: 954px) 100vw, 954px\" \/><\/figure>\n\n\n\n<figure class=\"wp-block-image size-full is-resized\"><a href=\"https:\/\/walsermundart.ch\/?page_id=414\"><img loading=\"lazy\" decoding=\"async\" width=\"268\" height=\"173\" src=\"https:\/\/walsermundart.ch\/wp-content\/uploads\/2022\/03\/Pfeil-zurueck-mini-1.jpg\" alt=\"\" class=\"wp-image-6871\" style=\"width:108px;height:70px\"\/><\/a><\/figure>\n\n\n\n<p><\/p>\n","protected":false},"excerpt":{"rendered":"<p>haald\u00e4 h\u00e4ich\u00e4 h\u00e4in H\u00e4ing\u00e4zogni han H\u00e4uschtr\u00e4ffl hilb\u00e4n\u00e4 hind\u00e4r\u00e4nand\u00e4r\u00e4 h\u00f6\u00f6ch h\u00fcbsch<\/p>\n","protected":false},"author":1,"featured_media":0,"parent":0,"menu_order":0,"comment_status":"closed","ping_status":"closed","template":"","meta":{"footnotes":""},"class_list":["post-3020","page","type-page","status-publish","hentry"],"_links":{"self":[{"href":"https:\/\/walsermundart.ch\/index.php?rest_route=\/wp\/v2\/pages\/3020","targetHints":{"allow":["GET"]}}],"collection":[{"href":"https:\/\/walsermundart.ch\/index.php?rest_route=\/wp\/v2\/pages"}],"about":[{"href":"https:\/\/walsermundart.ch\/index.php?rest_route=\/wp\/v2\/types\/page"}],"author":[{"embeddable":true,"href":"https:\/\/walsermundart.ch\/index.php?rest_route=\/wp\/v2\/users\/1"}],"replies":[{"embeddable":true,"href":"https:\/\/walsermundart.ch\/index.php?rest_route=%2Fwp%2Fv2%2Fcomments&post=3020"}],"version-history":[{"count":15,"href":"https:\/\/walsermundart.ch\/index.php?rest_route=\/wp\/v2\/pages\/3020\/revisions"}],"predecessor-version":[{"id":8710,"href":"https:\/\/walsermundart.ch\/index.php?rest_route=\/wp\/v2\/pages\/3020\/revisions\/8710"}],"wp:attachment":[{"href":"https:\/\/walsermundart.ch\/index.php?rest_route=%2Fwp%2Fv2%2Fmedia&parent=3020"}],"curies":[{"name":"wp","href":"https:\/\/api.w.org\/{rel}","templated":true}]}}