{"id":3025,"date":"2021-03-09T08:38:46","date_gmt":"2021-03-09T08:38:46","guid":{"rendered":"https:\/\/walsermundart.ch\/?page_id=3025"},"modified":"2024-02-18T18:37:46","modified_gmt":"2024-02-18T18:37:46","slug":"4-m","status":"publish","type":"page","link":"https:\/\/walsermundart.ch\/?page_id=3025","title":{"rendered":"5.08 &#8211; M"},"content":{"rendered":"\n<figure class=\"wp-block-image size-full is-resized\"><a href=\"https:\/\/walsermundart.ch\/?page_id=414\"><img loading=\"lazy\" decoding=\"async\" width=\"268\" height=\"173\" src=\"https:\/\/walsermundart.ch\/wp-content\/uploads\/2022\/03\/Pfeil-zurueck-mini-1.jpg\" alt=\"\" class=\"wp-image-6871\" style=\"width:109px;height:70px\"\/><\/a><\/figure>\n\n\n\n<p><strong>m\u00e4\u00e4gg\u00e4l\u00e4<\/strong><\/p>\n\n\n\n<figure class=\"wp-block-audio\"><audio controls src=\"https:\/\/walsermundart.ch\/wp-content\/uploads\/2022\/04\/a119-maeaeggaelae.mp3\"><\/audio><\/figure>\n\n\n\n<figure class=\"wp-block-image size-large\"><img loading=\"lazy\" decoding=\"async\" width=\"955\" height=\"187\" src=\"https:\/\/walsermundart.ch\/wp-content\/uploads\/2021\/03\/a119-maeaeggaelae.jpg\" alt=\"\" class=\"wp-image-3194\" srcset=\"https:\/\/walsermundart.ch\/wp-content\/uploads\/2021\/03\/a119-maeaeggaelae.jpg 955w, https:\/\/walsermundart.ch\/wp-content\/uploads\/2021\/03\/a119-maeaeggaelae-300x59.jpg 300w, https:\/\/walsermundart.ch\/wp-content\/uploads\/2021\/03\/a119-maeaeggaelae-768x150.jpg 768w\" sizes=\"auto, (max-width: 955px) 100vw, 955px\" \/><\/figure>\n\n\n\n<p><strong>machch\u00e4<\/strong><\/p>\n\n\n\n<figure class=\"wp-block-audio\"><audio controls src=\"https:\/\/walsermundart.ch\/wp-content\/uploads\/2022\/04\/a120-machchae.mp3\"><\/audio><\/figure>\n\n\n\n<figure class=\"wp-block-image size-large\"><img loading=\"lazy\" decoding=\"async\" width=\"948\" height=\"450\" src=\"https:\/\/walsermundart.ch\/wp-content\/uploads\/2021\/03\/a120-machchae-e1615474766245.jpg\" alt=\"\" class=\"wp-image-3228\"\/><\/figure>\n\n\n\n<p><strong>M\u00e4ischtrgschiss<\/strong><\/p>\n\n\n\n<figure class=\"wp-block-audio\"><audio controls src=\"https:\/\/walsermundart.ch\/wp-content\/uploads\/2022\/04\/a121-Maeischtrgschiss.mp3\"><\/audio><\/figure>\n\n\n\n<figure class=\"wp-block-image size-large\"><img loading=\"lazy\" decoding=\"async\" width=\"983\" height=\"146\" src=\"https:\/\/walsermundart.ch\/wp-content\/uploads\/2021\/03\/a121-Maeischtrgschiss.jpg\" alt=\"\" class=\"wp-image-3198\" srcset=\"https:\/\/walsermundart.ch\/wp-content\/uploads\/2021\/03\/a121-Maeischtrgschiss.jpg 983w, https:\/\/walsermundart.ch\/wp-content\/uploads\/2021\/03\/a121-Maeischtrgschiss-300x45.jpg 300w, https:\/\/walsermundart.ch\/wp-content\/uploads\/2021\/03\/a121-Maeischtrgschiss-768x114.jpg 768w\" sizes=\"auto, (max-width: 983px) 100vw, 983px\" \/><\/figure>\n\n\n\n<p><strong>M\u00e4lin\u00e4s<\/strong><\/p>\n\n\n\n<figure class=\"wp-block-audio\"><audio controls src=\"https:\/\/walsermundart.ch\/wp-content\/uploads\/2022\/04\/a122-Maelinaes.mp3\"><\/audio><\/figure>\n\n\n\n<figure class=\"wp-block-image size-large\"><img loading=\"lazy\" decoding=\"async\" width=\"954\" height=\"152\" src=\"https:\/\/walsermundart.ch\/wp-content\/uploads\/2021\/03\/a122-Maelinaes.jpg\" alt=\"\" class=\"wp-image-3200\" srcset=\"https:\/\/walsermundart.ch\/wp-content\/uploads\/2021\/03\/a122-Maelinaes.jpg 954w, https:\/\/walsermundart.ch\/wp-content\/uploads\/2021\/03\/a122-Maelinaes-300x48.jpg 300w, https:\/\/walsermundart.ch\/wp-content\/uploads\/2021\/03\/a122-Maelinaes-768x122.jpg 768w\" sizes=\"auto, (max-width: 954px) 100vw, 954px\" \/><\/figure>\n\n\n\n<p><strong>M\u00e4ntsch\u00e4ch\u00fc\u00e4li<\/strong><\/p>\n\n\n\n<figure class=\"wp-block-audio\"><audio controls src=\"https:\/\/walsermundart.ch\/wp-content\/uploads\/2022\/04\/a123-Maentschaechueaeli.mp3\"><\/audio><\/figure>\n\n\n\n<figure class=\"wp-block-image size-large\"><img loading=\"lazy\" decoding=\"async\" width=\"961\" height=\"148\" src=\"https:\/\/walsermundart.ch\/wp-content\/uploads\/2021\/03\/a123-Maentschaechueaeli.jpg\" alt=\"\" class=\"wp-image-3202\" srcset=\"https:\/\/walsermundart.ch\/wp-content\/uploads\/2021\/03\/a123-Maentschaechueaeli.jpg 961w, https:\/\/walsermundart.ch\/wp-content\/uploads\/2021\/03\/a123-Maentschaechueaeli-300x46.jpg 300w, https:\/\/walsermundart.ch\/wp-content\/uploads\/2021\/03\/a123-Maentschaechueaeli-768x118.jpg 768w\" sizes=\"auto, (max-width: 961px) 100vw, 961px\" \/><\/figure>\n\n\n\n<p><strong>m\u00e4u\u00e4<\/strong><\/p>\n\n\n\n<figure class=\"wp-block-audio\"><audio controls src=\"https:\/\/walsermundart.ch\/wp-content\/uploads\/2022\/04\/a124-maeuae.mp3\"><\/audio><\/figure>\n\n\n\n<figure class=\"wp-block-image size-large\"><img loading=\"lazy\" decoding=\"async\" width=\"958\" height=\"147\" src=\"https:\/\/walsermundart.ch\/wp-content\/uploads\/2021\/03\/a124-maeuae.jpg\" alt=\"\" class=\"wp-image-3206\" srcset=\"https:\/\/walsermundart.ch\/wp-content\/uploads\/2021\/03\/a124-maeuae.jpg 958w, https:\/\/walsermundart.ch\/wp-content\/uploads\/2021\/03\/a124-maeuae-300x46.jpg 300w, https:\/\/walsermundart.ch\/wp-content\/uploads\/2021\/03\/a124-maeuae-768x118.jpg 768w\" sizes=\"auto, (max-width: 958px) 100vw, 958px\" \/><\/figure>\n\n\n\n<p><strong>Meg\u00e4ri<\/strong><\/p>\n\n\n\n<figure class=\"wp-block-audio\"><audio controls src=\"https:\/\/walsermundart.ch\/wp-content\/uploads\/2022\/04\/a125-Megaeri.mp3\"><\/audio><\/figure>\n\n\n\n<figure class=\"wp-block-image size-large\"><img loading=\"lazy\" decoding=\"async\" width=\"954\" height=\"147\" src=\"https:\/\/walsermundart.ch\/wp-content\/uploads\/2021\/03\/a125-Megaeri.jpg\" alt=\"\" class=\"wp-image-3208\" srcset=\"https:\/\/walsermundart.ch\/wp-content\/uploads\/2021\/03\/a125-Megaeri.jpg 954w, https:\/\/walsermundart.ch\/wp-content\/uploads\/2021\/03\/a125-Megaeri-300x46.jpg 300w, https:\/\/walsermundart.ch\/wp-content\/uploads\/2021\/03\/a125-Megaeri-768x118.jpg 768w\" sizes=\"auto, (max-width: 954px) 100vw, 954px\" \/><\/figure>\n\n\n\n<p><strong>mi\u00e4ngg\u00e4<\/strong><\/p>\n\n\n\n<figure class=\"wp-block-audio\"><audio controls src=\"https:\/\/walsermundart.ch\/wp-content\/uploads\/2022\/04\/a126-miaenggae.mp3\"><\/audio><\/figure>\n\n\n\n<figure class=\"wp-block-image size-large\"><img loading=\"lazy\" decoding=\"async\" width=\"835\" height=\"156\" src=\"https:\/\/walsermundart.ch\/wp-content\/uploads\/2021\/03\/a126-miaenggae.jpg\" alt=\"\" class=\"wp-image-3210\" srcset=\"https:\/\/walsermundart.ch\/wp-content\/uploads\/2021\/03\/a126-miaenggae.jpg 835w, https:\/\/walsermundart.ch\/wp-content\/uploads\/2021\/03\/a126-miaenggae-300x56.jpg 300w, https:\/\/walsermundart.ch\/wp-content\/uploads\/2021\/03\/a126-miaenggae-768x143.jpg 768w\" sizes=\"auto, (max-width: 835px) 100vw, 835px\" \/><\/figure>\n\n\n\n<p><strong>mid\u00e4nand\u00e4r\u00e4<\/strong><\/p>\n\n\n\n<figure class=\"wp-block-audio\"><audio controls src=\"https:\/\/walsermundart.ch\/wp-content\/uploads\/2022\/04\/a127-midaenandaerae.mp3\"><\/audio><\/figure>\n\n\n\n<figure class=\"wp-block-image size-large\"><img loading=\"lazy\" decoding=\"async\" width=\"965\" height=\"297\" src=\"https:\/\/walsermundart.ch\/wp-content\/uploads\/2021\/03\/a127-midaenandaerae.jpg\" alt=\"\" class=\"wp-image-3212\" srcset=\"https:\/\/walsermundart.ch\/wp-content\/uploads\/2021\/03\/a127-midaenandaerae.jpg 965w, https:\/\/walsermundart.ch\/wp-content\/uploads\/2021\/03\/a127-midaenandaerae-300x92.jpg 300w, https:\/\/walsermundart.ch\/wp-content\/uploads\/2021\/03\/a127-midaenandaerae-768x236.jpg 768w\" sizes=\"auto, (max-width: 965px) 100vw, 965px\" \/><\/figure>\n\n\n\n<p><strong>mid\u00e4r\u00e4<\/strong><\/p>\n\n\n\n<figure class=\"wp-block-audio\"><audio controls src=\"https:\/\/walsermundart.ch\/wp-content\/uploads\/2022\/04\/a128-midaerae.mp3\"><\/audio><\/figure>\n\n\n\n<figure class=\"wp-block-image size-large\"><img loading=\"lazy\" decoding=\"async\" width=\"962\" height=\"148\" src=\"https:\/\/walsermundart.ch\/wp-content\/uploads\/2021\/03\/a128-midaerae.jpg\" alt=\"\" class=\"wp-image-3214\" srcset=\"https:\/\/walsermundart.ch\/wp-content\/uploads\/2021\/03\/a128-midaerae.jpg 962w, https:\/\/walsermundart.ch\/wp-content\/uploads\/2021\/03\/a128-midaerae-300x46.jpg 300w, https:\/\/walsermundart.ch\/wp-content\/uploads\/2021\/03\/a128-midaerae-768x118.jpg 768w\" sizes=\"auto, (max-width: 962px) 100vw, 962px\" \/><\/figure>\n\n\n\n<p><strong>miin<\/strong><\/p>\n\n\n\n<figure class=\"wp-block-audio\"><audio controls src=\"https:\/\/walsermundart.ch\/wp-content\/uploads\/2022\/04\/a129-miin.mp3\"><\/audio><\/figure>\n\n\n\n<figure class=\"wp-block-image size-large\"><img loading=\"lazy\" decoding=\"async\" width=\"1024\" height=\"170\" src=\"https:\/\/walsermundart.ch\/wp-content\/uploads\/2022\/04\/a129-miin-1024x170.jpg\" alt=\"\" class=\"wp-image-7524\" srcset=\"https:\/\/walsermundart.ch\/wp-content\/uploads\/2022\/04\/a129-miin-1024x170.jpg 1024w, https:\/\/walsermundart.ch\/wp-content\/uploads\/2022\/04\/a129-miin-300x50.jpg 300w, https:\/\/walsermundart.ch\/wp-content\/uploads\/2022\/04\/a129-miin-768x127.jpg 768w, https:\/\/walsermundart.ch\/wp-content\/uploads\/2022\/04\/a129-miin.jpg 1243w\" sizes=\"auto, (max-width: 1024px) 100vw, 1024px\" \/><\/figure>\n\n\n\n<p><strong>m\u00fc\u00e4d\u00e4<\/strong><\/p>\n\n\n\n<figure class=\"wp-block-audio\"><audio controls src=\"https:\/\/walsermundart.ch\/wp-content\/uploads\/2022\/04\/a130-mueaedae.mp3\"><\/audio><\/figure>\n\n\n\n<figure class=\"wp-block-image size-large\"><img loading=\"lazy\" decoding=\"async\" width=\"994\" height=\"185\" src=\"https:\/\/walsermundart.ch\/wp-content\/uploads\/2021\/03\/a130-mueaedae.jpg\" alt=\"\" class=\"wp-image-3220\" srcset=\"https:\/\/walsermundart.ch\/wp-content\/uploads\/2021\/03\/a130-mueaedae.jpg 994w, https:\/\/walsermundart.ch\/wp-content\/uploads\/2021\/03\/a130-mueaedae-300x56.jpg 300w, https:\/\/walsermundart.ch\/wp-content\/uploads\/2021\/03\/a130-mueaedae-768x143.jpg 768w\" sizes=\"auto, (max-width: 994px) 100vw, 994px\" \/><\/figure>\n\n\n\n<p><strong>mu\u00e4l\u00e4<\/strong><\/p>\n\n\n\n<figure class=\"wp-block-audio\"><audio controls src=\"https:\/\/walsermundart.ch\/wp-content\/uploads\/2022\/04\/a131-muaelae.mp3\"><\/audio><\/figure>\n\n\n\n<figure class=\"wp-block-image size-large\"><img loading=\"lazy\" decoding=\"async\" width=\"959\" height=\"149\" src=\"https:\/\/walsermundart.ch\/wp-content\/uploads\/2021\/03\/a131-muaelae.jpg\" alt=\"\" class=\"wp-image-3222\" srcset=\"https:\/\/walsermundart.ch\/wp-content\/uploads\/2021\/03\/a131-muaelae.jpg 959w, https:\/\/walsermundart.ch\/wp-content\/uploads\/2021\/03\/a131-muaelae-300x47.jpg 300w, https:\/\/walsermundart.ch\/wp-content\/uploads\/2021\/03\/a131-muaelae-768x119.jpg 768w\" sizes=\"auto, (max-width: 959px) 100vw, 959px\" \/><\/figure>\n\n\n\n<p><strong>m\u00fcf\u00e4r\u00e4<\/strong><\/p>\n\n\n\n<figure class=\"wp-block-audio\"><audio controls src=\"https:\/\/walsermundart.ch\/wp-content\/uploads\/2022\/04\/a132-muefaerae.mp3\"><\/audio><\/figure>\n\n\n\n<figure class=\"wp-block-image size-large\"><img loading=\"lazy\" decoding=\"async\" width=\"964\" height=\"153\" src=\"https:\/\/walsermundart.ch\/wp-content\/uploads\/2021\/03\/a132-muefaerae.jpg\" alt=\"\" class=\"wp-image-3224\" srcset=\"https:\/\/walsermundart.ch\/wp-content\/uploads\/2021\/03\/a132-muefaerae.jpg 964w, https:\/\/walsermundart.ch\/wp-content\/uploads\/2021\/03\/a132-muefaerae-300x48.jpg 300w, https:\/\/walsermundart.ch\/wp-content\/uploads\/2021\/03\/a132-muefaerae-768x122.jpg 768w\" sizes=\"auto, (max-width: 964px) 100vw, 964px\" \/><\/figure>\n\n\n\n<figure class=\"wp-block-image size-full is-resized\"><a href=\"https:\/\/walsermundart.ch\/?page_id=414\"><img loading=\"lazy\" decoding=\"async\" width=\"268\" height=\"173\" src=\"https:\/\/walsermundart.ch\/wp-content\/uploads\/2022\/03\/Pfeil-zurueck-mini-1.jpg\" alt=\"\" class=\"wp-image-6871\" style=\"width:107px;height:69px\"\/><\/a><\/figure>\n","protected":false},"excerpt":{"rendered":"<p>m\u00e4\u00e4gg\u00e4l\u00e4 machch\u00e4 M\u00e4ischtrgschiss M\u00e4lin\u00e4s M\u00e4ntsch\u00e4ch\u00fc\u00e4li m\u00e4u\u00e4 Meg\u00e4ri mi\u00e4ngg\u00e4 mid\u00e4nand\u00e4r\u00e4 mid\u00e4r\u00e4 miin m\u00fc\u00e4d\u00e4 mu\u00e4l\u00e4 m\u00fcf\u00e4r\u00e4<\/p>\n","protected":false},"author":1,"featured_media":0,"parent":0,"menu_order":0,"comment_status":"closed","ping_status":"closed","template":"","meta":{"footnotes":""},"class_list":["post-3025","page","type-page","status-publish","hentry"],"_links":{"self":[{"href":"https:\/\/walsermundart.ch\/index.php?rest_route=\/wp\/v2\/pages\/3025","targetHints":{"allow":["GET"]}}],"collection":[{"href":"https:\/\/walsermundart.ch\/index.php?rest_route=\/wp\/v2\/pages"}],"about":[{"href":"https:\/\/walsermundart.ch\/index.php?rest_route=\/wp\/v2\/types\/page"}],"author":[{"embeddable":true,"href":"https:\/\/walsermundart.ch\/index.php?rest_route=\/wp\/v2\/users\/1"}],"replies":[{"embeddable":true,"href":"https:\/\/walsermundart.ch\/index.php?rest_route=%2Fwp%2Fv2%2Fcomments&post=3025"}],"version-history":[{"count":20,"href":"https:\/\/walsermundart.ch\/index.php?rest_route=\/wp\/v2\/pages\/3025\/revisions"}],"predecessor-version":[{"id":8719,"href":"https:\/\/walsermundart.ch\/index.php?rest_route=\/wp\/v2\/pages\/3025\/revisions\/8719"}],"wp:attachment":[{"href":"https:\/\/walsermundart.ch\/index.php?rest_route=%2Fwp%2Fv2%2Fmedia&parent=3025"}],"curies":[{"name":"wp","href":"https:\/\/api.w.org\/{rel}","templated":true}]}}