{"id":3027,"date":"2021-03-09T08:40:40","date_gmt":"2021-03-09T08:40:40","guid":{"rendered":"https:\/\/walsermundart.ch\/?page_id=3027"},"modified":"2024-02-18T18:52:45","modified_gmt":"2024-02-18T18:52:45","slug":"4-n-o-p-q-r","status":"publish","type":"page","link":"https:\/\/walsermundart.ch\/?page_id=3027","title":{"rendered":"5.09 &#8211; N O P Q R"},"content":{"rendered":"\n<figure class=\"wp-block-image size-full is-resized\"><a href=\"https:\/\/walsermundart.ch\/?page_id=414\"><img loading=\"lazy\" decoding=\"async\" width=\"268\" height=\"173\" src=\"https:\/\/walsermundart.ch\/wp-content\/uploads\/2022\/03\/Pfeil-zurueck-mini-1.jpg\" alt=\"\" class=\"wp-image-6871\" style=\"width:110px;height:71px\"\/><\/a><\/figure>\n\n\n\n<p> <strong>naa\u00e4nand\u00e4r\u00e4<\/strong><\/p>\n\n\n\n<figure class=\"wp-block-audio\"><audio controls src=\"https:\/\/walsermundart.ch\/wp-content\/uploads\/2022\/04\/a133-naaaenandaerae.mp3\"><\/audio><\/figure>\n\n\n\n<figure class=\"wp-block-image size-large\"><img loading=\"lazy\" decoding=\"async\" width=\"959\" height=\"150\" src=\"https:\/\/walsermundart.ch\/wp-content\/uploads\/2021\/03\/a133-naaaenandaerae.jpg\" alt=\"\" class=\"wp-image-3292\" srcset=\"https:\/\/walsermundart.ch\/wp-content\/uploads\/2021\/03\/a133-naaaenandaerae.jpg 959w, https:\/\/walsermundart.ch\/wp-content\/uploads\/2021\/03\/a133-naaaenandaerae-300x47.jpg 300w, https:\/\/walsermundart.ch\/wp-content\/uploads\/2021\/03\/a133-naaaenandaerae-768x120.jpg 768w\" sizes=\"auto, (max-width: 959px) 100vw, 959px\" \/><\/figure>\n\n\n\n<p><strong>naahilu\u00e4g\u00e4<\/strong><\/p>\n\n\n\n<figure class=\"wp-block-audio\"><audio controls src=\"https:\/\/walsermundart.ch\/wp-content\/uploads\/2022\/04\/a134-naahiluaegae.mp3\"><\/audio><\/figure>\n\n\n\n<figure class=\"wp-block-image size-large\"><img loading=\"lazy\" decoding=\"async\" width=\"956\" height=\"223\" src=\"https:\/\/walsermundart.ch\/wp-content\/uploads\/2021\/03\/a134-naahiluaegae.jpg\" alt=\"\" class=\"wp-image-3294\" srcset=\"https:\/\/walsermundart.ch\/wp-content\/uploads\/2021\/03\/a134-naahiluaegae.jpg 956w, https:\/\/walsermundart.ch\/wp-content\/uploads\/2021\/03\/a134-naahiluaegae-300x70.jpg 300w, https:\/\/walsermundart.ch\/wp-content\/uploads\/2021\/03\/a134-naahiluaegae-768x179.jpg 768w\" sizes=\"auto, (max-width: 956px) 100vw, 956px\" \/><\/figure>\n\n\n\n<p><strong>naahinams\u00e4<\/strong><\/p>\n\n\n\n<figure class=\"wp-block-audio\"><audio controls src=\"https:\/\/walsermundart.ch\/wp-content\/uploads\/2022\/04\/a135-naahinamsae.mp3\"><\/audio><\/figure>\n\n\n\n<figure class=\"wp-block-image size-large\"><img loading=\"lazy\" decoding=\"async\" width=\"957\" height=\"220\" src=\"https:\/\/walsermundart.ch\/wp-content\/uploads\/2021\/03\/a135-naahinamsae.jpg\" alt=\"\" class=\"wp-image-3296\" srcset=\"https:\/\/walsermundart.ch\/wp-content\/uploads\/2021\/03\/a135-naahinamsae.jpg 957w, https:\/\/walsermundart.ch\/wp-content\/uploads\/2021\/03\/a135-naahinamsae-300x69.jpg 300w, https:\/\/walsermundart.ch\/wp-content\/uploads\/2021\/03\/a135-naahinamsae-768x177.jpg 768w\" sizes=\"auto, (max-width: 957px) 100vw, 957px\" \/><\/figure>\n\n\n\n<p><strong>neechscht<\/strong><\/p>\n\n\n\n<figure class=\"wp-block-audio\"><audio controls src=\"https:\/\/walsermundart.ch\/wp-content\/uploads\/2022\/04\/a136-neechscht.mp3\"><\/audio><\/figure>\n\n\n\n<figure class=\"wp-block-image size-large\"><img loading=\"lazy\" decoding=\"async\" width=\"959\" height=\"149\" src=\"https:\/\/walsermundart.ch\/wp-content\/uploads\/2021\/03\/a136-neechscht.jpg\" alt=\"\" class=\"wp-image-3298\" srcset=\"https:\/\/walsermundart.ch\/wp-content\/uploads\/2021\/03\/a136-neechscht.jpg 959w, https:\/\/walsermundart.ch\/wp-content\/uploads\/2021\/03\/a136-neechscht-300x47.jpg 300w, https:\/\/walsermundart.ch\/wp-content\/uploads\/2021\/03\/a136-neechscht-768x119.jpg 768w\" sizes=\"auto, (max-width: 959px) 100vw, 959px\" \/><\/figure>\n\n\n\n<p><strong>negl\u00e4<\/strong><\/p>\n\n\n\n<figure class=\"wp-block-audio\"><audio controls src=\"https:\/\/walsermundart.ch\/wp-content\/uploads\/2022\/04\/a137-neglae.mp3\"><\/audio><\/figure>\n\n\n\n<figure class=\"wp-block-image size-large\"><img loading=\"lazy\" decoding=\"async\" width=\"960\" height=\"183\" src=\"https:\/\/walsermundart.ch\/wp-content\/uploads\/2021\/03\/a137-neglae.jpg\" alt=\"\" class=\"wp-image-3300\" srcset=\"https:\/\/walsermundart.ch\/wp-content\/uploads\/2021\/03\/a137-neglae.jpg 960w, https:\/\/walsermundart.ch\/wp-content\/uploads\/2021\/03\/a137-neglae-300x57.jpg 300w, https:\/\/walsermundart.ch\/wp-content\/uploads\/2021\/03\/a137-neglae-768x146.jpg 768w\" sizes=\"auto, (max-width: 960px) 100vw, 960px\" \/><\/figure>\n\n\n\n<p><strong>n\u00f6\u00f6chscht<\/strong><\/p>\n\n\n\n<figure class=\"wp-block-audio\"><audio controls src=\"https:\/\/walsermundart.ch\/wp-content\/uploads\/2022\/04\/a138-noeoechscht.mp3\"><\/audio><\/figure>\n\n\n\n<figure class=\"wp-block-image size-large\"><img loading=\"lazy\" decoding=\"async\" width=\"964\" height=\"153\" src=\"https:\/\/walsermundart.ch\/wp-content\/uploads\/2021\/03\/a138-noeoechscht.jpg\" alt=\"\" class=\"wp-image-3304\" srcset=\"https:\/\/walsermundart.ch\/wp-content\/uploads\/2021\/03\/a138-noeoechscht.jpg 964w, https:\/\/walsermundart.ch\/wp-content\/uploads\/2021\/03\/a138-noeoechscht-300x48.jpg 300w, https:\/\/walsermundart.ch\/wp-content\/uploads\/2021\/03\/a138-noeoechscht-768x122.jpg 768w\" sizes=\"auto, (max-width: 964px) 100vw, 964px\" \/><\/figure>\n\n\n\n<p><strong>ob\u00e4d\u00e4nn\u00e4<\/strong><\/p>\n\n\n\n<figure class=\"wp-block-audio\"><audio controls src=\"https:\/\/walsermundart.ch\/wp-content\/uploads\/2022\/04\/a139-obaedaennae.mp3\"><\/audio><\/figure>\n\n\n\n<figure class=\"wp-block-image size-large\"><img loading=\"lazy\" decoding=\"async\" width=\"966\" height=\"189\" src=\"https:\/\/walsermundart.ch\/wp-content\/uploads\/2021\/03\/a139-obaedaennae.jpg\" alt=\"\" class=\"wp-image-3306\" srcset=\"https:\/\/walsermundart.ch\/wp-content\/uploads\/2021\/03\/a139-obaedaennae.jpg 966w, https:\/\/walsermundart.ch\/wp-content\/uploads\/2021\/03\/a139-obaedaennae-300x59.jpg 300w, https:\/\/walsermundart.ch\/wp-content\/uploads\/2021\/03\/a139-obaedaennae-768x150.jpg 768w\" sizes=\"auto, (max-width: 966px) 100vw, 966px\" \/><\/figure>\n\n\n\n<p><strong>Palgg\u00e4<\/strong><\/p>\n\n\n\n<figure class=\"wp-block-audio\"><audio controls src=\"https:\/\/walsermundart.ch\/wp-content\/uploads\/2022\/04\/a140-Palggae.mp3\"><\/audio><\/figure>\n\n\n\n<figure class=\"wp-block-image size-large\"><img loading=\"lazy\" decoding=\"async\" width=\"950\" height=\"148\" src=\"https:\/\/walsermundart.ch\/wp-content\/uploads\/2021\/03\/a140-Palggae.jpg\" alt=\"\" class=\"wp-image-3308\" srcset=\"https:\/\/walsermundart.ch\/wp-content\/uploads\/2021\/03\/a140-Palggae.jpg 950w, https:\/\/walsermundart.ch\/wp-content\/uploads\/2021\/03\/a140-Palggae-300x47.jpg 300w, https:\/\/walsermundart.ch\/wp-content\/uploads\/2021\/03\/a140-Palggae-768x120.jpg 768w\" sizes=\"auto, (max-width: 950px) 100vw, 950px\" \/><\/figure>\n\n\n\n<p><strong>Pl\u00fcd\u00e4r\u00e4tsch<\/strong><\/p>\n\n\n\n<figure class=\"wp-block-audio\"><audio controls src=\"https:\/\/walsermundart.ch\/wp-content\/uploads\/2022\/04\/a141-Pluedaeraetsch.mp3\"><\/audio><\/figure>\n\n\n\n<figure class=\"wp-block-image size-large\"><img loading=\"lazy\" decoding=\"async\" width=\"953\" height=\"148\" src=\"https:\/\/walsermundart.ch\/wp-content\/uploads\/2021\/03\/a141-Pluedaeraetsch.jpg\" alt=\"\" class=\"wp-image-3310\" srcset=\"https:\/\/walsermundart.ch\/wp-content\/uploads\/2021\/03\/a141-Pluedaeraetsch.jpg 953w, https:\/\/walsermundart.ch\/wp-content\/uploads\/2021\/03\/a141-Pluedaeraetsch-300x47.jpg 300w, https:\/\/walsermundart.ch\/wp-content\/uploads\/2021\/03\/a141-Pluedaeraetsch-768x119.jpg 768w\" sizes=\"auto, (max-width: 953px) 100vw, 953px\" \/><\/figure>\n\n\n\n<p><strong>potz\u00e4<\/strong><\/p>\n\n\n\n<figure class=\"wp-block-audio\"><audio controls src=\"https:\/\/walsermundart.ch\/wp-content\/uploads\/2022\/04\/a142-potzae.mp3\"><\/audio><\/figure>\n\n\n\n<figure class=\"wp-block-image size-large\"><img loading=\"lazy\" decoding=\"async\" width=\"961\" height=\"219\" src=\"https:\/\/walsermundart.ch\/wp-content\/uploads\/2021\/03\/a142-potzae.jpg\" alt=\"\" class=\"wp-image-3312\" srcset=\"https:\/\/walsermundart.ch\/wp-content\/uploads\/2021\/03\/a142-potzae.jpg 961w, https:\/\/walsermundart.ch\/wp-content\/uploads\/2021\/03\/a142-potzae-300x68.jpg 300w, https:\/\/walsermundart.ch\/wp-content\/uploads\/2021\/03\/a142-potzae-768x175.jpg 768w\" sizes=\"auto, (max-width: 961px) 100vw, 961px\" \/><\/figure>\n\n\n\n<p><strong>Praad\u00e4p\u00fc\u00fcschsch\u00e4<\/strong><\/p>\n\n\n\n<figure class=\"wp-block-audio\"><audio controls src=\"https:\/\/walsermundart.ch\/wp-content\/uploads\/2022\/04\/a143-Praadaepueueschschae.mp3\"><\/audio><\/figure>\n\n\n\n<figure class=\"wp-block-image size-large\"><img loading=\"lazy\" decoding=\"async\" width=\"959\" height=\"148\" src=\"https:\/\/walsermundart.ch\/wp-content\/uploads\/2021\/03\/a143-Praadaepueueschschae.jpg\" alt=\"\" class=\"wp-image-3316\" srcset=\"https:\/\/walsermundart.ch\/wp-content\/uploads\/2021\/03\/a143-Praadaepueueschschae.jpg 959w, https:\/\/walsermundart.ch\/wp-content\/uploads\/2021\/03\/a143-Praadaepueueschschae-300x46.jpg 300w, https:\/\/walsermundart.ch\/wp-content\/uploads\/2021\/03\/a143-Praadaepueueschschae-768x119.jpg 768w\" sizes=\"auto, (max-width: 959px) 100vw, 959px\" \/><\/figure>\n\n\n\n<p><strong>P\u00fcrschtli<\/strong><\/p>\n\n\n\n<figure class=\"wp-block-audio\"><audio controls src=\"https:\/\/walsermundart.ch\/wp-content\/uploads\/2022\/04\/a144-Puerschtli.mp3\"><\/audio><\/figure>\n\n\n\n<figure class=\"wp-block-image size-large\"><img loading=\"lazy\" decoding=\"async\" width=\"954\" height=\"221\" src=\"https:\/\/walsermundart.ch\/wp-content\/uploads\/2021\/03\/a144-Puerschtli.jpg\" alt=\"\" class=\"wp-image-3318\" srcset=\"https:\/\/walsermundart.ch\/wp-content\/uploads\/2021\/03\/a144-Puerschtli.jpg 954w, https:\/\/walsermundart.ch\/wp-content\/uploads\/2021\/03\/a144-Puerschtli-300x69.jpg 300w, https:\/\/walsermundart.ch\/wp-content\/uploads\/2021\/03\/a144-Puerschtli-768x178.jpg 768w\" sizes=\"auto, (max-width: 954px) 100vw, 954px\" \/><\/figure>\n\n\n\n<p><strong>quatt\u00e4r\u00e4<\/strong><\/p>\n\n\n\n<figure class=\"wp-block-audio\"><audio controls src=\"https:\/\/walsermundart.ch\/wp-content\/uploads\/2022\/04\/a145-quattaerae.mp3\"><\/audio><\/figure>\n\n\n\n<figure class=\"wp-block-image size-large\"><img loading=\"lazy\" decoding=\"async\" width=\"957\" height=\"188\" src=\"https:\/\/walsermundart.ch\/wp-content\/uploads\/2021\/03\/a145-quattaerae.jpg\" alt=\"\" class=\"wp-image-3320\" srcset=\"https:\/\/walsermundart.ch\/wp-content\/uploads\/2021\/03\/a145-quattaerae.jpg 957w, https:\/\/walsermundart.ch\/wp-content\/uploads\/2021\/03\/a145-quattaerae-300x59.jpg 300w, https:\/\/walsermundart.ch\/wp-content\/uploads\/2021\/03\/a145-quattaerae-768x151.jpg 768w\" sizes=\"auto, (max-width: 957px) 100vw, 957px\" \/><\/figure>\n\n\n\n<p><strong>R\u00e4ll\u00e4t\u00e4<\/strong><\/p>\n\n\n\n<figure class=\"wp-block-audio\"><audio controls src=\"https:\/\/walsermundart.ch\/wp-content\/uploads\/2022\/04\/a146-Raellaetae.mp3\"><\/audio><\/figure>\n\n\n\n<figure class=\"wp-block-image size-large\"><img loading=\"lazy\" decoding=\"async\" width=\"987\" height=\"185\" src=\"https:\/\/walsermundart.ch\/wp-content\/uploads\/2021\/03\/a146-Raellaetae.jpg\" alt=\"\" class=\"wp-image-3322\" srcset=\"https:\/\/walsermundart.ch\/wp-content\/uploads\/2021\/03\/a146-Raellaetae.jpg 987w, https:\/\/walsermundart.ch\/wp-content\/uploads\/2021\/03\/a146-Raellaetae-300x56.jpg 300w, https:\/\/walsermundart.ch\/wp-content\/uploads\/2021\/03\/a146-Raellaetae-768x144.jpg 768w\" sizes=\"auto, (max-width: 987px) 100vw, 987px\" \/><\/figure>\n\n\n\n<p><strong>r\u00e4u\u00e4<\/strong><\/p>\n\n\n\n<figure class=\"wp-block-audio\"><audio controls src=\"https:\/\/walsermundart.ch\/wp-content\/uploads\/2022\/04\/a147-raeuae.mp3\"><\/audio><\/figure>\n\n\n\n<figure class=\"wp-block-image size-large\"><img loading=\"lazy\" decoding=\"async\" width=\"958\" height=\"329\" src=\"https:\/\/walsermundart.ch\/wp-content\/uploads\/2021\/03\/a147-raeuae.jpg\" alt=\"\" class=\"wp-image-3326\" srcset=\"https:\/\/walsermundart.ch\/wp-content\/uploads\/2021\/03\/a147-raeuae.jpg 958w, https:\/\/walsermundart.ch\/wp-content\/uploads\/2021\/03\/a147-raeuae-300x103.jpg 300w, https:\/\/walsermundart.ch\/wp-content\/uploads\/2021\/03\/a147-raeuae-768x264.jpg 768w\" sizes=\"auto, (max-width: 958px) 100vw, 958px\" \/><\/figure>\n\n\n\n<p><strong>reek, reegg<\/strong><\/p>\n\n\n\n<figure class=\"wp-block-audio\"><audio controls src=\"https:\/\/walsermundart.ch\/wp-content\/uploads\/2022\/04\/a148-reek.mp3\"><\/audio><\/figure>\n\n\n\n<figure class=\"wp-block-image size-large\"><img loading=\"lazy\" decoding=\"async\" width=\"954\" height=\"149\" src=\"https:\/\/walsermundart.ch\/wp-content\/uploads\/2021\/03\/a148-reek.jpg\" alt=\"\" class=\"wp-image-3328\" srcset=\"https:\/\/walsermundart.ch\/wp-content\/uploads\/2021\/03\/a148-reek.jpg 954w, https:\/\/walsermundart.ch\/wp-content\/uploads\/2021\/03\/a148-reek-300x47.jpg 300w, https:\/\/walsermundart.ch\/wp-content\/uploads\/2021\/03\/a148-reek-768x120.jpg 768w\" sizes=\"auto, (max-width: 954px) 100vw, 954px\" \/><\/figure>\n\n\n\n<p><strong>ri\u00e4scht\u00e4r\u00e4<\/strong><\/p>\n\n\n\n<figure class=\"wp-block-audio\"><audio controls src=\"https:\/\/walsermundart.ch\/wp-content\/uploads\/2022\/04\/a150-riaeschtaerae.mp3\"><\/audio><\/figure>\n\n\n\n<figure class=\"wp-block-image size-large\"><img decoding=\"async\" src=\"https:\/\/walsermundart.ch\/wp-content\/uploads\/2021\/03\/a150-riaeschtaerae.jpg\" alt=\"\" class=\"wp-image-3332\"\/><\/figure>\n\n\n\n<p><strong>ruum\u00e4<\/strong><\/p>\n\n\n\n<figure class=\"wp-block-audio\"><audio controls src=\"https:\/\/walsermundart.ch\/wp-content\/uploads\/2022\/04\/a149-ruumae.mp3\"><\/audio><\/figure>\n\n\n\n<figure class=\"wp-block-image size-large\"><img loading=\"lazy\" decoding=\"async\" width=\"953\" height=\"146\" src=\"https:\/\/walsermundart.ch\/wp-content\/uploads\/2021\/03\/a149-ruumae.jpg\" alt=\"\" class=\"wp-image-3330\" srcset=\"https:\/\/walsermundart.ch\/wp-content\/uploads\/2021\/03\/a149-ruumae.jpg 953w, https:\/\/walsermundart.ch\/wp-content\/uploads\/2021\/03\/a149-ruumae-300x46.jpg 300w, https:\/\/walsermundart.ch\/wp-content\/uploads\/2021\/03\/a149-ruumae-768x118.jpg 768w\" sizes=\"auto, (max-width: 953px) 100vw, 953px\" \/><\/figure>\n\n\n\n<figure class=\"wp-block-image size-full is-resized\"><a href=\"https:\/\/walsermundart.ch\/?page_id=414\"><img loading=\"lazy\" decoding=\"async\" width=\"268\" height=\"173\" src=\"https:\/\/walsermundart.ch\/wp-content\/uploads\/2022\/03\/Pfeil-zurueck-mini-1.jpg\" alt=\"\" class=\"wp-image-6871\" style=\"width:108px;height:70px\"\/><\/a><\/figure>\n","protected":false},"excerpt":{"rendered":"<p>naa\u00e4nand\u00e4r\u00e4 naahilu\u00e4g\u00e4 naahinams\u00e4 neechscht negl\u00e4 n\u00f6\u00f6chscht ob\u00e4d\u00e4nn\u00e4 Palgg\u00e4 Pl\u00fcd\u00e4r\u00e4tsch potz\u00e4 Praad\u00e4p\u00fc\u00fcschsch\u00e4 P\u00fcrschtli quatt\u00e4r\u00e4 R\u00e4ll\u00e4t\u00e4 r\u00e4u\u00e4 reek, reegg ri\u00e4scht\u00e4r\u00e4 ruum\u00e4<\/p>\n","protected":false},"author":1,"featured_media":0,"parent":0,"menu_order":0,"comment_status":"closed","ping_status":"closed","template":"","meta":{"footnotes":""},"class_list":["post-3027","page","type-page","status-publish","hentry"],"_links":{"self":[{"href":"https:\/\/walsermundart.ch\/index.php?rest_route=\/wp\/v2\/pages\/3027","targetHints":{"allow":["GET"]}}],"collection":[{"href":"https:\/\/walsermundart.ch\/index.php?rest_route=\/wp\/v2\/pages"}],"about":[{"href":"https:\/\/walsermundart.ch\/index.php?rest_route=\/wp\/v2\/types\/page"}],"author":[{"embeddable":true,"href":"https:\/\/walsermundart.ch\/index.php?rest_route=\/wp\/v2\/users\/1"}],"replies":[{"embeddable":true,"href":"https:\/\/walsermundart.ch\/index.php?rest_route=%2Fwp%2Fv2%2Fcomments&post=3027"}],"version-history":[{"count":17,"href":"https:\/\/walsermundart.ch\/index.php?rest_route=\/wp\/v2\/pages\/3027\/revisions"}],"predecessor-version":[{"id":8723,"href":"https:\/\/walsermundart.ch\/index.php?rest_route=\/wp\/v2\/pages\/3027\/revisions\/8723"}],"wp:attachment":[{"href":"https:\/\/walsermundart.ch\/index.php?rest_route=%2Fwp%2Fv2%2Fmedia&parent=3027"}],"curies":[{"name":"wp","href":"https:\/\/api.w.org\/{rel}","templated":true}]}}