{"id":3031,"date":"2021-03-09T08:45:43","date_gmt":"2021-03-09T08:45:43","guid":{"rendered":"https:\/\/walsermundart.ch\/?page_id=3031"},"modified":"2024-02-19T10:01:29","modified_gmt":"2024-02-19T10:01:29","slug":"4-t","status":"publish","type":"page","link":"https:\/\/walsermundart.ch\/?page_id=3031","title":{"rendered":"5.11 &#8211; T"},"content":{"rendered":"\n<figure class=\"wp-block-image size-full is-resized\"><a href=\"https:\/\/walsermundart.ch\/?page_id=414\"><img loading=\"lazy\" decoding=\"async\" width=\"268\" height=\"173\" src=\"https:\/\/walsermundart.ch\/wp-content\/uploads\/2022\/03\/Pfeil-zurueck-mini-1.jpg\" alt=\"\" class=\"wp-image-6871\" style=\"width:111px;height:72px\"\/><\/a><\/figure>\n\n\n\n<p><strong>T\u00e4ischschig<\/strong><\/p>\n\n\n\n<figure class=\"wp-block-audio\"><audio controls src=\"https:\/\/walsermundart.ch\/wp-content\/uploads\/2022\/04\/a173-Taeischschig.mp3\"><\/audio><\/figure>\n\n\n\n<figure class=\"wp-block-image size-large\"><img loading=\"lazy\" decoding=\"async\" width=\"955\" height=\"186\" src=\"https:\/\/walsermundart.ch\/wp-content\/uploads\/2021\/03\/a173-Taeischschig.jpg\" alt=\"\" class=\"wp-image-3347\" srcset=\"https:\/\/walsermundart.ch\/wp-content\/uploads\/2021\/03\/a173-Taeischschig.jpg 955w, https:\/\/walsermundart.ch\/wp-content\/uploads\/2021\/03\/a173-Taeischschig-300x58.jpg 300w, https:\/\/walsermundart.ch\/wp-content\/uploads\/2021\/03\/a173-Taeischschig-768x150.jpg 768w\" sizes=\"auto, (max-width: 955px) 100vw, 955px\" \/><\/figure>\n\n\n\n<p><strong>T\u00e4tsch<\/strong><\/p>\n\n\n\n<figure class=\"wp-block-audio\"><audio controls src=\"https:\/\/walsermundart.ch\/wp-content\/uploads\/2022\/04\/a174-Taetsch.mp3\"><\/audio><\/figure>\n\n\n\n<figure class=\"wp-block-image size-large\"><img loading=\"lazy\" decoding=\"async\" width=\"959\" height=\"220\" src=\"https:\/\/walsermundart.ch\/wp-content\/uploads\/2021\/03\/a174-Taetsch.jpg\" alt=\"\" class=\"wp-image-3349\" srcset=\"https:\/\/walsermundart.ch\/wp-content\/uploads\/2021\/03\/a174-Taetsch.jpg 959w, https:\/\/walsermundart.ch\/wp-content\/uploads\/2021\/03\/a174-Taetsch-300x69.jpg 300w, https:\/\/walsermundart.ch\/wp-content\/uploads\/2021\/03\/a174-Taetsch-768x176.jpg 768w\" sizes=\"auto, (max-width: 959px) 100vw, 959px\" \/><\/figure>\n\n\n\n<p><strong>t\u00e4uff<\/strong><\/p>\n\n\n\n<figure class=\"wp-block-audio\"><audio controls src=\"https:\/\/walsermundart.ch\/wp-content\/uploads\/2022\/04\/a175-taeuff.mp3\"><\/audio><\/figure>\n\n\n\n<figure class=\"wp-block-image size-large\"><img loading=\"lazy\" decoding=\"async\" width=\"959\" height=\"148\" src=\"https:\/\/walsermundart.ch\/wp-content\/uploads\/2021\/03\/a175-taeuff.jpg\" alt=\"\" class=\"wp-image-3351\" srcset=\"https:\/\/walsermundart.ch\/wp-content\/uploads\/2021\/03\/a175-taeuff.jpg 959w, https:\/\/walsermundart.ch\/wp-content\/uploads\/2021\/03\/a175-taeuff-300x46.jpg 300w, https:\/\/walsermundart.ch\/wp-content\/uploads\/2021\/03\/a175-taeuff-768x119.jpg 768w\" sizes=\"auto, (max-width: 959px) 100vw, 959px\" \/><\/figure>\n\n\n\n<p><strong>tiir\u00e4<\/strong><\/p>\n\n\n\n<figure class=\"wp-block-audio\"><audio controls src=\"https:\/\/walsermundart.ch\/wp-content\/uploads\/2022\/04\/a176-tiirae.mp3\"><\/audio><\/figure>\n\n\n\n<figure class=\"wp-block-image size-large\"><img loading=\"lazy\" decoding=\"async\" width=\"954\" height=\"149\" src=\"https:\/\/walsermundart.ch\/wp-content\/uploads\/2021\/03\/a176-tiirae.jpg\" alt=\"\" class=\"wp-image-3353\" srcset=\"https:\/\/walsermundart.ch\/wp-content\/uploads\/2021\/03\/a176-tiirae.jpg 954w, https:\/\/walsermundart.ch\/wp-content\/uploads\/2021\/03\/a176-tiirae-300x47.jpg 300w, https:\/\/walsermundart.ch\/wp-content\/uploads\/2021\/03\/a176-tiirae-768x120.jpg 768w\" sizes=\"auto, (max-width: 954px) 100vw, 954px\" \/><\/figure>\n\n\n\n<p><strong>tondrli<\/strong><\/p>\n\n\n\n<figure class=\"wp-block-audio\"><audio controls src=\"https:\/\/walsermundart.ch\/wp-content\/uploads\/2022\/04\/a177-tondrli.mp3\"><\/audio><\/figure>\n\n\n\n<figure class=\"wp-block-image size-large\"><img loading=\"lazy\" decoding=\"async\" width=\"956\" height=\"150\" src=\"https:\/\/walsermundart.ch\/wp-content\/uploads\/2021\/03\/a177-tondrli.jpg\" alt=\"\" class=\"wp-image-3355\" srcset=\"https:\/\/walsermundart.ch\/wp-content\/uploads\/2021\/03\/a177-tondrli.jpg 956w, https:\/\/walsermundart.ch\/wp-content\/uploads\/2021\/03\/a177-tondrli-300x47.jpg 300w, https:\/\/walsermundart.ch\/wp-content\/uploads\/2021\/03\/a177-tondrli-768x121.jpg 768w\" sizes=\"auto, (max-width: 956px) 100vw, 956px\" \/><\/figure>\n\n\n\n<p><strong>t\u00f6rff\u00e4<\/strong><\/p>\n\n\n\n<figure class=\"wp-block-audio\"><audio controls src=\"https:\/\/walsermundart.ch\/wp-content\/uploads\/2022\/04\/a178-toerffae.mp3\"><\/audio><\/figure>\n\n\n\n<figure class=\"wp-block-image size-large\"><img loading=\"lazy\" decoding=\"async\" width=\"965\" height=\"187\" src=\"https:\/\/walsermundart.ch\/wp-content\/uploads\/2021\/03\/a178-toerffae.jpg\" alt=\"\" class=\"wp-image-3360\" srcset=\"https:\/\/walsermundart.ch\/wp-content\/uploads\/2021\/03\/a178-toerffae.jpg 965w, https:\/\/walsermundart.ch\/wp-content\/uploads\/2021\/03\/a178-toerffae-300x58.jpg 300w, https:\/\/walsermundart.ch\/wp-content\/uploads\/2021\/03\/a178-toerffae-768x149.jpg 768w\" sizes=\"auto, (max-width: 965px) 100vw, 965px\" \/><\/figure>\n\n\n\n<p><strong>t\u00f6ttrl\u00e4<\/strong><\/p>\n\n\n\n<figure class=\"wp-block-audio\"><audio controls src=\"https:\/\/walsermundart.ch\/wp-content\/uploads\/2022\/04\/a179-toettrlae.mp3\"><\/audio><\/figure>\n\n\n\n<figure class=\"wp-block-image size-large\"><img loading=\"lazy\" decoding=\"async\" width=\"957\" height=\"187\" src=\"https:\/\/walsermundart.ch\/wp-content\/uploads\/2021\/03\/a179-toettrlae.jpg\" alt=\"\" class=\"wp-image-3362\" srcset=\"https:\/\/walsermundart.ch\/wp-content\/uploads\/2021\/03\/a179-toettrlae.jpg 957w, https:\/\/walsermundart.ch\/wp-content\/uploads\/2021\/03\/a179-toettrlae-300x59.jpg 300w, https:\/\/walsermundart.ch\/wp-content\/uploads\/2021\/03\/a179-toettrlae-768x150.jpg 768w\" sizes=\"auto, (max-width: 957px) 100vw, 957px\" \/><\/figure>\n\n\n\n<p><strong>tr\u00e4ich\u00e4<\/strong><\/p>\n\n\n\n<figure class=\"wp-block-audio\"><audio controls src=\"https:\/\/walsermundart.ch\/wp-content\/uploads\/2022\/04\/a180-traeichae.mp3\"><\/audio><\/figure>\n\n\n\n<figure class=\"wp-block-image size-large\"><img loading=\"lazy\" decoding=\"async\" width=\"956\" height=\"222\" src=\"https:\/\/walsermundart.ch\/wp-content\/uploads\/2021\/03\/a180-traeichae.jpg\" alt=\"\" class=\"wp-image-3364\" srcset=\"https:\/\/walsermundart.ch\/wp-content\/uploads\/2021\/03\/a180-traeichae.jpg 956w, https:\/\/walsermundart.ch\/wp-content\/uploads\/2021\/03\/a180-traeichae-300x70.jpg 300w, https:\/\/walsermundart.ch\/wp-content\/uploads\/2021\/03\/a180-traeichae-768x178.jpg 768w\" sizes=\"auto, (max-width: 956px) 100vw, 956px\" \/><\/figure>\n\n\n\n<p><strong>tr\u00e4tz\u00e4<\/strong><\/p>\n\n\n\n<figure class=\"wp-block-audio\"><audio controls src=\"https:\/\/walsermundart.ch\/wp-content\/uploads\/2022\/04\/a181-traetzae.mp3\"><\/audio><\/figure>\n\n\n\n<figure class=\"wp-block-image size-large\"><img loading=\"lazy\" decoding=\"async\" width=\"958\" height=\"194\" src=\"https:\/\/walsermundart.ch\/wp-content\/uploads\/2021\/03\/a181-traetzae.jpg\" alt=\"\" class=\"wp-image-3366\" srcset=\"https:\/\/walsermundart.ch\/wp-content\/uploads\/2021\/03\/a181-traetzae.jpg 958w, https:\/\/walsermundart.ch\/wp-content\/uploads\/2021\/03\/a181-traetzae-300x61.jpg 300w, https:\/\/walsermundart.ch\/wp-content\/uploads\/2021\/03\/a181-traetzae-768x156.jpg 768w\" sizes=\"auto, (max-width: 958px) 100vw, 958px\" \/><\/figure>\n\n\n\n<p><strong>triich\u00e4<\/strong><\/p>\n\n\n\n<figure class=\"wp-block-audio\"><audio controls src=\"https:\/\/walsermundart.ch\/wp-content\/uploads\/2022\/04\/a182-triichae.mp3\"><\/audio><\/figure>\n\n\n\n<figure class=\"wp-block-image size-large\"><img loading=\"lazy\" decoding=\"async\" width=\"971\" height=\"186\" src=\"https:\/\/walsermundart.ch\/wp-content\/uploads\/2021\/03\/a182-triichae.jpg\" alt=\"\" class=\"wp-image-3368\" srcset=\"https:\/\/walsermundart.ch\/wp-content\/uploads\/2021\/03\/a182-triichae.jpg 971w, https:\/\/walsermundart.ch\/wp-content\/uploads\/2021\/03\/a182-triichae-300x57.jpg 300w, https:\/\/walsermundart.ch\/wp-content\/uploads\/2021\/03\/a182-triichae-768x147.jpg 768w\" sizes=\"auto, (max-width: 971px) 100vw, 971px\" \/><\/figure>\n\n\n\n<p><strong>troggl\u00e4<\/strong><\/p>\n\n\n\n<figure class=\"wp-block-audio\"><audio controls src=\"https:\/\/walsermundart.ch\/wp-content\/uploads\/2022\/04\/a183-trogglae.mp3\"><\/audio><\/figure>\n\n\n\n<figure class=\"wp-block-image size-large\"><img loading=\"lazy\" decoding=\"async\" width=\"961\" height=\"188\" src=\"https:\/\/walsermundart.ch\/wp-content\/uploads\/2021\/03\/a183-trogglae.jpg\" alt=\"\" class=\"wp-image-3372\" srcset=\"https:\/\/walsermundart.ch\/wp-content\/uploads\/2021\/03\/a183-trogglae.jpg 961w, https:\/\/walsermundart.ch\/wp-content\/uploads\/2021\/03\/a183-trogglae-300x59.jpg 300w, https:\/\/walsermundart.ch\/wp-content\/uploads\/2021\/03\/a183-trogglae-768x150.jpg 768w\" sizes=\"auto, (max-width: 961px) 100vw, 961px\" \/><\/figure>\n\n\n\n<p><strong>Tromm<\/strong><\/p>\n\n\n\n<figure class=\"wp-block-audio\"><audio controls src=\"https:\/\/walsermundart.ch\/wp-content\/uploads\/2022\/04\/a184-Tromm.mp3\"><\/audio><\/figure>\n\n\n\n<figure class=\"wp-block-image size-large\"><img loading=\"lazy\" decoding=\"async\" width=\"960\" height=\"149\" src=\"https:\/\/walsermundart.ch\/wp-content\/uploads\/2021\/03\/a184-Tromm.jpg\" alt=\"\" class=\"wp-image-3374\" srcset=\"https:\/\/walsermundart.ch\/wp-content\/uploads\/2021\/03\/a184-Tromm.jpg 960w, https:\/\/walsermundart.ch\/wp-content\/uploads\/2021\/03\/a184-Tromm-300x47.jpg 300w, https:\/\/walsermundart.ch\/wp-content\/uploads\/2021\/03\/a184-Tromm-768x119.jpg 768w\" sizes=\"auto, (max-width: 960px) 100vw, 960px\" \/><\/figure>\n\n\n\n<p><strong>tromm\u00e4<\/strong><\/p>\n\n\n\n<figure class=\"wp-block-audio\"><audio controls src=\"https:\/\/walsermundart.ch\/wp-content\/uploads\/2022\/04\/a185-trommae.mp3\"><\/audio><\/figure>\n\n\n\n<figure class=\"wp-block-image size-large\"><img loading=\"lazy\" decoding=\"async\" width=\"969\" height=\"148\" src=\"https:\/\/walsermundart.ch\/wp-content\/uploads\/2021\/03\/a185-trommae.jpg\" alt=\"\" class=\"wp-image-3376\" srcset=\"https:\/\/walsermundart.ch\/wp-content\/uploads\/2021\/03\/a185-trommae.jpg 969w, https:\/\/walsermundart.ch\/wp-content\/uploads\/2021\/03\/a185-trommae-300x46.jpg 300w, https:\/\/walsermundart.ch\/wp-content\/uploads\/2021\/03\/a185-trommae-768x117.jpg 768w\" sizes=\"auto, (max-width: 969px) 100vw, 969px\" \/><\/figure>\n\n\n\n<p><strong>Trool<\/strong><\/p>\n\n\n\n<figure class=\"wp-block-audio\"><audio controls src=\"https:\/\/walsermundart.ch\/wp-content\/uploads\/2022\/04\/a186-Trool.mp3\"><\/audio><\/figure>\n\n\n\n<figure class=\"wp-block-image size-large\"><img loading=\"lazy\" decoding=\"async\" width=\"961\" height=\"149\" src=\"https:\/\/walsermundart.ch\/wp-content\/uploads\/2021\/03\/a186-Trool.jpg\" alt=\"\" class=\"wp-image-3378\" srcset=\"https:\/\/walsermundart.ch\/wp-content\/uploads\/2021\/03\/a186-Trool.jpg 961w, https:\/\/walsermundart.ch\/wp-content\/uploads\/2021\/03\/a186-Trool-300x47.jpg 300w, https:\/\/walsermundart.ch\/wp-content\/uploads\/2021\/03\/a186-Trool-768x119.jpg 768w\" sizes=\"auto, (max-width: 961px) 100vw, 961px\" \/><\/figure>\n\n\n\n<p><strong>tr\u00fcchchn\u00e4<\/strong><\/p>\n\n\n\n<figure class=\"wp-block-audio\"><audio controls src=\"https:\/\/walsermundart.ch\/wp-content\/uploads\/2022\/04\/a187-truechnae.mp3\"><\/audio><\/figure>\n\n\n\n<figure class=\"wp-block-image size-large\"><img loading=\"lazy\" decoding=\"async\" width=\"956\" height=\"185\" src=\"https:\/\/walsermundart.ch\/wp-content\/uploads\/2021\/03\/a187-truechnae.jpg\" alt=\"\" class=\"wp-image-3382\" srcset=\"https:\/\/walsermundart.ch\/wp-content\/uploads\/2021\/03\/a187-truechnae.jpg 956w, https:\/\/walsermundart.ch\/wp-content\/uploads\/2021\/03\/a187-truechnae-300x58.jpg 300w, https:\/\/walsermundart.ch\/wp-content\/uploads\/2021\/03\/a187-truechnae-768x149.jpg 768w\" sizes=\"auto, (max-width: 956px) 100vw, 956px\" \/><\/figure>\n\n\n\n<p><strong>tu\u00e4n<\/strong><\/p>\n\n\n\n<figure class=\"wp-block-audio\"><audio controls src=\"https:\/\/walsermundart.ch\/wp-content\/uploads\/2022\/04\/a188-tuaen.mp3\"><\/audio><\/figure>\n\n\n\n<figure class=\"wp-block-image size-large\"><img loading=\"lazy\" decoding=\"async\" width=\"960\" height=\"145\" src=\"https:\/\/walsermundart.ch\/wp-content\/uploads\/2021\/03\/a188-tuaen.jpg\" alt=\"\" class=\"wp-image-3384\" srcset=\"https:\/\/walsermundart.ch\/wp-content\/uploads\/2021\/03\/a188-tuaen.jpg 960w, https:\/\/walsermundart.ch\/wp-content\/uploads\/2021\/03\/a188-tuaen-300x45.jpg 300w, https:\/\/walsermundart.ch\/wp-content\/uploads\/2021\/03\/a188-tuaen-768x116.jpg 768w\" sizes=\"auto, (max-width: 960px) 100vw, 960px\" \/><\/figure>\n\n\n\n<p><strong>tu\u00e4nli<\/strong><\/p>\n\n\n\n<figure class=\"wp-block-audio\"><audio controls src=\"https:\/\/walsermundart.ch\/wp-content\/uploads\/2022\/04\/a189-tuaenli.mp3\"><\/audio><\/figure>\n\n\n\n<figure class=\"wp-block-image size-large\"><img loading=\"lazy\" decoding=\"async\" width=\"957\" height=\"149\" src=\"https:\/\/walsermundart.ch\/wp-content\/uploads\/2021\/03\/a189-tuaenli.jpg\" alt=\"\" class=\"wp-image-3386\" srcset=\"https:\/\/walsermundart.ch\/wp-content\/uploads\/2021\/03\/a189-tuaenli.jpg 957w, https:\/\/walsermundart.ch\/wp-content\/uploads\/2021\/03\/a189-tuaenli-300x47.jpg 300w, https:\/\/walsermundart.ch\/wp-content\/uploads\/2021\/03\/a189-tuaenli-768x120.jpg 768w\" sizes=\"auto, (max-width: 957px) 100vw, 957px\" \/><\/figure>\n\n\n\n<p><strong>t\u00fc\u00fcschsch\u00e4<\/strong><\/p>\n\n\n\n<figure class=\"wp-block-audio\"><audio controls src=\"https:\/\/walsermundart.ch\/wp-content\/uploads\/2022\/04\/a190-tueueschschae.mp3\"><\/audio><\/figure>\n\n\n\n<figure class=\"wp-block-image size-large\"><img loading=\"lazy\" decoding=\"async\" width=\"971\" height=\"148\" src=\"https:\/\/walsermundart.ch\/wp-content\/uploads\/2021\/03\/a190-tueueschschae.jpg\" alt=\"\" class=\"wp-image-3388\" srcset=\"https:\/\/walsermundart.ch\/wp-content\/uploads\/2021\/03\/a190-tueueschschae.jpg 971w, https:\/\/walsermundart.ch\/wp-content\/uploads\/2021\/03\/a190-tueueschschae-300x46.jpg 300w, https:\/\/walsermundart.ch\/wp-content\/uploads\/2021\/03\/a190-tueueschschae-768x117.jpg 768w\" sizes=\"auto, (max-width: 971px) 100vw, 971px\" \/><\/figure>\n\n\n\n<figure class=\"wp-block-image size-full is-resized\"><a href=\"https:\/\/walsermundart.ch\/?page_id=414\"><img loading=\"lazy\" decoding=\"async\" width=\"268\" height=\"173\" src=\"https:\/\/walsermundart.ch\/wp-content\/uploads\/2022\/03\/Pfeil-zurueck-mini-1.jpg\" alt=\"\" class=\"wp-image-6871\" style=\"width:108px;height:70px\"\/><\/a><\/figure>\n","protected":false},"excerpt":{"rendered":"<p>T\u00e4ischschig T\u00e4tsch t\u00e4uff tiir\u00e4 tondrli t\u00f6rff\u00e4 t\u00f6ttrl\u00e4 tr\u00e4ich\u00e4 tr\u00e4tz\u00e4 triich\u00e4 troggl\u00e4 Tromm tromm\u00e4 Trool tr\u00fcchchn\u00e4 tu\u00e4n tu\u00e4nli t\u00fc\u00fcschsch\u00e4<\/p>\n","protected":false},"author":1,"featured_media":0,"parent":0,"menu_order":0,"comment_status":"closed","ping_status":"closed","template":"","meta":{"footnotes":""},"class_list":["post-3031","page","type-page","status-publish","hentry"],"_links":{"self":[{"href":"https:\/\/walsermundart.ch\/index.php?rest_route=\/wp\/v2\/pages\/3031","targetHints":{"allow":["GET"]}}],"collection":[{"href":"https:\/\/walsermundart.ch\/index.php?rest_route=\/wp\/v2\/pages"}],"about":[{"href":"https:\/\/walsermundart.ch\/index.php?rest_route=\/wp\/v2\/types\/page"}],"author":[{"embeddable":true,"href":"https:\/\/walsermundart.ch\/index.php?rest_route=\/wp\/v2\/users\/1"}],"replies":[{"embeddable":true,"href":"https:\/\/walsermundart.ch\/index.php?rest_route=%2Fwp%2Fv2%2Fcomments&post=3031"}],"version-history":[{"count":19,"href":"https:\/\/walsermundart.ch\/index.php?rest_route=\/wp\/v2\/pages\/3031\/revisions"}],"predecessor-version":[{"id":8735,"href":"https:\/\/walsermundart.ch\/index.php?rest_route=\/wp\/v2\/pages\/3031\/revisions\/8735"}],"wp:attachment":[{"href":"https:\/\/walsermundart.ch\/index.php?rest_route=%2Fwp%2Fv2%2Fmedia&parent=3031"}],"curies":[{"name":"wp","href":"https:\/\/api.w.org\/{rel}","templated":true}]}}