{"id":3033,"date":"2021-03-09T08:46:55","date_gmt":"2021-03-09T08:46:55","guid":{"rendered":"https:\/\/walsermundart.ch\/?page_id=3033"},"modified":"2024-02-19T13:20:09","modified_gmt":"2024-02-19T13:20:09","slug":"4-u","status":"publish","type":"page","link":"https:\/\/walsermundart.ch\/?page_id=3033","title":{"rendered":"5.12 &#8211; U"},"content":{"rendered":"\n<figure class=\"wp-block-image size-full is-resized\"><a href=\"https:\/\/walsermundart.ch\/?page_id=414\"><img loading=\"lazy\" decoding=\"async\" width=\"268\" height=\"173\" src=\"https:\/\/walsermundart.ch\/wp-content\/uploads\/2022\/03\/Pfeil-zurueck-mini-1.jpg\" alt=\"\" class=\"wp-image-6871\" style=\"width:108px;height:70px\"\/><\/a><\/figure>\n\n\n\n<p><strong>\u00fcb\u00e4r\u00e4nand\u00e4r\u00e4<\/strong><\/p>\n\n\n\n<figure class=\"wp-block-audio\"><audio controls src=\"https:\/\/walsermundart.ch\/wp-content\/uploads\/2022\/04\/a192-uebaeraenandaerae.mp3\"><\/audio><\/figure>\n\n\n\n<figure class=\"wp-block-image size-large\"><img loading=\"lazy\" decoding=\"async\" width=\"955\" height=\"152\" src=\"https:\/\/walsermundart.ch\/wp-content\/uploads\/2021\/03\/a192-uebaeraenandaerae.jpg\" alt=\"\" class=\"wp-image-3414\" srcset=\"https:\/\/walsermundart.ch\/wp-content\/uploads\/2021\/03\/a192-uebaeraenandaerae.jpg 955w, https:\/\/walsermundart.ch\/wp-content\/uploads\/2021\/03\/a192-uebaeraenandaerae-300x48.jpg 300w, https:\/\/walsermundart.ch\/wp-content\/uploads\/2021\/03\/a192-uebaeraenandaerae-768x122.jpg 768w\" sizes=\"auto, (max-width: 955px) 100vw, 955px\" \/><\/figure>\n\n\n\n<p><strong>\u00fcbr das aab<\/strong><\/p>\n\n\n\n<figure class=\"wp-block-audio\"><audio controls src=\"https:\/\/walsermundart.ch\/wp-content\/uploads\/2022\/04\/a193-uebr-das-aab.mp3\"><\/audio><\/figure>\n\n\n\n<figure class=\"wp-block-image size-large\"><img loading=\"lazy\" decoding=\"async\" width=\"955\" height=\"153\" src=\"https:\/\/walsermundart.ch\/wp-content\/uploads\/2021\/03\/a193-uebr-das-aab.jpg\" alt=\"\" class=\"wp-image-3416\" srcset=\"https:\/\/walsermundart.ch\/wp-content\/uploads\/2021\/03\/a193-uebr-das-aab.jpg 955w, https:\/\/walsermundart.ch\/wp-content\/uploads\/2021\/03\/a193-uebr-das-aab-300x48.jpg 300w, https:\/\/walsermundart.ch\/wp-content\/uploads\/2021\/03\/a193-uebr-das-aab-768x123.jpg 768w\" sizes=\"auto, (max-width: 955px) 100vw, 955px\" \/><\/figure>\n\n\n\n<p><strong>\u00fcbrchoon<\/strong><\/p>\n\n\n\n<figure class=\"wp-block-audio\"><audio controls src=\"https:\/\/walsermundart.ch\/wp-content\/uploads\/2022\/04\/a194-uebrchoon.mp3\"><\/audio><\/figure>\n\n\n\n<figure class=\"wp-block-image size-large\"><img loading=\"lazy\" decoding=\"async\" width=\"953\" height=\"146\" src=\"https:\/\/walsermundart.ch\/wp-content\/uploads\/2021\/03\/a194-uebrchoon.jpg\" alt=\"\" class=\"wp-image-3418\" srcset=\"https:\/\/walsermundart.ch\/wp-content\/uploads\/2021\/03\/a194-uebrchoon.jpg 953w, https:\/\/walsermundart.ch\/wp-content\/uploads\/2021\/03\/a194-uebrchoon-300x46.jpg 300w, https:\/\/walsermundart.ch\/wp-content\/uploads\/2021\/03\/a194-uebrchoon-768x118.jpg 768w\" sizes=\"auto, (max-width: 953px) 100vw, 953px\" \/><\/figure>\n\n\n\n<p><strong>\u00fcbrvortl\u00e4<\/strong><\/p>\n\n\n\n<figure class=\"wp-block-audio\"><audio controls src=\"https:\/\/walsermundart.ch\/wp-content\/uploads\/2022\/04\/a195-uebrvortlae.mp3\"><\/audio><\/figure>\n\n\n\n<figure class=\"wp-block-image size-large\"><img loading=\"lazy\" decoding=\"async\" width=\"990\" height=\"188\" src=\"https:\/\/walsermundart.ch\/wp-content\/uploads\/2021\/03\/a195-uebrvortlae.jpg\" alt=\"\" class=\"wp-image-3420\" srcset=\"https:\/\/walsermundart.ch\/wp-content\/uploads\/2021\/03\/a195-uebrvortlae.jpg 990w, https:\/\/walsermundart.ch\/wp-content\/uploads\/2021\/03\/a195-uebrvortlae-300x57.jpg 300w, https:\/\/walsermundart.ch\/wp-content\/uploads\/2021\/03\/a195-uebrvortlae-768x146.jpg 768w\" sizes=\"auto, (max-width: 990px) 100vw, 990px\" \/><\/figure>\n\n\n\n<p><strong>\u00fcbrz\u00fc\u00fcg\u00e4<\/strong><\/p>\n\n\n\n<figure class=\"wp-block-audio\"><audio controls src=\"https:\/\/walsermundart.ch\/wp-content\/uploads\/2022\/04\/a196-uebrzueuegae.mp3\"><\/audio><\/figure>\n\n\n\n<figure class=\"wp-block-image size-large\"><img loading=\"lazy\" decoding=\"async\" width=\"954\" height=\"150\" src=\"https:\/\/walsermundart.ch\/wp-content\/uploads\/2021\/03\/a196-uebrzueuegae.jpg\" alt=\"\" class=\"wp-image-3424\" srcset=\"https:\/\/walsermundart.ch\/wp-content\/uploads\/2021\/03\/a196-uebrzueuegae.jpg 954w, https:\/\/walsermundart.ch\/wp-content\/uploads\/2021\/03\/a196-uebrzueuegae-300x47.jpg 300w, https:\/\/walsermundart.ch\/wp-content\/uploads\/2021\/03\/a196-uebrzueuegae-768x121.jpg 768w\" sizes=\"auto, (max-width: 954px) 100vw, 954px\" \/><\/figure>\n\n\n\n<p><strong>um\u00e4sus<\/strong><\/p>\n\n\n\n<figure class=\"wp-block-audio\"><audio controls src=\"https:\/\/walsermundart.ch\/wp-content\/uploads\/2022\/04\/a197-umaesus.mp3\"><\/audio><\/figure>\n\n\n\n<figure class=\"wp-block-image size-large\"><img loading=\"lazy\" decoding=\"async\" width=\"955\" height=\"144\" src=\"https:\/\/walsermundart.ch\/wp-content\/uploads\/2021\/03\/a197-umaesus.jpg\" alt=\"\" class=\"wp-image-3426\" srcset=\"https:\/\/walsermundart.ch\/wp-content\/uploads\/2021\/03\/a197-umaesus.jpg 955w, https:\/\/walsermundart.ch\/wp-content\/uploads\/2021\/03\/a197-umaesus-300x45.jpg 300w, https:\/\/walsermundart.ch\/wp-content\/uploads\/2021\/03\/a197-umaesus-768x116.jpg 768w\" sizes=\"auto, (max-width: 955px) 100vw, 955px\" \/><\/figure>\n\n\n\n<p><strong>umgeng<\/strong><\/p>\n\n\n\n<figure class=\"wp-block-audio\"><audio controls src=\"https:\/\/walsermundart.ch\/wp-content\/uploads\/2022\/04\/a198-umgeng.mp3\"><\/audio><\/figure>\n\n\n\n<figure class=\"wp-block-image size-large\"><img loading=\"lazy\" decoding=\"async\" width=\"951\" height=\"151\" src=\"https:\/\/walsermundart.ch\/wp-content\/uploads\/2021\/03\/a198-umgeng.jpg\" alt=\"\" class=\"wp-image-3428\" srcset=\"https:\/\/walsermundart.ch\/wp-content\/uploads\/2021\/03\/a198-umgeng.jpg 951w, https:\/\/walsermundart.ch\/wp-content\/uploads\/2021\/03\/a198-umgeng-300x48.jpg 300w, https:\/\/walsermundart.ch\/wp-content\/uploads\/2021\/03\/a198-umgeng-768x122.jpg 768w\" sizes=\"auto, (max-width: 951px) 100vw, 951px\" \/><\/figure>\n\n\n\n<p><strong>umlitz\u00e4<\/strong><\/p>\n\n\n\n<figure class=\"wp-block-audio\"><audio controls src=\"https:\/\/walsermundart.ch\/wp-content\/uploads\/2022\/04\/a199-umlitzae.mp3\"><\/audio><\/figure>\n\n\n\n<figure class=\"wp-block-image size-large\"><img loading=\"lazy\" decoding=\"async\" width=\"958\" height=\"148\" src=\"https:\/\/walsermundart.ch\/wp-content\/uploads\/2021\/03\/a199-umlitzae.jpg\" alt=\"\" class=\"wp-image-3430\" srcset=\"https:\/\/walsermundart.ch\/wp-content\/uploads\/2021\/03\/a199-umlitzae.jpg 958w, https:\/\/walsermundart.ch\/wp-content\/uploads\/2021\/03\/a199-umlitzae-300x46.jpg 300w, https:\/\/walsermundart.ch\/wp-content\/uploads\/2021\/03\/a199-umlitzae-768x119.jpg 768w\" sizes=\"auto, (max-width: 958px) 100vw, 958px\" \/><\/figure>\n\n\n\n<p><strong>ummrbee\u00e4<\/strong><\/p>\n\n\n\n<figure class=\"wp-block-audio\"><audio controls src=\"https:\/\/walsermundart.ch\/wp-content\/uploads\/2022\/04\/a200-ummrbeeae.mp3\"><\/audio><\/figure>\n\n\n\n<figure class=\"wp-block-image size-large\"><img loading=\"lazy\" decoding=\"async\" width=\"952\" height=\"222\" src=\"https:\/\/walsermundart.ch\/wp-content\/uploads\/2021\/03\/a200-ummrbeeae.jpg\" alt=\"\" class=\"wp-image-3432\" srcset=\"https:\/\/walsermundart.ch\/wp-content\/uploads\/2021\/03\/a200-ummrbeeae.jpg 952w, https:\/\/walsermundart.ch\/wp-content\/uploads\/2021\/03\/a200-ummrbeeae-300x70.jpg 300w, https:\/\/walsermundart.ch\/wp-content\/uploads\/2021\/03\/a200-ummrbeeae-768x179.jpg 768w\" sizes=\"auto, (max-width: 952px) 100vw, 952px\" \/><\/figure>\n\n\n\n<p><strong>ummrnar\u00e4<\/strong><\/p>\n\n\n\n<figure class=\"wp-block-audio\"><audio controls src=\"https:\/\/walsermundart.ch\/wp-content\/uploads\/2022\/04\/a201-ummrnarae.mp3\"><\/audio><\/figure>\n\n\n\n<figure class=\"wp-block-image size-large\"><img loading=\"lazy\" decoding=\"async\" width=\"957\" height=\"221\" src=\"https:\/\/walsermundart.ch\/wp-content\/uploads\/2021\/03\/a201-ummrnarae.jpg\" alt=\"\" class=\"wp-image-3436\" srcset=\"https:\/\/walsermundart.ch\/wp-content\/uploads\/2021\/03\/a201-ummrnarae.jpg 957w, https:\/\/walsermundart.ch\/wp-content\/uploads\/2021\/03\/a201-ummrnarae-300x69.jpg 300w, https:\/\/walsermundart.ch\/wp-content\/uploads\/2021\/03\/a201-ummrnarae-768x177.jpg 768w\" sizes=\"auto, (max-width: 957px) 100vw, 957px\" \/><\/figure>\n\n\n\n<p><strong>ummrp\u00fcntl\u00e4<\/strong><\/p>\n\n\n\n<figure class=\"wp-block-audio\"><audio controls src=\"https:\/\/walsermundart.ch\/wp-content\/uploads\/2022\/04\/a202-ummrpuentlae.mp3\"><\/audio><\/figure>\n\n\n\n<figure class=\"wp-block-image size-large\"><img loading=\"lazy\" decoding=\"async\" width=\"955\" height=\"182\" src=\"https:\/\/walsermundart.ch\/wp-content\/uploads\/2021\/03\/a202-ummrpuentlae.jpg\" alt=\"\" class=\"wp-image-3438\" srcset=\"https:\/\/walsermundart.ch\/wp-content\/uploads\/2021\/03\/a202-ummrpuentlae.jpg 955w, https:\/\/walsermundart.ch\/wp-content\/uploads\/2021\/03\/a202-ummrpuentlae-300x57.jpg 300w, https:\/\/walsermundart.ch\/wp-content\/uploads\/2021\/03\/a202-ummrpuentlae-768x146.jpg 768w\" sizes=\"auto, (max-width: 955px) 100vw, 955px\" \/><\/figure>\n\n\n\n<p><strong>ummrschpi\u00e4nzl\u00e4<\/strong><\/p>\n\n\n\n<figure class=\"wp-block-audio\"><audio controls src=\"https:\/\/walsermundart.ch\/wp-content\/uploads\/2022\/04\/a203-ummrschpiaenzlae.mp3\"><\/audio><\/figure>\n\n\n\n<figure class=\"wp-block-image size-large\"><img loading=\"lazy\" decoding=\"async\" width=\"986\" height=\"148\" src=\"https:\/\/walsermundart.ch\/wp-content\/uploads\/2021\/03\/a203-ummrschpiaenzlae.jpg\" alt=\"\" class=\"wp-image-3440\" srcset=\"https:\/\/walsermundart.ch\/wp-content\/uploads\/2021\/03\/a203-ummrschpiaenzlae.jpg 986w, https:\/\/walsermundart.ch\/wp-content\/uploads\/2021\/03\/a203-ummrschpiaenzlae-300x45.jpg 300w, https:\/\/walsermundart.ch\/wp-content\/uploads\/2021\/03\/a203-ummrschpiaenzlae-768x115.jpg 768w\" sizes=\"auto, (max-width: 986px) 100vw, 986px\" \/><\/figure>\n\n\n\n<p><strong>Umu\u00e4s<\/strong><\/p>\n\n\n\n<figure class=\"wp-block-audio\"><audio controls src=\"https:\/\/walsermundart.ch\/wp-content\/uploads\/2022\/04\/a204-Umuaes.mp3\"><\/audio><\/figure>\n\n\n\n<figure class=\"wp-block-image size-large\"><img loading=\"lazy\" decoding=\"async\" width=\"955\" height=\"150\" src=\"https:\/\/walsermundart.ch\/wp-content\/uploads\/2021\/03\/a204b-Umuaes-e1615826307724.jpg\" alt=\"\" class=\"wp-image-3657\"\/><\/figure>\n\n\n\n<p><strong>und\u00e9rig<\/strong><\/p>\n\n\n\n<figure class=\"wp-block-audio\"><audio controls src=\"https:\/\/walsermundart.ch\/wp-content\/uploads\/2022\/04\/a205-underig.mp3\"><\/audio><\/figure>\n\n\n\n<figure class=\"wp-block-image size-large\"><img loading=\"lazy\" decoding=\"async\" width=\"962\" height=\"145\" src=\"https:\/\/walsermundart.ch\/wp-content\/uploads\/2021\/03\/a205-underig.jpg\" alt=\"\" class=\"wp-image-3448\" srcset=\"https:\/\/walsermundart.ch\/wp-content\/uploads\/2021\/03\/a205-underig.jpg 962w, https:\/\/walsermundart.ch\/wp-content\/uploads\/2021\/03\/a205-underig-300x45.jpg 300w, https:\/\/walsermundart.ch\/wp-content\/uploads\/2021\/03\/a205-underig-768x116.jpg 768w\" sizes=\"auto, (max-width: 962px) 100vw, 962px\" \/><\/figure>\n\n\n\n<p><strong>ungchand<\/strong><\/p>\n\n\n\n<figure class=\"wp-block-audio\"><audio controls src=\"https:\/\/walsermundart.ch\/wp-content\/uploads\/2022\/04\/a206-ungchand.mp3\"><\/audio><\/figure>\n\n\n\n<figure class=\"wp-block-image size-full\"><img loading=\"lazy\" decoding=\"async\" width=\"972\" height=\"148\" src=\"https:\/\/walsermundart.ch\/wp-content\/uploads\/2022\/04\/a206-ungchand-1.jpg\" alt=\"\" class=\"wp-image-7600\" srcset=\"https:\/\/walsermundart.ch\/wp-content\/uploads\/2022\/04\/a206-ungchand-1.jpg 972w, https:\/\/walsermundart.ch\/wp-content\/uploads\/2022\/04\/a206-ungchand-1-300x46.jpg 300w, https:\/\/walsermundart.ch\/wp-content\/uploads\/2022\/04\/a206-ungchand-1-768x117.jpg 768w\" sizes=\"auto, (max-width: 972px) 100vw, 972px\" \/><\/figure>\n\n\n\n<p><strong>ungschlacht<\/strong><\/p>\n\n\n\n<figure class=\"wp-block-audio\"><audio controls src=\"https:\/\/walsermundart.ch\/wp-content\/uploads\/2022\/04\/a207-ungschlacht.mp3\"><\/audio><\/figure>\n\n\n\n<figure class=\"wp-block-image size-large\"><img loading=\"lazy\" decoding=\"async\" width=\"957\" height=\"148\" src=\"https:\/\/walsermundart.ch\/wp-content\/uploads\/2021\/03\/a207-ungschlacht.jpg\" alt=\"\" class=\"wp-image-3452\" srcset=\"https:\/\/walsermundart.ch\/wp-content\/uploads\/2021\/03\/a207-ungschlacht.jpg 957w, https:\/\/walsermundart.ch\/wp-content\/uploads\/2021\/03\/a207-ungschlacht-300x46.jpg 300w, https:\/\/walsermundart.ch\/wp-content\/uploads\/2021\/03\/a207-ungschlacht-768x119.jpg 768w\" sizes=\"auto, (max-width: 957px) 100vw, 957px\" \/><\/figure>\n\n\n\n<p><strong>\u00fcns<\/strong><\/p>\n\n\n\n<figure class=\"wp-block-audio\"><audio controls src=\"https:\/\/walsermundart.ch\/wp-content\/uploads\/2022\/04\/a208-uens.mp3\"><\/audio><\/figure>\n\n\n\n<figure class=\"wp-block-image size-large\"><img loading=\"lazy\" decoding=\"async\" width=\"958\" height=\"188\" src=\"https:\/\/walsermundart.ch\/wp-content\/uploads\/2021\/03\/a208-uens.jpg\" alt=\"\" class=\"wp-image-3454\" srcset=\"https:\/\/walsermundart.ch\/wp-content\/uploads\/2021\/03\/a208-uens.jpg 958w, https:\/\/walsermundart.ch\/wp-content\/uploads\/2021\/03\/a208-uens-300x59.jpg 300w, https:\/\/walsermundart.ch\/wp-content\/uploads\/2021\/03\/a208-uens-768x151.jpg 768w\" sizes=\"auto, (max-width: 958px) 100vw, 958px\" \/><\/figure>\n\n\n\n<p><strong>\u00fcnsch<\/strong><\/p>\n\n\n\n<figure class=\"wp-block-audio\"><audio controls src=\"https:\/\/walsermundart.ch\/wp-content\/uploads\/2022\/04\/a209-uensch.mp3\"><\/audio><\/figure>\n\n\n\n<figure class=\"wp-block-image size-large\"><img loading=\"lazy\" decoding=\"async\" width=\"997\" height=\"191\" src=\"https:\/\/walsermundart.ch\/wp-content\/uploads\/2021\/03\/a209-uensch.jpg\" alt=\"\" class=\"wp-image-3456\" srcset=\"https:\/\/walsermundart.ch\/wp-content\/uploads\/2021\/03\/a209-uensch.jpg 997w, https:\/\/walsermundart.ch\/wp-content\/uploads\/2021\/03\/a209-uensch-300x57.jpg 300w, https:\/\/walsermundart.ch\/wp-content\/uploads\/2021\/03\/a209-uensch-768x147.jpg 768w\" sizes=\"auto, (max-width: 997px) 100vw, 997px\" \/><\/figure>\n\n\n\n<p><strong>\u00fcnschrn\u00e4im<\/strong><\/p>\n\n\n\n<figure class=\"wp-block-audio\"><audio controls src=\"https:\/\/walsermundart.ch\/wp-content\/uploads\/2022\/04\/a210-uenschrnaeim.mp3\"><\/audio><\/figure>\n\n\n\n<figure class=\"wp-block-image size-large\"><img loading=\"lazy\" decoding=\"async\" width=\"958\" height=\"184\" src=\"https:\/\/walsermundart.ch\/wp-content\/uploads\/2021\/03\/a210-uenschrnaeim.jpg\" alt=\"\" class=\"wp-image-3460\" srcset=\"https:\/\/walsermundart.ch\/wp-content\/uploads\/2021\/03\/a210-uenschrnaeim.jpg 958w, https:\/\/walsermundart.ch\/wp-content\/uploads\/2021\/03\/a210-uenschrnaeim-300x58.jpg 300w, https:\/\/walsermundart.ch\/wp-content\/uploads\/2021\/03\/a210-uenschrnaeim-768x148.jpg 768w\" sizes=\"auto, (max-width: 958px) 100vw, 958px\" \/><\/figure>\n\n\n\n<p><strong>\u00fcnschrn\u00e4is<\/strong><\/p>\n\n\n\n<figure class=\"wp-block-audio\"><audio controls src=\"https:\/\/walsermundart.ch\/wp-content\/uploads\/2022\/04\/a210b-uenschrnaeis.mp3\"><\/audio><\/figure>\n\n\n\n<figure class=\"wp-block-image size-large\"><img loading=\"lazy\" decoding=\"async\" width=\"964\" height=\"149\" src=\"https:\/\/walsermundart.ch\/wp-content\/uploads\/2021\/03\/a210b-uenschrnaeis.jpg\" alt=\"\" class=\"wp-image-3462\" srcset=\"https:\/\/walsermundart.ch\/wp-content\/uploads\/2021\/03\/a210b-uenschrnaeis.jpg 964w, https:\/\/walsermundart.ch\/wp-content\/uploads\/2021\/03\/a210b-uenschrnaeis-300x46.jpg 300w, https:\/\/walsermundart.ch\/wp-content\/uploads\/2021\/03\/a210b-uenschrnaeis-768x119.jpg 768w\" sizes=\"auto, (max-width: 964px) 100vw, 964px\" \/><\/figure>\n\n\n\n<p><strong>Urischpi<\/strong><\/p>\n\n\n\n<figure class=\"wp-block-audio\"><audio controls src=\"https:\/\/walsermundart.ch\/wp-content\/uploads\/2022\/04\/a211-Urischpi.mp3\"><\/audio><\/figure>\n\n\n\n<figure class=\"wp-block-image size-full\"><img loading=\"lazy\" decoding=\"async\" width=\"951\" height=\"154\" src=\"https:\/\/walsermundart.ch\/wp-content\/uploads\/2022\/04\/a211-Urischpi.jpg\" alt=\"\" class=\"wp-image-7537\" srcset=\"https:\/\/walsermundart.ch\/wp-content\/uploads\/2022\/04\/a211-Urischpi.jpg 951w, https:\/\/walsermundart.ch\/wp-content\/uploads\/2022\/04\/a211-Urischpi-300x49.jpg 300w, https:\/\/walsermundart.ch\/wp-content\/uploads\/2022\/04\/a211-Urischpi-768x124.jpg 768w\" sizes=\"auto, (max-width: 951px) 100vw, 951px\" \/><\/figure>\n\n\n\n<p><strong>Ur\u00fc\u00e4b\u00e4tsch<\/strong><\/p>\n\n\n\n<figure class=\"wp-block-audio\"><audio controls src=\"https:\/\/walsermundart.ch\/wp-content\/uploads\/2022\/04\/a212-Urueaebaetsch.mp3\"><\/audio><\/figure>\n\n\n\n<figure class=\"wp-block-image size-large\"><img loading=\"lazy\" decoding=\"async\" width=\"977\" height=\"182\" src=\"https:\/\/walsermundart.ch\/wp-content\/uploads\/2021\/03\/a212-Urueaebaetsch.jpg\" alt=\"\" class=\"wp-image-3466\" srcset=\"https:\/\/walsermundart.ch\/wp-content\/uploads\/2021\/03\/a212-Urueaebaetsch.jpg 977w, https:\/\/walsermundart.ch\/wp-content\/uploads\/2021\/03\/a212-Urueaebaetsch-300x56.jpg 300w, https:\/\/walsermundart.ch\/wp-content\/uploads\/2021\/03\/a212-Urueaebaetsch-768x143.jpg 768w\" sizes=\"auto, (max-width: 977px) 100vw, 977px\" \/><\/figure>\n\n\n\n<p><strong>us\u00e4nand\u00e4r\u00e4blid\u00e4r\u00e4<\/strong><\/p>\n\n\n\n<figure class=\"wp-block-audio\"><audio controls src=\"https:\/\/walsermundart.ch\/wp-content\/uploads\/2022\/04\/a213-usaenandaeraeblidaerae.mp3\"><\/audio><\/figure>\n\n\n\n<figure class=\"wp-block-image size-large\"><img loading=\"lazy\" decoding=\"async\" width=\"956\" height=\"151\" src=\"https:\/\/walsermundart.ch\/wp-content\/uploads\/2021\/03\/a213-usaenandaeraeblidaerae.jpg\" alt=\"\" class=\"wp-image-3468\" srcset=\"https:\/\/walsermundart.ch\/wp-content\/uploads\/2021\/03\/a213-usaenandaeraeblidaerae.jpg 956w, https:\/\/walsermundart.ch\/wp-content\/uploads\/2021\/03\/a213-usaenandaeraeblidaerae-300x47.jpg 300w, https:\/\/walsermundart.ch\/wp-content\/uploads\/2021\/03\/a213-usaenandaeraeblidaerae-768x121.jpg 768w\" sizes=\"auto, (max-width: 956px) 100vw, 956px\" \/><\/figure>\n\n\n\n<figure class=\"wp-block-image size-full is-resized\"><a href=\"https:\/\/walsermundart.ch\/?page_id=414\"><img loading=\"lazy\" decoding=\"async\" width=\"268\" height=\"173\" src=\"https:\/\/walsermundart.ch\/wp-content\/uploads\/2022\/03\/Pfeil-zurueck-mini-1.jpg\" alt=\"\" class=\"wp-image-6871\" style=\"width:109px;height:70px\"\/><\/a><\/figure>\n","protected":false},"excerpt":{"rendered":"<p>\u00fcb\u00e4r\u00e4nand\u00e4r\u00e4 \u00fcbr das aab \u00fcbrchoon \u00fcbrvortl\u00e4 \u00fcbrz\u00fc\u00fcg\u00e4 um\u00e4sus umgeng umlitz\u00e4 ummrbee\u00e4 ummrnar\u00e4 ummrp\u00fcntl\u00e4 ummrschpi\u00e4nzl\u00e4 Umu\u00e4s und\u00e9rig ungchand ungschlacht \u00fcns \u00fcnsch \u00fcnschrn\u00e4im \u00fcnschrn\u00e4is Urischpi Ur\u00fc\u00e4b\u00e4tsch us\u00e4nand\u00e4r\u00e4blid\u00e4r\u00e4<\/p>\n","protected":false},"author":1,"featured_media":0,"parent":0,"menu_order":0,"comment_status":"closed","ping_status":"closed","template":"","meta":{"footnotes":""},"class_list":["post-3033","page","type-page","status-publish","hentry"],"_links":{"self":[{"href":"https:\/\/walsermundart.ch\/index.php?rest_route=\/wp\/v2\/pages\/3033","targetHints":{"allow":["GET"]}}],"collection":[{"href":"https:\/\/walsermundart.ch\/index.php?rest_route=\/wp\/v2\/pages"}],"about":[{"href":"https:\/\/walsermundart.ch\/index.php?rest_route=\/wp\/v2\/types\/page"}],"author":[{"embeddable":true,"href":"https:\/\/walsermundart.ch\/index.php?rest_route=\/wp\/v2\/users\/1"}],"replies":[{"embeddable":true,"href":"https:\/\/walsermundart.ch\/index.php?rest_route=%2Fwp%2Fv2%2Fcomments&post=3033"}],"version-history":[{"count":28,"href":"https:\/\/walsermundart.ch\/index.php?rest_route=\/wp\/v2\/pages\/3033\/revisions"}],"predecessor-version":[{"id":8741,"href":"https:\/\/walsermundart.ch\/index.php?rest_route=\/wp\/v2\/pages\/3033\/revisions\/8741"}],"wp:attachment":[{"href":"https:\/\/walsermundart.ch\/index.php?rest_route=%2Fwp%2Fv2%2Fmedia&parent=3033"}],"curies":[{"name":"wp","href":"https:\/\/api.w.org\/{rel}","templated":true}]}}