{"id":3035,"date":"2021-03-09T08:47:17","date_gmt":"2021-03-09T08:47:17","guid":{"rendered":"https:\/\/walsermundart.ch\/?page_id=3035"},"modified":"2024-02-19T13:36:38","modified_gmt":"2024-02-19T13:36:38","slug":"4-v","status":"publish","type":"page","link":"https:\/\/walsermundart.ch\/?page_id=3035","title":{"rendered":"5.13 &#8211; V"},"content":{"rendered":"\n<figure class=\"wp-block-image size-full is-resized\"><a href=\"https:\/\/walsermundart.ch\/?page_id=414\"><img loading=\"lazy\" decoding=\"async\" width=\"268\" height=\"173\" src=\"https:\/\/walsermundart.ch\/wp-content\/uploads\/2022\/03\/Pfeil-zurueck-mini-1.jpg\" alt=\"\" class=\"wp-image-6871\" style=\"width:108px;height:70px\"\/><\/a><\/figure>\n\n\n\n<p><strong>van<\/strong><\/p>\n\n\n\n<figure class=\"wp-block-audio\"><audio controls src=\"https:\/\/walsermundart.ch\/wp-content\/uploads\/2022\/04\/a214-va-van.mp3\"><\/audio><\/figure>\n\n\n\n<figure class=\"wp-block-image size-large\"><img loading=\"lazy\" decoding=\"async\" width=\"961\" height=\"188\" src=\"https:\/\/walsermundart.ch\/wp-content\/uploads\/2021\/03\/a214-va-van.jpg\" alt=\"\" class=\"wp-image-3481\" srcset=\"https:\/\/walsermundart.ch\/wp-content\/uploads\/2021\/03\/a214-va-van.jpg 961w, https:\/\/walsermundart.ch\/wp-content\/uploads\/2021\/03\/a214-va-van-300x59.jpg 300w, https:\/\/walsermundart.ch\/wp-content\/uploads\/2021\/03\/a214-va-van-768x150.jpg 768w\" sizes=\"auto, (max-width: 961px) 100vw, 961px\" \/><\/figure>\n\n\n\n<p><strong>van\u00e4r\u00e4<\/strong><\/p>\n\n\n\n<figure class=\"wp-block-audio\"><audio controls src=\"https:\/\/walsermundart.ch\/wp-content\/uploads\/2022\/04\/a215-vanaerae.mp3\"><\/audio><\/figure>\n\n\n\n<figure class=\"wp-block-image size-large\"><img loading=\"lazy\" decoding=\"async\" width=\"956\" height=\"150\" src=\"https:\/\/walsermundart.ch\/wp-content\/uploads\/2021\/03\/a215-vanaerae.jpg\" alt=\"\" class=\"wp-image-3483\" srcset=\"https:\/\/walsermundart.ch\/wp-content\/uploads\/2021\/03\/a215-vanaerae.jpg 956w, https:\/\/walsermundart.ch\/wp-content\/uploads\/2021\/03\/a215-vanaerae-300x47.jpg 300w, https:\/\/walsermundart.ch\/wp-content\/uploads\/2021\/03\/a215-vanaerae-768x121.jpg 768w\" sizes=\"auto, (max-width: 956px) 100vw, 956px\" \/><\/figure>\n\n\n\n<p><strong>v\u00e4rr\u00e4bl\u00e4<\/strong><\/p>\n\n\n\n<figure class=\"wp-block-audio\"><audio controls src=\"https:\/\/walsermundart.ch\/wp-content\/uploads\/2022\/04\/a216-vaerraeblae.mp3\"><\/audio><\/figure>\n\n\n\n<figure class=\"wp-block-image size-large\"><img loading=\"lazy\" decoding=\"async\" width=\"957\" height=\"187\" src=\"https:\/\/walsermundart.ch\/wp-content\/uploads\/2021\/03\/a216-vaerraeblae.jpg\" alt=\"\" class=\"wp-image-3485\" srcset=\"https:\/\/walsermundart.ch\/wp-content\/uploads\/2021\/03\/a216-vaerraeblae.jpg 957w, https:\/\/walsermundart.ch\/wp-content\/uploads\/2021\/03\/a216-vaerraeblae-300x59.jpg 300w, https:\/\/walsermundart.ch\/wp-content\/uploads\/2021\/03\/a216-vaerraeblae-768x150.jpg 768w\" sizes=\"auto, (max-width: 957px) 100vw, 957px\" \/><\/figure>\n\n\n\n<p><strong>vil\u00e4<\/strong><\/p>\n\n\n\n<figure class=\"wp-block-audio\"><audio controls src=\"https:\/\/walsermundart.ch\/wp-content\/uploads\/2022\/04\/a217-vilae.mp3\"><\/audio><\/figure>\n\n\n\n<figure class=\"wp-block-image size-large\"><img loading=\"lazy\" decoding=\"async\" width=\"953\" height=\"148\" src=\"https:\/\/walsermundart.ch\/wp-content\/uploads\/2021\/03\/a217-vilae.jpg\" alt=\"\" class=\"wp-image-3487\" srcset=\"https:\/\/walsermundart.ch\/wp-content\/uploads\/2021\/03\/a217-vilae.jpg 953w, https:\/\/walsermundart.ch\/wp-content\/uploads\/2021\/03\/a217-vilae-300x47.jpg 300w, https:\/\/walsermundart.ch\/wp-content\/uploads\/2021\/03\/a217-vilae-768x119.jpg 768w\" sizes=\"auto, (max-width: 953px) 100vw, 953px\" \/><\/figure>\n\n\n\n<p><strong>vilentig<\/strong><\/p>\n\n\n\n<figure class=\"wp-block-audio\"><audio controls src=\"https:\/\/walsermundart.ch\/wp-content\/uploads\/2022\/04\/a218-vilentig.mp3\"><\/audio><\/figure>\n\n\n\n<figure class=\"wp-block-image size-large\"><img loading=\"lazy\" decoding=\"async\" width=\"951\" height=\"147\" src=\"https:\/\/walsermundart.ch\/wp-content\/uploads\/2021\/03\/a218-vilentig.jpg\" alt=\"\" class=\"wp-image-3489\" srcset=\"https:\/\/walsermundart.ch\/wp-content\/uploads\/2021\/03\/a218-vilentig.jpg 951w, https:\/\/walsermundart.ch\/wp-content\/uploads\/2021\/03\/a218-vilentig-300x46.jpg 300w, https:\/\/walsermundart.ch\/wp-content\/uploads\/2021\/03\/a218-vilentig-768x119.jpg 768w\" sizes=\"auto, (max-width: 951px) 100vw, 951px\" \/><\/figure>\n\n\n\n<p><strong>\u00e4s vilis<\/strong><\/p>\n\n\n\n<figure class=\"wp-block-audio\"><audio controls src=\"https:\/\/walsermundart.ch\/wp-content\/uploads\/2022\/04\/a219-aes-vilis.mp3\"><\/audio><\/figure>\n\n\n\n<figure class=\"wp-block-image size-full\"><img loading=\"lazy\" decoding=\"async\" width=\"958\" height=\"153\" src=\"https:\/\/walsermundart.ch\/wp-content\/uploads\/2022\/05\/a219-aes-vilis.jpg\" alt=\"\" class=\"wp-image-7862\" srcset=\"https:\/\/walsermundart.ch\/wp-content\/uploads\/2022\/05\/a219-aes-vilis.jpg 958w, https:\/\/walsermundart.ch\/wp-content\/uploads\/2022\/05\/a219-aes-vilis-300x48.jpg 300w, https:\/\/walsermundart.ch\/wp-content\/uploads\/2022\/05\/a219-aes-vilis-768x123.jpg 768w\" sizes=\"auto, (max-width: 958px) 100vw, 958px\" \/><\/figure>\n\n\n\n<p><strong>vorzu\u00e4<\/strong><\/p>\n\n\n\n<figure class=\"wp-block-audio\"><audio controls src=\"https:\/\/walsermundart.ch\/wp-content\/uploads\/2022\/04\/a220-vorzuae.mp3\"><\/audio><\/figure>\n\n\n\n<figure class=\"wp-block-image size-large\"><img loading=\"lazy\" decoding=\"async\" width=\"958\" height=\"152\" src=\"https:\/\/walsermundart.ch\/wp-content\/uploads\/2021\/03\/a220-vorzuae.jpg\" alt=\"\" class=\"wp-image-3495\" srcset=\"https:\/\/walsermundart.ch\/wp-content\/uploads\/2021\/03\/a220-vorzuae.jpg 958w, https:\/\/walsermundart.ch\/wp-content\/uploads\/2021\/03\/a220-vorzuae-300x48.jpg 300w, https:\/\/walsermundart.ch\/wp-content\/uploads\/2021\/03\/a220-vorzuae-768x122.jpg 768w\" sizes=\"auto, (max-width: 958px) 100vw, 958px\" \/><\/figure>\n\n\n\n<p><strong>vrbutz\u00e4<\/strong><\/p>\n\n\n\n<figure class=\"wp-block-audio\"><audio controls src=\"https:\/\/walsermundart.ch\/wp-content\/uploads\/2022\/04\/a221-vrbutzae.mp3\"><\/audio><\/figure>\n\n\n\n<figure class=\"wp-block-image size-large\"><img loading=\"lazy\" decoding=\"async\" width=\"954\" height=\"149\" src=\"https:\/\/walsermundart.ch\/wp-content\/uploads\/2021\/03\/a221-vrbutzae.jpg\" alt=\"\" class=\"wp-image-3497\" srcset=\"https:\/\/walsermundart.ch\/wp-content\/uploads\/2021\/03\/a221-vrbutzae.jpg 954w, https:\/\/walsermundart.ch\/wp-content\/uploads\/2021\/03\/a221-vrbutzae-300x47.jpg 300w, https:\/\/walsermundart.ch\/wp-content\/uploads\/2021\/03\/a221-vrbutzae-768x120.jpg 768w\" sizes=\"auto, (max-width: 954px) 100vw, 954px\" \/><\/figure>\n\n\n\n<p><strong>vrli\u00e4r\u00e4<\/strong><\/p>\n\n\n\n<figure class=\"wp-block-audio\"><audio controls src=\"https:\/\/walsermundart.ch\/wp-content\/uploads\/2022\/04\/a222-vrliaerae.mp3\"><\/audio><\/figure>\n\n\n\n<figure class=\"wp-block-image size-large\"><img loading=\"lazy\" decoding=\"async\" width=\"957\" height=\"221\" src=\"https:\/\/walsermundart.ch\/wp-content\/uploads\/2021\/03\/a222-vrliaerae.jpg\" alt=\"\" class=\"wp-image-3499\" srcset=\"https:\/\/walsermundart.ch\/wp-content\/uploads\/2021\/03\/a222-vrliaerae.jpg 957w, https:\/\/walsermundart.ch\/wp-content\/uploads\/2021\/03\/a222-vrliaerae-300x69.jpg 300w, https:\/\/walsermundart.ch\/wp-content\/uploads\/2021\/03\/a222-vrliaerae-768x177.jpg 768w\" sizes=\"auto, (max-width: 957px) 100vw, 957px\" \/><\/figure>\n\n\n\n<p><strong>vrm\u00e4sch\u00e4r\u00e4<\/strong><\/p>\n\n\n\n<figure class=\"wp-block-audio\"><audio controls src=\"https:\/\/walsermundart.ch\/wp-content\/uploads\/2022\/04\/a223-vrmaeschaerae.mp3\"><\/audio><\/figure>\n\n\n\n<figure class=\"wp-block-image size-large\"><img loading=\"lazy\" decoding=\"async\" width=\"960\" height=\"222\" src=\"https:\/\/walsermundart.ch\/wp-content\/uploads\/2021\/03\/a223-vrmaeschaerae.jpg\" alt=\"\" class=\"wp-image-3501\" srcset=\"https:\/\/walsermundart.ch\/wp-content\/uploads\/2021\/03\/a223-vrmaeschaerae.jpg 960w, https:\/\/walsermundart.ch\/wp-content\/uploads\/2021\/03\/a223-vrmaeschaerae-300x69.jpg 300w, https:\/\/walsermundart.ch\/wp-content\/uploads\/2021\/03\/a223-vrmaeschaerae-768x178.jpg 768w\" sizes=\"auto, (max-width: 960px) 100vw, 960px\" \/><\/figure>\n\n\n\n<p><strong>vrp\u00e4\u00e4gg\u00e4<\/strong><\/p>\n\n\n\n<figure class=\"wp-block-audio\"><audio controls src=\"https:\/\/walsermundart.ch\/wp-content\/uploads\/2022\/04\/a224-vrpaeaeggae.mp3\"><\/audio><\/figure>\n\n\n\n<figure class=\"wp-block-image size-large\"><img loading=\"lazy\" decoding=\"async\" width=\"957\" height=\"149\" src=\"https:\/\/walsermundart.ch\/wp-content\/uploads\/2021\/03\/a224-vrpaeaeggae.jpg\" alt=\"\" class=\"wp-image-3503\" srcset=\"https:\/\/walsermundart.ch\/wp-content\/uploads\/2021\/03\/a224-vrpaeaeggae.jpg 957w, https:\/\/walsermundart.ch\/wp-content\/uploads\/2021\/03\/a224-vrpaeaeggae-300x47.jpg 300w, https:\/\/walsermundart.ch\/wp-content\/uploads\/2021\/03\/a224-vrpaeaeggae-768x120.jpg 768w\" sizes=\"auto, (max-width: 957px) 100vw, 957px\" \/><\/figure>\n\n\n\n<p><strong>vrsch\u00e4ich\u00e4<\/strong><\/p>\n\n\n\n<figure class=\"wp-block-audio\"><audio controls src=\"https:\/\/walsermundart.ch\/wp-content\/uploads\/2022\/04\/a225-vrschaeichae.mp3\"><\/audio><\/figure>\n\n\n\n<figure class=\"wp-block-image size-large\"><img loading=\"lazy\" decoding=\"async\" width=\"957\" height=\"147\" src=\"https:\/\/walsermundart.ch\/wp-content\/uploads\/2021\/03\/a225-vrschaeichae.jpg\" alt=\"\" class=\"wp-image-3505\" srcset=\"https:\/\/walsermundart.ch\/wp-content\/uploads\/2021\/03\/a225-vrschaeichae.jpg 957w, https:\/\/walsermundart.ch\/wp-content\/uploads\/2021\/03\/a225-vrschaeichae-300x46.jpg 300w, https:\/\/walsermundart.ch\/wp-content\/uploads\/2021\/03\/a225-vrschaeichae-768x118.jpg 768w\" sizes=\"auto, (max-width: 957px) 100vw, 957px\" \/><\/figure>\n\n\n\n<p><strong>vrschrag\u00e4<\/strong><\/p>\n\n\n\n<figure class=\"wp-block-audio\"><audio controls src=\"https:\/\/walsermundart.ch\/wp-content\/uploads\/2022\/04\/a226-vrschragae.mp3\"><\/audio><\/figure>\n\n\n\n<figure class=\"wp-block-image size-large\"><img loading=\"lazy\" decoding=\"async\" width=\"948\" height=\"148\" src=\"https:\/\/walsermundart.ch\/wp-content\/uploads\/2021\/03\/a226-vrschragae.jpg\" alt=\"\" class=\"wp-image-3509\" srcset=\"https:\/\/walsermundart.ch\/wp-content\/uploads\/2021\/03\/a226-vrschragae.jpg 948w, https:\/\/walsermundart.ch\/wp-content\/uploads\/2021\/03\/a226-vrschragae-300x47.jpg 300w, https:\/\/walsermundart.ch\/wp-content\/uploads\/2021\/03\/a226-vrschragae-768x120.jpg 768w\" sizes=\"auto, (max-width: 948px) 100vw, 948px\" \/><\/figure>\n\n\n\n<p><strong>vrschwer\u00e4<\/strong><\/p>\n\n\n\n<figure class=\"wp-block-audio\"><audio controls src=\"https:\/\/walsermundart.ch\/wp-content\/uploads\/2022\/04\/a227-vrschwerae.mp3\"><\/audio><\/figure>\n\n\n\n<figure class=\"wp-block-image size-large\"><img loading=\"lazy\" decoding=\"async\" width=\"955\" height=\"187\" src=\"https:\/\/walsermundart.ch\/wp-content\/uploads\/2021\/03\/a227-vrschwerae.jpg\" alt=\"\" class=\"wp-image-3511\" srcset=\"https:\/\/walsermundart.ch\/wp-content\/uploads\/2021\/03\/a227-vrschwerae.jpg 955w, https:\/\/walsermundart.ch\/wp-content\/uploads\/2021\/03\/a227-vrschwerae-300x59.jpg 300w, https:\/\/walsermundart.ch\/wp-content\/uploads\/2021\/03\/a227-vrschwerae-768x150.jpg 768w\" sizes=\"auto, (max-width: 955px) 100vw, 955px\" \/><\/figure>\n\n\n\n<p><strong>vrwennt<\/strong><\/p>\n\n\n\n<figure class=\"wp-block-audio\"><audio controls src=\"https:\/\/walsermundart.ch\/wp-content\/uploads\/2022\/04\/a228-vrwennt.mp3\"><\/audio><\/figure>\n\n\n\n<figure class=\"wp-block-image size-large\"><img loading=\"lazy\" decoding=\"async\" width=\"958\" height=\"143\" src=\"https:\/\/walsermundart.ch\/wp-content\/uploads\/2021\/03\/a228-vrwennt.jpg\" alt=\"\" class=\"wp-image-3513\" srcset=\"https:\/\/walsermundart.ch\/wp-content\/uploads\/2021\/03\/a228-vrwennt.jpg 958w, https:\/\/walsermundart.ch\/wp-content\/uploads\/2021\/03\/a228-vrwennt-300x45.jpg 300w, https:\/\/walsermundart.ch\/wp-content\/uploads\/2021\/03\/a228-vrwennt-768x115.jpg 768w\" sizes=\"auto, (max-width: 958px) 100vw, 958px\" \/><\/figure>\n\n\n\n<p><strong>f\u00fcr\u00e4nand\u00e4r\u00e4<\/strong><\/p>\n\n\n\n<figure class=\"wp-block-audio\"><audio controls src=\"https:\/\/walsermundart.ch\/wp-content\/uploads\/2022\/04\/a229-fueraenandaerae.mp3\"><\/audio><\/figure>\n\n\n\n<figure class=\"wp-block-image size-large\"><img loading=\"lazy\" decoding=\"async\" width=\"959\" height=\"220\" src=\"https:\/\/walsermundart.ch\/wp-content\/uploads\/2021\/03\/a229-fueraenandaerae.jpg\" alt=\"\" class=\"wp-image-3515\" srcset=\"https:\/\/walsermundart.ch\/wp-content\/uploads\/2021\/03\/a229-fueraenandaerae.jpg 959w, https:\/\/walsermundart.ch\/wp-content\/uploads\/2021\/03\/a229-fueraenandaerae-300x69.jpg 300w, https:\/\/walsermundart.ch\/wp-content\/uploads\/2021\/03\/a229-fueraenandaerae-768x176.jpg 768w\" sizes=\"auto, (max-width: 959px) 100vw, 959px\" \/><\/figure>\n\n\n\n<p><strong>v\u00fcrbennig<\/strong><\/p>\n\n\n\n<figure class=\"wp-block-audio\"><audio controls src=\"https:\/\/walsermundart.ch\/wp-content\/uploads\/2022\/04\/a230-vuerbennig.mp3\"><\/audio><\/figure>\n\n\n\n<figure class=\"wp-block-image size-large\"><img loading=\"lazy\" decoding=\"async\" width=\"955\" height=\"155\" src=\"https:\/\/walsermundart.ch\/wp-content\/uploads\/2021\/03\/a230-vuerbennig.jpg\" alt=\"\" class=\"wp-image-3517\" srcset=\"https:\/\/walsermundart.ch\/wp-content\/uploads\/2021\/03\/a230-vuerbennig.jpg 955w, https:\/\/walsermundart.ch\/wp-content\/uploads\/2021\/03\/a230-vuerbennig-300x49.jpg 300w, https:\/\/walsermundart.ch\/wp-content\/uploads\/2021\/03\/a230-vuerbennig-768x125.jpg 768w\" sizes=\"auto, (max-width: 955px) 100vw, 955px\" \/><\/figure>\n\n\n\n<figure class=\"wp-block-image size-full is-resized\"><a href=\"https:\/\/walsermundart.ch\/?page_id=414\"><img loading=\"lazy\" decoding=\"async\" width=\"268\" height=\"173\" src=\"https:\/\/walsermundart.ch\/wp-content\/uploads\/2022\/03\/Pfeil-zurueck-mini-1.jpg\" alt=\"\" class=\"wp-image-6871\" style=\"width:108px;height:70px\"\/><\/a><\/figure>\n","protected":false},"excerpt":{"rendered":"<p>van van\u00e4r\u00e4 v\u00e4rr\u00e4bl\u00e4 vil\u00e4 vilentig \u00e4s vilis vorzu\u00e4 vrbutz\u00e4 vrli\u00e4r\u00e4 vrm\u00e4sch\u00e4r\u00e4 vrp\u00e4\u00e4gg\u00e4 vrsch\u00e4ich\u00e4 vrschrag\u00e4 vrschwer\u00e4 vrwennt f\u00fcr\u00e4nand\u00e4r\u00e4 v\u00fcrbennig<\/p>\n","protected":false},"author":1,"featured_media":0,"parent":0,"menu_order":0,"comment_status":"closed","ping_status":"closed","template":"","meta":{"footnotes":""},"class_list":["post-3035","page","type-page","status-publish","hentry"],"_links":{"self":[{"href":"https:\/\/walsermundart.ch\/index.php?rest_route=\/wp\/v2\/pages\/3035","targetHints":{"allow":["GET"]}}],"collection":[{"href":"https:\/\/walsermundart.ch\/index.php?rest_route=\/wp\/v2\/pages"}],"about":[{"href":"https:\/\/walsermundart.ch\/index.php?rest_route=\/wp\/v2\/types\/page"}],"author":[{"embeddable":true,"href":"https:\/\/walsermundart.ch\/index.php?rest_route=\/wp\/v2\/users\/1"}],"replies":[{"embeddable":true,"href":"https:\/\/walsermundart.ch\/index.php?rest_route=%2Fwp%2Fv2%2Fcomments&post=3035"}],"version-history":[{"count":19,"href":"https:\/\/walsermundart.ch\/index.php?rest_route=\/wp\/v2\/pages\/3035\/revisions"}],"predecessor-version":[{"id":8747,"href":"https:\/\/walsermundart.ch\/index.php?rest_route=\/wp\/v2\/pages\/3035\/revisions\/8747"}],"wp:attachment":[{"href":"https:\/\/walsermundart.ch\/index.php?rest_route=%2Fwp%2Fv2%2Fmedia&parent=3035"}],"curies":[{"name":"wp","href":"https:\/\/api.w.org\/{rel}","templated":true}]}}