{"id":3037,"date":"2021-03-09T08:48:05","date_gmt":"2021-03-09T08:48:05","guid":{"rendered":"https:\/\/walsermundart.ch\/?page_id=3037"},"modified":"2024-02-19T13:50:29","modified_gmt":"2024-02-19T13:50:29","slug":"4-w-x-y-z","status":"publish","type":"page","link":"https:\/\/walsermundart.ch\/?page_id=3037","title":{"rendered":"5.14 &#8211; W X Y Z"},"content":{"rendered":"\n<figure class=\"wp-block-image size-full is-resized\"><a href=\"https:\/\/walsermundart.ch\/?page_id=414\"><img loading=\"lazy\" decoding=\"async\" width=\"268\" height=\"173\" src=\"https:\/\/walsermundart.ch\/wp-content\/uploads\/2022\/03\/Pfeil-zurueck-mini-1.jpg\" alt=\"\" class=\"wp-image-6871\" style=\"width:108px;height:70px\"\/><\/a><\/figure>\n\n\n\n<p><strong>w\u00e4igg\u00e4<\/strong><\/p>\n\n\n\n<figure class=\"wp-block-audio\"><audio controls src=\"https:\/\/walsermundart.ch\/wp-content\/uploads\/2022\/04\/a231-waeiggae.mp3\"><\/audio><\/figure>\n\n\n\n<figure class=\"wp-block-image size-large\"><img loading=\"lazy\" decoding=\"async\" width=\"951\" height=\"152\" src=\"https:\/\/walsermundart.ch\/wp-content\/uploads\/2021\/03\/a231-waeiggae.jpg\" alt=\"\" class=\"wp-image-3523\" srcset=\"https:\/\/walsermundart.ch\/wp-content\/uploads\/2021\/03\/a231-waeiggae.jpg 951w, https:\/\/walsermundart.ch\/wp-content\/uploads\/2021\/03\/a231-waeiggae-300x48.jpg 300w, https:\/\/walsermundart.ch\/wp-content\/uploads\/2021\/03\/a231-waeiggae-768x123.jpg 768w\" sizes=\"auto, (max-width: 951px) 100vw, 951px\" \/><\/figure>\n\n\n\n<p><strong>va wan\u00e4<\/strong><\/p>\n\n\n\n<figure class=\"wp-block-audio\"><audio controls src=\"https:\/\/walsermundart.ch\/wp-content\/uploads\/2022\/04\/a232-wanae.mp3\"><\/audio><\/figure>\n\n\n\n<figure class=\"wp-block-image size-large\"><img loading=\"lazy\" decoding=\"async\" width=\"955\" height=\"152\" src=\"https:\/\/walsermundart.ch\/wp-content\/uploads\/2021\/03\/a232-wanae.jpg\" alt=\"\" class=\"wp-image-3525\" srcset=\"https:\/\/walsermundart.ch\/wp-content\/uploads\/2021\/03\/a232-wanae.jpg 955w, https:\/\/walsermundart.ch\/wp-content\/uploads\/2021\/03\/a232-wanae-300x48.jpg 300w, https:\/\/walsermundart.ch\/wp-content\/uploads\/2021\/03\/a232-wanae-768x122.jpg 768w\" sizes=\"auto, (max-width: 955px) 100vw, 955px\" \/><\/figure>\n\n\n\n<p><strong>w\u00e4r\u00e4<\/strong><\/p>\n\n\n\n<figure class=\"wp-block-audio\"><audio controls src=\"https:\/\/walsermundart.ch\/wp-content\/uploads\/2022\/04\/a233-waerae.mp3\"><\/audio><\/figure>\n\n\n\n<figure class=\"wp-block-image size-large\"><img loading=\"lazy\" decoding=\"async\" width=\"959\" height=\"191\" src=\"https:\/\/walsermundart.ch\/wp-content\/uploads\/2021\/03\/a233-waerae.jpg\" alt=\"\" class=\"wp-image-3527\" srcset=\"https:\/\/walsermundart.ch\/wp-content\/uploads\/2021\/03\/a233-waerae.jpg 959w, https:\/\/walsermundart.ch\/wp-content\/uploads\/2021\/03\/a233-waerae-300x60.jpg 300w, https:\/\/walsermundart.ch\/wp-content\/uploads\/2021\/03\/a233-waerae-768x153.jpg 768w\" sizes=\"auto, (max-width: 959px) 100vw, 959px\" \/><\/figure>\n\n\n\n<p><strong>w\u00e4ttrl\u00e4ih\u00e4<\/strong><\/p>\n\n\n\n<figure class=\"wp-block-audio\"><audio controls src=\"https:\/\/walsermundart.ch\/wp-content\/uploads\/2022\/04\/a234-waettrlaeihae.mp3\"><\/audio><\/figure>\n\n\n\n<figure class=\"wp-block-image size-large\"><img loading=\"lazy\" decoding=\"async\" width=\"958\" height=\"184\" src=\"https:\/\/walsermundart.ch\/wp-content\/uploads\/2021\/03\/a234-waettrlaeihae.jpg\" alt=\"\" class=\"wp-image-3529\" srcset=\"https:\/\/walsermundart.ch\/wp-content\/uploads\/2021\/03\/a234-waettrlaeihae.jpg 958w, https:\/\/walsermundart.ch\/wp-content\/uploads\/2021\/03\/a234-waettrlaeihae-300x58.jpg 300w, https:\/\/walsermundart.ch\/wp-content\/uploads\/2021\/03\/a234-waettrlaeihae-768x148.jpg 768w\" sizes=\"auto, (max-width: 958px) 100vw, 958px\" \/><\/figure>\n\n\n\n<p><strong>wid\u00e4rum<\/strong><\/p>\n\n\n\n<figure class=\"wp-block-audio\"><audio controls src=\"https:\/\/walsermundart.ch\/wp-content\/uploads\/2022\/04\/a235-widaerum.mp3\"><\/audio><\/figure>\n\n\n\n<figure class=\"wp-block-image size-large\"><img loading=\"lazy\" decoding=\"async\" width=\"988\" height=\"153\" src=\"https:\/\/walsermundart.ch\/wp-content\/uploads\/2021\/03\/a235-widaerum.jpg\" alt=\"\" class=\"wp-image-3531\" srcset=\"https:\/\/walsermundart.ch\/wp-content\/uploads\/2021\/03\/a235-widaerum.jpg 988w, https:\/\/walsermundart.ch\/wp-content\/uploads\/2021\/03\/a235-widaerum-300x46.jpg 300w, https:\/\/walsermundart.ch\/wp-content\/uploads\/2021\/03\/a235-widaerum-768x119.jpg 768w\" sizes=\"auto, (max-width: 988px) 100vw, 988px\" \/><\/figure>\n\n\n\n<p><strong>z\u00e4ich\u00e4<\/strong><\/p>\n\n\n\n<figure class=\"wp-block-audio\"><audio controls src=\"https:\/\/walsermundart.ch\/wp-content\/uploads\/2022\/04\/a236-zaeichae.mp3\"><\/audio><\/figure>\n\n\n\n<figure class=\"wp-block-image size-large\"><img loading=\"lazy\" decoding=\"async\" width=\"954\" height=\"151\" src=\"https:\/\/walsermundart.ch\/wp-content\/uploads\/2021\/03\/a236-zaeichae.jpg\" alt=\"\" class=\"wp-image-3533\" srcset=\"https:\/\/walsermundart.ch\/wp-content\/uploads\/2021\/03\/a236-zaeichae.jpg 954w, https:\/\/walsermundart.ch\/wp-content\/uploads\/2021\/03\/a236-zaeichae-300x47.jpg 300w, https:\/\/walsermundart.ch\/wp-content\/uploads\/2021\/03\/a236-zaeichae-768x122.jpg 768w\" sizes=\"auto, (max-width: 954px) 100vw, 954px\" \/><\/figure>\n\n\n\n<p><strong>z\u00e4mm\u00e4schm\u00fcr\u00e4l\u00e4<\/strong><\/p>\n\n\n\n<figure class=\"wp-block-audio\"><audio controls src=\"https:\/\/walsermundart.ch\/wp-content\/uploads\/2022\/04\/a237-zaemmaeschmueraelae.mp3\"><\/audio><\/figure>\n\n\n\n<figure class=\"wp-block-image size-large\"><img loading=\"lazy\" decoding=\"async\" width=\"955\" height=\"225\" src=\"https:\/\/walsermundart.ch\/wp-content\/uploads\/2021\/03\/a237-zaemmaeschmueraelae.jpg\" alt=\"\" class=\"wp-image-3537\" srcset=\"https:\/\/walsermundart.ch\/wp-content\/uploads\/2021\/03\/a237-zaemmaeschmueraelae.jpg 955w, https:\/\/walsermundart.ch\/wp-content\/uploads\/2021\/03\/a237-zaemmaeschmueraelae-300x71.jpg 300w, https:\/\/walsermundart.ch\/wp-content\/uploads\/2021\/03\/a237-zaemmaeschmueraelae-768x181.jpg 768w\" sizes=\"auto, (max-width: 955px) 100vw, 955px\" \/><\/figure>\n\n\n\n<p><strong>z\u00e4mm\u00e4schwaarb\u00e4<\/strong><\/p>\n\n\n\n<figure class=\"wp-block-audio\"><audio controls src=\"https:\/\/walsermundart.ch\/wp-content\/uploads\/2022\/04\/a238-zaemmaeschwaarbae.mp3\"><\/audio><\/figure>\n\n\n\n<figure class=\"wp-block-image size-large\"><img loading=\"lazy\" decoding=\"async\" width=\"952\" height=\"151\" src=\"https:\/\/walsermundart.ch\/wp-content\/uploads\/2021\/03\/a238-zaemmaeschwaarbae.jpg\" alt=\"\" class=\"wp-image-3539\" srcset=\"https:\/\/walsermundart.ch\/wp-content\/uploads\/2021\/03\/a238-zaemmaeschwaarbae.jpg 952w, https:\/\/walsermundart.ch\/wp-content\/uploads\/2021\/03\/a238-zaemmaeschwaarbae-300x48.jpg 300w, https:\/\/walsermundart.ch\/wp-content\/uploads\/2021\/03\/a238-zaemmaeschwaarbae-768x122.jpg 768w\" sizes=\"auto, (max-width: 952px) 100vw, 952px\" \/><\/figure>\n\n\n\n<p> <strong>zeerschtw\u00e4\u00e4rch<\/strong><\/p>\n\n\n\n<figure class=\"wp-block-audio\"><audio controls src=\"https:\/\/walsermundart.ch\/wp-content\/uploads\/2022\/04\/a239-zeerschtwaeaerch.mp3\"><\/audio><\/figure>\n\n\n\n<figure class=\"wp-block-image size-large\"><img loading=\"lazy\" decoding=\"async\" width=\"949\" height=\"184\" src=\"https:\/\/walsermundart.ch\/wp-content\/uploads\/2021\/03\/a239-zeerschtwaeaerch.jpg\" alt=\"\" class=\"wp-image-3541\" srcset=\"https:\/\/walsermundart.ch\/wp-content\/uploads\/2021\/03\/a239-zeerschtwaeaerch.jpg 949w, https:\/\/walsermundart.ch\/wp-content\/uploads\/2021\/03\/a239-zeerschtwaeaerch-300x58.jpg 300w, https:\/\/walsermundart.ch\/wp-content\/uploads\/2021\/03\/a239-zeerschtwaeaerch-768x149.jpg 768w\" sizes=\"auto, (max-width: 949px) 100vw, 949px\" \/><\/figure>\n\n\n\n<p><strong>zgnood<\/strong><\/p>\n\n\n\n<figure class=\"wp-block-audio\"><audio controls src=\"https:\/\/walsermundart.ch\/wp-content\/uploads\/2022\/04\/a240-zgnood.mp3\"><\/audio><\/figure>\n\n\n\n<figure class=\"wp-block-image size-large\"><img loading=\"lazy\" decoding=\"async\" width=\"948\" height=\"189\" src=\"https:\/\/walsermundart.ch\/wp-content\/uploads\/2021\/03\/a240-zgnood.jpg\" alt=\"\" class=\"wp-image-3543\" srcset=\"https:\/\/walsermundart.ch\/wp-content\/uploads\/2021\/03\/a240-zgnood.jpg 948w, https:\/\/walsermundart.ch\/wp-content\/uploads\/2021\/03\/a240-zgnood-300x60.jpg 300w, https:\/\/walsermundart.ch\/wp-content\/uploads\/2021\/03\/a240-zgnood-768x153.jpg 768w\" sizes=\"auto, (max-width: 948px) 100vw, 948px\" \/><\/figure>\n\n\n\n<p><strong>zhind\u00e4r\u00e4f\u00fc\u00fcr<\/strong><\/p>\n\n\n\n<figure class=\"wp-block-audio\"><audio controls src=\"https:\/\/walsermundart.ch\/wp-content\/uploads\/2022\/04\/a241-zhindaeraefueuer.mp3\"><\/audio><\/figure>\n\n\n\n<figure class=\"wp-block-image size-large\"><img loading=\"lazy\" decoding=\"async\" width=\"965\" height=\"190\" src=\"https:\/\/walsermundart.ch\/wp-content\/uploads\/2021\/03\/a241-zhindaeraefueuer.jpg\" alt=\"\" class=\"wp-image-3545\" srcset=\"https:\/\/walsermundart.ch\/wp-content\/uploads\/2021\/03\/a241-zhindaeraefueuer.jpg 965w, https:\/\/walsermundart.ch\/wp-content\/uploads\/2021\/03\/a241-zhindaeraefueuer-300x59.jpg 300w, https:\/\/walsermundart.ch\/wp-content\/uploads\/2021\/03\/a241-zhindaeraefueuer-768x151.jpg 768w\" sizes=\"auto, (max-width: 965px) 100vw, 965px\" \/><\/figure>\n\n\n\n<p><strong>Zil\u00e4t\u00e4<\/strong><\/p>\n\n\n\n<figure class=\"wp-block-audio\"><audio controls src=\"https:\/\/walsermundart.ch\/wp-content\/uploads\/2022\/04\/a242-Zilaetae.mp3\"><\/audio><\/figure>\n\n\n\n<figure class=\"wp-block-image size-large\"><img loading=\"lazy\" decoding=\"async\" width=\"961\" height=\"151\" src=\"https:\/\/walsermundart.ch\/wp-content\/uploads\/2021\/03\/a242-Zilaetae.jpg\" alt=\"\" class=\"wp-image-3547\" srcset=\"https:\/\/walsermundart.ch\/wp-content\/uploads\/2021\/03\/a242-Zilaetae.jpg 961w, https:\/\/walsermundart.ch\/wp-content\/uploads\/2021\/03\/a242-Zilaetae-300x47.jpg 300w, https:\/\/walsermundart.ch\/wp-content\/uploads\/2021\/03\/a242-Zilaetae-768x121.jpg 768w\" sizes=\"auto, (max-width: 961px) 100vw, 961px\" \/><\/figure>\n\n\n\n<p><strong>zl\u00e4idw\u00e4\u00e4rch\u00e4<\/strong><\/p>\n\n\n\n<figure class=\"wp-block-audio\"><audio controls src=\"https:\/\/walsermundart.ch\/wp-content\/uploads\/2022\/04\/a243-zLaeidwaeaerchae.mp3\"><\/audio><\/figure>\n\n\n\n<figure class=\"wp-block-image size-large\"><img loading=\"lazy\" decoding=\"async\" width=\"959\" height=\"225\" src=\"https:\/\/walsermundart.ch\/wp-content\/uploads\/2021\/03\/a243-zLaeidwaeaerchae.jpg\" alt=\"\" class=\"wp-image-3551\" srcset=\"https:\/\/walsermundart.ch\/wp-content\/uploads\/2021\/03\/a243-zLaeidwaeaerchae.jpg 959w, https:\/\/walsermundart.ch\/wp-content\/uploads\/2021\/03\/a243-zLaeidwaeaerchae-300x70.jpg 300w, https:\/\/walsermundart.ch\/wp-content\/uploads\/2021\/03\/a243-zLaeidwaeaerchae-768x180.jpg 768w\" sizes=\"auto, (max-width: 959px) 100vw, 959px\" \/><\/figure>\n\n\n\n<p><strong>zrgchiij\u00e4<\/strong><\/p>\n\n\n\n<figure class=\"wp-block-audio\"><audio controls src=\"https:\/\/walsermundart.ch\/wp-content\/uploads\/2022\/05\/a244-zrgchiijae.mp3\"><\/audio><\/figure>\n\n\n\n<figure class=\"wp-block-image size-large\"><img loading=\"lazy\" decoding=\"async\" width=\"958\" height=\"145\" src=\"https:\/\/walsermundart.ch\/wp-content\/uploads\/2021\/03\/a244-zrgchiijae.jpg\" alt=\"\" class=\"wp-image-3564\" srcset=\"https:\/\/walsermundart.ch\/wp-content\/uploads\/2021\/03\/a244-zrgchiijae.jpg 958w, https:\/\/walsermundart.ch\/wp-content\/uploads\/2021\/03\/a244-zrgchiijae-300x45.jpg 300w, https:\/\/walsermundart.ch\/wp-content\/uploads\/2021\/03\/a244-zrgchiijae-768x116.jpg 768w\" sizes=\"auto, (max-width: 958px) 100vw, 958px\" \/><\/figure>\n\n\n\n<p><strong>Zsindchoon<\/strong><\/p>\n\n\n\n<figure class=\"wp-block-audio\"><audio controls src=\"https:\/\/walsermundart.ch\/wp-content\/uploads\/2022\/04\/a245-Zsindchoon.mp3\"><\/audio><\/figure>\n\n\n\n<figure class=\"wp-block-image size-large\"><img loading=\"lazy\" decoding=\"async\" width=\"961\" height=\"147\" src=\"https:\/\/walsermundart.ch\/wp-content\/uploads\/2021\/03\/a245-Zsindchoon.jpg\" alt=\"\" class=\"wp-image-3555\" srcset=\"https:\/\/walsermundart.ch\/wp-content\/uploads\/2021\/03\/a245-Zsindchoon.jpg 961w, https:\/\/walsermundart.ch\/wp-content\/uploads\/2021\/03\/a245-Zsindchoon-300x46.jpg 300w, https:\/\/walsermundart.ch\/wp-content\/uploads\/2021\/03\/a245-Zsindchoon-768x117.jpg 768w\" sizes=\"auto, (max-width: 961px) 100vw, 961px\" \/><\/figure>\n\n\n\n<p><strong>zu\u00e4chirenk\u00e4<\/strong><\/p>\n\n\n\n<figure class=\"wp-block-audio\"><audio controls src=\"https:\/\/walsermundart.ch\/wp-content\/uploads\/2022\/04\/a246-zuaechirenkae.mp3\"><\/audio><\/figure>\n\n\n\n<figure class=\"wp-block-image size-large\"><img loading=\"lazy\" decoding=\"async\" width=\"953\" height=\"150\" src=\"https:\/\/walsermundart.ch\/wp-content\/uploads\/2021\/03\/a246-zuaechirenkae.jpg\" alt=\"\" class=\"wp-image-3557\" srcset=\"https:\/\/walsermundart.ch\/wp-content\/uploads\/2021\/03\/a246-zuaechirenkae.jpg 953w, https:\/\/walsermundart.ch\/wp-content\/uploads\/2021\/03\/a246-zuaechirenkae-300x47.jpg 300w, https:\/\/walsermundart.ch\/wp-content\/uploads\/2021\/03\/a246-zuaechirenkae-768x121.jpg 768w\" sizes=\"auto, (max-width: 953px) 100vw, 953px\" \/><\/figure>\n\n\n\n<p><strong>zu\u00e4tu\u00e4n<\/strong><\/p>\n\n\n\n<figure class=\"wp-block-audio\"><audio controls src=\"https:\/\/walsermundart.ch\/wp-content\/uploads\/2022\/04\/a247-zuaetuaen.mp3\"><\/audio><\/figure>\n\n\n\n<figure class=\"wp-block-image size-large\"><img loading=\"lazy\" decoding=\"async\" width=\"979\" height=\"150\" src=\"https:\/\/walsermundart.ch\/wp-content\/uploads\/2021\/03\/a247-zuaetuaen.jpg\" alt=\"\" class=\"wp-image-3559\" srcset=\"https:\/\/walsermundart.ch\/wp-content\/uploads\/2021\/03\/a247-zuaetuaen.jpg 979w, https:\/\/walsermundart.ch\/wp-content\/uploads\/2021\/03\/a247-zuaetuaen-300x46.jpg 300w, https:\/\/walsermundart.ch\/wp-content\/uploads\/2021\/03\/a247-zuaetuaen-768x118.jpg 768w\" sizes=\"auto, (max-width: 979px) 100vw, 979px\" \/><\/figure>\n\n\n\n<p><strong>zwindl\u00e4<\/strong><\/p>\n\n\n\n<figure class=\"wp-block-audio\"><audio controls src=\"https:\/\/walsermundart.ch\/wp-content\/uploads\/2022\/04\/a248-zwindlae.mp3\"><\/audio><\/figure>\n\n\n\n<figure class=\"wp-block-image size-large\"><img loading=\"lazy\" decoding=\"async\" width=\"958\" height=\"188\" src=\"https:\/\/walsermundart.ch\/wp-content\/uploads\/2021\/03\/a248-zwindlae.jpg\" alt=\"\" class=\"wp-image-3561\" srcset=\"https:\/\/walsermundart.ch\/wp-content\/uploads\/2021\/03\/a248-zwindlae.jpg 958w, https:\/\/walsermundart.ch\/wp-content\/uploads\/2021\/03\/a248-zwindlae-300x59.jpg 300w, https:\/\/walsermundart.ch\/wp-content\/uploads\/2021\/03\/a248-zwindlae-768x151.jpg 768w\" sizes=\"auto, (max-width: 958px) 100vw, 958px\" \/><\/figure>\n\n\n\n<figure class=\"wp-block-image size-full is-resized\"><a href=\"https:\/\/walsermundart.ch\/?page_id=414\"><img loading=\"lazy\" decoding=\"async\" width=\"268\" height=\"173\" src=\"https:\/\/walsermundart.ch\/wp-content\/uploads\/2022\/03\/Pfeil-zurueck-mini-1.jpg\" alt=\"\" class=\"wp-image-6871\" style=\"width:108px;height:70px\"\/><\/a><\/figure>\n\n\n\n<p><\/p>\n","protected":false},"excerpt":{"rendered":"<p>w\u00e4igg\u00e4 va wan\u00e4 w\u00e4r\u00e4 w\u00e4ttrl\u00e4ih\u00e4 wid\u00e4rum z\u00e4ich\u00e4 z\u00e4mm\u00e4schm\u00fcr\u00e4l\u00e4 z\u00e4mm\u00e4schwaarb\u00e4 zeerschtw\u00e4\u00e4rch zgnood zhind\u00e4r\u00e4f\u00fc\u00fcr Zil\u00e4t\u00e4 zl\u00e4idw\u00e4\u00e4rch\u00e4 zrgchiij\u00e4 Zsindchoon zu\u00e4chirenk\u00e4 zu\u00e4tu\u00e4n zwindl\u00e4<\/p>\n","protected":false},"author":1,"featured_media":0,"parent":0,"menu_order":0,"comment_status":"closed","ping_status":"closed","template":"","meta":{"footnotes":""},"class_list":["post-3037","page","type-page","status-publish","hentry"],"_links":{"self":[{"href":"https:\/\/walsermundart.ch\/index.php?rest_route=\/wp\/v2\/pages\/3037","targetHints":{"allow":["GET"]}}],"collection":[{"href":"https:\/\/walsermundart.ch\/index.php?rest_route=\/wp\/v2\/pages"}],"about":[{"href":"https:\/\/walsermundart.ch\/index.php?rest_route=\/wp\/v2\/types\/page"}],"author":[{"embeddable":true,"href":"https:\/\/walsermundart.ch\/index.php?rest_route=\/wp\/v2\/users\/1"}],"replies":[{"embeddable":true,"href":"https:\/\/walsermundart.ch\/index.php?rest_route=%2Fwp%2Fv2%2Fcomments&post=3037"}],"version-history":[{"count":22,"href":"https:\/\/walsermundart.ch\/index.php?rest_route=\/wp\/v2\/pages\/3037\/revisions"}],"predecessor-version":[{"id":8753,"href":"https:\/\/walsermundart.ch\/index.php?rest_route=\/wp\/v2\/pages\/3037\/revisions\/8753"}],"wp:attachment":[{"href":"https:\/\/walsermundart.ch\/index.php?rest_route=%2Fwp%2Fv2%2Fmedia&parent=3037"}],"curies":[{"name":"wp","href":"https:\/\/api.w.org\/{rel}","templated":true}]}}