{"id":32,"date":"2021-01-04T20:19:11","date_gmt":"2021-01-04T20:19:11","guid":{"rendered":"https:\/\/hed.ch\/?page_id=32"},"modified":"2026-02-01T16:02:08","modified_gmt":"2026-02-01T16:02:08","slug":"leer","status":"publish","type":"page","link":"https:\/\/walsermundart.ch\/","title":{"rendered":"Startseite"},"content":{"rendered":"<form role=\"search\" method=\"get\" action=\"https:\/\/walsermundart.ch\/\" class=\"wp-block-search__button-inside wp-block-search__icon-button wp-block-search\"    ><label class=\"wp-block-search__label screen-reader-text\" for=\"wp-block-search__input-1\" >Suchen<\/label><div class=\"wp-block-search__inside-wrapper\"  style=\"width: 100%\"><input class=\"wp-block-search__input\" id=\"wp-block-search__input-1\" placeholder=\"\" value=\"\" type=\"search\" name=\"s\" required \/><button aria-label=\"Suchen\" class=\"wp-block-search__button has-text-color has-vivid-green-cyan-color has-icon wp-element-button\" type=\"submit\" ><svg class=\"search-icon\" viewBox=\"0 0 24 24\" width=\"24\" height=\"24\">\n\t\t\t\t\t<path d=\"M13 5c-3.3 0-6 2.7-6 6 0 1.4.5 2.7 1.3 3.7l-3.8 3.8 1.1 1.1 3.8-3.8c1 .8 2.3 1.3 3.7 1.3 3.3 0 6-2.7 6-6S16.3 5 13 5zm0 10.5c-2.5 0-4.5-2-4.5-4.5s2-4.5 4.5-4.5 4.5 2 4.5 4.5-2 4.5-4.5 4.5z\"><\/path>\n\t\t\t\t<\/svg><\/button><\/div><\/form>\n\n\n<div class=\"wp-block-media-text alignwide is-stacked-on-mobile\" style=\"grid-template-columns:28% auto\"><figure class=\"wp-block-media-text__media\"><a href=\"https:\/\/walsermundart.ch\/?page_id=2491\"><img loading=\"lazy\" decoding=\"async\" width=\"1024\" height=\"768\" src=\"https:\/\/walsermundart.ch\/wp-content\/uploads\/2022\/11\/Tuere-offen-Vorwort-min-2-1024x768.jpg\" alt=\"\" class=\"wp-image-8472 size-full\" srcset=\"https:\/\/walsermundart.ch\/wp-content\/uploads\/2022\/11\/Tuere-offen-Vorwort-min-2-1024x768.jpg 1024w, https:\/\/walsermundart.ch\/wp-content\/uploads\/2022\/11\/Tuere-offen-Vorwort-min-2-300x225.jpg 300w, https:\/\/walsermundart.ch\/wp-content\/uploads\/2022\/11\/Tuere-offen-Vorwort-min-2-768x576.jpg 768w, https:\/\/walsermundart.ch\/wp-content\/uploads\/2022\/11\/Tuere-offen-Vorwort-min-2-1536x1152.jpg 1536w, https:\/\/walsermundart.ch\/wp-content\/uploads\/2022\/11\/Tuere-offen-Vorwort-min-2-2048x1536.jpg 2048w\" sizes=\"auto, (max-width: 1024px) 100vw, 1024px\" \/><\/a><\/figure><div class=\"wp-block-media-text__content\">\n<p><a href=\"https:\/\/walsermundart.ch\/?page_id=2491\"><strong>0 Vorwort<\/strong> (Vors\u00e4tze, da ein Wort gar wenig ist.)<\/a><\/p>\n<\/div><\/div>\n\n\n\n<div class=\"wp-block-media-text alignwide is-stacked-on-mobile\" style=\"grid-template-columns:28% auto\"><figure class=\"wp-block-media-text__media\"><a href=\"https:\/\/walsermundart.ch\/?page_id=330\"><img loading=\"lazy\" decoding=\"async\" width=\"300\" height=\"176\" src=\"https:\/\/walsermundart.ch\/wp-content\/uploads\/2021\/02\/Wallis-hochbreitband-1.jpg\" alt=\"\" class=\"wp-image-477 size-full\"\/><\/a><\/figure><div class=\"wp-block-media-text__content\">\n<p><a href=\"https:\/\/walsermundart.ch\/?page_id=330\"><strong>1 Herkunft<\/strong>: Wie schweer und schw\u00e4\u00e4r den Weg in unsere T\u00e4ler gefunden haben.<\/a><\/p>\n<\/div><\/div>\n\n\n\n<div class=\"wp-block-columns alignwide is-layout-flex wp-container-core-columns-is-layout-9d6595d7 wp-block-columns-is-layout-flex\">\n<div class=\"wp-block-column is-layout-flow wp-block-column-is-layout-flow\">\n<div class=\"wp-block-group\"><div class=\"wp-block-group__inner-container is-layout-flow wp-block-group-is-layout-flow\">\n<div style=\"height:24px\" aria-hidden=\"true\" class=\"wp-block-spacer\"><\/div>\n<\/div><\/div>\n\n\n\n<div class=\"wp-block-media-text alignwide is-stacked-on-mobile\" style=\"grid-template-columns:29% auto\"><figure class=\"wp-block-media-text__media\"><a href=\"https:\/\/walsermundart.ch\/?page_id=360\"><img loading=\"lazy\" decoding=\"async\" width=\"474\" height=\"260\" src=\"https:\/\/walsermundart.ch\/wp-content\/uploads\/2021\/01\/reden-einklang-vellmar-de.jpg\" alt=\"\" class=\"wp-image-292 size-full\" srcset=\"https:\/\/walsermundart.ch\/wp-content\/uploads\/2021\/01\/reden-einklang-vellmar-de.jpg 474w, https:\/\/walsermundart.ch\/wp-content\/uploads\/2021\/01\/reden-einklang-vellmar-de-300x165.jpg 300w\" sizes=\"auto, (max-width: 474px) 100vw, 474px\" \/><\/a><\/figure><div class=\"wp-block-media-text__content\">\n<p><a href=\"https:\/\/walsermundart.ch\/?page_id=360\"><strong>2 Sprechen und schreiben<\/strong>: Dialekt wird gesprochen, das Schreiben in Dialekt ist nur ein Notbehelf. <\/a><\/p>\n<\/div><\/div>\n\n\n\n<div style=\"height:27px\" aria-hidden=\"true\" class=\"wp-block-spacer\"><\/div>\n\n\n\n<div class=\"wp-block-media-text alignwide is-stacked-on-mobile\" style=\"grid-template-columns:29% auto\"><figure class=\"wp-block-media-text__media\"><a href=\"https:\/\/walsermundart.ch\/?page_id=373\"><img loading=\"lazy\" decoding=\"async\" width=\"543\" height=\"366\" src=\"https:\/\/walsermundart.ch\/wp-content\/uploads\/2021\/02\/Woerterbuch-Name-1.jpg\" alt=\"\" class=\"wp-image-478 size-full\" srcset=\"https:\/\/walsermundart.ch\/wp-content\/uploads\/2021\/02\/Woerterbuch-Name-1.jpg 543w, https:\/\/walsermundart.ch\/wp-content\/uploads\/2021\/02\/Woerterbuch-Name-1-300x202.jpg 300w\" sizes=\"auto, (max-width: 543px) 100vw, 543px\" \/><\/a><\/figure><div class=\"wp-block-media-text__content\">\n<p><a href=\"https:\/\/walsermundart.ch\/?page_id=373\"><strong>3 Sprachregeln:<\/strong> Der Dialekt kennt nur zwei Zeiten: Pr\u00e4sens und Perfekt <\/a><\/p>\n<\/div><\/div>\n\n\n\n<div style=\"height:25px\" aria-hidden=\"true\" class=\"wp-block-spacer\"><\/div>\n\n\n\n<div class=\"wp-block-media-text alignwide is-stacked-on-mobile\" style=\"grid-template-columns:29% auto\"><figure class=\"wp-block-media-text__media\"><a href=\"https:\/\/walsermundart.ch\/?page_id=1514\"><img loading=\"lazy\" decoding=\"async\" width=\"591\" height=\"416\" src=\"https:\/\/walsermundart.ch\/wp-content\/uploads\/2022\/05\/Joerlaenae-Snipping-red.jpg\" alt=\"\" class=\"wp-image-7890 size-full\" srcset=\"https:\/\/walsermundart.ch\/wp-content\/uploads\/2022\/05\/Joerlaenae-Snipping-red.jpg 591w, https:\/\/walsermundart.ch\/wp-content\/uploads\/2022\/05\/Joerlaenae-Snipping-red-300x211.jpg 300w\" sizes=\"auto, (max-width: 591px) 100vw, 591px\" \/><\/a><\/figure><div class=\"wp-block-media-text__content\">\n<p><a href=\"https:\/\/walsermundart.ch\/?page_id=1514\"><strong>4 Ungepflegt, verloren<\/strong>. Aber doch nicht mein Dialekt!<\/a><\/p>\n<\/div><\/div>\n\n\n\n<div class=\"wp-block-group\"><div class=\"wp-block-group__inner-container is-layout-flow wp-block-group-is-layout-flow\">\n<div style=\"height:29px\" aria-hidden=\"true\" class=\"wp-block-spacer\"><\/div>\n<\/div><\/div>\n\n\n\n<div class=\"wp-block-media-text alignwide is-stacked-on-mobile\" style=\"grid-template-columns:29% auto\"><figure class=\"wp-block-media-text__media\"><a href=\"https:\/\/walsermundart.ch\/?page_id=414\"><img loading=\"lazy\" decoding=\"async\" width=\"350\" height=\"260\" src=\"https:\/\/walsermundart.ch\/wp-content\/uploads\/2022\/01\/Smartphon-kombi-2.jpg\" alt=\"\" class=\"wp-image-5541 size-full\" srcset=\"https:\/\/walsermundart.ch\/wp-content\/uploads\/2022\/01\/Smartphon-kombi-2.jpg 350w, https:\/\/walsermundart.ch\/wp-content\/uploads\/2022\/01\/Smartphon-kombi-2-300x223.jpg 300w\" sizes=\"auto, (max-width: 350px) 100vw, 350px\" \/><\/a><\/figure><div class=\"wp-block-media-text__content\">\n<p><a href=\"https:\/\/walsermundart.ch\/?page_id=414\"><strong>5 W\u00f6rtersammlung: <\/strong>W\u00f6rter und S\u00e4tze mit schriftdeutschen Erkl\u00e4rungen<\/a><\/p>\n<\/div><\/div>\n\n\n\n<div style=\"height:28px\" aria-hidden=\"true\" class=\"wp-block-spacer\"><\/div>\n\n\n\n<div class=\"wp-block-group alignwide\"><div class=\"wp-block-group__inner-container is-layout-flow wp-block-group-is-layout-flow\">\n<div class=\"wp-block-media-text alignwide is-stacked-on-mobile\" style=\"grid-template-columns:29% auto\"><figure class=\"wp-block-media-text__media\"><a href=\"https:\/\/walsermundart.ch\/?page_id=399\"><img loading=\"lazy\" decoding=\"async\" width=\"1000\" height=\"750\" src=\"https:\/\/walsermundart.ch\/wp-content\/uploads\/2022\/01\/73-Peist-red.jpg\" alt=\"\" class=\"wp-image-5705 size-full\" srcset=\"https:\/\/walsermundart.ch\/wp-content\/uploads\/2022\/01\/73-Peist-red.jpg 1000w, https:\/\/walsermundart.ch\/wp-content\/uploads\/2022\/01\/73-Peist-red-300x225.jpg 300w, https:\/\/walsermundart.ch\/wp-content\/uploads\/2022\/01\/73-Peist-red-768x576.jpg 768w\" sizes=\"auto, (max-width: 1000px) 100vw, 1000px\" \/><\/a><\/figure><div class=\"wp-block-media-text__content\">\n<p><a href=\"https:\/\/walsermundart.ch\/?page_id=399\"><strong>6 Schanfigg<\/strong><\/a> <\/p>\n<\/div><\/div>\n<\/div><\/div>\n<\/div>\n<\/div>\n\n\n\n<div class=\"wp-block-group alignwide\"><div class=\"wp-block-group__inner-container is-layout-flow wp-block-group-is-layout-flow\">\n<div class=\"wp-block-media-text alignwide is-stacked-on-mobile\" style=\"grid-template-columns:29% auto\"><figure class=\"wp-block-media-text__media\"><a href=\"https:\/\/walsermundart.ch\/?page_id=3877\"><img loading=\"lazy\" decoding=\"async\" width=\"676\" height=\"477\" src=\"https:\/\/walsermundart.ch\/wp-content\/uploads\/2022\/01\/Blick-von-Fideris-nach-Pany-min2.jpg\" alt=\"\" class=\"wp-image-5839 size-full\" srcset=\"https:\/\/walsermundart.ch\/wp-content\/uploads\/2022\/01\/Blick-von-Fideris-nach-Pany-min2.jpg 676w, https:\/\/walsermundart.ch\/wp-content\/uploads\/2022\/01\/Blick-von-Fideris-nach-Pany-min2-300x212.jpg 300w\" sizes=\"auto, (max-width: 676px) 100vw, 676px\" \/><\/a><\/figure><div class=\"wp-block-media-text__content\">\n<p><a href=\"https:\/\/walsermundart.ch\/?page_id=3877\"><strong>7 Pr\u00e4ttigau<\/strong><\/a> <\/p>\n<\/div><\/div>\n<\/div><\/div>\n\n\n\n<div style=\"height:35px\" aria-hidden=\"true\" class=\"wp-block-spacer\"><\/div>\n\n\n\n<div class=\"wp-block-media-text alignwide is-stacked-on-mobile\" style=\"grid-template-columns:29% auto\"><figure class=\"wp-block-media-text__media\"><a href=\"https:\/\/walsermundart.ch\/?page_id=156\"><img loading=\"lazy\" decoding=\"async\" width=\"1024\" height=\"797\" src=\"https:\/\/walsermundart.ch\/wp-content\/uploads\/2021\/02\/Calfreisen-Urnana-kleiner-red-1-1024x797.jpg\" alt=\"\" class=\"wp-image-476 size-full\" srcset=\"https:\/\/walsermundart.ch\/wp-content\/uploads\/2021\/02\/Calfreisen-Urnana-kleiner-red-1-1024x797.jpg 1024w, https:\/\/walsermundart.ch\/wp-content\/uploads\/2021\/02\/Calfreisen-Urnana-kleiner-red-1-300x233.jpg 300w, https:\/\/walsermundart.ch\/wp-content\/uploads\/2021\/02\/Calfreisen-Urnana-kleiner-red-1-768x597.jpg 768w, https:\/\/walsermundart.ch\/wp-content\/uploads\/2021\/02\/Calfreisen-Urnana-kleiner-red-1.jpg 1063w\" sizes=\"auto, (max-width: 1024px) 100vw, 1024px\" \/><\/a><\/figure><div class=\"wp-block-media-text__content\">\n<p><a href=\"https:\/\/walsermundart.ch\/?page_id=156\"><strong>8 \u00dcns Nani:<\/strong> V\u00e4rsli drundr und dr\u00fcbr<\/a><\/p>\n<\/div><\/div>\n\n\n\n<div style=\"height:16px\" aria-hidden=\"true\" class=\"wp-block-spacer\"><\/div>\n\n\n\n<div style=\"height:17px\" aria-hidden=\"true\" class=\"wp-block-spacer\"><\/div>\n\n\n\n<div class=\"wp-block-media-text alignwide is-stacked-on-mobile\" style=\"grid-template-columns:29% auto\"><figure class=\"wp-block-media-text__media\"><a href=\"https:\/\/walsermundart.ch\/?page_id=2483\"><img loading=\"lazy\" decoding=\"async\" width=\"1024\" height=\"747\" src=\"https:\/\/walsermundart.ch\/wp-content\/uploads\/2022\/09\/Davos-Landschaft-89-b-zugeschn-min-1024x747.jpg\" alt=\"\" class=\"wp-image-8173 size-full\" srcset=\"https:\/\/walsermundart.ch\/wp-content\/uploads\/2022\/09\/Davos-Landschaft-89-b-zugeschn-min-1024x747.jpg 1024w, https:\/\/walsermundart.ch\/wp-content\/uploads\/2022\/09\/Davos-Landschaft-89-b-zugeschn-min-300x219.jpg 300w, https:\/\/walsermundart.ch\/wp-content\/uploads\/2022\/09\/Davos-Landschaft-89-b-zugeschn-min-768x561.jpg 768w, https:\/\/walsermundart.ch\/wp-content\/uploads\/2022\/09\/Davos-Landschaft-89-b-zugeschn-min-1536x1121.jpg 1536w, https:\/\/walsermundart.ch\/wp-content\/uploads\/2022\/09\/Davos-Landschaft-89-b-zugeschn-min-2048x1495.jpg 2048w\" sizes=\"auto, (max-width: 1024px) 100vw, 1024px\" \/><\/a><\/figure><div class=\"wp-block-media-text__content\">\n<p><strong><a href=\"https:\/\/walsermundart.ch\/?page_id=2483\">9 Davos und weitere Walsergebiete<\/a><\/strong><\/p>\n<\/div><\/div>\n\n\n\n<div style=\"height:30px\" aria-hidden=\"true\" class=\"wp-block-spacer\"><\/div>\n\n\n\n<div class=\"wp-block-media-text alignwide is-stacked-on-mobile\" style=\"grid-template-columns:29% auto\"><figure class=\"wp-block-media-text__media\"><a href=\"https:\/\/walsermundart.ch\/?page_id=8184\"><img loading=\"lazy\" decoding=\"async\" width=\"1024\" height=\"701\" src=\"https:\/\/walsermundart.ch\/wp-content\/uploads\/2022\/09\/Davosersee-a-Aug12-zuge-min-1024x701.jpg\" alt=\"\" class=\"wp-image-8176 size-full\" srcset=\"https:\/\/walsermundart.ch\/wp-content\/uploads\/2022\/09\/Davosersee-a-Aug12-zuge-min-1024x701.jpg 1024w, https:\/\/walsermundart.ch\/wp-content\/uploads\/2022\/09\/Davosersee-a-Aug12-zuge-min-300x205.jpg 300w, https:\/\/walsermundart.ch\/wp-content\/uploads\/2022\/09\/Davosersee-a-Aug12-zuge-min-768x526.jpg 768w, https:\/\/walsermundart.ch\/wp-content\/uploads\/2022\/09\/Davosersee-a-Aug12-zuge-min-1536x1052.jpg 1536w, https:\/\/walsermundart.ch\/wp-content\/uploads\/2022\/09\/Davosersee-a-Aug12-zuge-min-2048x1402.jpg 2048w\" sizes=\"auto, (max-width: 1024px) 100vw, 1024px\" \/><\/a><\/figure><div class=\"wp-block-media-text__content\">\n<p><strong><a href=\"https:\/\/walsermundart.ch\/?page_id=8184\">10 Underw\u00e4gs<\/a><\/strong>: Gedankenlyrik aus Davos<\/p>\n<\/div><\/div>\n\n\n\n<div style=\"height:36px\" aria-hidden=\"true\" class=\"wp-block-spacer\"><\/div>\n\n\n\n<div class=\"wp-block-media-text alignwide is-stacked-on-mobile\" style=\"grid-template-columns:29% auto\"><figure class=\"wp-block-media-text__media\"><a href=\"https:\/\/walsermundart.ch\/?page_id=6034\"><img loading=\"lazy\" decoding=\"async\" width=\"260\" height=\"201\" src=\"https:\/\/walsermundart.ch\/wp-content\/uploads\/2022\/11\/Buecherwurm-Name.jpg\" alt=\"\" class=\"wp-image-8465 size-full\"\/><\/a><\/figure><div class=\"wp-block-media-text__content\">\n<p><a href=\"https:\/\/walsermundart.ch\/?page_id=6034\"><strong>11<\/strong> <strong>Walserliteratur und Links<\/strong><\/a><\/p>\n\n\n\n<div style=\"height:100px\" aria-hidden=\"true\" class=\"wp-block-spacer\"><\/div>\n<\/div><\/div>\n\n\n\n<p><\/p>\n","protected":false},"excerpt":{"rendered":"<p>0 Vorwort (Vors\u00e4tze, da ein Wort gar wenig ist.) 1 Herkunft: Wie schweer und schw\u00e4\u00e4r den Weg in unsere T\u00e4ler gefunden haben. 2 Sprechen und&hellip;<\/p>\n","protected":false},"author":1,"featured_media":0,"parent":0,"menu_order":0,"comment_status":"closed","ping_status":"closed","template":"","meta":{"footnotes":""},"class_list":["post-32","page","type-page","status-publish","hentry"],"_links":{"self":[{"href":"https:\/\/walsermundart.ch\/index.php?rest_route=\/wp\/v2\/pages\/32","targetHints":{"allow":["GET"]}}],"collection":[{"href":"https:\/\/walsermundart.ch\/index.php?rest_route=\/wp\/v2\/pages"}],"about":[{"href":"https:\/\/walsermundart.ch\/index.php?rest_route=\/wp\/v2\/types\/page"}],"author":[{"embeddable":true,"href":"https:\/\/walsermundart.ch\/index.php?rest_route=\/wp\/v2\/users\/1"}],"replies":[{"embeddable":true,"href":"https:\/\/walsermundart.ch\/index.php?rest_route=%2Fwp%2Fv2%2Fcomments&post=32"}],"version-history":[{"count":285,"href":"https:\/\/walsermundart.ch\/index.php?rest_route=\/wp\/v2\/pages\/32\/revisions"}],"predecessor-version":[{"id":8811,"href":"https:\/\/walsermundart.ch\/index.php?rest_route=\/wp\/v2\/pages\/32\/revisions\/8811"}],"wp:attachment":[{"href":"https:\/\/walsermundart.ch\/index.php?rest_route=%2Fwp%2Fv2%2Fmedia&parent=32"}],"curies":[{"name":"wp","href":"https:\/\/api.w.org\/{rel}","templated":true}]}}