{"id":330,"date":"2021-01-31T13:58:38","date_gmt":"2021-01-31T13:58:38","guid":{"rendered":"https:\/\/hed.ch\/?page_id=330"},"modified":"2023-08-20T15:47:30","modified_gmt":"2023-08-20T15:47:30","slug":"herkunft","status":"publish","type":"page","link":"https:\/\/walsermundart.ch\/?page_id=330","title":{"rendered":"1 &#8211; Herkunft"},"content":{"rendered":"\n<figure class=\"wp-block-image size-full is-resized\"><a href=\"https:\/\/walsermundart.ch\/\"><img loading=\"lazy\" decoding=\"async\" src=\"https:\/\/walsermundart.ch\/wp-content\/uploads\/2022\/03\/pfeil-home-Snipp.jpg\" alt=\"\" class=\"wp-image-6993\" width=\"138\" height=\"76\" srcset=\"https:\/\/walsermundart.ch\/wp-content\/uploads\/2022\/03\/pfeil-home-Snipp.jpg 316w, https:\/\/walsermundart.ch\/wp-content\/uploads\/2022\/03\/pfeil-home-Snipp-300x164.jpg 300w\" sizes=\"auto, (max-width: 138px) 100vw, 138px\" \/><\/a><\/figure>\n\n\n\n<p class=\"has-text-align-right has-black-color has-text-color\">\u00c4is zw\u00e4i drii, mit Riis\u00e4schritt<br>g\u00e4id di Ziit, und wi\u00e4r gaand mit.<br>nach W. Busch<br><\/p>\n\n\n\n<figure class=\"wp-block-image size-large\"><img loading=\"lazy\" decoding=\"async\" width=\"692\" height=\"274\" src=\"https:\/\/walsermundart.ch\/wp-content\/uploads\/2021\/03\/Eins-zwei-drei-Sauseschritt-color.jpg\" alt=\"\" class=\"wp-image-2494\" srcset=\"https:\/\/walsermundart.ch\/wp-content\/uploads\/2021\/03\/Eins-zwei-drei-Sauseschritt-color.jpg 692w, https:\/\/walsermundart.ch\/wp-content\/uploads\/2021\/03\/Eins-zwei-drei-Sauseschritt-color-300x119.jpg 300w\" sizes=\"auto, (max-width: 692px) 100vw, 692px\" \/><\/figure>\n\n\n\n<h4 class=\"wp-block-heading has-vivid-red-color has-text-color\" id=\"inhalt\">Inhalt<\/h4>\n\n\n\n<p class=\"has-vivid-cyan-blue-color has-text-color\"><a href=\"https:\/\/walsermundart.ch\/?page_id=5012\">1.<strong>1<\/strong> &#8211; Fr\u00fchzeit<\/a><\/p>\n\n\n\n<p class=\"has-vivid-cyan-blue-color has-text-color\"><a href=\"https:\/\/walsermundart.ch\/?page_id=2449\">1.<strong>2<\/strong> &#8211; Alamannen im Wallis<\/a><\/p>\n\n\n\n<p class=\"has-vivid-cyan-blue-color has-text-color\"><a href=\"https:\/\/walsermundart.ch\/?page_id=2447\">1.<strong>3<\/strong>&#8211; Nordb\u00fcnden<\/a><\/p>\n\n\n\n<p class=\"has-vivid-cyan-blue-color has-text-color\"><a href=\"https:\/\/walsermundart.ch\/?page_id=2456\">1.<strong>4<\/strong> &#8211; Davos<\/a><\/p>\n\n\n\n<p class=\"has-vivid-cyan-blue-color has-text-color\"><a href=\"https:\/\/walsermundart.ch\/?page_id=2460\">1.<strong>5<\/strong> &#8211; Schanfigg<\/a><\/p>\n\n\n\n<p class=\"has-vivid-cyan-blue-color has-text-color\"><a href=\"https:\/\/walsermundart.ch\/?page_id=2463\">1.<strong>6<\/strong> &#8211; Pr\u00e4ttigau<\/a><\/p>\n\n\n\n<p class=\"has-vivid-cyan-blue-color has-text-color\"><a href=\"https:\/\/walsermundart.ch\/?page_id=2469\">1.<strong>7<\/strong> &#8211; Peist und Luzein<\/a><\/p>\n\n\n\n<p class=\"has-vivid-red-color has-text-color\" style=\"font-size:32px\"><strong>Zu Beginn<\/strong><\/p>\n\n\n\n<p>Die Sprache ver\u00e4ndert sich fortw\u00e4hrend und immer schneller, sie nimmt W\u00f6rter der n\u00e4heren und weiteren Umgebung auf, verliert eigene und seit einigen Jahrzehnten erreichen die verschiedensten Dialekte, Schriftdeutsch und Fremdsprachen die gute Stube und die Kinderzimmer. Bereits die \u00fcbern\u00e4chste Generation wird viele f\u00fcr uns vertraute W\u00f6rter und Begriffe nicht mehr kennen, wie wir selbst nicht mehr alle W\u00f6rter unserer Vorfahren verstehen k\u00f6nnten. Die vorliegende Zusammenstellung ist ein Versuch, den kurzen Zeitraum von 1950 bis 2020 festzuhalten und beschr\u00e4nkt sich vor allem auf Peist und Luzein. Das Schriftliche ist ein Notbehelf. Ungleich wertvoller sind Tondokumente.&nbsp;&nbsp;&nbsp;&nbsp;&nbsp;&nbsp;&nbsp;&nbsp;&nbsp;<\/p>\n\n\n\n<p>Vieles kann in Geschichts- und W\u00f6rterb\u00fcchern ausf\u00fchrlicher erfahren werden und insbesondere \u00fcber die Websites von Felicitas Walker, Brig-Glis, und von Volmar Schmid, Brig.<\/p>\n\n\n\n<p class=\"has-vivid-cyan-blue-color has-text-color\"><a rel=\"noreferrer noopener\" href=\"https:\/\/www.wir-walser.ch\/die-walser\" target=\"_blank\">https:\/\/www.wir-walser.ch\/die-walser<\/a><\/p>\n\n\n\n<p><a href=\"https:\/\/www.walliserdialekt.ch\/walser-und-walsersprache\">https:\/\/www.walliserdialekt.ch\/walser-und-walsersprache<\/a><\/p>\n\n\n\n<figure class=\"wp-block-image size-full is-resized\"><a href=\"https:\/\/walsermundart.ch\/\"><img loading=\"lazy\" decoding=\"async\" src=\"https:\/\/walsermundart.ch\/wp-content\/uploads\/2022\/03\/pfeil-home-Snipp.jpg\" alt=\"\" class=\"wp-image-6993\" width=\"147\" height=\"80\" srcset=\"https:\/\/walsermundart.ch\/wp-content\/uploads\/2022\/03\/pfeil-home-Snipp.jpg 316w, https:\/\/walsermundart.ch\/wp-content\/uploads\/2022\/03\/pfeil-home-Snipp-300x164.jpg 300w\" sizes=\"auto, (max-width: 147px) 100vw, 147px\" \/><\/a><\/figure>\n","protected":false},"excerpt":{"rendered":"<p>\u00c4is zw\u00e4i drii, mit Riis\u00e4schrittg\u00e4id di Ziit, und wi\u00e4r gaand mit.nach W. Busch Inhalt 1.1 &#8211; Fr\u00fchzeit 1.2 &#8211; Alamannen im Wallis 1.3&#8211; Nordb\u00fcnden 1.4&hellip;<\/p>\n","protected":false},"author":1,"featured_media":0,"parent":0,"menu_order":0,"comment_status":"closed","ping_status":"closed","template":"","meta":{"footnotes":""},"class_list":["post-330","page","type-page","status-publish","hentry"],"_links":{"self":[{"href":"https:\/\/walsermundart.ch\/index.php?rest_route=\/wp\/v2\/pages\/330","targetHints":{"allow":["GET"]}}],"collection":[{"href":"https:\/\/walsermundart.ch\/index.php?rest_route=\/wp\/v2\/pages"}],"about":[{"href":"https:\/\/walsermundart.ch\/index.php?rest_route=\/wp\/v2\/types\/page"}],"author":[{"embeddable":true,"href":"https:\/\/walsermundart.ch\/index.php?rest_route=\/wp\/v2\/users\/1"}],"replies":[{"embeddable":true,"href":"https:\/\/walsermundart.ch\/index.php?rest_route=%2Fwp%2Fv2%2Fcomments&post=330"}],"version-history":[{"count":103,"href":"https:\/\/walsermundart.ch\/index.php?rest_route=\/wp\/v2\/pages\/330\/revisions"}],"predecessor-version":[{"id":8589,"href":"https:\/\/walsermundart.ch\/index.php?rest_route=\/wp\/v2\/pages\/330\/revisions\/8589"}],"wp:attachment":[{"href":"https:\/\/walsermundart.ch\/index.php?rest_route=%2Fwp%2Fv2%2Fmedia&parent=330"}],"curies":[{"name":"wp","href":"https:\/\/api.w.org\/{rel}","templated":true}]}}