{"id":373,"date":"2021-02-01T06:59:23","date_gmt":"2021-02-01T06:59:23","guid":{"rendered":"https:\/\/hed.ch\/?page_id=373"},"modified":"2024-07-21T14:18:29","modified_gmt":"2024-07-21T14:18:29","slug":"sprachregeln","status":"publish","type":"page","link":"https:\/\/walsermundart.ch\/?page_id=373","title":{"rendered":"3 &#8211; Sprachregeln"},"content":{"rendered":"\n<figure class=\"wp-block-image size-full is-resized\"><a href=\"https:\/\/walsermundart.ch\/\"><img loading=\"lazy\" decoding=\"async\" width=\"316\" height=\"173\" src=\"https:\/\/walsermundart.ch\/wp-content\/uploads\/2022\/03\/pfeil-home-Snipp.jpg\" alt=\"\" class=\"wp-image-6993\" style=\"width:137px;height:75px\" srcset=\"https:\/\/walsermundart.ch\/wp-content\/uploads\/2022\/03\/pfeil-home-Snipp.jpg 316w, https:\/\/walsermundart.ch\/wp-content\/uploads\/2022\/03\/pfeil-home-Snipp-300x164.jpg 300w\" sizes=\"auto, (max-width: 316px) 100vw, 316px\" \/><\/a><\/figure>\n\n\n\n<p>Auch die Mundart richtet sich nach Regeln. Von klein auf machen wir uns diese zu eigen und halten uns unbewusst daran. Mit einem Klick auf das rote PDF-Symbol k\u00f6nnen Tabellen und Erl\u00e4uterungen als PDF heruntergeladen werden, 1.4 MB.<\/p>\n\n\n\n<figure class=\"wp-block-image size-large is-resized\"><a href=\"https:\/\/walsermundart.ch\/wp-content\/uploads\/2024\/07\/Walser-Teil-3-Sprachregeln-Aug24.pdf\" target=\"_blank\" rel=\"noopener\"><img loading=\"lazy\" decoding=\"async\" width=\"543\" height=\"553\" src=\"https:\/\/walsermundart.ch\/wp-content\/uploads\/2021\/02\/PDF-Download-min.jpg\" alt=\"\" class=\"wp-image-1508\" style=\"width:93px;height:95px\" srcset=\"https:\/\/walsermundart.ch\/wp-content\/uploads\/2021\/02\/PDF-Download-min.jpg 543w, https:\/\/walsermundart.ch\/wp-content\/uploads\/2021\/02\/PDF-Download-min-295x300.jpg 295w\" sizes=\"auto, (max-width: 543px) 100vw, 543px\" \/><\/a><\/figure>\n\n\n\n<p>Viele Tabellen sind so breit, dass sie sich  f\u00fcr kleine Bildschirme nicht eignen. Ausserdem ist das Suchen in einem Reader vielseitiger. Es lohnte sich kaum, sie hierher zu \u00fcbertragen. Die Datei wird in einem besonderen Reader, in  Windows ist es Edge, ge\u00f6ffnet und kann bei Bedarf an einem beliebigen eigenen Ort gespeichert werden (Edge: Symbol oben ganz rechts). <\/p>\n\n\n\n<p>Die Datei enth\u00e4lt die f\u00fcnf Wortarten gem\u00e4ss der Grammatikreform von 1996:<\/p>\n\n\n\n<p><a href=\"#Hauptwort\"><strong>Nomen<\/strong><\/a><\/p>\n\n\n<p style=\"padding-left: 80px;\">Deklination des Nomens <br data-rich-text-line-break=\"true\">Mehrzahlformen <br data-rich-text-line-break=\"true\">Einzahl und Mehrzahl verschieden <br data-rich-text-line-break=\"true\">Einzahl und Mehrzahl gleich <br data-rich-text-line-break=\"true\">Verkleinerungsformen<\/p>\n\n\n<p><strong><a href=\"#F\u00fcrwort\">Pronomen<\/a><\/strong>, dazu z\u00e4hlen auch die Artikel<\/p>\n\n\n<p style=\"padding-left: 80px;\">Artikel <br data-rich-text-line-break=\"true\">Personalpronomen <br data-rich-text-line-break=\"true\">Possessivpronomen <br data-rich-text-line-break=\"true\">Reflexivpronomen <br data-rich-text-line-break=\"true\">Relativpronomen <br data-rich-text-line-break=\"true\">Interrogativpronomen <br data-rich-text-line-break=\"true\">Demonstrativpronomen <br data-rich-text-line-break=\"true\">Indefinitpronomen<\/p>\n\n\n<p><a href=\"#Adjektiv\"><strong>Adjektiv<\/strong><\/a><\/p>\n\n\n\n<p><strong><a href=\"#Partikel\">Partikel<\/a><\/strong>, dazu z\u00e4hlen:<\/p>\n\n\n<p style=\"padding-left: 80px;\">Adverb <br data-rich-text-line-break=\"true\">Pr\u00e4position <br data-rich-text-line-break=\"true\">Konjunktion <br data-rich-text-line-break=\"true\">Interjektion<\/p>\n\n\n<p><strong><a href=\"#Verb\">Verb<\/a><\/strong> Tabellen mit Zeiten und S\u00e4tzen<\/p>\n\n\n<\/p>\n<p>Den Imperativ brauchen wir f\u00fcr <strong>du<\/strong> (Gehe!) und <strong>ihr<\/strong> (Geht!), selten auch f\u00fcr <strong>wir<\/strong> (Gehen wir!).<\/p>\n<p>Es gibt kein Pr\u00e4teritum (Vergangenheit), kein Plusquamperfekt (Vorvergangenheit) und kein Futur (Zukunft).<\/p>\n<p>Die Zukunftsform ist \u00fcberfl\u00fcssig, nicht einmal das Chinesische kennt sie. <span style=\"color: #339966;\">Du s\u00e4ischt mr <strong>den<\/strong>, wen t g\u00e4ischt! Im Herbscht s\u00e4g\u00e4 tr <strong>den<\/strong>, wi\u00e4 dr Summr gsin ischt<\/span>.&nbsp;<\/p>\n<p>Die Konjugation (Beugung) erfolgt wie im Schriftdeutschen. M\u00fche bereitet oft der Konjunktiv, obwohl er sehr beliebt ist (Konjunktiv I und II). W\u00fcrde es regnen, w\u00fcrde sie nach Hause gehen: <strong>Regnete<\/strong> es, ginge sie nach Hause.<\/p>\n<p>Im Dialekt: <span style=\"color: #339966;\">Wen s r\u00e4gn\u00e4ti, g\u00fc\u00e4ngi sch h\u00e4in.<\/span><\/p>\n<p>Hier wird gern auf <strong>tun<\/strong> ausgewichen: Wen s r\u00e4gn\u00e4 <strong>tetti<\/strong>, \u2026. Das Verb <strong>tun<\/strong> ist ein Allerweltswort und sollte nach M\u00f6glichkeit vermieden werden: <strong>Wen s r\u00e4gn\u00e4ti<\/strong>, \u2026.<\/p>\n<p>Auch das Verb <strong>werden<\/strong> wird \u00fcberbeansprucht. \u00c4s w\u00fcrd mr langsam z viil. Wenn immer m\u00f6glich ist <strong>w\u00fcrd<\/strong> durch <strong>choon<\/strong> zu ersetzen: <span style=\"color: #339966;\">\u00c4s <strong>chund<\/strong> mr langsam zviil.<\/span><\/p>\n\n\n<p>Die PDF-Datei geht ausf\u00fchrlich auf das Verb ein. Hier unten sind die Pronomen mit dem doppelten Vokal ii, \u00e4\u00e4r, schii, \u00e4\u00e4s betont. Ein Muster mit dem <\/p>\n\n\n\n<p class=\"has-vivid-red-color has-text-color\" style=\"font-size:35px\">Beispiel <strong>choon<\/strong><\/p>\n\n\n\n<figure class=\"wp-block-image size-large\"><img loading=\"lazy\" decoding=\"async\" width=\"1024\" height=\"396\" src=\"https:\/\/walsermundart.ch\/wp-content\/uploads\/2021\/03\/Verb-kommen-1-2-1024x396.jpg\" alt=\"\" class=\"wp-image-4375\" srcset=\"https:\/\/walsermundart.ch\/wp-content\/uploads\/2021\/03\/Verb-kommen-1-2-1024x396.jpg 1024w, https:\/\/walsermundart.ch\/wp-content\/uploads\/2021\/03\/Verb-kommen-1-2-300x116.jpg 300w, https:\/\/walsermundart.ch\/wp-content\/uploads\/2021\/03\/Verb-kommen-1-2-768x297.jpg 768w, https:\/\/walsermundart.ch\/wp-content\/uploads\/2021\/03\/Verb-kommen-1-2.jpg 1522w\" sizes=\"auto, (max-width: 1024px) 100vw, 1024px\" \/><\/figure>\n\n\n\n<figure class=\"wp-block-image size-large\"><img loading=\"lazy\" decoding=\"async\" width=\"1024\" height=\"327\" src=\"https:\/\/walsermundart.ch\/wp-content\/uploads\/2021\/03\/Verb-kommen-2-1-1024x327.jpg\" alt=\"\" class=\"wp-image-3689\" srcset=\"https:\/\/walsermundart.ch\/wp-content\/uploads\/2021\/03\/Verb-kommen-2-1-1024x327.jpg 1024w, https:\/\/walsermundart.ch\/wp-content\/uploads\/2021\/03\/Verb-kommen-2-1-300x96.jpg 300w, https:\/\/walsermundart.ch\/wp-content\/uploads\/2021\/03\/Verb-kommen-2-1-768x245.jpg 768w, https:\/\/walsermundart.ch\/wp-content\/uploads\/2021\/03\/Verb-kommen-2-1.jpg 1516w\" sizes=\"auto, (max-width: 1024px) 100vw, 1024px\" \/><\/figure>\n\n\n\n<figure class=\"wp-block-image size-large\"><img loading=\"lazy\" decoding=\"async\" width=\"1024\" height=\"420\" src=\"https:\/\/walsermundart.ch\/wp-content\/uploads\/2021\/03\/Verb-kommen-3-1-1024x420.jpg\" alt=\"\" class=\"wp-image-3690\" srcset=\"https:\/\/walsermundart.ch\/wp-content\/uploads\/2021\/03\/Verb-kommen-3-1-1024x420.jpg 1024w, https:\/\/walsermundart.ch\/wp-content\/uploads\/2021\/03\/Verb-kommen-3-1-300x123.jpg 300w, https:\/\/walsermundart.ch\/wp-content\/uploads\/2021\/03\/Verb-kommen-3-1-768x315.jpg 768w, https:\/\/walsermundart.ch\/wp-content\/uploads\/2021\/03\/Verb-kommen-3-1.jpg 1515w\" sizes=\"auto, (max-width: 1024px) 100vw, 1024px\" \/><\/figure>\n\n\n\n<figure class=\"wp-block-image size-large\"><img loading=\"lazy\" decoding=\"async\" width=\"1024\" height=\"400\" src=\"https:\/\/walsermundart.ch\/wp-content\/uploads\/2021\/03\/Verb-kommen-4-1-1024x400.jpg\" alt=\"\" class=\"wp-image-3691\" srcset=\"https:\/\/walsermundart.ch\/wp-content\/uploads\/2021\/03\/Verb-kommen-4-1-1024x400.jpg 1024w, https:\/\/walsermundart.ch\/wp-content\/uploads\/2021\/03\/Verb-kommen-4-1-300x117.jpg 300w, https:\/\/walsermundart.ch\/wp-content\/uploads\/2021\/03\/Verb-kommen-4-1-768x300.jpg 768w, https:\/\/walsermundart.ch\/wp-content\/uploads\/2021\/03\/Verb-kommen-4-1.jpg 1501w\" sizes=\"auto, (max-width: 1024px) 100vw, 1024px\" \/><\/figure>\n\n\n\n<figure class=\"wp-block-image size-large\"><img loading=\"lazy\" decoding=\"async\" width=\"1024\" height=\"643\" src=\"https:\/\/walsermundart.ch\/wp-content\/uploads\/2021\/03\/Verb-kommen-5-2-1024x643.jpg\" alt=\"\" class=\"wp-image-4377\" srcset=\"https:\/\/walsermundart.ch\/wp-content\/uploads\/2021\/03\/Verb-kommen-5-2-1024x643.jpg 1024w, https:\/\/walsermundart.ch\/wp-content\/uploads\/2021\/03\/Verb-kommen-5-2-300x188.jpg 300w, https:\/\/walsermundart.ch\/wp-content\/uploads\/2021\/03\/Verb-kommen-5-2-768x482.jpg 768w, https:\/\/walsermundart.ch\/wp-content\/uploads\/2021\/03\/Verb-kommen-5-2.jpg 1503w\" sizes=\"auto, (max-width: 1024px) 100vw, 1024px\" \/><\/figure>\n\n\n\n<figure class=\"wp-block-image size-large\"><img loading=\"lazy\" decoding=\"async\" width=\"1024\" height=\"559\" src=\"https:\/\/walsermundart.ch\/wp-content\/uploads\/2021\/03\/Verb-kommen-6-3-1024x559.jpg\" alt=\"\" class=\"wp-image-3738\" srcset=\"https:\/\/walsermundart.ch\/wp-content\/uploads\/2021\/03\/Verb-kommen-6-3-1024x559.jpg 1024w, https:\/\/walsermundart.ch\/wp-content\/uploads\/2021\/03\/Verb-kommen-6-3-300x164.jpg 300w, https:\/\/walsermundart.ch\/wp-content\/uploads\/2021\/03\/Verb-kommen-6-3-768x419.jpg 768w, https:\/\/walsermundart.ch\/wp-content\/uploads\/2021\/03\/Verb-kommen-6-3-1536x838.jpg 1536w, https:\/\/walsermundart.ch\/wp-content\/uploads\/2021\/03\/Verb-kommen-6-3.jpg 1539w\" sizes=\"auto, (max-width: 1024px) 100vw, 1024px\" \/><\/figure>\n\n\n\n<figure class=\"wp-block-image size-large\"><img loading=\"lazy\" decoding=\"async\" width=\"1024\" height=\"390\" src=\"https:\/\/walsermundart.ch\/wp-content\/uploads\/2021\/03\/Verb-kommen-8-1024x390.jpg\" alt=\"\" class=\"wp-image-3756\" srcset=\"https:\/\/walsermundart.ch\/wp-content\/uploads\/2021\/03\/Verb-kommen-8-1024x390.jpg 1024w, https:\/\/walsermundart.ch\/wp-content\/uploads\/2021\/03\/Verb-kommen-8-300x114.jpg 300w, https:\/\/walsermundart.ch\/wp-content\/uploads\/2021\/03\/Verb-kommen-8-768x293.jpg 768w, https:\/\/walsermundart.ch\/wp-content\/uploads\/2021\/03\/Verb-kommen-8.jpg 1490w\" sizes=\"auto, (max-width: 1024px) 100vw, 1024px\" \/><\/figure>\n\n\n\n<p class=\"has-vivid-red-color has-text-color\">Schwache Verben sind k\u00fcrzer gefasst:<\/p>\n\n\n\n<figure class=\"wp-block-image size-large\"><img loading=\"lazy\" decoding=\"async\" width=\"1024\" height=\"157\" src=\"https:\/\/walsermundart.ch\/wp-content\/uploads\/2021\/03\/Verb-kommen-9-1024x157.jpg\" alt=\"\" class=\"wp-image-3739\" srcset=\"https:\/\/walsermundart.ch\/wp-content\/uploads\/2021\/03\/Verb-kommen-9-1024x157.jpg 1024w, https:\/\/walsermundart.ch\/wp-content\/uploads\/2021\/03\/Verb-kommen-9-300x46.jpg 300w, https:\/\/walsermundart.ch\/wp-content\/uploads\/2021\/03\/Verb-kommen-9-768x118.jpg 768w, https:\/\/walsermundart.ch\/wp-content\/uploads\/2021\/03\/Verb-kommen-9.jpg 1490w\" sizes=\"auto, (max-width: 1024px) 100vw, 1024px\" \/><\/figure>\n\n\n<div class=\"wp-block-image\">\n<figure class=\"aligncenter size-large\"><img loading=\"lazy\" decoding=\"async\" width=\"300\" height=\"225\" src=\"https:\/\/walsermundart.ch\/wp-content\/uploads\/2021\/03\/Kuchen.jpg\" alt=\"\" class=\"wp-image-3742\"\/><\/figure>\n<\/div>\n\n\n<figure class=\"wp-block-image size-full is-resized\"><a href=\"https:\/\/walsermundart.ch\/\"><img loading=\"lazy\" decoding=\"async\" width=\"316\" height=\"173\" src=\"https:\/\/walsermundart.ch\/wp-content\/uploads\/2022\/03\/pfeil-home-Snipp.jpg\" alt=\"\" class=\"wp-image-6993\" style=\"width:135px;height:74px\" srcset=\"https:\/\/walsermundart.ch\/wp-content\/uploads\/2022\/03\/pfeil-home-Snipp.jpg 316w, https:\/\/walsermundart.ch\/wp-content\/uploads\/2022\/03\/pfeil-home-Snipp-300x164.jpg 300w\" sizes=\"auto, (max-width: 316px) 100vw, 316px\" \/><\/a><\/figure>\n","protected":false},"excerpt":{"rendered":"<p>Auch die Mundart richtet sich nach Regeln. Von klein auf machen wir uns diese zu eigen und halten uns unbewusst daran. Mit einem Klick auf&hellip;<\/p>\n","protected":false},"author":1,"featured_media":0,"parent":0,"menu_order":0,"comment_status":"closed","ping_status":"closed","template":"","meta":{"footnotes":""},"class_list":["post-373","page","type-page","status-publish","hentry"],"_links":{"self":[{"href":"https:\/\/walsermundart.ch\/index.php?rest_route=\/wp\/v2\/pages\/373","targetHints":{"allow":["GET"]}}],"collection":[{"href":"https:\/\/walsermundart.ch\/index.php?rest_route=\/wp\/v2\/pages"}],"about":[{"href":"https:\/\/walsermundart.ch\/index.php?rest_route=\/wp\/v2\/types\/page"}],"author":[{"embeddable":true,"href":"https:\/\/walsermundart.ch\/index.php?rest_route=\/wp\/v2\/users\/1"}],"replies":[{"embeddable":true,"href":"https:\/\/walsermundart.ch\/index.php?rest_route=%2Fwp%2Fv2%2Fcomments&post=373"}],"version-history":[{"count":55,"href":"https:\/\/walsermundart.ch\/index.php?rest_route=\/wp\/v2\/pages\/373\/revisions"}],"predecessor-version":[{"id":8813,"href":"https:\/\/walsermundart.ch\/index.php?rest_route=\/wp\/v2\/pages\/373\/revisions\/8813"}],"wp:attachment":[{"href":"https:\/\/walsermundart.ch\/index.php?rest_route=%2Fwp%2Fv2%2Fmedia&parent=373"}],"curies":[{"name":"wp","href":"https:\/\/api.w.org\/{rel}","templated":true}]}}