{"id":3877,"date":"2021-03-19T18:43:25","date_gmt":"2021-03-19T18:43:25","guid":{"rendered":"https:\/\/walsermundart.ch\/?page_id=3877"},"modified":"2023-04-02T15:44:12","modified_gmt":"2023-04-02T15:44:12","slug":"60-luzein","status":"publish","type":"page","link":"https:\/\/walsermundart.ch\/?page_id=3877","title":{"rendered":"7 &#8211; Pr\u00e4ttigau"},"content":{"rendered":"\n<figure class=\"wp-block-image size-full is-resized\"><a href=\"https:\/\/walsermundart.ch\/\"><img loading=\"lazy\" decoding=\"async\" src=\"https:\/\/walsermundart.ch\/wp-content\/uploads\/2022\/03\/pfeil-home-Snipp.jpg\" alt=\"\" class=\"wp-image-6993\" width=\"135\" height=\"74\" srcset=\"https:\/\/walsermundart.ch\/wp-content\/uploads\/2022\/03\/pfeil-home-Snipp.jpg 316w, https:\/\/walsermundart.ch\/wp-content\/uploads\/2022\/03\/pfeil-home-Snipp-300x164.jpg 300w\" sizes=\"auto, (max-width: 135px) 100vw, 135px\" \/><\/a><\/figure>\n\n\n\n<p class=\"has-x-large-font-size\"><strong>Luzein<\/strong><\/p>\n\n\n\n<p>Empfehlung: Website Luzein<\/p>\n\n\n\n<p class=\"has-vivid-cyan-blue-color has-text-color\"><a rel=\"noreferrer noopener\" href=\"https:\/\/www.luzein.ch\/de\" target=\"_blank\">https:\/\/www.luzein.ch\/de<\/a><\/p>\n\n\n\n<div style=\"height:11px\" aria-hidden=\"true\" class=\"wp-block-spacer\"><\/div>\n\n\n\n<p class=\"has-black-color has-text-color\"><a href=\"https:\/\/walsermundart.ch\/?page_id=4249\">7.0<strong>1<\/strong> Fient, Stud\u00e4fridli und Schiller <\/a><\/p>\n\n\n\n<p class=\"has-black-color has-text-color\">7.0<strong>2<\/strong> <a href=\"https:\/\/walsermundart.ch\/?page_id=4277\">Fl\u00fcgg vam B\u00e4rg<\/a><\/p>\n\n\n\n<p class=\"has-black-color has-text-color\">7.0<a href=\"https:\/\/walsermundart.ch\/?page_id=5185\"><strong>3<\/strong> Der Pr\u00e4ttigauer Aufstand 1622<\/a><\/p>\n\n\n\n<p class=\"has-vivid-cyan-blue-color has-text-color\"><a href=\"https:\/\/walsermundart.ch\/?page_id=5151\">7.0<strong>4<\/strong> St\u00fcrfis <\/a><\/p>\n\n\n\n<p class=\"has-black-color has-text-color\"><a href=\"https:\/\/walsermundart.ch\/?page_id=5396\">7.0<strong>5<\/strong> Tal- und Dorfna<\/a>men<\/p>\n\n\n\n<p class=\"has-vivid-cyan-blue-color has-text-color\"><a href=\"https:\/\/walsermundart.ch\/?page_id=5770\">7.0<strong>6<\/strong> Flurnamen<\/a><\/p>\n\n\n\n<p><a href=\"https:\/\/walsermundart.ch\/?page_id=5898\">7.0<strong>7<\/strong> Im Heuzug<\/a><\/p>\n\n\n\n<p><a href=\"https:\/\/walsermundart.ch\/?page_id=5915\">7.0<strong>8<\/strong> Luzein in Bild und Text<\/a><\/p>\n\n\n\n<p><a href=\"https:\/\/walsermundart.ch\/?page_id=5923\">7.0<strong>9<\/strong> Die Sprecherh\u00e4user<\/a> <\/p>\n\n\n\n<p><a href=\"https:\/\/walsermundart.ch\/?page_id=8552\">7.<strong>10<\/strong> Das Pr\u00e4ttigau von Plattner und Zeller<\/a><\/p>\n\n\n\n<p class=\"has-x-large-font-size\"><strong>Weitere Beitr\u00e4ge zum Pr\u00e4ttigau<\/strong><\/p>\n\n\n\n<p><a href=\"https:\/\/walsermundart.ch\/?page_id=6030\">7.<strong>21<\/strong> W\u00f6rter, Geschichten und L\u00e4sibl\u00fcescht<\/a><\/p>\n\n\n\n<p><a href=\"https:\/\/walsermundart.ch\/?page_id=6042\">7.<strong>22<\/strong> Gemeindefusionen<\/a><\/p>\n\n\n\n<p><a href=\"https:\/\/walsermundart.ch\/?page_id=6038\">7.<strong>23<\/strong> Pr\u00e4ttigauer Talchroni<\/a>k<\/p>\n\n\n\n<p><a href=\"https:\/\/walsermundart.ch\/?page_id=6044\">7.<strong>24<\/strong> Kolumnen<\/a><\/p>\n\n\n\n<p><a href=\"https:\/\/walsermundart.ch\/?page_id=6036\">7.<strong>25<\/strong> Heimatkunde von Peter Guler 1926<\/a><\/p>\n\n\n\n<p><a href=\"https:\/\/walsermundart.ch\/?page_id=6049\">7.<strong>26<\/strong> D Walser von Hans Plattner 1989<\/a><\/p>\n\n\n\n<p><a href=\"https:\/\/walsermundart.ch\/?page_id=6040\">7.<strong>27<\/strong> Gschichten\u00e4 vam Chloschter<\/a><\/p>\n\n\n\n<p><a href=\"https:\/\/walsermundart.ch\/?page_id=6539\">7.<strong>28<\/strong> Sch\u00e4lleria von Margrith Ladner-Frei<\/a><\/p>\n\n\n\n<figure class=\"wp-block-image size-full is-resized\"><a href=\"https:\/\/walsermundart.ch\/\"><img loading=\"lazy\" decoding=\"async\" src=\"https:\/\/walsermundart.ch\/wp-content\/uploads\/2022\/03\/pfeil-home-Snipp.jpg\" alt=\"\" class=\"wp-image-6993\" width=\"133\" height=\"73\" srcset=\"https:\/\/walsermundart.ch\/wp-content\/uploads\/2022\/03\/pfeil-home-Snipp.jpg 316w, https:\/\/walsermundart.ch\/wp-content\/uploads\/2022\/03\/pfeil-home-Snipp-300x164.jpg 300w\" sizes=\"auto, (max-width: 133px) 100vw, 133px\" \/><\/a><\/figure>\n","protected":false},"excerpt":{"rendered":"<p>Luzein Empfehlung: Website Luzein https:\/\/www.luzein.ch\/de 7.01 Fient, Stud\u00e4fridli und Schiller 7.02 Fl\u00fcgg vam B\u00e4rg 7.03 Der Pr\u00e4ttigauer Aufstand 1622 7.04 St\u00fcrfis 7.05 Tal- und Dorfnamen&hellip;<\/p>\n","protected":false},"author":1,"featured_media":0,"parent":0,"menu_order":0,"comment_status":"closed","ping_status":"closed","template":"","meta":{"footnotes":""},"class_list":["post-3877","page","type-page","status-publish","hentry"],"_links":{"self":[{"href":"https:\/\/walsermundart.ch\/index.php?rest_route=\/wp\/v2\/pages\/3877","targetHints":{"allow":["GET"]}}],"collection":[{"href":"https:\/\/walsermundart.ch\/index.php?rest_route=\/wp\/v2\/pages"}],"about":[{"href":"https:\/\/walsermundart.ch\/index.php?rest_route=\/wp\/v2\/types\/page"}],"author":[{"embeddable":true,"href":"https:\/\/walsermundart.ch\/index.php?rest_route=\/wp\/v2\/users\/1"}],"replies":[{"embeddable":true,"href":"https:\/\/walsermundart.ch\/index.php?rest_route=%2Fwp%2Fv2%2Fcomments&post=3877"}],"version-history":[{"count":55,"href":"https:\/\/walsermundart.ch\/index.php?rest_route=\/wp\/v2\/pages\/3877\/revisions"}],"predecessor-version":[{"id":8556,"href":"https:\/\/walsermundart.ch\/index.php?rest_route=\/wp\/v2\/pages\/3877\/revisions\/8556"}],"wp:attachment":[{"href":"https:\/\/walsermundart.ch\/index.php?rest_route=%2Fwp%2Fv2%2Fmedia&parent=3877"}],"curies":[{"name":"wp","href":"https:\/\/api.w.org\/{rel}","templated":true}]}}