{"id":399,"date":"2021-02-01T14:14:49","date_gmt":"2021-02-01T14:14:49","guid":{"rendered":"https:\/\/hed.ch\/?page_id=399"},"modified":"2023-03-13T15:23:00","modified_gmt":"2023-03-13T15:23:00","slug":"peist","status":"publish","type":"page","link":"https:\/\/walsermundart.ch\/?page_id=399","title":{"rendered":"6 &#8211; Schanfigg"},"content":{"rendered":"\n<figure class=\"wp-block-image size-full is-resized\"><a href=\"https:\/\/walsermundart.ch\/\"><img loading=\"lazy\" decoding=\"async\" src=\"https:\/\/walsermundart.ch\/wp-content\/uploads\/2022\/03\/pfeil-home-Snipp.jpg\" alt=\"\" class=\"wp-image-6993\" width=\"136\" height=\"74\" srcset=\"https:\/\/walsermundart.ch\/wp-content\/uploads\/2022\/03\/pfeil-home-Snipp.jpg 316w, https:\/\/walsermundart.ch\/wp-content\/uploads\/2022\/03\/pfeil-home-Snipp-300x164.jpg 300w\" sizes=\"auto, (max-width: 136px) 100vw, 136px\" \/><\/a><\/figure>\n\n\n\n<p class=\"has-x-large-font-size\"><strong>Peist<\/strong><\/p>\n\n\n\n<p class=\"has-black-color has-text-color\">Ganz Aktuelles erfahren wir unter <\/p>\n\n\n\n<p class=\"has-black-color has-text-color\"><a href=\"https:\/\/www.peist.ch\/home\/\" target=\"_blank\" rel=\"noreferrer noopener\">https:\/\/www.peist.ch\/home\/<\/a><\/p>\n\n\n\n<div style=\"height:5px\" aria-hidden=\"true\" class=\"wp-block-spacer\"><\/div>\n\n\n\n<p><a href=\"https:\/\/walsermundart.ch\/?page_id=7432\">6.<strong>00<\/strong> Bewohner um 1950<\/a><\/p>\n\n\n\n<p class=\"has-black-color has-text-color\">6.<strong>0<\/strong><a href=\"https:\/\/walsermundart.ch\/?page_id=4031\"><strong>1<\/strong> Ursula Beeli: D\u00f6rfligeischt Peist<\/a><\/p>\n\n\n\n<p class=\"has-vivid-cyan-blue-color has-text-color\"><a href=\"https:\/\/walsermundart.ch\/?page_id=4778\">6.<strong>02<\/strong> Fluris Museum<\/a><\/p>\n\n\n\n<p class=\"has-vivid-cyan-blue-color has-text-color\"><a href=\"https:\/\/walsermundart.ch\/?page_id=5163\">6.<strong>03<\/strong> Die Pest<\/a><\/p>\n\n\n\n<p class=\"has-vivid-cyan-blue-color has-text-color\"><a href=\"https:\/\/walsermundart.ch\/?page_id=5206\">6.<strong>04<\/strong> Der Dorfbrand von 1874<\/a><\/p>\n\n\n\n<p class=\"has-black-color has-text-color\"><a href=\"https:\/\/walsermundart.ch\/?page_id=5215\">6.<strong>05<\/strong> Talname, Dorfname<\/a>n<\/p>\n\n\n\n<p class=\"has-vivid-cyan-blue-color has-text-color\"><a href=\"https:\/\/walsermundart.ch\/?page_id=5348\">6.<strong>06<\/strong> Flurnamenkarte<\/a><\/p>\n\n\n\n<p class=\"has-vivid-cyan-blue-color has-text-color\"><a href=\"https:\/\/walsermundart.ch\/?page_id=5210\">6.<strong>07<\/strong> Simon F\u00fcmm<\/a><\/p>\n\n\n\n<p><a href=\"https:\/\/walsermundart.ch\/?page_id=6248\">6.<strong>08<\/strong> Padrutt Donau<\/a><\/p>\n\n\n\n<p><a href=\"https:\/\/walsermundart.ch\/?page_id=7128\">6.<strong>09<\/strong> H\u00f6rproben<\/a><\/p>\n\n\n\n<div style=\"height:5px\" aria-hidden=\"true\" class=\"wp-block-spacer\"><\/div>\n\n\n\n<p class=\"has-x-large-font-size\"><strong>Weitere Schanfigger Beitr\u00e4ge<\/strong><\/p>\n\n\n\n<p><a href=\"https:\/\/www.kulturhuus-schanfigg.ch\/\" target=\"_blank\" rel=\"noreferrer noopener\">https:\/\/www.kulturhuus-schanfigg.ch\/<\/a><\/p>\n\n\n\n<p><a href=\"https:\/\/www.localcities.ch\/de\/veranstaltungen\/arosa\/4921\/1374338\" target=\"_blank\" rel=\"noreferrer noopener\">https:\/\/www.localcities.ch\/de\/veranstaltungen\/arosa\/4921\/1374338<\/a><\/p>\n\n\n\n<p><a href=\"https:\/\/walsermundart.ch\/?page_id=4268\">6.<strong>21<\/strong> Schanfigger W\u00f6rter (Ausserschanfigg)<\/a><\/p>\n\n\n\n<p><a href=\"https:\/\/walsermundart.ch\/?page_id=4039\">6.<strong>22<\/strong> Brod bachch\u00e4 (L\u00fcen)<\/a><\/p>\n\n\n\n<p><a href=\"https:\/\/walsermundart.ch\/?page_id=5989\">6.<strong>23<\/strong> Bsatzig<\/a><\/p>\n\n\n\n<p><a href=\"https:\/\/walsermundart.ch\/?page_id=5993\">6.<strong>24<\/strong> Gemeindefusionen<\/a><\/p>\n\n\n\n<p class=\"has-vivid-cyan-blue-color has-text-color\"><a href=\"https:\/\/walsermundart.ch\/?page_id=3953\">6.<strong>25<\/strong> Das Hochtal <strong>Fondei<\/strong><\/a><\/p>\n\n\n\n<p class=\"has-black-color has-text-color\"><a href=\"https:\/\/walsermundart.ch\/?page_id=5761\">6.<strong>26<\/strong> Auf <strong>Zeitwanderung <\/strong>mit den Walsern ins <strong>Fondei<\/strong><\/a><\/p>\n\n\n\n<p><a href=\"https:\/\/walsermundart.ch\/?page_id=6057\">6.<strong>27<\/strong> D Wassrh\u00fctt\u00e4<\/a> <a href=\"https:\/\/walsermundart.ch\/?page_id=6057\">im <strong>Fondei<\/strong><\/a><\/p>\n\n\n\n<p><a href=\"https:\/\/walsermundart.ch\/?page_id=4120\">6.<strong>28<\/strong> \u00dcbr d\u00e4 <strong>Sap\u00fcner <\/strong>St\u00e4g<\/a><\/p>\n\n\n\n<p><a href=\"https:\/\/walsermundart.ch\/?page_id=5970\">6.<strong>29<\/strong> Unser Wohnort ist ein wilder Berg (<strong>Sap\u00fcn<\/strong>)<\/a><\/p>\n\n\n\n<p>6<a href=\"https:\/\/walsermundart.ch\/?page_id=5962\">.<strong>30<\/strong> Heimeligugg, der <strong>Sap\u00fcnerzwerg<\/strong><\/a><\/p>\n\n\n\n<p><a href=\"https:\/\/walsermundart.ch\/?page_id=5981\">6.<strong>31<\/strong> Die Kirche zu <strong>St. Peter<\/strong><\/a><\/p>\n\n\n\n<p><a href=\"https:\/\/walsermundart.ch\/?page_id=7489\">6.<strong>32<\/strong> Calfreiser Dorfgeschichten 1880-1900<\/a><\/p>\n\n\n\n<p><a href=\"https:\/\/walsermundart.ch\/?page_id=5934\">6.<strong>33<\/strong> Tschiertschen und Praden<\/a><\/p>\n\n\n\n<p><a href=\"https:\/\/walsermundart.ch\/?page_id=6292\">6.<strong>34<\/strong> Alte Wege und Jahrbuch<\/a><\/p>\n\n\n\n<figure class=\"wp-block-image size-full is-resized\"><a href=\"https:\/\/walsermundart.ch\/\"><img loading=\"lazy\" decoding=\"async\" src=\"https:\/\/walsermundart.ch\/wp-content\/uploads\/2022\/03\/pfeil-home-Snipp.jpg\" alt=\"\" class=\"wp-image-6993\" width=\"136\" height=\"74\" srcset=\"https:\/\/walsermundart.ch\/wp-content\/uploads\/2022\/03\/pfeil-home-Snipp.jpg 316w, https:\/\/walsermundart.ch\/wp-content\/uploads\/2022\/03\/pfeil-home-Snipp-300x164.jpg 300w\" sizes=\"auto, (max-width: 136px) 100vw, 136px\" \/><\/a><\/figure>\n","protected":false},"excerpt":{"rendered":"<p>Peist Ganz Aktuelles erfahren wir unter https:\/\/www.peist.ch\/home\/ 6.00 Bewohner um 1950 6.01 Ursula Beeli: D\u00f6rfligeischt Peist 6.02 Fluris Museum 6.03 Die Pest 6.04 Der Dorfbrand&hellip;<\/p>\n","protected":false},"author":1,"featured_media":0,"parent":0,"menu_order":0,"comment_status":"closed","ping_status":"closed","template":"","meta":{"footnotes":""},"class_list":["post-399","page","type-page","status-publish","hentry"],"_links":{"self":[{"href":"https:\/\/walsermundart.ch\/index.php?rest_route=\/wp\/v2\/pages\/399","targetHints":{"allow":["GET"]}}],"collection":[{"href":"https:\/\/walsermundart.ch\/index.php?rest_route=\/wp\/v2\/pages"}],"about":[{"href":"https:\/\/walsermundart.ch\/index.php?rest_route=\/wp\/v2\/types\/page"}],"author":[{"embeddable":true,"href":"https:\/\/walsermundart.ch\/index.php?rest_route=\/wp\/v2\/users\/1"}],"replies":[{"embeddable":true,"href":"https:\/\/walsermundart.ch\/index.php?rest_route=%2Fwp%2Fv2%2Fcomments&post=399"}],"version-history":[{"count":85,"href":"https:\/\/walsermundart.ch\/index.php?rest_route=\/wp\/v2\/pages\/399\/revisions"}],"predecessor-version":[{"id":8516,"href":"https:\/\/walsermundart.ch\/index.php?rest_route=\/wp\/v2\/pages\/399\/revisions\/8516"}],"wp:attachment":[{"href":"https:\/\/walsermundart.ch\/index.php?rest_route=%2Fwp%2Fv2%2Fmedia&parent=399"}],"curies":[{"name":"wp","href":"https:\/\/api.w.org\/{rel}","templated":true}]}}