{"id":4031,"date":"2021-03-21T15:40:06","date_gmt":"2021-03-21T15:40:06","guid":{"rendered":"https:\/\/walsermundart.ch\/?page_id=4031"},"modified":"2022-08-08T08:28:47","modified_gmt":"2022-08-08T08:28:47","slug":"51-doerfligeischt-peist","status":"publish","type":"page","link":"https:\/\/walsermundart.ch\/?page_id=4031","title":{"rendered":"6.01 &#8211; D\u00f6rfligeischt Peist"},"content":{"rendered":"\n<figure class=\"wp-block-image size-full is-resized\"><a href=\"https:\/\/walsermundart.ch\/?page_id=399\"><img loading=\"lazy\" decoding=\"async\" src=\"https:\/\/walsermundart.ch\/wp-content\/uploads\/2022\/03\/Pfeil-zurueck-mini-1.jpg\" alt=\"\" class=\"wp-image-6871\" width=\"109\" height=\"70\"\/><\/a><\/figure>\n\n\n<div class=\"wp-block-image\">\n<figure class=\"alignleft size-large\"><img loading=\"lazy\" decoding=\"async\" width=\"744\" height=\"1024\" src=\"https:\/\/walsermundart.ch\/wp-content\/uploads\/2021\/03\/Doerfligeischt-Peist-min-744x1024.jpg\" alt=\"\" class=\"wp-image-4065\" srcset=\"https:\/\/walsermundart.ch\/wp-content\/uploads\/2021\/03\/Doerfligeischt-Peist-min-744x1024.jpg 744w, https:\/\/walsermundart.ch\/wp-content\/uploads\/2021\/03\/Doerfligeischt-Peist-min-218x300.jpg 218w, https:\/\/walsermundart.ch\/wp-content\/uploads\/2021\/03\/Doerfligeischt-Peist-min-768x1057.jpg 768w, https:\/\/walsermundart.ch\/wp-content\/uploads\/2021\/03\/Doerfligeischt-Peist-min-1116x1536.jpg 1116w, https:\/\/walsermundart.ch\/wp-content\/uploads\/2021\/03\/Doerfligeischt-Peist-min-1488x2048.jpg 1488w, https:\/\/walsermundart.ch\/wp-content\/uploads\/2021\/03\/Doerfligeischt-Peist-min-scaled.jpg 1860w\" sizes=\"auto, (max-width: 744px) 100vw, 744px\" \/><\/figure>\n<\/div>\n\n\n<p class=\"has-text-align-left has-black-color has-text-color\">Ursula Beeli hat im Jahr 2018 ein Buch herausgegeben, das auf 224 Seiten das Dorf Peist und seine Bewohner vorstellt. Viele Fotos von Land und Leuten und der dazugeh\u00f6rige Text sind hausgemacht. Ein erfrischendes, einzigartiges Buch. Im Dorfladen <strong>https:\/\/www.peist.ch\/home\/<\/strong> und in Buchhandlungen erh\u00e4ltlich. <\/p>\n\n\n\n<p>Oft sind alte und neue Dialekttexte eingestreut. An ihnen erkennt man, wie sich die Sprache der Einheimischen in den letzten Jahren gewandelt hat. Hier ein paar S\u00e4tze von F\u00f6rster Bartli J\u00e4ger.<\/p>\n\n\n\n<p>Hans Jeger va Peist ischt noch dr letscht gsin, wa mit schim Ross Holz gf\u00fc\u00e4rt hed. Dazumal heds noch kei Meter Fahrstrass in d\u00e4 Wald g\u00e4n. I bin allimal mit dr Bahn uf d Arb\u00e4d und \u00e4so \u00e4s alts Velo hani au noch \u00e4tt\u00e4 g\u00e4brucht. Wa i angfang\u00e4 schaff\u00e4 han, sind grad di erscht\u00e4 Motorsag\u00e4 ufchon. M\u00e4 hed m\u00fc\u00e4ss\u00e4 z zweit\u00e4 sin zum di\u00e4 bedien\u00e4. \u00c4so an zweispennigi Sag\u00e4 heiw\u00e4r den\u00e4 gseid. Das hed ni\u00e4 \u00e4n h\u00fcbsch\u00e4 Schnitt g\u00e4n, \u00e4s hed di\u00e4 Holzfas\u00e4ra me abgschlag\u00e4 und verchafl\u00e4d als abghau\u00e4.<br>M\u00e4 hed alls Holz m\u00fc\u00e4ss\u00e4 butz\u00e4, mid Rind\u00e4 dran hed m\u00e4 n\u00fcd ch\u00f6n\u00e4 verchauf\u00e4. Dinn\u00e4 in Partusa uf \u00e4m Holzplatz heiw\u00e4r allimal au Holz uf di Bahn verlad\u00e4.<\/p>\n\n\n\n<p>Nun schleichen sich fremde W\u00f6rter ein:<\/p>\n\n\n<p><span style=\"color: #ff0000;\">gn\u00fcss\u00e4&nbsp;&nbsp;<\/span> &nbsp;&nbsp; <span style=\"color: #339966;\">gni\u00e4ss\u00e4<\/span><br><span style=\"color: #ff0000;\">mi\u00e4r&nbsp;&nbsp;&nbsp;&nbsp;&nbsp;&nbsp;<\/span> &nbsp;&nbsp; <span style=\"color: #339966;\">wi\u00e4r<\/span><br><span style=\"color: #ff0000;\">alles&nbsp;&nbsp;&nbsp;&nbsp;&nbsp;&nbsp;<\/span> &nbsp;&nbsp; <span style=\"color: #339966;\">alls<\/span><br><span style=\"color: #ff0000;\">chlin\u00e4&nbsp;&nbsp;&nbsp;<\/span> &nbsp;&nbsp; <span style=\"color: #339966;\">chl\u00e4in\u00e4<\/span><br><span style=\"color: #ff0000;\">Gr\u00fcess&nbsp;<\/span> &nbsp;&nbsp; <span style=\"color: #339966;\">Gr\u00fc\u00e4z<\/span><br><span style=\"color: #ff0000;\">h\u00e4nd&nbsp;&nbsp;&nbsp;&nbsp;<\/span> &nbsp;&nbsp; <span style=\"color: #339966;\">h\u00e4ind<\/span><\/p>\n<p>Scheint noch nicht verloren:<\/p>\n<p><span style=\"color: #339966;\">gschw\u00fcnd<\/span><br><span style=\"color: #339966;\">\u00e4s ischt<\/span><br><span style=\"color: #339966;\">\u00e4si\u00e4<\/span><br><span style=\"color: #339966;\">ziit\u00e4wiisch<\/span><br><span style=\"color: #339966;\">h\u00fcbsch<\/span> <br><span style=\"color: #339966;\">\u00fcns Dorf<\/span><\/p>\n\n\n<figure class=\"wp-block-image size-full is-resized\"><a href=\"https:\/\/walsermundart.ch\/?page_id=399\"><img loading=\"lazy\" decoding=\"async\" src=\"https:\/\/walsermundart.ch\/wp-content\/uploads\/2022\/03\/Pfeil-zurueck-mini-1.jpg\" alt=\"\" class=\"wp-image-6871\" width=\"106\" height=\"68\"\/><\/a><\/figure>\n","protected":false},"excerpt":{"rendered":"<p>Ursula Beeli hat im Jahr 2018 ein Buch herausgegeben, das auf 224 Seiten das Dorf Peist und seine Bewohner vorstellt. Viele Fotos von Land und&hellip;<\/p>\n","protected":false},"author":1,"featured_media":0,"parent":0,"menu_order":0,"comment_status":"closed","ping_status":"closed","template":"","meta":{"footnotes":""},"class_list":["post-4031","page","type-page","status-publish","hentry"],"_links":{"self":[{"href":"https:\/\/walsermundart.ch\/index.php?rest_route=\/wp\/v2\/pages\/4031","targetHints":{"allow":["GET"]}}],"collection":[{"href":"https:\/\/walsermundart.ch\/index.php?rest_route=\/wp\/v2\/pages"}],"about":[{"href":"https:\/\/walsermundart.ch\/index.php?rest_route=\/wp\/v2\/types\/page"}],"author":[{"embeddable":true,"href":"https:\/\/walsermundart.ch\/index.php?rest_route=\/wp\/v2\/users\/1"}],"replies":[{"embeddable":true,"href":"https:\/\/walsermundart.ch\/index.php?rest_route=%2Fwp%2Fv2%2Fcomments&post=4031"}],"version-history":[{"count":19,"href":"https:\/\/walsermundart.ch\/index.php?rest_route=\/wp\/v2\/pages\/4031\/revisions"}],"predecessor-version":[{"id":8076,"href":"https:\/\/walsermundart.ch\/index.php?rest_route=\/wp\/v2\/pages\/4031\/revisions\/8076"}],"wp:attachment":[{"href":"https:\/\/walsermundart.ch\/index.php?rest_route=%2Fwp%2Fv2%2Fmedia&parent=4031"}],"curies":[{"name":"wp","href":"https:\/\/api.w.org\/{rel}","templated":true}]}}