{"id":4109,"date":"2021-03-22T18:54:06","date_gmt":"2021-03-22T18:54:06","guid":{"rendered":"https:\/\/walsermundart.ch\/?page_id=4109"},"modified":"2022-08-08T14:02:19","modified_gmt":"2022-08-08T14:02:19","slug":"82-buecher-broschueren","status":"publish","type":"page","link":"https:\/\/walsermundart.ch\/?page_id=4109","title":{"rendered":"9.02 &#8211; Dr T\u00fcrligiiger va Hans Val\u00e4r \u00a0\u00a0"},"content":{"rendered":"\n<figure class=\"wp-block-image size-full is-resized\"><a href=\"https:\/\/walsermundart.ch\/?page_id=2483\"><img loading=\"lazy\" decoding=\"async\" src=\"https:\/\/walsermundart.ch\/wp-content\/uploads\/2022\/03\/Pfeil-zurueck-mini-1.jpg\" alt=\"\" class=\"wp-image-6871\" width=\"106\" height=\"68\"\/><\/a><\/figure>\n\n\n\n<figure class=\"wp-block-image size-full\"><img loading=\"lazy\" decoding=\"async\" width=\"602\" height=\"895\" src=\"https:\/\/walsermundart.ch\/wp-content\/uploads\/2022\/02\/Dr-Tuerligiiger-Snipping.jpg\" alt=\"\" class=\"wp-image-6431\" srcset=\"https:\/\/walsermundart.ch\/wp-content\/uploads\/2022\/02\/Dr-Tuerligiiger-Snipping.jpg 602w, https:\/\/walsermundart.ch\/wp-content\/uploads\/2022\/02\/Dr-Tuerligiiger-Snipping-202x300.jpg 202w\" sizes=\"auto, (max-width: 602px) 100vw, 602px\" \/><\/figure>\n\n\n\n<p>Hans Val\u00e4r , geb. 1871, gest. 1947, hat viele Mundartschriften hinterlassen, die Rudolf Hotzenk\u00f6cherle auf Wunsch der Gemeinde Davos 1955 in einem Buch herausgegeben hat. Die Nachfrage danach war so gross, dass schon zwei Jahre sp\u00e4ter eine zweite Auflage gedruckt werden musste. 1974 folgte die dritte Auflage.<\/p>\n\n\n\n<p>Hotzenk\u00f6cherle sp\u00fcrte bald, dass Hans Val\u00e4r die Schreibung der Dialektw\u00f6rter einige M\u00fche bereitete. Schreibt man gl\u00e4ge oder ggl\u00e4ge? Das -e wurde nicht in Frage gestellt, da es zum Vollverb passte. Hotzenk\u00f6cherle w\u00e4hlte, manchmal widerstrebend, einen Mittelweg  mit Konzessionen auf beide Seiten. Trotz einer gewissen Anpassung an eine schweizerische Schreibung sollten die Texte den Sprachklang treffend wiedergeben.<\/p>\n\n\n\n<p>So steht nun im T\u00fcrligiiger Vrgrebnis, zrschrenzt, Chammra, Nummra, (aber \u00c4imer), Antwrt, s\u00f6vl, gl\u00e4ge (gelegen), ggange (gegangen).<\/p>\n\n\n\n<p>Hotzenk\u00f6cherle: Das Nebeneinander von -a, -\u00e4, -e in den Endsilben [&#8230;] erweist sich bei genauerer Betrachtung als fein funktionierendes Fortleben alter Endungsunterschiede.<\/p>\n\n\n\n<figure class=\"wp-block-image size-full is-resized\"><a href=\"https:\/\/walsermundart.ch\/?page_id=2483\"><img loading=\"lazy\" decoding=\"async\" src=\"https:\/\/walsermundart.ch\/wp-content\/uploads\/2022\/03\/Pfeil-zurueck-mini-1.jpg\" alt=\"\" class=\"wp-image-6871\" width=\"107\" height=\"69\"\/><\/a><\/figure>\n","protected":false},"excerpt":{"rendered":"<p>Hans Val\u00e4r , geb. 1871, gest. 1947, hat viele Mundartschriften hinterlassen, die Rudolf Hotzenk\u00f6cherle auf Wunsch der Gemeinde Davos 1955 in einem Buch herausgegeben hat.&hellip;<\/p>\n","protected":false},"author":1,"featured_media":0,"parent":0,"menu_order":0,"comment_status":"closed","ping_status":"closed","template":"","meta":{"footnotes":""},"class_list":["post-4109","page","type-page","status-publish","hentry"],"_links":{"self":[{"href":"https:\/\/walsermundart.ch\/index.php?rest_route=\/wp\/v2\/pages\/4109","targetHints":{"allow":["GET"]}}],"collection":[{"href":"https:\/\/walsermundart.ch\/index.php?rest_route=\/wp\/v2\/pages"}],"about":[{"href":"https:\/\/walsermundart.ch\/index.php?rest_route=\/wp\/v2\/types\/page"}],"author":[{"embeddable":true,"href":"https:\/\/walsermundart.ch\/index.php?rest_route=\/wp\/v2\/users\/1"}],"replies":[{"embeddable":true,"href":"https:\/\/walsermundart.ch\/index.php?rest_route=%2Fwp%2Fv2%2Fcomments&post=4109"}],"version-history":[{"count":24,"href":"https:\/\/walsermundart.ch\/index.php?rest_route=\/wp\/v2\/pages\/4109\/revisions"}],"predecessor-version":[{"id":8141,"href":"https:\/\/walsermundart.ch\/index.php?rest_route=\/wp\/v2\/pages\/4109\/revisions\/8141"}],"wp:attachment":[{"href":"https:\/\/walsermundart.ch\/index.php?rest_route=%2Fwp%2Fv2%2Fmedia&parent=4109"}],"curies":[{"name":"wp","href":"https:\/\/api.w.org\/{rel}","templated":true}]}}