{"id":4115,"date":"2021-03-22T19:02:39","date_gmt":"2021-03-22T19:02:39","guid":{"rendered":"https:\/\/walsermundart.ch\/?page_id=4115"},"modified":"2022-08-08T14:05:57","modified_gmt":"2022-08-08T14:05:57","slug":"83-zeitungsbeitraege","status":"publish","type":"page","link":"https:\/\/walsermundart.ch\/?page_id=4115","title":{"rendered":"9.09 &#8211; Lieder"},"content":{"rendered":"\n<figure class=\"wp-block-image size-full is-resized\"><a href=\"https:\/\/walsermundart.ch\/?page_id=2483\"><img loading=\"lazy\" decoding=\"async\" src=\"https:\/\/walsermundart.ch\/wp-content\/uploads\/2022\/03\/Pfeil-zurueck-mini-1.jpg\" alt=\"\" class=\"wp-image-6871\" width=\"108\" height=\"70\"\/><\/a><\/figure>\n\n\n\n<div style=\"height:38px\" aria-hidden=\"true\" class=\"wp-block-spacer\"><\/div>\n\n\n<p>Die Walservereinigung Graub\u00fcnden hat Lieder gesammelt und aufgelistet und eine CD herausgegeben.<\/p>\n<p><span style=\"color: #3366ff;\"><a style=\"color: #3366ff;\" href=\"https:\/\/www.walserverein-gr.ch\/index.php\/walserlieder.html\" target=\"_blank\" rel=\"noopener\">https:\/\/www.walserverein-gr.ch\/index.php\/walserlieder.html<\/a><\/span><\/p>\n<p>\u00dcber diesen Link erfahren wir mehr zum Walser Volkslied und von dort gelangen wir auch zum Shop.<\/p>\n<p>Es ist oft schwierig, Liedtexte einem Walserdialekt oder einem Unterl\u00e4nder Dialekt zuzuordnen, so steht im Lied \u201eEs hed es Schneeli gschnyjed\u201c:<\/p>\n<p><em>\u201eHeds dir d\u00e4 W\u00e4\u00e4g verschnyjed, so gang d\u00e4r <strong>\u00d6\u00f6bri<\/strong> naa<\/em>.\u201c (<em>Hed s <span style=\"color: #008080;\">di\u00e4r dr (dn)<\/span> W\u00e4\u00e4g verschnyjed, so gang <span style=\"color: #008080;\">dr <strong>Eeb\u00e4ri<\/strong> <\/span>naa<\/em>). <em>\u201e \u2026 wenn i <strong>w\u00fcsst<\/strong> \u2026<\/em>\u201c. (<em>wen i<span style=\"color: #008080;\"> <strong>w\u00fcssti<\/strong><\/span><\/em>). Es wird als Volkslied aus Davos \u00fcberschrieben, aufgezeichnet von Otto von Greyerz 1870 in Davos. Als Berner war es f\u00fcr ihn schwierig, den Liedtext aufzuschreiben. Zudem wurde das Lied auch anderswo gesungen und entsprechend abge\u00e4ndert.<\/p>\n<p>\u00c4hnlich ist es dem Lied \u201eMis B\u00fceli geid \u00fcber Sap\u00fcner St\u00e4g i\u201c ergangen, auch aufgezeichnet von Otto von Greyerz. \u201e<em>Er hed e <strong>sch\u00f6ns<\/strong> G\u00fcetli \u2026<\/em>\u201c (\u201es<em>ch\u00f6n<\/em>\u201c gibt es in unserem Dialekt nicht, stattdessen <span style=\"color: #008080;\"><strong><em>h\u00fcbsch<\/em><\/strong><\/span>), &#171;\u2026<em>so <strong>t\u00e4tti<\/strong><\/em> \u2026 &#187; (<span style=\"color: #008080;\"><em>so<\/em> <strong><em>tetti<\/em><\/strong><\/span> ), <em>&#171;\u2026 \u00e4s <strong>ch\u00e4mi<\/strong> der<\/em> <strong><em>bitt\u00e4ri<\/em><\/strong><em> Tod\u2026 &#187; <\/em><em>(\u00e4s <span style=\"color: #008080;\"><strong>cheemi <\/strong>dr<strong> bittr<\/strong><\/span> Tod).<\/em><\/p>\n<p>Laut <span style=\"color: #3366ff;\"><a style=\"color: #3366ff;\" href=\"http:\/\/www.tritonus.ch\/Sound-Langwieserlied.htm\" target=\"_blank\" rel=\"noopener\">www.tritonus.ch\/Sound-Langwieserlied.htm<\/a><\/span> wurde ihm die Melodie und Schreibart des Walserdialekts von Lehrer Chr. Hatz aus Malans mitgeteilt. Link: Strophen 1 und 2 mit Ton.<\/p>\n<p>Es bleibt schwierig, Liedtexte zu schreiben. Klosterser werden kaum in Seewiser Mundart singen und umgekehrt. Und wenn Ausdr\u00fccke unkritisch aus dem Unterland \u00fcbernommen werden, ist der Einsatz f\u00fcr den einheimischen Dialekt begrenzt oder sogar kontraproduktiv. Es ist kaum zu umgehen, den Text dem Dorf oder der Region anzupassen.<\/p>\n<p>In romanisch B\u00fcnden hat man \u00e4hnliche Erfahrungen gemacht. Die neu entwickelte Schriftsprache Rumantsch Grischun st\u00f6sst mehrheitlich auf Ablehnung.<\/p>\n\n\n<figure class=\"wp-block-image size-large\"><img loading=\"lazy\" decoding=\"async\" width=\"1024\" height=\"305\" src=\"https:\/\/walsermundart.ch\/wp-content\/uploads\/2022\/03\/Walserlied-Frauenkirch-Text-Snipping-1-1024x305.jpg\" alt=\"\" class=\"wp-image-6480\" srcset=\"https:\/\/walsermundart.ch\/wp-content\/uploads\/2022\/03\/Walserlied-Frauenkirch-Text-Snipping-1-1024x305.jpg 1024w, https:\/\/walsermundart.ch\/wp-content\/uploads\/2022\/03\/Walserlied-Frauenkirch-Text-Snipping-1-300x89.jpg 300w, https:\/\/walsermundart.ch\/wp-content\/uploads\/2022\/03\/Walserlied-Frauenkirch-Text-Snipping-1-768x229.jpg 768w, https:\/\/walsermundart.ch\/wp-content\/uploads\/2022\/03\/Walserlied-Frauenkirch-Text-Snipping-1.jpg 1525w\" sizes=\"auto, (max-width: 1024px) 100vw, 1024px\" \/><\/figure>\n\n\n\n<p>Wer hat wohl diesen Text verbrochen? Stellen wir uns vor, diese Mischung aus Churer Dialekt und etwas Walserdeutsch w\u00e4re unsere gemeinsame Schriftsprache! Sie w\u00fcrde den Untergang unserer Mundart noch beschleunigen.<\/p>\n\n\n\n<figure class=\"wp-block-image size-full is-resized\"><a href=\"https:\/\/walsermundart.ch\/?page_id=2483\"><img loading=\"lazy\" decoding=\"async\" src=\"https:\/\/walsermundart.ch\/wp-content\/uploads\/2022\/03\/Pfeil-zurueck-mini-1.jpg\" alt=\"\" class=\"wp-image-6871\" width=\"108\" height=\"70\"\/><\/a><\/figure>\n","protected":false},"excerpt":{"rendered":"<p>Die Walservereinigung Graub\u00fcnden hat Lieder gesammelt und aufgelistet und eine CD herausgegeben. https:\/\/www.walserverein-gr.ch\/index.php\/walserlieder.html \u00dcber diesen Link erfahren wir mehr zum Walser Volkslied und von dort&hellip;<\/p>\n","protected":false},"author":1,"featured_media":0,"parent":0,"menu_order":0,"comment_status":"closed","ping_status":"closed","template":"","meta":{"footnotes":""},"class_list":["post-4115","page","type-page","status-publish","hentry"],"_links":{"self":[{"href":"https:\/\/walsermundart.ch\/index.php?rest_route=\/wp\/v2\/pages\/4115","targetHints":{"allow":["GET"]}}],"collection":[{"href":"https:\/\/walsermundart.ch\/index.php?rest_route=\/wp\/v2\/pages"}],"about":[{"href":"https:\/\/walsermundart.ch\/index.php?rest_route=\/wp\/v2\/types\/page"}],"author":[{"embeddable":true,"href":"https:\/\/walsermundart.ch\/index.php?rest_route=\/wp\/v2\/users\/1"}],"replies":[{"embeddable":true,"href":"https:\/\/walsermundart.ch\/index.php?rest_route=%2Fwp%2Fv2%2Fcomments&post=4115"}],"version-history":[{"count":27,"href":"https:\/\/walsermundart.ch\/index.php?rest_route=\/wp\/v2\/pages\/4115\/revisions"}],"predecessor-version":[{"id":8148,"href":"https:\/\/walsermundart.ch\/index.php?rest_route=\/wp\/v2\/pages\/4115\/revisions\/8148"}],"wp:attachment":[{"href":"https:\/\/walsermundart.ch\/index.php?rest_route=%2Fwp%2Fv2%2Fmedia&parent=4115"}],"curies":[{"name":"wp","href":"https:\/\/api.w.org\/{rel}","templated":true}]}}