{"id":414,"date":"2021-02-01T15:04:13","date_gmt":"2021-02-01T15:04:13","guid":{"rendered":"https:\/\/hed.ch\/?page_id=414"},"modified":"2026-03-21T14:35:34","modified_gmt":"2026-03-21T14:35:34","slug":"woertersammlung","status":"publish","type":"page","link":"https:\/\/walsermundart.ch\/?page_id=414","title":{"rendered":"5 &#8211; W\u00f6rtersammlung"},"content":{"rendered":"\n<figure class=\"wp-block-image size-full is-resized\"><a href=\"https:\/\/walsermundart.ch\/\"><img loading=\"lazy\" decoding=\"async\" width=\"316\" height=\"173\" src=\"https:\/\/walsermundart.ch\/wp-content\/uploads\/2022\/03\/pfeil-home-Snipp.jpg\" alt=\"\" class=\"wp-image-6993\" style=\"width:136px;height:74px\" srcset=\"https:\/\/walsermundart.ch\/wp-content\/uploads\/2022\/03\/pfeil-home-Snipp.jpg 316w, https:\/\/walsermundart.ch\/wp-content\/uploads\/2022\/03\/pfeil-home-Snipp-300x164.jpg 300w\" sizes=\"auto, (max-width: 316px) 100vw, 316px\" \/><\/a><\/figure>\n\n\n\n<p>Die ganze W\u00f6rtersammlung, 7000 W\u00f6rter mit Ton zum Walserdialekt mit Schwerpunkt Peist, ist zu umfangreich, um hier eingef\u00fcgt zu werden. Sie kann von der OneDrive Cloud abgerufen werden. Unten auf dieser Seite ist der Ablauf beschrieben. <\/p>\n\n\n\n<p>Hier kann man etwa 250 Tondateien anw\u00e4hlen und neun Stimmen zur Einleitung. Sch\u00f6n w\u00e4re es, eine junge Stimme w\u00fcrde die Texte im herk\u00f6mmlichen Dialekt sprechen.<\/p>\n\n\n<div class=\"wp-block-image is-resized\">\n<figure class=\"alignright size-large\"><a href=\"https:\/\/walsermundart.ch\/?page_id=4642\"><img loading=\"lazy\" decoding=\"async\" width=\"524\" height=\"397\" src=\"https:\/\/walsermundart.ch\/wp-content\/uploads\/2021\/02\/vorwaerts.jpg\" alt=\"\" class=\"wp-image-1755\" style=\"width:95px;height:auto\" srcset=\"https:\/\/walsermundart.ch\/wp-content\/uploads\/2021\/02\/vorwaerts.jpg 524w, https:\/\/walsermundart.ch\/wp-content\/uploads\/2021\/02\/vorwaerts-300x227.jpg 300w\" sizes=\"auto, (max-width: 524px) 100vw, 524px\" \/><\/a><figcaption class=\"wp-element-caption\"><strong>Neun Stimmen zur Einleitung<\/strong><\/figcaption><\/figure>\n<\/div>\n\n<p><span style=\"color: #3366ff;\"><a style=\"color: #3366ff;\" href=\"https:\/\/walsermundart.ch\/?page_id=2729\" data-rich-text-format-boundary=\"true\"><strong>A<\/strong><\/a><\/span><strong> <span style=\"color: #ffffff;\">&#8230;&#8230;<\/span> <span style=\"color: #3366ff;\"><a style=\"color: #3366ff;\" href=\"https:\/\/walsermundart.ch\/?page_id=2735\">B<\/a><\/span> <span style=\"color: #ffffff;\">&#8230;&#8230;<\/span> <span style=\"color: #3366ff;\"><a style=\"color: #3366ff;\" href=\"https:\/\/walsermundart.ch\/?page_id=2932\">C <span style=\"color: #ffffff;\">&#8230;&#8230;<\/span> D <span style=\"color: #ffffff;\">&#8230;&#8230;<\/span> E<\/a> <\/span><span style=\"color: #ffffff;\">&#8230;&#8230;<\/span><span style=\"color: #3366ff;\"> <a style=\"color: #3366ff;\" href=\"https:\/\/walsermundart.ch\/?page_id=2974\">F<\/a><\/span><\/strong><\/p>\n<p><strong><span style=\"color: #3366ff;\"><a style=\"color: #3366ff;\" href=\"https:\/\/walsermundart.ch\/?page_id=3018\">G<\/a><\/span> <span style=\"color: #ffffff;\">&#8230;&#8230;<\/span><span style=\"color: #3366ff;\"><a style=\"color: #3366ff;\" href=\"https:\/\/walsermundart.ch\/?page_id=3020\"> H<\/a><\/span> <span style=\"color: #ffffff;\">&#8230;&#8230;<\/span> <span style=\"color: #3366ff;\"><a style=\"color: #3366ff;\" href=\"https:\/\/walsermundart.ch\/?page_id=3022\">I <span style=\"color: #ffffff;\">&#8230;&#8230;.<\/span> J<span style=\"color: #ffffff;\"> &#8230;&#8230;.<\/span> K<span style=\"color: #ffffff;\"> &#8230;&#8230;<\/span> L<\/a><\/span><\/strong><\/p>\n<p><strong><span style=\"color: #0000ff;\"><a style=\"color: #0000ff;\" href=\"https:\/\/walsermundart.ch\/?page_id=3025\"><span style=\"color: #3366ff;\">M<\/span><\/a><\/span> <span style=\"color: #ffffff;\">&#8230;..<\/span> <span style=\"color: #3366ff;\"><a style=\"color: #3366ff;\" href=\"https:\/\/walsermundart.ch\/?page_id=3027\">N <span style=\"color: #ffffff;\">&#8230;..<\/span> O<span style=\"color: #ffffff;\"> &#8230;&#8230;<\/span> P<span style=\"color: #ffffff;\"> &#8230;&#8230;<\/span> Q<span style=\"color: #ffffff;\"> &#8230;&#8230;<\/span> R<\/a> <span style=\"color: #ffffff;\">&#8230;..<a style=\"color: #ffffff;\" href=\"https:\/\/walsermundart.ch\/?page_id=3029\" data-wplink-edit=\"true\">.<\/a><\/span> <a href=\"https:\/\/walsermundart.ch\/?page_id=3029\"><span style=\"color: #3366ff;\">S<\/span><\/a><\/span><\/strong><\/p>\n<p><span style=\"color: #3366ff;\"><strong><a href=\"https:\/\/walsermundart.ch\/?page_id=3031\"><span style=\"color: #3366ff;\">T<\/span><\/a><span style=\"color: #3366ff;\"><span style=\"color: #ffffff;\"> &#8230;&#8230; <\/span><a style=\"color: #3366ff;\" href=\"https:\/\/walsermundart.ch\/?page_id=3033\">U<\/a> <span style=\"color: #ffffff;\">&#8230;&#8230;<\/span> <a style=\"color: #3366ff;\" href=\"https:\/\/walsermundart.ch\/?page_id=3035\">V<\/a> <span style=\"color: #ffffff;\">&#8230;..<\/span> <a style=\"color: #3366ff;\" href=\"https:\/\/walsermundart.ch\/?page_id=3037\">W <span style=\"color: #ffffff;\">&#8230;&#8230;<\/span> X <span style=\"color: #ffffff;\">&#8230;&#8230;<\/span> Y <span style=\"color: #ffffff;\">&#8230;&#8230;<\/span> Z<\/a><\/span><\/strong><\/span><\/p>\n\n\n<p><\/p>\n\n\n\n<div class=\"wp-block-columns is-layout-flex wp-container-core-columns-is-layout-9d6595d7 wp-block-columns-is-layout-flex\">\n<div class=\"wp-block-column is-layout-flow wp-block-column-is-layout-flow\" style=\"flex-basis:100%\"><\/div>\n<\/div>\n\n\n\n<div class=\"wp-block-group\"><div class=\"wp-block-group__inner-container is-layout-flow wp-block-group-is-layout-flow\">\n<p>Die aufgef\u00fchrten W\u00f6rter weichen ganz oder teilweise vom Schriftdeutschen ab. Dem Schriftdeutschen sehr \u00e4hnliche fehlen, beispielsweise <em>sing\u00e4<\/em> \u2013 singen. Die W\u00f6rter sind alphabetisch geordnet und k\u00f6nnen in der PDF-Datei dank dem guten Suchwerkzeug des Readers leicht gefunden werden. Ein bedeutender Teil der W\u00f6rter handelt von der Landwirtschaft, und dort werden viele T\u00e4tigkeiten nicht mehr ausge\u00fcbt, verschiedene Werkzeuge nicht mehr gebraucht, vom Wortschatz der Vorfahren geht viel verloren. Auch im Haus hat sich viel ver\u00e4ndert, denken wir nur an die pflegeleichten B\u00f6den, den Kochherd, die Waschmaschine und die Tiefk\u00fchltruhe.<\/p>\n<\/div><\/div>\n\n\n\n<p class=\"has-vivid-red-color has-text-color\"><strong>Schreibweise<\/strong><\/p>\n\n\n\n<p>Die besondere Schreibweise soll die richtige Aussprache unterst\u00fctzen. Bei Bedarf werden ch und sch verdoppelt wie andere Konsonanten auch. N\u00e4heres dazu erreicht man \u00fcber <strong>2 Sprechen und schreiben<\/strong> auf der Startseite. <\/p>\n\n\n<p><span style=\"color: #ff0000;\"><strong>Herunterladen <\/strong>des Ordners mit den 7000 Walserw\u00f6rtern und Ton, empfohlenes Vorgehen:<\/span><\/p>\n\n\n<p>1. F\u00fcge in deinem Explorer zu den Dokumenten einen neuen Ordner bei und taufe ihn als <strong>Walser<\/strong>.<\/p>\n\n\n\n<p>2. Klicke auf den folgenden Link.<\/p>\n\n\n\n<p><a href=\"https:\/\/1drv.ms\/u\/c\/0ef01bd5deeb7ca8\/IQDCBfHCn0QPQ4SnfogTAXvnAX39dp76hg4-f4bf6m8xK58\">https:\/\/1drv.ms\/u\/c\/0ef01bd5deeb7ca8\/IQDCBfHCn0QPQ4SnfogTAXvnAX39dp76hg4-f4bf6m8xK58<\/a><\/p>\n\n\n\n<p>3. Klicke auf Herunterladen. Warte einige Minuten, bis oben rechts ein Bildchen erscheint, das den fertigen Download anzeigt. Oder w\u00e4hle nach etwa 6 Minuten im Explorer Download.<\/p>\n\n\n\n<p>4. Im Download sollte der heruntergeladene Ordner <strong>7000 Walserw\u00f6rter und Ton<\/strong> nun aufgelistet sein.<\/p>\n\n\n\n<p>5. Klicke mit der rechten Maustaste auf den Ordner und klicke im angezeigten Fensterchen auf &#171;Alle extrahieren&#187;.<\/p>\n\n\n\n<p>6. W\u00e4hle bei &#171;Durchsuchen&#187; den Ordner <strong>Walser<\/strong>, den du unter Punkt 1 eingef\u00fcgt hast.<\/p>\n\n\n\n<p>7. Klicke auf &#171;Extrahieren&#187;. Der Ordner erscheint nun im Ordner <strong>Walser <\/strong>als <strong>7000 Walserw\u00f6rter und Ton<\/strong>.<\/p>\n\n\n\n<p>8. \u00d6ffne den Ordner. Zuoberst befinden sich zwei PDF-Dateien. Klicke auf die zweite, worauf die rund 450 Seiten ge\u00f6ffnet werden.<\/p>\n\n\n\n<p>9. Scrolle etwas abw\u00e4rts und klicke links auf eine blaue Nummer. Nun \u00f6ffnet sich ein Fenster zur Erzeugung des Tons. Wird eine Frage zur Sicherheit gestellt, klickst du auf Allow.<\/p>\n\n\n\n<p>10. Der Ordner im Download kann gel\u00f6scht werden.<\/p>\n\n\n\n<p>Will man auf die Vertonung verzichten, kann die W\u00f6rtersammlung hier mit einem Klick als PDF heruntergeladen werden.<\/p>\n\n\n\n<figure class=\"wp-block-image size-full is-resized\"><a href=\"https:\/\/walsermundart.ch\/wp-content\/uploads\/2026\/03\/7000-Walserwoerter-ohne-Ton.pdf\"><img loading=\"lazy\" decoding=\"async\" width=\"543\" height=\"553\" src=\"https:\/\/walsermundart.ch\/wp-content\/uploads\/2026\/03\/PDF-Download-www-5.jpg\" alt=\"\" class=\"wp-image-8879\" style=\"aspect-ratio:0.9819031743248372;width:145px;height:auto\" srcset=\"https:\/\/walsermundart.ch\/wp-content\/uploads\/2026\/03\/PDF-Download-www-5.jpg 543w, https:\/\/walsermundart.ch\/wp-content\/uploads\/2026\/03\/PDF-Download-www-5-295x300.jpg 295w\" sizes=\"auto, (max-width: 543px) 100vw, 543px\" \/><\/a><\/figure>\n\n\n\n<figure class=\"wp-block-image size-full is-resized\"><a href=\"https:\/\/walsermundart.ch\/\"><img loading=\"lazy\" decoding=\"async\" width=\"316\" height=\"173\" src=\"https:\/\/walsermundart.ch\/wp-content\/uploads\/2022\/03\/pfeil-home-Snipp.jpg\" alt=\"\" class=\"wp-image-6993\" style=\"width:135px;height:74px\" srcset=\"https:\/\/walsermundart.ch\/wp-content\/uploads\/2022\/03\/pfeil-home-Snipp.jpg 316w, https:\/\/walsermundart.ch\/wp-content\/uploads\/2022\/03\/pfeil-home-Snipp-300x164.jpg 300w\" sizes=\"auto, (max-width: 316px) 100vw, 316px\" \/><\/a><\/figure>\n\n\n\n<p><\/p>\n","protected":false},"excerpt":{"rendered":"<p>Die ganze W\u00f6rtersammlung, 7000 W\u00f6rter mit Ton zum Walserdialekt mit Schwerpunkt Peist, ist zu umfangreich, um hier eingef\u00fcgt zu werden. Sie kann von der OneDrive&hellip;<\/p>\n","protected":false},"author":1,"featured_media":0,"parent":0,"menu_order":0,"comment_status":"closed","ping_status":"closed","template":"","meta":{"footnotes":""},"class_list":["post-414","page","type-page","status-publish","hentry"],"_links":{"self":[{"href":"https:\/\/walsermundart.ch\/index.php?rest_route=\/wp\/v2\/pages\/414","targetHints":{"allow":["GET"]}}],"collection":[{"href":"https:\/\/walsermundart.ch\/index.php?rest_route=\/wp\/v2\/pages"}],"about":[{"href":"https:\/\/walsermundart.ch\/index.php?rest_route=\/wp\/v2\/types\/page"}],"author":[{"embeddable":true,"href":"https:\/\/walsermundart.ch\/index.php?rest_route=\/wp\/v2\/users\/1"}],"replies":[{"embeddable":true,"href":"https:\/\/walsermundart.ch\/index.php?rest_route=%2Fwp%2Fv2%2Fcomments&post=414"}],"version-history":[{"count":164,"href":"https:\/\/walsermundart.ch\/index.php?rest_route=\/wp\/v2\/pages\/414\/revisions"}],"predecessor-version":[{"id":8885,"href":"https:\/\/walsermundart.ch\/index.php?rest_route=\/wp\/v2\/pages\/414\/revisions\/8885"}],"wp:attachment":[{"href":"https:\/\/walsermundart.ch\/index.php?rest_route=%2Fwp%2Fv2%2Fmedia&parent=414"}],"curies":[{"name":"wp","href":"https:\/\/api.w.org\/{rel}","templated":true}]}}