{"id":4249,"date":"2021-03-24T17:16:01","date_gmt":"2021-03-24T17:16:01","guid":{"rendered":"https:\/\/walsermundart.ch\/?page_id=4249"},"modified":"2022-08-08T13:15:47","modified_gmt":"2022-08-08T13:15:47","slug":"61-georg-fient","status":"publish","type":"page","link":"https:\/\/walsermundart.ch\/?page_id=4249","title":{"rendered":"7.01 &#8211; Fient, Stud\u00e4fridli und Schiller"},"content":{"rendered":"\n<figure class=\"wp-block-image size-full is-resized\"><a href=\"https:\/\/walsermundart.ch\/?page_id=3877\"><img loading=\"lazy\" decoding=\"async\" src=\"https:\/\/walsermundart.ch\/wp-content\/uploads\/2022\/03\/Pfeil-zurueck-mini-1.jpg\" alt=\"\" class=\"wp-image-6871\" width=\"107\" height=\"69\"\/><\/a><\/figure>\n\n\n\n<p class=\"has-large-font-size\"><strong>Georg Fient 1845 &#8211; 1915<\/strong><\/p>\n\n\n\n<p>Aufgewachsen in <strong>Luzein<\/strong>, Kanzleidirektor des Kantons Graub\u00fcnden. Seine wichtigsten und bekanntesten Werke hat der Verlag der Pr\u00e4ttigauer Zeitung im Buch <strong>Heimatluft<\/strong>, Pr\u00e4ttigauer Art und Unart, 1950 herausgegeben. Da es 1953 bereits vergriffen war, folgte bald eine zweite und 1963 eine dritte Auflage. Druck und Verlag: AG Buchdruckerei Schiers. Gut die H\u00e4lfte des Buches ist in Dialekt geschrieben: Stud\u00e4fridli und unter anderem &#171;Dr Taucher&#187; und &#171;Di B\u00fcrgschaft&#187; von Friedrich Schiller.<\/p>\n\n\n\n<figure class=\"wp-block-image size-full\"><img loading=\"lazy\" decoding=\"async\" width=\"607\" height=\"858\" src=\"https:\/\/walsermundart.ch\/wp-content\/uploads\/2022\/02\/fient-heimatluft-Snipping-red.jpg\" alt=\"\" class=\"wp-image-6206\" srcset=\"https:\/\/walsermundart.ch\/wp-content\/uploads\/2022\/02\/fient-heimatluft-Snipping-red.jpg 607w, https:\/\/walsermundart.ch\/wp-content\/uploads\/2022\/02\/fient-heimatluft-Snipping-red-212x300.jpg 212w\" sizes=\"auto, (max-width: 607px) 100vw, 607px\" \/><\/figure>\n\n\n\n<p>Heini F\u00fcmm hat die zwei Balladen im Jahr 2007 im Dialekt von Georg Fient auf eine CD<strong> <\/strong>gesprochen, Jaap Achterberg in der Originalversion von Friedrich Schiller. <\/p>\n\n\n\n<figure class=\"wp-block-image size-full\"><img loading=\"lazy\" decoding=\"async\" width=\"674\" height=\"889\" src=\"https:\/\/walsermundart.ch\/wp-content\/uploads\/2022\/03\/Heini-Fuemm-Snipping.jpg\" alt=\"\" class=\"wp-image-7152\" srcset=\"https:\/\/walsermundart.ch\/wp-content\/uploads\/2022\/03\/Heini-Fuemm-Snipping.jpg 674w, https:\/\/walsermundart.ch\/wp-content\/uploads\/2022\/03\/Heini-Fuemm-Snipping-227x300.jpg 227w\" sizes=\"auto, (max-width: 674px) 100vw, 674px\" \/><\/figure>\n\n\n\n<figure class=\"wp-block-image size-large\"><img loading=\"lazy\" decoding=\"async\" width=\"1024\" height=\"729\" src=\"https:\/\/walsermundart.ch\/wp-content\/uploads\/2022\/03\/Schiller-Fuemm-Snipping-1024x729.jpg\" alt=\"\" class=\"wp-image-7153\" srcset=\"https:\/\/walsermundart.ch\/wp-content\/uploads\/2022\/03\/Schiller-Fuemm-Snipping-1024x729.jpg 1024w, https:\/\/walsermundart.ch\/wp-content\/uploads\/2022\/03\/Schiller-Fuemm-Snipping-300x214.jpg 300w, https:\/\/walsermundart.ch\/wp-content\/uploads\/2022\/03\/Schiller-Fuemm-Snipping-768x547.jpg 768w, https:\/\/walsermundart.ch\/wp-content\/uploads\/2022\/03\/Schiller-Fuemm-Snipping.jpg 1241w\" sizes=\"auto, (max-width: 1024px) 100vw, 1024px\" \/><\/figure>\n\n\n\n<p class=\"has-vivid-red-color has-text-color\" style=\"font-size:35px\"><strong>Di B\u00fcrgschaft<\/strong><\/p>\n\n\n\n<figure class=\"wp-block-audio\"><audio controls src=\"https:\/\/walsermundart.ch\/wp-content\/uploads\/2022\/03\/Fient-Schiller-Di-Buergschaft-Str1-4.mp3\"><\/audio><\/figure>\n\n\n\n<p>Hier liest Heini F\u00fcmm die ersten 4 Strophen der B\u00fcrgschaft, der Text folgt am Schluss dieser Seite. Der Dialekt ist Georg Fients Muttersprache, so wie sie noch heute von achtsamen Luzeinern gesprochen wird. Einzig die Endungen der Verben in der Grundform sind in den vergangenen \u00fcber hundert Jahren fast ganz verloren gegangen. Auf der CD h\u00f6ren wir sie noch! <\/p>\n\n\n\n<p>Das H\u00f6rbuch mit CD, Fients Lebenslauf, Begleittexten und Bildern ist erh\u00e4ltlich bei der <strong>AG Buchdruckerei Schiers<\/strong>.<\/p>\n\n\n\n<p>In der Sendung &#171;Schnabelweid&#187; vom 19.03.2020 von Radio srf wird die B\u00fcrgschaft von Fient\/F\u00fcmm ebenfalls vorgestellt: Horaz in Baseldeutsch und in Oltnerdeutsch, Shakespeare in Walliserdeutsch und in Z\u00fcrichdeutsch, <strong>Schiller in B\u00fcndner Walserdeutsch<\/strong>. &#171;Zum Welttag der Poesie am 21. M\u00e4rz 2020 stellen wir einige dieser sprachlichen Wunderwerke und die zugeh\u00f6rigen \u00dcbersetzer vor.&#187; Moderation: Regi Sager, Redaktion: Christian Schmutz, Andr\u00e9 Perler, 19.03.2020, 21:03 Uhr. Link: <\/p>\n\n\n\n<p><a rel=\"noreferrer noopener\" href=\"https:\/\/www.srf.ch\/play\/radio\/dini-mundart-schnabelweid\/audio\/weltliteratur-auf-schweizerdeutsch?id=42bf659b-1460-49c5-b44a-f97e005b5107\" target=\"_blank\"><em>Weltliteratur auf Sch<\/em>weizerdeutsch<em> &#8211; Radio &#8211; Play SRF<\/em><\/a><\/p>\n\n\n\n<p><strong>Text zu den ersten vier Strophen.<\/strong> (Das unleserliche <strong>Iehr <\/strong>w\u00e4re klein geschrieben iehr, sd: Ihr. Schinterpatsch ist ein grobes Sackmesser.)<\/p>\n\n\n\n<p><strong>Di B\u00fcrgschaft<\/strong><\/p>\n\n\n\n<p>\u00c4mal hed-s z&#8217;Syrakus \u00e4 Ch\u00fcnig g&#8217;g\u00e4n, en gw\u00fcss\u00e4 Disch, en gwaldtetig\u00e4 Hund. Zun d\u00e4m heind d&#8217;Chn\u00e4cht\u00e4 \u00e4s Tagsch ein\u00e4 gfergget und gseid, d\u00e4r hei da im Underhus \u00e4so ummerg&#8217;glotzet, und im Sack hei-r \u00e4 Schinterpatsch ghan, d\u00e4m tr\u00fcwend-sch nun z&#8217;Halben. &#171;Wie heisset Iehr?&#187; freget dr Ch\u00fcnig.<\/p>\n\n\n\n<p>Und dr Fr\u00f6nd seid: &#171;M\u00f6rschli, Meij\u00e4stet!&#187; Was, M\u00f6rschli, en T\u00fcfel; s\u00e4g-r Nammen und Gschl\u00e4cht, wie-s dr Bruch sy, so sys r\u00e4cht und guet und sus well m\u00e4 \u00e4r denn dn Taufz\u00e4del schon \u00e4rl\u00e4sen,&#187; bruset dr Ch\u00f6nig uf. Und dua antwortet dr Gfangn\u00e4: &#171;Eigentli heind-sch mi M\u00f6rus g\u00e4tauft, aber bin \u00fcnsch seid m\u00e4 M\u00f6rschli, \u00e4s ist gw\u00fcss wahr, Meij\u00e4stet.&#187;<\/p>\n\n\n\n<p>&#171;Was heid-r denn mid d\u00e4m Patsch da wellen?&#187; M\u00f6rschli hed-schi \u00e4 Wyl bsunnen und b\u00e4kennt denn: &#171;Ja, lueget, Meij\u00e4stet, i schlan da kein Hand f\u00fcr ds Mul, i han gh\u00f6rt, Iehr sijed \u00e4 schl\u00e4cht\u00e4 Hund, und dua han i g\u00e4deicht, Eu m\u00fce\u00df m\u00e4 t\u00f6ten. Das han i au tue wellen, jetz w\u00fc\u00dft-rs, und jetz fed in Gotts Nammen m\u00fcmmer an, was-r welld.&#187;<\/p>\n\n\n\n<p>Und dua seid dr Ch\u00fcnig: &#171;Mid imm machend-sch da nid lang F\u00e4derl\u00e4sis, inn t\u00fcejend-sch chr\u00fc-zigen.&#187; &#171;Guet,&#187; seid M\u00f6rschli, &#171;wenn-s syn m\u00fcessi, so m\u00fcessis syn, aber um \u00e4ttas m\u00f6cht-r no b\u00e4tten, \u00e4r s\u00f6tti no gschwind heingahn, d&#8217;Schwester t\u00fce h\u00fcraten, und da m\u00fce\u00df-r dm Schwager no d&#8217;Marh\u00e4 zeihen, d&#8217;Schulda redli ang\u00e4n und bim Zivilstandsbeamt\u00e4 Z\u00fcg\u00e4 syn.&#187;<\/p>\n\n\n\n<figure class=\"wp-block-image size-full is-resized\"><a href=\"https:\/\/walsermundart.ch\/?page_id=3877\"><img loading=\"lazy\" decoding=\"async\" src=\"https:\/\/walsermundart.ch\/wp-content\/uploads\/2022\/03\/Pfeil-zurueck-mini-1.jpg\" alt=\"\" class=\"wp-image-6871\" width=\"108\" height=\"70\"\/><\/a><\/figure>\n","protected":false},"excerpt":{"rendered":"<p>Georg Fient 1845 &#8211; 1915 Aufgewachsen in Luzein, Kanzleidirektor des Kantons Graub\u00fcnden. Seine wichtigsten und bekanntesten Werke hat der Verlag der Pr\u00e4ttigauer Zeitung im Buch&hellip;<\/p>\n","protected":false},"author":1,"featured_media":0,"parent":0,"menu_order":0,"comment_status":"closed","ping_status":"closed","template":"","meta":{"footnotes":""},"class_list":["post-4249","page","type-page","status-publish","hentry"],"_links":{"self":[{"href":"https:\/\/walsermundart.ch\/index.php?rest_route=\/wp\/v2\/pages\/4249","targetHints":{"allow":["GET"]}}],"collection":[{"href":"https:\/\/walsermundart.ch\/index.php?rest_route=\/wp\/v2\/pages"}],"about":[{"href":"https:\/\/walsermundart.ch\/index.php?rest_route=\/wp\/v2\/types\/page"}],"author":[{"embeddable":true,"href":"https:\/\/walsermundart.ch\/index.php?rest_route=\/wp\/v2\/users\/1"}],"replies":[{"embeddable":true,"href":"https:\/\/walsermundart.ch\/index.php?rest_route=%2Fwp%2Fv2%2Fcomments&post=4249"}],"version-history":[{"count":25,"href":"https:\/\/walsermundart.ch\/index.php?rest_route=\/wp\/v2\/pages\/4249\/revisions"}],"predecessor-version":[{"id":8118,"href":"https:\/\/walsermundart.ch\/index.php?rest_route=\/wp\/v2\/pages\/4249\/revisions\/8118"}],"wp:attachment":[{"href":"https:\/\/walsermundart.ch\/index.php?rest_route=%2Fwp%2Fv2%2Fmedia&parent=4249"}],"curies":[{"name":"wp","href":"https:\/\/api.w.org\/{rel}","templated":true}]}}