{"id":4268,"date":"2021-03-24T18:57:31","date_gmt":"2021-03-24T18:57:31","guid":{"rendered":"https:\/\/walsermundart.ch\/?page_id=4268"},"modified":"2022-08-08T08:30:39","modified_gmt":"2022-08-08T08:30:39","slug":"52-schanfigger-woerter","status":"publish","type":"page","link":"https:\/\/walsermundart.ch\/?page_id=4268","title":{"rendered":"6.21 &#8211; Schanfigger W\u00f6rter"},"content":{"rendered":"\n<figure class=\"wp-block-image size-full is-resized\"><a href=\"https:\/\/walsermundart.ch\/?page_id=399\"><img loading=\"lazy\" decoding=\"async\" src=\"https:\/\/walsermundart.ch\/wp-content\/uploads\/2022\/03\/Pfeil-zurueck-mini-1.jpg\" alt=\"\" class=\"wp-image-6871\" width=\"108\" height=\"70\"\/><\/a><\/figure>\n\n\n\n<p>Christian Patt hat 1986 eine Brosch\u00fcre herausgegeben mit Schanfigger W\u00f6rtern aus <strong>Castiel, L\u00fcen <\/strong>und <strong>Calfreisen<\/strong>.<\/p>\n\n\n\n<p>Verlag und Auslieferung: Walservereinigung Graub\u00fcnden<\/p>\n\n\n\n<p class=\"has-vivid-cyan-blue-color has-text-color\"><a href=\"http:\/\/walserverein-gr.ch\/\" target=\"_blank\" rel=\"noreferrer noopener\">http:\/\/walserverein-gr.ch\/<\/a><\/p>\n\n\n<div class=\"wp-block-image\">\n<figure class=\"aligncenter size-large is-resized\"><img loading=\"lazy\" decoding=\"async\" src=\"https:\/\/walsermundart.ch\/wp-content\/uploads\/2021\/03\/patt-min-834x1024.jpg\" alt=\"\" class=\"wp-image-4273\" width=\"312\" height=\"383\" srcset=\"https:\/\/walsermundart.ch\/wp-content\/uploads\/2021\/03\/patt-min-834x1024.jpg 834w, https:\/\/walsermundart.ch\/wp-content\/uploads\/2021\/03\/patt-min-244x300.jpg 244w, https:\/\/walsermundart.ch\/wp-content\/uploads\/2021\/03\/patt-min-768x943.jpg 768w, https:\/\/walsermundart.ch\/wp-content\/uploads\/2021\/03\/patt-min-1251x1536.jpg 1251w, https:\/\/walsermundart.ch\/wp-content\/uploads\/2021\/03\/patt-min-1668x2048.jpg 1668w\" sizes=\"auto, (max-width: 312px) 100vw, 312px\" \/><\/figure>\n<\/div>\n\n\n<p>Christian Patts Obersch\u00fcler hatten ihm im Castieler Schulwinter 1958\/59 geholfen, Ausserschanfigger W\u00f6rter zusammenzutragen. Als das Davoser W\u00f6rterbuch herausgekommen war, erstellte er eine Liste mit jenen W\u00f6rtern und Erkl\u00e4rungen, die im Davoser W\u00f6rterbuch nicht vorhanden waren. Er geht auch ausf\u00fchrlich auf die besondere Lautung ein, die sich leicht vom Mittelschanfigg unterscheidet.<\/p>\n\n\n\n<p>Marie Fleisch spricht in &#171;Brod bach\u00e4&#187; diesen Dialekt. Siehe und h\u00f6re auf der n\u00e4chsten Seite!<\/p>\n\n\n\n<figure class=\"wp-block-image size-full is-resized\"><a href=\"https:\/\/walsermundart.ch\/?page_id=399\"><img loading=\"lazy\" decoding=\"async\" src=\"https:\/\/walsermundart.ch\/wp-content\/uploads\/2022\/03\/Pfeil-zurueck-mini-1.jpg\" alt=\"\" class=\"wp-image-6871\" width=\"107\" height=\"69\"\/><\/a><\/figure>\n\n\n\n<p><\/p>\n","protected":false},"excerpt":{"rendered":"<p>Christian Patt hat 1986 eine Brosch\u00fcre herausgegeben mit Schanfigger W\u00f6rtern aus Castiel, L\u00fcen und Calfreisen. Verlag und Auslieferung: Walservereinigung Graub\u00fcnden http:\/\/walserverein-gr.ch\/ Christian Patts Obersch\u00fcler hatten&hellip;<\/p>\n","protected":false},"author":1,"featured_media":0,"parent":0,"menu_order":0,"comment_status":"closed","ping_status":"closed","template":"","meta":{"footnotes":""},"class_list":["post-4268","page","type-page","status-publish","hentry"],"_links":{"self":[{"href":"https:\/\/walsermundart.ch\/index.php?rest_route=\/wp\/v2\/pages\/4268","targetHints":{"allow":["GET"]}}],"collection":[{"href":"https:\/\/walsermundart.ch\/index.php?rest_route=\/wp\/v2\/pages"}],"about":[{"href":"https:\/\/walsermundart.ch\/index.php?rest_route=\/wp\/v2\/types\/page"}],"author":[{"embeddable":true,"href":"https:\/\/walsermundart.ch\/index.php?rest_route=\/wp\/v2\/users\/1"}],"replies":[{"embeddable":true,"href":"https:\/\/walsermundart.ch\/index.php?rest_route=%2Fwp%2Fv2%2Fcomments&post=4268"}],"version-history":[{"count":19,"href":"https:\/\/walsermundart.ch\/index.php?rest_route=\/wp\/v2\/pages\/4268\/revisions"}],"predecessor-version":[{"id":8087,"href":"https:\/\/walsermundart.ch\/index.php?rest_route=\/wp\/v2\/pages\/4268\/revisions\/8087"}],"wp:attachment":[{"href":"https:\/\/walsermundart.ch\/index.php?rest_route=%2Fwp%2Fv2%2Fmedia&parent=4268"}],"curies":[{"name":"wp","href":"https:\/\/api.w.org\/{rel}","templated":true}]}}