{"id":4277,"date":"2021-03-25T07:52:38","date_gmt":"2021-03-25T07:52:38","guid":{"rendered":"https:\/\/walsermundart.ch\/?page_id=4277"},"modified":"2022-08-08T13:15:23","modified_gmt":"2022-08-08T13:15:23","slug":"62-fluegg","status":"publish","type":"page","link":"https:\/\/walsermundart.ch\/?page_id=4277","title":{"rendered":"7.02 &#8211; Fl\u00fcgg"},"content":{"rendered":"\n<figure class=\"wp-block-image size-full is-resized\"><a href=\"https:\/\/walsermundart.ch\/?page_id=3877\"><img loading=\"lazy\" decoding=\"async\" src=\"https:\/\/walsermundart.ch\/wp-content\/uploads\/2022\/03\/Pfeil-zurueck-mini-1.jpg\" alt=\"\" class=\"wp-image-6871\" width=\"106\" height=\"68\"\/><\/a><\/figure>\n\n\n\n<p>Fluri Aliesch wird unter dem folgenden Link vorgestellt:<\/p>\n\n\n\n<p class=\"has-small-font-size\"><a href=\"http:\/\/wikindx.walserverein-gr.ch\/index.php?action=resource_RESOURCEVIEW_CORE&amp;id=124\" target=\"_blank\" rel=\"noreferrer noopener\">http:\/\/wikindx.walserverein-gr.ch\/index.php?action=resource_RESOURCEVIEW_CORE&amp;id=124<\/a><\/p>\n\n\n\n<p>Aliesch, Fluri (geb. 1932), Luzein, Redaktor bei der Zeitung \u201ePr\u00e4ttigauer &amp; Herrsch\u00e4ftler\u201c. Aufgewachsen als Bauernsohn in Luzein, erlernte er bei der Buchdruckerei in Schiers den Beruf des Schriftsetzers. Nach wenigen Lehr- und Wanderjahren im Unterland kehrte er wieder ins Tal und in \u201eseine Drucki\u201c zur\u00fcck. Aliesch war von 1968 bis 1995 als Redaktor beim P&amp;H t\u00e4tig und hat in dieser Funktion hunderte Kolumnen und Glossen in Dialekt ver\u00f6ffentlicht, die erste bereits 1955. Erschienen sind die meist humorvollen Beitr\u00e4ge, die manchmal auch kritisch das Zeitgeschehen unter die Lupe nehmen, unter den Namen \u201eAeff A.\u201c, \u201eGudl\u00e4martisch Happ\u201c, \u201eZumm\u00e4tomi\u201c oder seit l\u00e4ngerer Zeit unter \u201eFl\u00fcgg vam B\u00e4rg\u201c.<\/p>\n\n\n\n<p>Fluri ist im Fr\u00fchling 2022 gestorben, im hohen Alter von 90 Jahren. Wir werden seine Beitr\u00e4ge im P&amp;H vermissen, aber wir sollten uns an den bestehenden Schriften ein Beispiel nehmen am sorgf\u00e4ltigen Umgang mit unserer Sprache.<\/p>\n\n\n\n<figure class=\"wp-block-image size-large\"><img loading=\"lazy\" decoding=\"async\" width=\"1024\" height=\"451\" src=\"https:\/\/walsermundart.ch\/wp-content\/uploads\/2022\/02\/Fluri-Aliesch-alle-drei-B-1024x451.jpg\" alt=\"\" class=\"wp-image-6175\" srcset=\"https:\/\/walsermundart.ch\/wp-content\/uploads\/2022\/02\/Fluri-Aliesch-alle-drei-B-1024x451.jpg 1024w, https:\/\/walsermundart.ch\/wp-content\/uploads\/2022\/02\/Fluri-Aliesch-alle-drei-B-300x132.jpg 300w, https:\/\/walsermundart.ch\/wp-content\/uploads\/2022\/02\/Fluri-Aliesch-alle-drei-B-768x339.jpg 768w, https:\/\/walsermundart.ch\/wp-content\/uploads\/2022\/02\/Fluri-Aliesch-alle-drei-B.jpg 1134w\" sizes=\"auto, (max-width: 1024px) 100vw, 1024px\" \/><\/figure>\n\n\n\n<p>Fluri Aliesch hat drei B\u00fccher herausgegeben mit Beitr\u00e4gen im Luzeiner Dialekt, frei von fremden Ausdr\u00fccken und Abk\u00fcrzungen, ein Vorbild f\u00fcr alle, die den Dialekt aus dem Mittelpr\u00e4ttigau erhalten m\u00f6chten. Er schreibt noch <strong>\u00fcns <\/strong>Vee, <strong>schiis <\/strong>H\u00e4\u00e4ss, <strong>schon <\/strong>gu\u00e4t, <strong>den <\/strong>halt <strong>nid<\/strong>, \u00e4s ischt <strong>alls <\/strong>z\u00e4mm\u00e4 <strong>chon<\/strong>, i gaan <strong>g\u00e4n <\/strong>Aros\u00e4, <strong>waa <\/strong>bischt gsin? <strong>Widrum <\/strong>bin <strong>irn\u00e4<\/strong>?<\/p>\n\n\n\n<p>Ein weiteres Buch ist zusammen mit Eva Bardill erschienen, k\u00f6stlich erz\u00e4hlt!<\/p>\n\n\n\n<figure class=\"wp-block-image size-full\"><img loading=\"lazy\" decoding=\"async\" width=\"635\" height=\"894\" src=\"https:\/\/walsermundart.ch\/wp-content\/uploads\/2022\/02\/Aliesch-und-Bardill-Luzeiner-Baerg-Snipping.jpg\" alt=\"\" class=\"wp-image-6194\" srcset=\"https:\/\/walsermundart.ch\/wp-content\/uploads\/2022\/02\/Aliesch-und-Bardill-Luzeiner-Baerg-Snipping.jpg 635w, https:\/\/walsermundart.ch\/wp-content\/uploads\/2022\/02\/Aliesch-und-Bardill-Luzeiner-Baerg-Snipping-213x300.jpg 213w\" sizes=\"auto, (max-width: 635px) 100vw, 635px\" \/><figcaption><sup>Foto: Hier noch der alte Weg zum Gg\u00fcggelscht\u00e4in!<\/sup><\/figcaption><\/figure>\n\n\n\n<p><strong>Gschichten\u00e4 vam Luzeiner B\u00e4rg (mit CD)* <\/strong>Walser Dialekttexte der Gegenwart (Mundart von Luzein) <strong>Fluri Aliesch \/ Eva Bardill<\/strong><\/p>\n\n\n\n<p>Hier folgt ein Beitrag vom 11. Oktober 2014 als M\u00fcsterchen, wie sie unter dem Titel &#171;Gluoget, gloset und g\u00e4deicht&#187; im P&amp;H bis im Jahr 2021 erschienen sind.<\/p>\n\n\n\n<ol class=\"wp-block-list\" start=\"11\"><li>Oktober 2014<br>Da letschthin ha mi z Chur am<br>Baanhof bsunn\u00e4, i weller Richtig<br>i wiiterreis\u00e4 s\u00f6ll. Du\u00e4 tu\u00e4ds<br>\u00e4n Pfiff und d Aros\u00e4baan ischt<br>d Schtraass apper z faar\u00e4 chon.<br>Eiaa, de faarscht \u00e4mal widrum<br>iin in ds Tschalfigg, deichi. Di\u00e4<br>Baanschtrecki fiiret h\u00fcr ja ds<br>hundertjeerig\u00e4 Bschtaan, da<br>tarfscht \u00e4r\u00e4 schon au \u00e4mal d Eer<br>\u00e4rwiis\u00e4.<br>Waa i churz druf d Schtadt uf<br>gfaar\u00e4 bin, heds mi gfreut, wi\u00e4<br>dr \u00fcbrig Vrcheer dr Jubilarin<br>reschpektvoll dn Vortritt glaan<br>hed. Uf am letscht\u00e4 Abschnitt d\u00fcr<br>ds Schtadtg\u00e4biet faart m\u00e4 d\u00fcr<br>\u00e4s eher uunb\u00e4kannts und drum<br>intressants Quartier va Chur.<br>lindr\u00fcckli ischt denn au d Faart<br>d\u00fcr d\u00e4 vorderscht Teil vam<br>Tschalfigg. Wilti Felsgrinda<br>und T\u00f6bel heind da siinerziit di<br>Baanbuuwer ussergforderet und<br>iri Leischtig tarf m\u00e4 eerf\u00fcrchtig<br>b\u00e4wund\u00e4r\u00e4. We m\u00e4 deicht, wi\u00e4viil<br>Schin\u00e4 da heind m\u00fc\u00e4ssa g\u00e4beugt<br>chon f\u00fcr all di\u00e4 engg\u00e4 Renk \u2026<br>Wiiter taliiw\u00e4rts sind mr di<br>gu\u00e4t\u00e4rhalt\u00e4n\u00e4 sunn\u00e4g\u00e4br\u00fc\u00fcnt\u00e4<br>Rundholzscht\u00e4ll uufgfall\u00e4 &#8211;<br>und als G\u00e4g\u00e4schtuck drzu\u00e4 ha mi<br>an di viil\u00e4 halbvrfalln\u00e4 Scht\u00e4ll i<br>m\u00e4 sus h\u00fcbsch\u00e4 Tavaaser Siit\u00e4tal<br>\u00e4rinneret. Da feelts meini \u00e4m<br>Bitz an dr lischtellig. H\u00fcbsch<br>aanzlu\u00e4g\u00e4 und g\u00e4pfl\u00e4gt sind au<br>d Schtationsg\u00e4b\u00fc\u00fc an dr Schtrecki,<br>we m\u00e4 nun nid dn lindruck h\u00e4tti,<br>schi schlafend alli z\u00e4mm\u00e4.<br>Z Lengwiis bin i uusgschtig\u00e4 zum<br>ds elegant Viadukt us dr Nehi<br>aanzlu\u00e4g\u00e4. \u00c4s sii eini van d\u00e4<br>erscht\u00e4 grooss\u00e4 lis\u00e4betonbrugg\u00e4<br>und gh\u00f6rt mit dm Landwasser- und<br>dm Wiisner-Viadukt zun d\u00e4<br>iindr\u00fccklichscht\u00e4 Buuw\u00e4rchi van<br>dr RhB. Bim Baanh\u00f6fli z Lengwiis<br>han i dn h\u00fcbsch Huusschpruch<br>schtudiert, wa luutet: &#171;H\u00f6hen und<br>Tiefen ebnet die Zeit, aber sie<br>eilet &#8211; versteh&#8216; sie und schaffe&#187;.<br>Du\u00e4 ischt mr zmal z Sinnd chon,<br>asi di ganz Wuch\u00e4 ds Gschirr nid<br>abgw\u00e4sch\u00e4 han. Da heds du\u00e4<br>gheissa: &#171;Tschalfiggerreis sofort<br>abbr\u00e4cha, umcheera und<br>dm Pr\u00e4ttiga zu\u00e4&#187;!<br>Fl\u00fcgg vam B\u00e4rg<\/li><\/ol>\n\n\n<div class=\"wp-block-image\">\n<figure class=\"aligncenter size-full\"><img loading=\"lazy\" decoding=\"async\" width=\"953\" height=\"716\" src=\"https:\/\/walsermundart.ch\/wp-content\/uploads\/2022\/02\/Bahnhof-Langwies-Name-korr-red.jpg\" alt=\"\" class=\"wp-image-6186\" srcset=\"https:\/\/walsermundart.ch\/wp-content\/uploads\/2022\/02\/Bahnhof-Langwies-Name-korr-red.jpg 953w, https:\/\/walsermundart.ch\/wp-content\/uploads\/2022\/02\/Bahnhof-Langwies-Name-korr-red-300x225.jpg 300w, https:\/\/walsermundart.ch\/wp-content\/uploads\/2022\/02\/Bahnhof-Langwies-Name-korr-red-768x577.jpg 768w\" sizes=\"auto, (max-width: 953px) 100vw, 953px\" \/><figcaption>Langwieser Bahnhof<\/figcaption><\/figure>\n<\/div>\n\n\n<p class=\"has-text-align-left has-vivid-cyan-blue-color has-text-color\">Hier der Link: <a rel=\"noreferrer noopener\" href=\"https:\/\/de.wikipedia.org\/wiki\/Bahnh%C3%B6fe_der_Arosabahn\" target=\"_blank\">Bahnh\u00f6fe der Arosabahn \u2013 Wikipedia<\/a><\/p>\n\n\n\n<figure class=\"wp-block-image size-full is-resized\"><a href=\"https:\/\/walsermundart.ch\/?page_id=3877\"><img loading=\"lazy\" decoding=\"async\" src=\"https:\/\/walsermundart.ch\/wp-content\/uploads\/2022\/03\/Pfeil-zurueck-mini-1.jpg\" alt=\"\" class=\"wp-image-6871\" width=\"107\" height=\"69\"\/><\/a><\/figure>\n","protected":false},"excerpt":{"rendered":"<p>Fluri Aliesch wird unter dem folgenden Link vorgestellt: http:\/\/wikindx.walserverein-gr.ch\/index.php?action=resource_RESOURCEVIEW_CORE&amp;id=124 Aliesch, Fluri (geb. 1932), Luzein, Redaktor bei der Zeitung \u201ePr\u00e4ttigauer &amp; Herrsch\u00e4ftler\u201c. Aufgewachsen als Bauernsohn in&hellip;<\/p>\n","protected":false},"author":1,"featured_media":0,"parent":0,"menu_order":0,"comment_status":"closed","ping_status":"closed","template":"","meta":{"footnotes":""},"class_list":["post-4277","page","type-page","status-publish","hentry"],"_links":{"self":[{"href":"https:\/\/walsermundart.ch\/index.php?rest_route=\/wp\/v2\/pages\/4277","targetHints":{"allow":["GET"]}}],"collection":[{"href":"https:\/\/walsermundart.ch\/index.php?rest_route=\/wp\/v2\/pages"}],"about":[{"href":"https:\/\/walsermundart.ch\/index.php?rest_route=\/wp\/v2\/types\/page"}],"author":[{"embeddable":true,"href":"https:\/\/walsermundart.ch\/index.php?rest_route=\/wp\/v2\/users\/1"}],"replies":[{"embeddable":true,"href":"https:\/\/walsermundart.ch\/index.php?rest_route=%2Fwp%2Fv2%2Fcomments&post=4277"}],"version-history":[{"count":30,"href":"https:\/\/walsermundart.ch\/index.php?rest_route=\/wp\/v2\/pages\/4277\/revisions"}],"predecessor-version":[{"id":8117,"href":"https:\/\/walsermundart.ch\/index.php?rest_route=\/wp\/v2\/pages\/4277\/revisions\/8117"}],"wp:attachment":[{"href":"https:\/\/walsermundart.ch\/index.php?rest_route=%2Fwp%2Fv2%2Fmedia&parent=4277"}],"curies":[{"name":"wp","href":"https:\/\/api.w.org\/{rel}","templated":true}]}}