{"id":4642,"date":"2021-04-10T06:07:38","date_gmt":"2021-04-10T06:07:38","guid":{"rendered":"https:\/\/walsermundart.ch\/?page_id=4642"},"modified":"2024-02-18T10:05:34","modified_gmt":"2024-02-18T10:05:34","slug":"41-stimmen-zur-pdf-datei","status":"publish","type":"page","link":"https:\/\/walsermundart.ch\/?page_id=4642","title":{"rendered":"5.00 &#8211; Stimmen zur PDF-Datei"},"content":{"rendered":"\n<figure class=\"wp-block-image size-full is-resized\"><a href=\"https:\/\/walsermundart.ch\/?page_id=414\"><img loading=\"lazy\" decoding=\"async\" width=\"268\" height=\"173\" src=\"https:\/\/walsermundart.ch\/wp-content\/uploads\/2022\/03\/Pfeil-zurueck-mini-1.jpg\" alt=\"\" class=\"wp-image-6871\" style=\"width:108px;height:70px\"\/><\/a><\/figure>\n\n\n\n<p><strong>zw\u00e4i\u00e4zwenzgischt\u00e4 Oktobr<\/strong> &#8211; Nina Brunold, Peist, 1926, WVG auf CD<\/p>\n\n\n\n<figure class=\"wp-block-audio\"><audio controls src=\"https:\/\/walsermundart.ch\/wp-content\/uploads\/2021\/04\/zwaeiaezwenzgischtae-Oktobr.mp3\"><\/audio><\/figure>\n\n\n\n<p><strong>\u00dcbrt\u00fcrner<\/strong> &#8211; Marina Egli, Davos\/Pany, Pr\u00e4ttigauer Dialektgeschichten 2014 <\/p>\n\n\n\n<figure class=\"wp-block-audio\"><audio controls src=\"https:\/\/walsermundart.ch\/wp-content\/uploads\/2021\/04\/Uebrtuerner.mp3\"><\/audio><\/figure>\n\n\n\n<p><strong>und\u00e4r\u00e4nand\u00e4r\u00e4 ggmach\u00e4d<\/strong> &#8211; Marie Fleisch-Sprecher, L\u00fcen, 1959, www.idiotikon.ch, H\u00f6rproben<\/p>\n\n\n\n<figure class=\"wp-block-audio\"><audio controls src=\"https:\/\/walsermundart.ch\/wp-content\/uploads\/2021\/04\/undaeraenandaerae-ggmachaed.mp3\"><\/audio><\/figure>\n\n\n\n<p><strong>allpott \u00e4maal<\/strong> &#8211; Ina Zweifel-Disch, K\u00fcblis, Pr\u00e4ttigauer Dialektgeschichten 2014<\/p>\n\n\n\n<figure class=\"wp-block-audio\"><audio controls src=\"https:\/\/walsermundart.ch\/wp-content\/uploads\/2021\/04\/allpott-aemaal.mp3\"><\/audio><\/figure>\n\n\n\n<p><strong>d\u00e4ich au!<\/strong> &#8211; Marietta Kobald-Walli, Fideris Strahlegg, L\u00e4sibl\u00fcescht 2017<\/p>\n\n\n\n<figure class=\"wp-block-audio\"><audio controls src=\"https:\/\/walsermundart.ch\/wp-content\/uploads\/2021\/04\/daich-au.mp3\"><\/audio><\/figure>\n\n\n\n<p><strong>gguggsch\u00e4<\/strong> &#8211; Marietta Kobald-Walli, Fideris Strahlegg, L\u00e4sibl\u00fcescht 2017<\/p>\n\n\n\n<figure class=\"wp-block-audio\"><audio controls src=\"https:\/\/walsermundart.ch\/wp-content\/uploads\/2021\/02\/gguggschae.mp3\"><\/audio><\/figure>\n\n\n\n<p><strong>T\u00fc\u00fcchchlbor\u00e4r <\/strong>\u2013 aus Peist<\/p>\n\n\n\n<figure class=\"wp-block-audio\"><audio controls src=\"https:\/\/walsermundart.ch\/wp-content\/uploads\/2022\/01\/Tueuechchlboraer.mp3\"><\/audio><\/figure>\n\n\n\n<p> <strong>W\u00e4ttrh\u00e4\u00e4ss<\/strong> &#8211; aus Peist<\/p>\n\n\n\n<figure class=\"wp-block-audio\"><audio controls src=\"https:\/\/walsermundart.ch\/wp-content\/uploads\/2021\/04\/Waettrhaeaess-hoeher.mp3\"><\/audio><\/figure>\n\n\n\n<p><strong>zw\u00e4i H\u00e4\u00e4ssi<\/strong> &#8211; Sebastian Pieth, Castiel, 1926, WVG auf CD<\/p>\n\n\n\n<figure class=\"wp-block-audio\"><audio controls src=\"https:\/\/walsermundart.ch\/wp-content\/uploads\/2021\/04\/zwaei-Haeaessi.mp3\"><\/audio><\/figure>\n\n\n\n<figure class=\"wp-block-image size-full is-resized\"><a href=\"https:\/\/walsermundart.ch\/?page_id=414\"><img loading=\"lazy\" decoding=\"async\" width=\"268\" height=\"173\" src=\"https:\/\/walsermundart.ch\/wp-content\/uploads\/2022\/03\/Pfeil-zurueck-mini-1.jpg\" alt=\"\" class=\"wp-image-6871\" style=\"width:108px;height:70px\"\/><\/a><\/figure>\n","protected":false},"excerpt":{"rendered":"<p>zw\u00e4i\u00e4zwenzgischt\u00e4 Oktobr &#8211; Nina Brunold, Peist, 1926, WVG auf CD \u00dcbrt\u00fcrner &#8211; Marina Egli, Davos\/Pany, Pr\u00e4ttigauer Dialektgeschichten 2014 und\u00e4r\u00e4nand\u00e4r\u00e4 ggmach\u00e4d &#8211; Marie Fleisch-Sprecher, L\u00fcen, 1959,&hellip;<\/p>\n","protected":false},"author":1,"featured_media":0,"parent":0,"menu_order":0,"comment_status":"closed","ping_status":"closed","template":"","meta":{"footnotes":""},"class_list":["post-4642","page","type-page","status-publish","hentry"],"_links":{"self":[{"href":"https:\/\/walsermundart.ch\/index.php?rest_route=\/wp\/v2\/pages\/4642","targetHints":{"allow":["GET"]}}],"collection":[{"href":"https:\/\/walsermundart.ch\/index.php?rest_route=\/wp\/v2\/pages"}],"about":[{"href":"https:\/\/walsermundart.ch\/index.php?rest_route=\/wp\/v2\/types\/page"}],"author":[{"embeddable":true,"href":"https:\/\/walsermundart.ch\/index.php?rest_route=\/wp\/v2\/users\/1"}],"replies":[{"embeddable":true,"href":"https:\/\/walsermundart.ch\/index.php?rest_route=%2Fwp%2Fv2%2Fcomments&post=4642"}],"version-history":[{"count":42,"href":"https:\/\/walsermundart.ch\/index.php?rest_route=\/wp\/v2\/pages\/4642\/revisions"}],"predecessor-version":[{"id":8687,"href":"https:\/\/walsermundart.ch\/index.php?rest_route=\/wp\/v2\/pages\/4642\/revisions\/8687"}],"wp:attachment":[{"href":"https:\/\/walsermundart.ch\/index.php?rest_route=%2Fwp%2Fv2%2Fmedia&parent=4642"}],"curies":[{"name":"wp","href":"https:\/\/api.w.org\/{rel}","templated":true}]}}