{"id":4778,"date":"2021-04-18T14:47:05","date_gmt":"2021-04-18T14:47:05","guid":{"rendered":"https:\/\/walsermundart.ch\/?page_id=4778"},"modified":"2022-08-08T08:21:35","modified_gmt":"2022-08-08T08:21:35","slug":"52-flurisch-museum","status":"publish","type":"page","link":"https:\/\/walsermundart.ch\/?page_id=4778","title":{"rendered":"6.02 &#8211; Museum auf Truaja"},"content":{"rendered":"\n<figure class=\"wp-block-image size-full is-resized\"><a href=\"https:\/\/walsermundart.ch\/?page_id=399\"><img loading=\"lazy\" decoding=\"async\" src=\"https:\/\/walsermundart.ch\/wp-content\/uploads\/2022\/03\/Pfeil-zurueck-mini-1.jpg\" alt=\"\" class=\"wp-image-6871\" width=\"105\" height=\"68\"\/><\/a><\/figure>\n\n\n\n<figure class=\"wp-block-image size-large is-resized\"><img loading=\"lazy\" decoding=\"async\" src=\"https:\/\/walsermundart.ch\/wp-content\/uploads\/2021\/04\/Fluri-Museum-groesser-1024x703.jpg\" alt=\"\" class=\"wp-image-4784\" width=\"611\" height=\"418\" srcset=\"https:\/\/walsermundart.ch\/wp-content\/uploads\/2021\/04\/Fluri-Museum-groesser-1024x703.jpg 1024w, https:\/\/walsermundart.ch\/wp-content\/uploads\/2021\/04\/Fluri-Museum-groesser-300x206.jpg 300w, https:\/\/walsermundart.ch\/wp-content\/uploads\/2021\/04\/Fluri-Museum-groesser-768x527.jpg 768w, https:\/\/walsermundart.ch\/wp-content\/uploads\/2021\/04\/Fluri-Museum-groesser.jpg 1068w\" sizes=\"auto, (max-width: 611px) 100vw, 611px\" \/><\/figure>\n\n\n\n<p>C\u00e9line Z\u00f6llig von der Aroser Zeitung hat am 3. Juni 2016 eine Reportage mit einigen Fotos ver\u00f6ffentlicht mit dem Titel <\/p>\n\n\n\n<p style=\"font-size:40px\"><strong>Ein Stall voller Geschichten und Erinnerungen<\/strong> <\/p>\n\n\n\n<p>Ladina, Fluris Enkelin, hat weitere Fotos gemacht, von denen ein paar farbige Ausschnitte hier folgen. Fluri ist im Januar 2020 gestorben, wer wird nun das Museum betreuen?<\/p>\n\n\n\n<p>Nachtrag: Im Fr\u00fchsommer 2022 hat Hans Scherrer in verdankenswerter Weise die F\u00fchrungen \u00fcbernommen, ehemaliger Landwirt aus der Ostschweiz. Er wohnt ganz nahe beim Museum:<\/p>\n\n\n\n<p>Scherrer Hans und Marlis (-N\u00e4f), Steinstrasse 24, 7029 Peist.<\/p>\n\n\n\n<p>info@kulturfachstelleschanfigg.ch oder Tel. 077 536 68 81.<\/p>\n\n\n\n<p><br><strong>Wisbomm<\/strong><\/p>\n\n\n\n<p>Fluri beklagte in seinen letzten Jahren, dass ihm noch ein <strong>Wisbomm <\/strong>fehle. Nicht einmal eine Skizze davon ist zu finden. Dabei war er doch ein so wichtiges Ger\u00e4t. Er wurde l\u00e4ngs auf die Heufuhre gelegt und sollte beinahe \u00fcber ihre ganze L\u00e4nge reichen. Mit einem dicken und starken Lederstrick (Gr\u00fc\u00e4gg Schtrick\u00e4) fuhr man um die Holzzapfen (im Ausserschanfigg: Latsch\u00e4\u00e4r), zog damit den Wisbomm mit aller Kraft nach unten und band die Schtrick\u00e4 am Heuschlitten fest.<\/p>\n\n\n\n<figure class=\"wp-block-image size-large\"><img loading=\"lazy\" decoding=\"async\" width=\"1024\" height=\"100\" src=\"https:\/\/walsermundart.ch\/wp-content\/uploads\/2021\/04\/wisbomm-korr-red-1024x100.jpg\" alt=\"\" class=\"wp-image-4785\" srcset=\"https:\/\/walsermundart.ch\/wp-content\/uploads\/2021\/04\/wisbomm-korr-red-1024x100.jpg 1024w, https:\/\/walsermundart.ch\/wp-content\/uploads\/2021\/04\/wisbomm-korr-red-300x29.jpg 300w, https:\/\/walsermundart.ch\/wp-content\/uploads\/2021\/04\/wisbomm-korr-red-768x75.jpg 768w, https:\/\/walsermundart.ch\/wp-content\/uploads\/2021\/04\/wisbomm-korr-red-1536x150.jpg 1536w, https:\/\/walsermundart.ch\/wp-content\/uploads\/2021\/04\/wisbomm-korr-red.jpg 1571w\" sizes=\"auto, (max-width: 1024px) 100vw, 1024px\" \/><\/figure>\n\n\n\n<p>Der Name Wisbomm kann von <strong>weisen<\/strong>, den Weg weisen, abgeleitet werden. Beim Schlitteln (g\u00f6gl\u00e4) nennt man das Steuern mit den Schuhen <strong>wiisch\u00e4<\/strong>. Viele, viele weitere Gegenst\u00e4nde sind vorhanden und s\u00e4uberlich angeschrieben.<\/p>\n\n\n\n<p>Nachtrag: Fluri hat in seinem letzten Lebensjahr doch noch einen Wisbomm finden k\u00f6nnen und dem Museum beigef\u00fcgt.<\/p>\n\n\n\n<p><strong>Windm\u00fcli, R\u00e4ll\u00e4<\/strong><\/p>\n\n\n\n<p>Die ausgestellte Maschine, fast alles aus Holz, hat ihm Emil Gredig aus Pagig geschenkt. Sie ist eines der gr\u00f6ssten ausgestellten Ger\u00e4te. Vor 70 Jahren standen noch mehrere Windm\u00fchlen auf den Bargen in der Chlus, Quad\u00e4r\u00e4 und Peed\u00e4r\u00e4. Wir Kinder schauten wohl den letzten Dreschern im Tal bei ihrer Arbeit zu und sahen auch die letzten Windm\u00fchlen in Betrieb.<\/p>\n\n\n<div class=\"wp-block-image\">\n<figure class=\"aligncenter size-large is-resized\"><img loading=\"lazy\" decoding=\"async\" src=\"https:\/\/walsermundart.ch\/wp-content\/uploads\/2021\/04\/Windmuehle-nr36-red-1024x918.jpg\" alt=\"\" class=\"wp-image-4807\" width=\"602\" height=\"539\" srcset=\"https:\/\/walsermundart.ch\/wp-content\/uploads\/2021\/04\/Windmuehle-nr36-red-1024x918.jpg 1024w, https:\/\/walsermundart.ch\/wp-content\/uploads\/2021\/04\/Windmuehle-nr36-red-300x269.jpg 300w, https:\/\/walsermundart.ch\/wp-content\/uploads\/2021\/04\/Windmuehle-nr36-red-768x688.jpg 768w, https:\/\/walsermundart.ch\/wp-content\/uploads\/2021\/04\/Windmuehle-nr36-red.jpg 1502w\" sizes=\"auto, (max-width: 602px) 100vw, 602px\" \/><\/figure>\n<\/div>\n\n\n<p><strong>Ch\u00e4mm\u00e4<\/strong><\/p>\n\n\n\n<p><strong>Richard Weiss<\/strong> (1907 &#8211; 1962) beschreibt in seinem Buch <strong>Das Alpwesen Graub\u00fcndens<\/strong> (Octopus Verlag) u.a. die Ch\u00e4mm\u00e4 samt Skizze und Anleitung zum Gebrauch: &#171;Jeder Bauer kann sie selber herstellen&#187;.<\/p>\n\n\n<div class=\"wp-block-image\">\n<figure class=\"aligncenter size-large is-resized\"><img loading=\"lazy\" decoding=\"async\" src=\"https:\/\/walsermundart.ch\/wp-content\/uploads\/2021\/04\/Chaemmae-Richard-Weiss-und-Fluri.jpg\" alt=\"\" class=\"wp-image-4809\" width=\"366\" height=\"268\"\/><\/figure>\n<\/div>\n\n\n<p><strong>Breitagsch<\/strong><\/p>\n\n\n\n<p>Mit der Breitagsch wurden die Rundh\u00f6lzer l\u00e4ngs behauen, damit man einen Strickbau erstellen konnte, eine ausserordentlich m\u00fchsame Arbeit.<\/p>\n\n\n<div class=\"wp-block-image\">\n<figure class=\"aligncenter size-large is-resized\"><img loading=\"lazy\" decoding=\"async\" src=\"https:\/\/walsermundart.ch\/wp-content\/uploads\/2021\/04\/Breitagsch-red.jpg\" alt=\"\" class=\"wp-image-4813\" width=\"226\" height=\"371\"\/><\/figure>\n<\/div>\n\n\n<p><strong>Zumma<\/strong><\/p>\n\n\n\n<p>Heute wird sie kaum noch gebraucht. In der Zumma trug der Bauer, bei seiner Abwesenheit die B\u00e4uerin, das Heu vom Heustall in den Kuhstall, in wohl abgemessenen W\u00fcsch, jedem Tier seine Pfacht. Die R\u00fcschl\u00e4, wie sie im Pr\u00e4ttigau \u00fcblich war, gab es nur in wenigen St\u00e4llen.<\/p>\n\n\n<div class=\"wp-block-image\">\n<figure class=\"aligncenter size-large is-resized\"><img loading=\"lazy\" decoding=\"async\" src=\"https:\/\/walsermundart.ch\/wp-content\/uploads\/2021\/04\/Zummae-paint-min-676x1024.jpg\" alt=\"\" class=\"wp-image-4817\" width=\"361\" height=\"546\" srcset=\"https:\/\/walsermundart.ch\/wp-content\/uploads\/2021\/04\/Zummae-paint-min-676x1024.jpg 676w, https:\/\/walsermundart.ch\/wp-content\/uploads\/2021\/04\/Zummae-paint-min-198x300.jpg 198w, https:\/\/walsermundart.ch\/wp-content\/uploads\/2021\/04\/Zummae-paint-min-768x1163.jpg 768w, https:\/\/walsermundart.ch\/wp-content\/uploads\/2021\/04\/Zummae-paint-min.jpg 983w\" sizes=\"auto, (max-width: 361px) 100vw, 361px\" \/><\/figure>\n<\/div>\n\n\n<p><strong>Zabl\u00e4<\/strong><\/p>\n\n\n\n<p>Die F\u00fcsse der Schafe wurden mit dieser Vorrichtung ruhig gestellt, sie konnten nicht mehr zabl\u00e4.<\/p>\n\n\n<div class=\"wp-block-image\">\n<figure class=\"aligncenter size-large\"><img loading=\"lazy\" decoding=\"async\" width=\"343\" height=\"496\" src=\"https:\/\/walsermundart.ch\/wp-content\/uploads\/2021\/04\/Zablae-b.jpg\" alt=\"\" class=\"wp-image-4821\" srcset=\"https:\/\/walsermundart.ch\/wp-content\/uploads\/2021\/04\/Zablae-b.jpg 343w, https:\/\/walsermundart.ch\/wp-content\/uploads\/2021\/04\/Zablae-b-207x300.jpg 207w\" sizes=\"auto, (max-width: 343px) 100vw, 343px\" \/><\/figure>\n<\/div>\n\n\n<p><strong>Lampen<\/strong><\/p>\n\n\n<div class=\"wp-block-image\">\n<figure class=\"aligncenter size-large is-resized\"><img loading=\"lazy\" decoding=\"async\" src=\"https:\/\/walsermundart.ch\/wp-content\/uploads\/2021\/04\/Lampen-red-1024x541.jpg\" alt=\"\" class=\"wp-image-4824\" width=\"770\" height=\"406\" srcset=\"https:\/\/walsermundart.ch\/wp-content\/uploads\/2021\/04\/Lampen-red-1024x541.jpg 1024w, https:\/\/walsermundart.ch\/wp-content\/uploads\/2021\/04\/Lampen-red-300x159.jpg 300w, https:\/\/walsermundart.ch\/wp-content\/uploads\/2021\/04\/Lampen-red-768x406.jpg 768w, https:\/\/walsermundart.ch\/wp-content\/uploads\/2021\/04\/Lampen-red-1536x812.jpg 1536w\" sizes=\"auto, (max-width: 770px) 100vw, 770px\" \/><\/figure>\n<\/div>\n\n\n<p>Den ganzen Museumsinhalt wollen wir hier nicht verraten, deshalb machen wir noch einen Schritt nach draussen.<\/p>\n\n\n\n<p><strong>Ringzaun<\/strong><\/p>\n\n\n\n<p>Aus der unersetzlichen Quelle von Richard Weiss: der Ringzaun, der nur mit grossem Aufwand in einem Museum gezeigt werden k\u00f6nnte. Kommentar und Bild von ca. 1936: &#171;Der nicht umlegbare <strong>Ringzaun<\/strong>, weniger verbreitet als der Schr\u00e4gzaun &#171;. Hier ein Ringzaun aus Peist.<\/p>\n\n\n<div class=\"wp-block-image\">\n<figure class=\"aligncenter size-large\"><img loading=\"lazy\" decoding=\"async\" width=\"319\" height=\"245\" src=\"https:\/\/walsermundart.ch\/wp-content\/uploads\/2021\/04\/Ringzaun-Peist-Richard-Weiss-red.jpg\" alt=\"\" class=\"wp-image-4797\" srcset=\"https:\/\/walsermundart.ch\/wp-content\/uploads\/2021\/04\/Ringzaun-Peist-Richard-Weiss-red.jpg 319w, https:\/\/walsermundart.ch\/wp-content\/uploads\/2021\/04\/Ringzaun-Peist-Richard-Weiss-red-300x230.jpg 300w\" sizes=\"auto, (max-width: 319px) 100vw, 319px\" \/><\/figure>\n<\/div>\n\n\n<figure class=\"wp-block-image size-full is-resized\"><a href=\"https:\/\/walsermundart.ch\/?page_id=399\"><img loading=\"lazy\" decoding=\"async\" src=\"https:\/\/walsermundart.ch\/wp-content\/uploads\/2022\/03\/Pfeil-zurueck-mini-1.jpg\" alt=\"\" class=\"wp-image-6871\" width=\"106\" height=\"68\"\/><\/a><\/figure>\n\n\n\n<p><\/p>\n","protected":false},"excerpt":{"rendered":"<p>C\u00e9line Z\u00f6llig von der Aroser Zeitung hat am 3. Juni 2016 eine Reportage mit einigen Fotos ver\u00f6ffentlicht mit dem Titel Ein Stall voller Geschichten und&hellip;<\/p>\n","protected":false},"author":1,"featured_media":0,"parent":0,"menu_order":0,"comment_status":"closed","ping_status":"closed","template":"","meta":{"footnotes":""},"class_list":["post-4778","page","type-page","status-publish","hentry"],"_links":{"self":[{"href":"https:\/\/walsermundart.ch\/index.php?rest_route=\/wp\/v2\/pages\/4778","targetHints":{"allow":["GET"]}}],"collection":[{"href":"https:\/\/walsermundart.ch\/index.php?rest_route=\/wp\/v2\/pages"}],"about":[{"href":"https:\/\/walsermundart.ch\/index.php?rest_route=\/wp\/v2\/types\/page"}],"author":[{"embeddable":true,"href":"https:\/\/walsermundart.ch\/index.php?rest_route=\/wp\/v2\/users\/1"}],"replies":[{"embeddable":true,"href":"https:\/\/walsermundart.ch\/index.php?rest_route=%2Fwp%2Fv2%2Fcomments&post=4778"}],"version-history":[{"count":29,"href":"https:\/\/walsermundart.ch\/index.php?rest_route=\/wp\/v2\/pages\/4778\/revisions"}],"predecessor-version":[{"id":8077,"href":"https:\/\/walsermundart.ch\/index.php?rest_route=\/wp\/v2\/pages\/4778\/revisions\/8077"}],"wp:attachment":[{"href":"https:\/\/walsermundart.ch\/index.php?rest_route=%2Fwp%2Fv2%2Fmedia&parent=4778"}],"curies":[{"name":"wp","href":"https:\/\/api.w.org\/{rel}","templated":true}]}}