{"id":5012,"date":"2021-12-11T08:24:06","date_gmt":"2021-12-11T08:24:06","guid":{"rendered":"https:\/\/walsermundart.ch\/?page_id=5012"},"modified":"2022-03-17T14:32:06","modified_gmt":"2022-03-17T14:32:06","slug":"01-fruehzeit","status":"publish","type":"page","link":"https:\/\/walsermundart.ch\/?page_id=5012","title":{"rendered":"1.1 &#8211; Fr\u00fchzeit"},"content":{"rendered":"\n<figure class=\"wp-block-image size-full is-resized\"><a href=\"https:\/\/walsermundart.ch\/?page_id=330\"><img loading=\"lazy\" decoding=\"async\" src=\"https:\/\/walsermundart.ch\/wp-content\/uploads\/2022\/03\/Pfeil-zurueck-mini-1.jpg\" alt=\"\" class=\"wp-image-6871\" width=\"107\" height=\"69\"\/><\/a><\/figure>\n\n\n\n<p style=\"font-size:40px\"><strong>Eiszeiten und Indogermanen<\/strong><\/p>\n\n\n\n<p>Es gab vier <strong>Eiszeiten <\/strong>(die heutige Schweiz lag unter einer dicken Eisdecke) mit drei Zwischeneiszeiten. Damals lebten die ersten Menschen in Europa, von Afrika kommend(?), in alten Schulb\u00fcchern H\u00f6hlenbewohner genannt. Nach der letzten Eiszeit, etwa ab 4000 vor Christi, fanden die Menschen ihren Lebensraum an Seen, es waren <strong>Pfahlbauer<\/strong>.<\/p>\n\n\n\n<figure class=\"wp-block-image size-full\"><img loading=\"lazy\" decoding=\"async\" width=\"791\" height=\"449\" src=\"https:\/\/walsermundart.ch\/wp-content\/uploads\/2021\/12\/Europa-Eiszeit-vor-20000-Jahren-Name.jpg\" alt=\"\" class=\"wp-image-5017\" srcset=\"https:\/\/walsermundart.ch\/wp-content\/uploads\/2021\/12\/Europa-Eiszeit-vor-20000-Jahren-Name.jpg 791w, https:\/\/walsermundart.ch\/wp-content\/uploads\/2021\/12\/Europa-Eiszeit-vor-20000-Jahren-Name-300x170.jpg 300w, https:\/\/walsermundart.ch\/wp-content\/uploads\/2021\/12\/Europa-Eiszeit-vor-20000-Jahren-Name-768x436.jpg 768w\" sizes=\"auto, (max-width: 791px) 100vw, 791px\" \/><\/figure>\n\n\n\n<p><strong>Indogermanen<\/strong><\/p>\n\n\n\n<p>Indogermanen suchten vom Kaukasus(?) aus neue Siedlungsr\u00e4ume, so auch im d\u00fcnn besiedelten Europa. Die sprachliche Verwandtschaft st\u00fctzt diese These.<\/p>\n\n\n\n<div class=\"wp-block-media-text alignwide is-stacked-on-mobile\" style=\"grid-template-columns:28% auto\"><figure class=\"wp-block-media-text__media\"><img loading=\"lazy\" decoding=\"async\" width=\"664\" height=\"404\" src=\"https:\/\/walsermundart.ch\/wp-content\/uploads\/2021\/12\/Europa-Indogermanen-Wiki.jpg\" alt=\"\" class=\"wp-image-5027 size-full\" srcset=\"https:\/\/walsermundart.ch\/wp-content\/uploads\/2021\/12\/Europa-Indogermanen-Wiki.jpg 664w, https:\/\/walsermundart.ch\/wp-content\/uploads\/2021\/12\/Europa-Indogermanen-Wiki-300x183.jpg 300w\" sizes=\"auto, (max-width: 664px) 100vw, 664px\" \/><\/figure><div class=\"wp-block-media-text__content\">\n<p>Es ist erstaunlich, dass von Europa bis Indien der gleiche Wortursprung zu erkennen ist. (Wikipedia)<\/p>\n<\/div><\/div>\n\n\n\n<figure class=\"wp-block-image size-large\"><img loading=\"lazy\" decoding=\"async\" width=\"1024\" height=\"536\" src=\"https:\/\/walsermundart.ch\/wp-content\/uploads\/2021\/12\/Europa-Sprachen-vergleich-knienieder-1024x536.jpg\" alt=\"\" class=\"wp-image-5030\" srcset=\"https:\/\/walsermundart.ch\/wp-content\/uploads\/2021\/12\/Europa-Sprachen-vergleich-knienieder-1024x536.jpg 1024w, https:\/\/walsermundart.ch\/wp-content\/uploads\/2021\/12\/Europa-Sprachen-vergleich-knienieder-300x157.jpg 300w, https:\/\/walsermundart.ch\/wp-content\/uploads\/2021\/12\/Europa-Sprachen-vergleich-knienieder-768x402.jpg 768w, https:\/\/walsermundart.ch\/wp-content\/uploads\/2021\/12\/Europa-Sprachen-vergleich-knienieder.jpg 1197w\" sizes=\"auto, (max-width: 1024px) 100vw, 1024px\" \/><figcaption> <\/figcaption><\/figure>\n\n\n\n<p class=\"has-small-font-size\"><a rel=\"noreferrer noopener\" href=\"https:\/\/sabine.knienieder.com\/indogermanisch-oder-woher-kommt-die-deutsche-sprache\/\" target=\"_blank\">https:\/\/sabine.knienieder.com\/indogermanisch-oder-woher-kommt-die-deutsche-sprache\/<\/a><\/p>\n\n\n\n<p>Zu diesen indogermanischen St\u00e4mmen geh\u00f6rten auch die \u00f6stlich der Germanen wohnenden kriegerischen <strong>Goten<\/strong>. Ihre Schrift und ihre vortreffliche Baukunst sind erhalten geblieben. Die kriegerischen Hunnen siedelten noch weiter \u00f6stlich. Es waren keine Indogermanen. Von ihnen weiss man, dass sie \u00dcberf\u00e4lle bis nach Westeuropa ausf\u00fchrten.<\/p>\n\n\n\n<figure class=\"wp-block-image size-full\"><img loading=\"lazy\" decoding=\"async\" width=\"591\" height=\"472\" src=\"https:\/\/walsermundart.ch\/wp-content\/uploads\/2021\/12\/Europa-Indogermanen-eigen-red.jpg\" alt=\"\" class=\"wp-image-5046\" srcset=\"https:\/\/walsermundart.ch\/wp-content\/uploads\/2021\/12\/Europa-Indogermanen-eigen-red.jpg 591w, https:\/\/walsermundart.ch\/wp-content\/uploads\/2021\/12\/Europa-Indogermanen-eigen-red-300x240.jpg 300w\" sizes=\"auto, (max-width: 591px) 100vw, 591px\" \/><\/figure>\n\n\n\n<p>Die indogermanische Sprache der einzelnen St\u00e4mme ver\u00e4nderte sich so stark, dass Germanen, Kelten, R\u00f6mer, Illyrer und Griechen einander nicht mehr verstanden und sich entfremdeten. Als Erg\u00e4nzung zu den obigen Tabellen:<\/p>\n\n\n\n<div class=\"wp-block-group\"><div class=\"wp-block-group__inner-container is-layout-flow wp-block-group-is-layout-flow\">\n<figure class=\"wp-block-image size-large\"><img loading=\"lazy\" decoding=\"async\" width=\"1024\" height=\"211\" src=\"https:\/\/walsermundart.ch\/wp-content\/uploads\/2021\/12\/keltisch-Beispiele-3-1024x211.jpg\" alt=\"\" class=\"wp-image-5146\" srcset=\"https:\/\/walsermundart.ch\/wp-content\/uploads\/2021\/12\/keltisch-Beispiele-3-1024x211.jpg 1024w, https:\/\/walsermundart.ch\/wp-content\/uploads\/2021\/12\/keltisch-Beispiele-3-300x62.jpg 300w, https:\/\/walsermundart.ch\/wp-content\/uploads\/2021\/12\/keltisch-Beispiele-3-768x158.jpg 768w, https:\/\/walsermundart.ch\/wp-content\/uploads\/2021\/12\/keltisch-Beispiele-3.jpg 1239w\" sizes=\"auto, (max-width: 1024px) 100vw, 1024px\" \/><\/figure>\n\n\n\n<p>Das R\u00e4toromanische weist diese W\u00f6rter selbstverst\u00e4ndlich auch auf.<\/p>\n\n\n\n<p>Zu welcher indogermanischen Volksgruppe geh\u00f6rten die R\u00e4ter? Dies wird sich kaum mehr feststellen lassen. Sie lebten im Grenzgebiet zwischen den Kelten, den Germanen und den R\u00f6mern, im Osten waren sie vielleicht Nachbarn der Illyrer und damit wohl im Zentrum der Westgermanen. So ist es schier unm\u00f6glich, die Herkunft der heute noch in unseren T\u00e4lern verbliebenen Flurnamen zu bestimmen. Im Buch von Campell zeigt eine Karte die Grenze R\u00e4tiens (kurz gestrichelt): im S\u00fcden bis ins Veltlin, im Osten bis in den Vintschgau(?), im Westen bis zum Oberalppass und Walensee, im Norden bis an den Bodensee. Hier ein Kartenausschnitt aus <em>Das alpine R\u00e4tien<\/em> von Campell:<\/p>\n\n\n\n<figure class=\"wp-block-image size-full\"><img loading=\"lazy\" decoding=\"async\" width=\"845\" height=\"673\" src=\"https:\/\/walsermundart.ch\/wp-content\/uploads\/2021\/12\/Raetien-Ausschnitt-Campell.jpg\" alt=\"\" class=\"wp-image-5374\" srcset=\"https:\/\/walsermundart.ch\/wp-content\/uploads\/2021\/12\/Raetien-Ausschnitt-Campell.jpg 845w, https:\/\/walsermundart.ch\/wp-content\/uploads\/2021\/12\/Raetien-Ausschnitt-Campell-300x239.jpg 300w, https:\/\/walsermundart.ch\/wp-content\/uploads\/2021\/12\/Raetien-Ausschnitt-Campell-768x612.jpg 768w\" sizes=\"auto, (max-width: 845px) 100vw, 845px\" \/><\/figure>\n<\/div><\/div>\n\n\n\n<figure class=\"wp-block-image size-full is-resized\"><a href=\"https:\/\/walsermundart.ch\/?page_id=330\"><img loading=\"lazy\" decoding=\"async\" src=\"https:\/\/walsermundart.ch\/wp-content\/uploads\/2022\/03\/Pfeil-zurueck-mini-1.jpg\" alt=\"\" class=\"wp-image-6871\" width=\"107\" height=\"69\"\/><\/a><\/figure>\n\n\n\n<p><\/p>\n","protected":false},"excerpt":{"rendered":"<p>Eiszeiten und Indogermanen Es gab vier Eiszeiten (die heutige Schweiz lag unter einer dicken Eisdecke) mit drei Zwischeneiszeiten. Damals lebten die ersten Menschen in Europa,&hellip;<\/p>\n","protected":false},"author":1,"featured_media":0,"parent":0,"menu_order":0,"comment_status":"closed","ping_status":"closed","template":"","meta":{"footnotes":""},"class_list":["post-5012","page","type-page","status-publish","hentry"],"_links":{"self":[{"href":"https:\/\/walsermundart.ch\/index.php?rest_route=\/wp\/v2\/pages\/5012","targetHints":{"allow":["GET"]}}],"collection":[{"href":"https:\/\/walsermundart.ch\/index.php?rest_route=\/wp\/v2\/pages"}],"about":[{"href":"https:\/\/walsermundart.ch\/index.php?rest_route=\/wp\/v2\/types\/page"}],"author":[{"embeddable":true,"href":"https:\/\/walsermundart.ch\/index.php?rest_route=\/wp\/v2\/users\/1"}],"replies":[{"embeddable":true,"href":"https:\/\/walsermundart.ch\/index.php?rest_route=%2Fwp%2Fv2%2Fcomments&post=5012"}],"version-history":[{"count":29,"href":"https:\/\/walsermundart.ch\/index.php?rest_route=\/wp\/v2\/pages\/5012\/revisions"}],"predecessor-version":[{"id":6978,"href":"https:\/\/walsermundart.ch\/index.php?rest_route=\/wp\/v2\/pages\/5012\/revisions\/6978"}],"wp:attachment":[{"href":"https:\/\/walsermundart.ch\/index.php?rest_route=%2Fwp%2Fv2%2Fmedia&parent=5012"}],"curies":[{"name":"wp","href":"https:\/\/api.w.org\/{rel}","templated":true}]}}