{"id":5151,"date":"2021-12-22T17:00:43","date_gmt":"2021-12-22T17:00:43","guid":{"rendered":"https:\/\/walsermundart.ch\/?page_id=5151"},"modified":"2022-08-08T13:14:22","modified_gmt":"2022-08-08T13:14:22","slug":"66-stuerfis","status":"publish","type":"page","link":"https:\/\/walsermundart.ch\/?page_id=5151","title":{"rendered":"7.04 &#8211; St\u00fcrfis"},"content":{"rendered":"\n<figure class=\"wp-block-image size-full is-resized\"><a href=\"https:\/\/walsermundart.ch\/?page_id=3877\"><img loading=\"lazy\" decoding=\"async\" src=\"https:\/\/walsermundart.ch\/wp-content\/uploads\/2022\/03\/Pfeil-zurueck-mini-1.jpg\" alt=\"\" class=\"wp-image-6871\" width=\"107\" height=\"69\"\/><\/a><\/figure>\n\n\n\n<p>Laut den Ausf\u00fchrungen von Paul Zinsli in \u201eWalser Volkstum\u201c 1986, Seite 33, d\u00fcrfte das Dorf noch vor der Mitte des 14. Jahrhunderts begr\u00fcndet worden sein. Was f\u00fcr ein beschwerlicher Weg musste es gewesen sein, mit Hab und Gut wahrscheinlich von St. Ant\u00f6nien hinaus \u00fcber Alpweiden bis in ein Bergtal hinter Seewis zu ziehen, um sich dort eine neue Existenz aufzubauen! Auch als Selbstversorger waren sie gezwungen, zumindest Salz, Zucker, manche Textilien und Werkzeuge in Maienfeld zu kaufen und nach St\u00fcrfis hinauf zu tragen. Nach rund 300 Jahren mussten die Siedler der Klimaver\u00e4nderung und der Pest wegen das Dorf f\u00fcr immer verlassen. Einige Familien machten <strong>Guscha<\/strong> oberhalb von Maienfeld urbar und liessen sich dort nieder. Die Maienfelder waren ihnen deshalb nicht wohlgesinnt.<\/p>\n\n\n\n<figure class=\"wp-block-image size-full\"><img loading=\"lazy\" decoding=\"async\" width=\"983\" height=\"491\" src=\"https:\/\/walsermundart.ch\/wp-content\/uploads\/2021\/12\/Stuerfis-heute.jpg\" alt=\"\" class=\"wp-image-5152\" srcset=\"https:\/\/walsermundart.ch\/wp-content\/uploads\/2021\/12\/Stuerfis-heute.jpg 983w, https:\/\/walsermundart.ch\/wp-content\/uploads\/2021\/12\/Stuerfis-heute-300x150.jpg 300w, https:\/\/walsermundart.ch\/wp-content\/uploads\/2021\/12\/Stuerfis-heute-768x384.jpg 768w\" sizes=\"auto, (max-width: 983px) 100vw, 983px\" \/><figcaption>St\u00fcrfis heute<\/figcaption><\/figure>\n\n\n\n<p>Paul Zinsli in Walser Volkstum: Auch die Walsersage begr\u00fcndet so den R\u00fcckzug der H\u00f6hensiedler mit dieser schicksalhaften Unbill: Auf <strong>Palfris <\/strong>wohnte die Walserfamilie des &#171;Chamm-Joas&#187;. An einem Morgen kam die Tochter aus der K\u00fcche hereingesprungen und rief mit dem Ausdruck gr\u00f6sster Verwunderung: &#171;Du Vater, ds Wasser h\u00e4t gnidlet!&#187; Es hatte n\u00e4mlich eine Eiskruste bekommen (offenbar im Sommer). Der Vater wurde ernsthaft und sprach:&#187;Soa, soa, jetz chunn die b\u00f6asa Joahr; jetz m\u00fcessen mer wiicha!&#187; So verliessen sie ihre Berge und zogen ins Tal hinab.<\/p>\n\n\n\n<figure class=\"wp-block-image size-large\"><img loading=\"lazy\" decoding=\"async\" width=\"1024\" height=\"768\" src=\"https:\/\/walsermundart.ch\/wp-content\/uploads\/2022\/01\/Guscha-3-red-1024x768.jpg\" alt=\"\" class=\"wp-image-5407\" srcset=\"https:\/\/walsermundart.ch\/wp-content\/uploads\/2022\/01\/Guscha-3-red-1024x768.jpg 1024w, https:\/\/walsermundart.ch\/wp-content\/uploads\/2022\/01\/Guscha-3-red-300x225.jpg 300w, https:\/\/walsermundart.ch\/wp-content\/uploads\/2022\/01\/Guscha-3-red-768x576.jpg 768w, https:\/\/walsermundart.ch\/wp-content\/uploads\/2022\/01\/Guscha-3-red.jpg 1376w\" sizes=\"auto, (max-width: 1024px) 100vw, 1024px\" \/><figcaption><sup>Guscha im September 2010<\/sup><\/figcaption><\/figure>\n\n\n\n<figure class=\"wp-block-image size-full is-resized\"><a href=\"https:\/\/walsermundart.ch\/?page_id=3877\"><img loading=\"lazy\" decoding=\"async\" src=\"https:\/\/walsermundart.ch\/wp-content\/uploads\/2022\/03\/Pfeil-zurueck-mini-1.jpg\" alt=\"\" class=\"wp-image-6871\" width=\"107\" height=\"69\"\/><\/a><\/figure>\n","protected":false},"excerpt":{"rendered":"<p>Laut den Ausf\u00fchrungen von Paul Zinsli in \u201eWalser Volkstum\u201c 1986, Seite 33, d\u00fcrfte das Dorf noch vor der Mitte des 14. Jahrhunderts begr\u00fcndet worden sein.&hellip;<\/p>\n","protected":false},"author":1,"featured_media":0,"parent":0,"menu_order":0,"comment_status":"closed","ping_status":"closed","template":"","meta":{"footnotes":""},"class_list":["post-5151","page","type-page","status-publish","hentry"],"_links":{"self":[{"href":"https:\/\/walsermundart.ch\/index.php?rest_route=\/wp\/v2\/pages\/5151","targetHints":{"allow":["GET"]}}],"collection":[{"href":"https:\/\/walsermundart.ch\/index.php?rest_route=\/wp\/v2\/pages"}],"about":[{"href":"https:\/\/walsermundart.ch\/index.php?rest_route=\/wp\/v2\/types\/page"}],"author":[{"embeddable":true,"href":"https:\/\/walsermundart.ch\/index.php?rest_route=\/wp\/v2\/users\/1"}],"replies":[{"embeddable":true,"href":"https:\/\/walsermundart.ch\/index.php?rest_route=%2Fwp%2Fv2%2Fcomments&post=5151"}],"version-history":[{"count":9,"href":"https:\/\/walsermundart.ch\/index.php?rest_route=\/wp\/v2\/pages\/5151\/revisions"}],"predecessor-version":[{"id":8115,"href":"https:\/\/walsermundart.ch\/index.php?rest_route=\/wp\/v2\/pages\/5151\/revisions\/8115"}],"wp:attachment":[{"href":"https:\/\/walsermundart.ch\/index.php?rest_route=%2Fwp%2Fv2%2Fmedia&parent=5151"}],"curies":[{"name":"wp","href":"https:\/\/api.w.org\/{rel}","templated":true}]}}