{"id":5185,"date":"2021-12-25T21:22:14","date_gmt":"2021-12-25T21:22:14","guid":{"rendered":"https:\/\/walsermundart.ch\/?page_id=5185"},"modified":"2022-08-08T13:14:56","modified_gmt":"2022-08-08T13:14:56","slug":"63-praettigauer-aufstand","status":"publish","type":"page","link":"https:\/\/walsermundart.ch\/?page_id=5185","title":{"rendered":"7.03 &#8211; Der Pr\u00e4ttigauer Aufstand 1622"},"content":{"rendered":"\n<figure class=\"wp-block-image size-full is-resized\"><a href=\"https:\/\/walsermundart.ch\/?page_id=3877\"><img loading=\"lazy\" decoding=\"async\" src=\"https:\/\/walsermundart.ch\/wp-content\/uploads\/2022\/03\/Pfeil-zurueck-mini-1.jpg\" alt=\"\" class=\"wp-image-6871\" width=\"108\" height=\"70\"\/><\/a><\/figure>\n\n\n\n<p>Nach dem Aussterben der <a href=\"https:\/\/de.wikipedia.org\/wiki\/Toggenburger\">Grafen von Toggenburg<\/a> schlossen deren Untertanen im heutigen Graub\u00fcnden am 8. Juni 1436 einen Bund, der gegenseitige Hilfe und ewige Ungetrenntheit der Teilnehmer vorsah. Beteiligt waren <a href=\"https:\/\/de.wikipedia.org\/wiki\/Kreis_Belfort\">Belfort<\/a>, <a href=\"https:\/\/de.wikipedia.org\/wiki\/Davos\">Davos<\/a>, <a href=\"https:\/\/de.wikipedia.org\/wiki\/Klosters-Serneus\">Klosters<\/a>, <a href=\"https:\/\/de.wikipedia.org\/wiki\/Burg_Castels\">Castels<\/a>, <a href=\"https:\/\/de.wikipedia.org\/wiki\/Schiers\">Schiers<\/a>, <a href=\"https:\/\/de.wikipedia.org\/wiki\/Schanfigg\">Schanfigg<\/a> (St. Peter), <a href=\"https:\/\/de.wikipedia.org\/wiki\/Langwies_(Arosa)\">Langwies<\/a>, Strassberg (<a href=\"https:\/\/de.wikipedia.org\/wiki\/Churwalden\">Churwalden<\/a>), <a href=\"https:\/\/de.wikipedia.org\/wiki\/Maienfeld\">Maienfeld<\/a> und <a href=\"https:\/\/de.wikipedia.org\/wiki\/Burg_Neu-Aspermont\">Neu-Aspermont<\/a>. Das B\u00fcndnis richtete sich haupts\u00e4chlich gegen die Expansion Habsburgs nach Graub\u00fcnden. Es hatte einen schweren Stand, denn das <a href=\"https:\/\/de.wikipedia.org\/wiki\/Pr%C3%A4ttigau\">Pr\u00e4ttigau<\/a> wie das <a href=\"https:\/\/de.wikipedia.org\/wiki\/Montafon\">Montafon<\/a> standen von 1477 bis 1649 gemeinsam unter der Herrschaft der Habsburger, einem F\u00fcrstengeschlecht aus dem heutigen Kanton Aargau, das bald einmal \u00d6sterreich und weitere L\u00e4ndereien beherrschte. Deshalb nannte man sie \u00d6sterreicher.<\/p>\n\n\n\n<p>Von 1618 bis 1639 (B\u00fcndner Wirren) stritten sich die Grossm\u00e4chte um die Kontrolle der B\u00fcndner Alpenp\u00e4sse und um die konfessionelle Ordnung in Graub\u00fcnden. Es war die Zeit des Dreissigj\u00e4hrigen Krieges in Europa.<\/p>\n\n\n\n<p>1621 besetzten \u00f6sterreichische Truppen das Pr\u00e4ttigau. Die Aus\u00fcbung des reformierten Glaubens wurde verboten. Die Pr\u00e4ttigauer erhoben sich und vertrieben die fremden Truppen. Diese kehrten verst\u00e4rkt zur\u00fcck und eroberten erneut das Unterengadin, Davos und das Pr\u00e4ttigau. Fast alle D\u00f6rfer wurden in Schutt und Asche gelegt, nur Fideris und Jenaz wurden verschont. Auf einer Wiese bei Raschnal, nahe dem Dorf Saas, wurden die Pr\u00e4ttigauer trotz heldenhafter Gegenwehr von der grossen Menge der Feinde geschlagen. In Saas steht an der Dorfstrasse ein Denkmal, das an die Schlacht bei Aquasana von 1622 erinnert. Der folgende Winter ging als <a href=\"https:\/\/de.wikipedia.org\/wiki\/Hungerwinter_in_Graub%C3%BCnden_1622\/23\">besonderer Hungerwinter<\/a> in die B\u00fcndner Geschichte ein. Die Menschen hungerten, und zudem brach die Lungenpest aus. In den folgenden Jahren erneut! (Christian Hansemann)<\/p>\n\n\n\n<figure class=\"wp-block-image size-full\"><img loading=\"lazy\" decoding=\"async\" width=\"866\" height=\"488\" src=\"https:\/\/walsermundart.ch\/wp-content\/uploads\/2021\/12\/Saas-Aquasana-Raschnal-1422-red.jpg\" alt=\"\" class=\"wp-image-5232\" srcset=\"https:\/\/walsermundart.ch\/wp-content\/uploads\/2021\/12\/Saas-Aquasana-Raschnal-1422-red.jpg 866w, https:\/\/walsermundart.ch\/wp-content\/uploads\/2021\/12\/Saas-Aquasana-Raschnal-1422-red-300x169.jpg 300w, https:\/\/walsermundart.ch\/wp-content\/uploads\/2021\/12\/Saas-Aquasana-Raschnal-1422-red-768x433.jpg 768w\" sizes=\"auto, (max-width: 866px) 100vw, 866px\" \/><figcaption><sup>Raschnal &#8211; M\u00fclitobel  &#8211; &#8211;   Heute ist die Wiese teilweise \u00fcberbaut.<\/sup><\/figcaption><\/figure>\n\n\n\n<p>Die Schanfigger wurden von den mit Habsburg verb\u00fcndeten spanischen Truppen heimgesucht. Sie vermochten sich nicht rechtzeitig zu sammeln, flohen bergw\u00e4rts und mussten zusehen, wie Dorf um Dorf verbrannt wurde, von Maladers bis Peist. In Peist war es der erste aufgezeichnete Dorfbrand. Der zweite war 1749, der dritte 1874.<\/p>\n\n\n\n<p>Die franz\u00f6sischen Truppen standen den \u00f6sterreichischen entgegen, und die widerspenstigen Bergler und die Alpen\u00fcberg\u00e4nge setzten den Besatzungstruppen dermassen zu, dass sich der Zehngerichtenbund im Jahr 1649 von \u00d6sterreich loskaufen konnte. Die Menschen in unseren T\u00e4lern erlebten allm\u00e4hlich bessere Zeiten.<\/p>\n\n\n\n<figure class=\"wp-block-image size-full\"><img loading=\"lazy\" decoding=\"async\" width=\"441\" height=\"433\" src=\"https:\/\/walsermundart.ch\/wp-content\/uploads\/2021\/12\/Aquasana-Denkmal.jpg\" alt=\"\" class=\"wp-image-5226\" srcset=\"https:\/\/walsermundart.ch\/wp-content\/uploads\/2021\/12\/Aquasana-Denkmal.jpg 441w, https:\/\/walsermundart.ch\/wp-content\/uploads\/2021\/12\/Aquasana-Denkmal-300x295.jpg 300w\" sizes=\"auto, (max-width: 441px) 100vw, 441px\" \/><\/figure>\n\n\n\n<figure class=\"wp-block-image size-full is-resized\"><a href=\"https:\/\/walsermundart.ch\/?page_id=3877\"><img loading=\"lazy\" decoding=\"async\" src=\"https:\/\/walsermundart.ch\/wp-content\/uploads\/2022\/03\/Pfeil-zurueck-mini-1.jpg\" alt=\"\" class=\"wp-image-6871\" width=\"107\" height=\"69\"\/><\/a><\/figure>\n","protected":false},"excerpt":{"rendered":"<p>Nach dem Aussterben der Grafen von Toggenburg schlossen deren Untertanen im heutigen Graub\u00fcnden am 8. Juni 1436 einen Bund, der gegenseitige Hilfe und ewige Ungetrenntheit&hellip;<\/p>\n","protected":false},"author":1,"featured_media":0,"parent":0,"menu_order":0,"comment_status":"closed","ping_status":"closed","template":"","meta":{"footnotes":""},"class_list":["post-5185","page","type-page","status-publish","hentry"],"_links":{"self":[{"href":"https:\/\/walsermundart.ch\/index.php?rest_route=\/wp\/v2\/pages\/5185","targetHints":{"allow":["GET"]}}],"collection":[{"href":"https:\/\/walsermundart.ch\/index.php?rest_route=\/wp\/v2\/pages"}],"about":[{"href":"https:\/\/walsermundart.ch\/index.php?rest_route=\/wp\/v2\/types\/page"}],"author":[{"embeddable":true,"href":"https:\/\/walsermundart.ch\/index.php?rest_route=\/wp\/v2\/users\/1"}],"replies":[{"embeddable":true,"href":"https:\/\/walsermundart.ch\/index.php?rest_route=%2Fwp%2Fv2%2Fcomments&post=5185"}],"version-history":[{"count":16,"href":"https:\/\/walsermundart.ch\/index.php?rest_route=\/wp\/v2\/pages\/5185\/revisions"}],"predecessor-version":[{"id":8116,"href":"https:\/\/walsermundart.ch\/index.php?rest_route=\/wp\/v2\/pages\/5185\/revisions\/8116"}],"wp:attachment":[{"href":"https:\/\/walsermundart.ch\/index.php?rest_route=%2Fwp%2Fv2%2Fmedia&parent=5185"}],"curies":[{"name":"wp","href":"https:\/\/api.w.org\/{rel}","templated":true}]}}