{"id":5210,"date":"2021-12-26T08:42:09","date_gmt":"2021-12-26T08:42:09","guid":{"rendered":"https:\/\/walsermundart.ch\/?page_id=5210"},"modified":"2022-08-08T08:24:27","modified_gmt":"2022-08-08T08:24:27","slug":"68-simon-fuemm-und-padrutt-donau","status":"publish","type":"page","link":"https:\/\/walsermundart.ch\/?page_id=5210","title":{"rendered":"6.07 &#8211; Simon F\u00fcmm"},"content":{"rendered":"\n<figure class=\"wp-block-image size-full is-resized\"><a href=\"https:\/\/walsermundart.ch\/?page_id=399\"><img loading=\"lazy\" decoding=\"async\" src=\"https:\/\/walsermundart.ch\/wp-content\/uploads\/2022\/03\/Pfeil-zurueck-mini-1.jpg\" alt=\"\" class=\"wp-image-6871\" width=\"104\" height=\"67\"\/><\/a><\/figure>\n\n\n\n<p>In unseren Bergd\u00f6rfern arbeiteten die Bewohner tagt\u00e4glich fleissig und unauff\u00e4llig, um das Notwendigste zum Unterhalt ihrer Familien beizutragen, ganz besonders die Frauen. Hatte der Mann Feierabend, blieb der Frau noch viel Hausarbeit. Ganz selten gab es Personen, die durch Aussergew\u00f6hnliches auffielen. Zwei davon waren Simon F\u00fcmm und Padrutt Donau.<\/p>\n\n\n\n<div style=\"height:29px\" aria-hidden=\"true\" class=\"wp-block-spacer\"><\/div>\n\n\n\n<p class=\"has-large-font-size\"><strong>Simon F\u00fcmm<\/strong><\/p>\n\n\n\n<p>Simon F\u00fcmm, geboren in Avers-Cresta im Jahr 1846, besuchte das Lehrerseminar und unterrichtete im Avers, in Maienfeld, St.Peter, Jenaz, Peist und Davos. Er heiratete im Jahr 1873 Ursula Wilhelm von Peist, geboren 1845. Das Ehepaar hatte sechs Kinder, von denen zwei in jungen Jahren starben. In Peist erhielt Simon F\u00fcmm das B\u00fcrgerrecht, das sonst kaum jemandem zugestanden wurde. Die Familie lebte 30 Jahre in Davos, wo Simon F\u00fcmm an verschiedenen Schulen unterrichtete. Zehn Jahre lang war er Vorsteher der Davoser Gewerbeschule und verfasste zur selben Zeit mehrere Schriften. Vier davon sind hier unten erw\u00e4hnt.<\/p>\n\n\n\n<p>Seine Frau und ihre Geschwister, drei ledige Schwestern, besassen in Peist eine kleine Landwirtschaft. Simon F\u00fcmm hatte zwei Weidrechte f\u00fcr Galtvieh im Avers. Im Fr\u00fchsommer wurden zwei Galti \u00fcber das Churer Joch ins Avers getrieben, um sie im Herbst wieder auf dem gleichen Weg zur\u00fcckzuholen! So erz\u00e4hlten es sein Schwiegersohn Fluri und seine Enkelin Ursula (Post-Utti).<\/p>\n\n\n\n<figure class=\"wp-block-image size-full\"><img loading=\"lazy\" decoding=\"async\" width=\"340\" height=\"596\" src=\"https:\/\/walsermundart.ch\/wp-content\/uploads\/2021\/12\/Peist-Avers-zurueck.jpg\" alt=\"\" class=\"wp-image-4991\" srcset=\"https:\/\/walsermundart.ch\/wp-content\/uploads\/2021\/12\/Peist-Avers-zurueck.jpg 340w, https:\/\/walsermundart.ch\/wp-content\/uploads\/2021\/12\/Peist-Avers-zurueck-171x300.jpg 171w\" sizes=\"auto, (max-width: 340px) 100vw, 340px\" \/><\/figure>\n\n\n\n<p>In Davos und nach der R\u00fcckkehr im Jahr 1919 ins Schanfigg bekleidete Simon F\u00fcmm verschiedene \u00c4mter und war auch Chorleiter. Seine Frau Ursula starb 1922, Simon 1934.<\/p>\n\n\n\n<figure class=\"wp-block-image size-large\"><img loading=\"lazy\" decoding=\"async\" width=\"1024\" height=\"554\" src=\"https:\/\/walsermundart.ch\/wp-content\/uploads\/2021\/12\/Fuemm-alle-4-Schriften-red2-1024x554.jpg\" alt=\"\" class=\"wp-image-5228\" srcset=\"https:\/\/walsermundart.ch\/wp-content\/uploads\/2021\/12\/Fuemm-alle-4-Schriften-red2-1024x554.jpg 1024w, https:\/\/walsermundart.ch\/wp-content\/uploads\/2021\/12\/Fuemm-alle-4-Schriften-red2-300x162.jpg 300w, https:\/\/walsermundart.ch\/wp-content\/uploads\/2021\/12\/Fuemm-alle-4-Schriften-red2-768x415.jpg 768w, https:\/\/walsermundart.ch\/wp-content\/uploads\/2021\/12\/Fuemm-alle-4-Schriften-red2-1536x830.jpg 1536w, https:\/\/walsermundart.ch\/wp-content\/uploads\/2021\/12\/Fuemm-alle-4-Schriften-red2-2048x1107.jpg 2048w\" sizes=\"auto, (max-width: 1024px) 100vw, 1024px\" \/><\/figure>\n\n\n\n<figure class=\"wp-block-image size-full is-resized\"><a href=\"https:\/\/walsermundart.ch\/?page_id=399\"><img loading=\"lazy\" decoding=\"async\" src=\"https:\/\/walsermundart.ch\/wp-content\/uploads\/2022\/03\/Pfeil-zurueck-mini-1.jpg\" alt=\"\" class=\"wp-image-6871\" width=\"106\" height=\"68\"\/><\/a><\/figure>\n","protected":false},"excerpt":{"rendered":"<p>In unseren Bergd\u00f6rfern arbeiteten die Bewohner tagt\u00e4glich fleissig und unauff\u00e4llig, um das Notwendigste zum Unterhalt ihrer Familien beizutragen, ganz besonders die Frauen. Hatte der Mann&hellip;<\/p>\n","protected":false},"author":1,"featured_media":0,"parent":0,"menu_order":0,"comment_status":"closed","ping_status":"closed","template":"","meta":{"footnotes":""},"class_list":["post-5210","page","type-page","status-publish","hentry"],"_links":{"self":[{"href":"https:\/\/walsermundart.ch\/index.php?rest_route=\/wp\/v2\/pages\/5210","targetHints":{"allow":["GET"]}}],"collection":[{"href":"https:\/\/walsermundart.ch\/index.php?rest_route=\/wp\/v2\/pages"}],"about":[{"href":"https:\/\/walsermundart.ch\/index.php?rest_route=\/wp\/v2\/types\/page"}],"author":[{"embeddable":true,"href":"https:\/\/walsermundart.ch\/index.php?rest_route=\/wp\/v2\/users\/1"}],"replies":[{"embeddable":true,"href":"https:\/\/walsermundart.ch\/index.php?rest_route=%2Fwp%2Fv2%2Fcomments&post=5210"}],"version-history":[{"count":24,"href":"https:\/\/walsermundart.ch\/index.php?rest_route=\/wp\/v2\/pages\/5210\/revisions"}],"predecessor-version":[{"id":8082,"href":"https:\/\/walsermundart.ch\/index.php?rest_route=\/wp\/v2\/pages\/5210\/revisions\/8082"}],"wp:attachment":[{"href":"https:\/\/walsermundart.ch\/index.php?rest_route=%2Fwp%2Fv2%2Fmedia&parent=5210"}],"curies":[{"name":"wp","href":"https:\/\/api.w.org\/{rel}","templated":true}]}}