{"id":5348,"date":"2021-12-27T20:03:32","date_gmt":"2021-12-27T20:03:32","guid":{"rendered":"https:\/\/walsermundart.ch\/?page_id=5348"},"modified":"2022-08-08T08:24:03","modified_gmt":"2022-08-08T08:24:03","slug":"5-8-flurnamenkarte","status":"publish","type":"page","link":"https:\/\/walsermundart.ch\/?page_id=5348","title":{"rendered":"6.06 &#8211; Flurnamenkarte"},"content":{"rendered":"\n<figure class=\"wp-block-image size-full is-resized\"><a href=\"https:\/\/walsermundart.ch\/?page_id=399\"><img loading=\"lazy\" decoding=\"async\" src=\"https:\/\/walsermundart.ch\/wp-content\/uploads\/2022\/03\/Pfeil-zurueck-mini-1.jpg\" alt=\"\" class=\"wp-image-6871\" width=\"107\" height=\"69\"\/><\/a><\/figure>\n\n\n\n<p>Herausgeber: Verein f\u00fcr B\u00fcndner Kulturforschung, Walservereinigung Graub\u00fcnden<\/p>\n\n\n\n<figure class=\"wp-block-image size-large\"><img loading=\"lazy\" decoding=\"async\" width=\"727\" height=\"1024\" src=\"https:\/\/walsermundart.ch\/wp-content\/uploads\/2022\/01\/flurnamen-peist-titel-red-727x1024.jpg\" alt=\"\" class=\"wp-image-5439\" srcset=\"https:\/\/walsermundart.ch\/wp-content\/uploads\/2022\/01\/flurnamen-peist-titel-red-727x1024.jpg 727w, https:\/\/walsermundart.ch\/wp-content\/uploads\/2022\/01\/flurnamen-peist-titel-red-213x300.jpg 213w, https:\/\/walsermundart.ch\/wp-content\/uploads\/2022\/01\/flurnamen-peist-titel-red-768x1082.jpg 768w, https:\/\/walsermundart.ch\/wp-content\/uploads\/2022\/01\/flurnamen-peist-titel-red-1091x1536.jpg 1091w, https:\/\/walsermundart.ch\/wp-content\/uploads\/2022\/01\/flurnamen-peist-titel-red-1454x2048.jpg 1454w, https:\/\/walsermundart.ch\/wp-content\/uploads\/2022\/01\/flurnamen-peist-titel-red.jpg 1663w\" sizes=\"auto, (max-width: 727px) 100vw, 727px\" \/><\/figure>\n\n\n\n<p>Sinngem\u00e4ss aus dem Vorwort von Georg J\u00e4ger: Die meisten Namen werden heute nicht mehr aktiv gebraucht, sie konnten nur noch von wenigen Gew\u00e4hrspersonen lokalisiert werden. Viele sind romanischen Ursprungs, einige gehen in vorr\u00f6mische Zeiten zur\u00fcck.<\/p>\n\n\n\n<p>Den Gew\u00e4hrspersonen ist hoch anzurechnen, dass sie zum Gelingen des kleinen Werkes das Bestm\u00f6gliche beigetragen haben. Umfang: 394 Namen!<\/p>\n\n\n\n<p>Namen, die vor 1350 genannt werden, Wiesen in Marrosch, Turnatel, und Clapuz und einige Jahrzehnte sp\u00e4ter u.a. Tennil, Quadra pitschna, Saldour, Cristalta, Madoz, Arschillis finden sich auf der Peister Flurnamenkarte wieder. In der Brosch\u00fcre zur Karte wird auch der Herkunft der Namen nachgegangen, in einer Spalte, die in der folgenden Auswahl fehlt.<\/p>\n\n\n\n<figure class=\"wp-block-image size-full\"><img loading=\"lazy\" decoding=\"async\" width=\"693\" height=\"460\" src=\"https:\/\/walsermundart.ch\/wp-content\/uploads\/2022\/01\/Flurnamenkarte-Peist.jpg\" alt=\"\" class=\"wp-image-5452\" srcset=\"https:\/\/walsermundart.ch\/wp-content\/uploads\/2022\/01\/Flurnamenkarte-Peist.jpg 693w, https:\/\/walsermundart.ch\/wp-content\/uploads\/2022\/01\/Flurnamenkarte-Peist-300x199.jpg 300w\" sizes=\"auto, (max-width: 693px) 100vw, 693px\" \/><\/figure>\n\n\n\n<p>Arschillis <em>Artsch\u00e4ll\u00e4s <\/em>liegt westlich von Zal\u00fcania auf dem Gebiet von St. Peter und fehlt deshalb im Begleitheft. Aber auf der Karte ist der Name vorhanden, so auch Cuufa, Sotfanas, Fasatjun, Zarzull, Los, Z\u00e4l\u00e4z, Muschgel, Rell, Eilisch. Zu Langwies sind es weniger: Pirigen, Str\u00e4z\u00e4, Parfils, Pat\u00e4sch. Wiesen und Weiden an diesen Orten wurden auch von Peistern genutzt, sei es durch Heirat, Erbschaft oder Kauf.<\/p>\n\n\n\n<p>Die grossz\u00fcgige Karte bedeckt ausgelegt fast einen Stubentisch und ist mit Koordinaten und Nummern zu den 394 Namen versehen, so dass auch die verborgensten Namen schnell gefunden werden k\u00f6nnen.<\/p>\n\n\n\n<p>Bevor die Walser im Tal wohnten, waren keine Flurnamen deutsch. Jene alten Namen wurden im Laufe der Zeit so stark ver\u00e4ndert, dass man nicht mehr alle deuten kann. Hier folgen solche Namen, wie sie heute ausgesprochen werden. <\/p>\n\n\n\n<figure class=\"wp-block-audio\"><audio controls src=\"https:\/\/walsermundart.ch\/wp-content\/uploads\/2022\/01\/Flurnamen-Peist.mp3\"><\/audio><\/figure>\n\n\n<p>\u00c4g\u00e4rt\u00e4, Alaad, Alaagsch, An Gatiisch, Annisch\u00e4id\u00e4, Ardu\u00e4nt, Aar\u00e4l\u00e4, Arfiinis, Arflina Furgga, \u00c4rgg<u>\u00e4<\/u>r\u00e4ls, Arl<u>u<\/u>ns, \u00c4rp<u>\u00e4<\/u>r\u00e4ls, Arschaals, Ar\u00fcafa, Aschts, At<u>u<\/u>ns, Barg\u00f9ns, Bat<u>\u00e4<\/u>ni\u00e4br\u00fcggli, Caj<u>au<\/u>niseri, Caj<u>o<\/u>la, Calaufis, Calp\u00f9z, Camfaal, Cancaliinas, Cap\u00e4tsch, Carauscha, Carst<u>a<\/u>lta, Chluus, Cunggl, C\u00f9nt\u00e4r\u00e4, Falanaas, Falamsuus, Faslj\u00f9sch, Fatschool\u00e4, Fazaleng\u00e4, Gardaliin\u00e4, Garschili\u00e4 (Carschilia), Gartni\u00e4l, Gatiisch, Isla, Lag\u00e9nga, Lassiin, Mad\u00f9z, Maraan, Mar\u00f9tsch, Mass\u00e9lfa, Matluug, Mundaduura, Munt, Munzafiin, Nuufsch, Pan\u00eca, Pardi\u00e4l, Parf\u00ecls, Partuusa, Piirig\u00e4, Plandar<u>\u00e4<\/u>tsch, Pramr<u>ia<\/u>, Pr\u00e4tsch, Quad\u00e4r\u00e4, Rufin\u00e4tsch\u00e4, Salanaas, Salfatoort\u00e4, Sass\u00ec\u00e4l, Schpiin\u00e4, Tamiaal, Tanill, Tarn\u00e0tl, Vlnigg (Flnigg), Vrchluus\u00e4, Vasgr\u00e8schtis, Vasmunt, Vastoll, Zldau\u00e4r, Zlggoort, Zljoos, Zltrii\u00e4, Zal\u00fcanj\u00e4, Zrfaalt\u00e4.<\/p>\n\n\n<figure class=\"wp-block-image size-full is-resized\"><img loading=\"lazy\" decoding=\"async\" src=\"https:\/\/walsermundart.ch\/wp-content\/uploads\/2022\/01\/Arvinis-als-Flurname-im-Welschen-SO-10April2018.jpg\" alt=\"\" class=\"wp-image-5857\" width=\"382\" height=\"390\" srcset=\"https:\/\/walsermundart.ch\/wp-content\/uploads\/2022\/01\/Arvinis-als-Flurname-im-Welschen-SO-10April2018.jpg 729w, https:\/\/walsermundart.ch\/wp-content\/uploads\/2022\/01\/Arvinis-als-Flurname-im-Welschen-SO-10April2018-294x300.jpg 294w\" sizes=\"auto, (max-width: 382px) 100vw, 382px\" \/><figcaption>Arfinis? Hat dieses Arvinis eher mit Wein zu tun?<\/figcaption><\/figure>\n\n\n\n<figure class=\"wp-block-image size-full is-resized\"><a href=\"https:\/\/walsermundart.ch\/?page_id=399\"><img loading=\"lazy\" decoding=\"async\" src=\"https:\/\/walsermundart.ch\/wp-content\/uploads\/2022\/03\/Pfeil-zurueck-mini-1.jpg\" alt=\"\" class=\"wp-image-6871\" width=\"108\" height=\"70\"\/><\/a><\/figure>\n","protected":false},"excerpt":{"rendered":"<p>Herausgeber: Verein f\u00fcr B\u00fcndner Kulturforschung, Walservereinigung Graub\u00fcnden Sinngem\u00e4ss aus dem Vorwort von Georg J\u00e4ger: Die meisten Namen werden heute nicht mehr aktiv gebraucht, sie konnten&hellip;<\/p>\n","protected":false},"author":1,"featured_media":0,"parent":0,"menu_order":0,"comment_status":"closed","ping_status":"closed","template":"","meta":{"footnotes":""},"class_list":["post-5348","page","type-page","status-publish","hentry"],"_links":{"self":[{"href":"https:\/\/walsermundart.ch\/index.php?rest_route=\/wp\/v2\/pages\/5348","targetHints":{"allow":["GET"]}}],"collection":[{"href":"https:\/\/walsermundart.ch\/index.php?rest_route=\/wp\/v2\/pages"}],"about":[{"href":"https:\/\/walsermundart.ch\/index.php?rest_route=\/wp\/v2\/types\/page"}],"author":[{"embeddable":true,"href":"https:\/\/walsermundart.ch\/index.php?rest_route=\/wp\/v2\/users\/1"}],"replies":[{"embeddable":true,"href":"https:\/\/walsermundart.ch\/index.php?rest_route=%2Fwp%2Fv2%2Fcomments&post=5348"}],"version-history":[{"count":13,"href":"https:\/\/walsermundart.ch\/index.php?rest_route=\/wp\/v2\/pages\/5348\/revisions"}],"predecessor-version":[{"id":8081,"href":"https:\/\/walsermundart.ch\/index.php?rest_route=\/wp\/v2\/pages\/5348\/revisions\/8081"}],"wp:attachment":[{"href":"https:\/\/walsermundart.ch\/index.php?rest_route=%2Fwp%2Fv2%2Fmedia&parent=5348"}],"curies":[{"name":"wp","href":"https:\/\/api.w.org\/{rel}","templated":true}]}}