{"id":5770,"date":"2022-01-25T15:50:34","date_gmt":"2022-01-25T15:50:34","guid":{"rendered":"https:\/\/walsermundart.ch\/?page_id=5770"},"modified":"2022-08-08T13:13:27","modified_gmt":"2022-08-08T13:13:27","slug":"7-6-flurnamen","status":"publish","type":"page","link":"https:\/\/walsermundart.ch\/?page_id=5770","title":{"rendered":"7.06 &#8211; Flurnamen"},"content":{"rendered":"\n<figure class=\"wp-block-image size-full is-resized\"><a href=\"https:\/\/walsermundart.ch\/?page_id=3877\"><img loading=\"lazy\" decoding=\"async\" src=\"https:\/\/walsermundart.ch\/wp-content\/uploads\/2022\/03\/Pfeil-zurueck-mini-1.jpg\" alt=\"\" class=\"wp-image-6871\" width=\"108\" height=\"70\"\/><\/a><\/figure>\n\n\n\n<figure class=\"wp-block-image size-full\"><img loading=\"lazy\" decoding=\"async\" width=\"867\" height=\"799\" src=\"https:\/\/walsermundart.ch\/wp-content\/uploads\/2022\/01\/Luzein-Gemeinde-Karte-Grenzen-Ausschn-red.jpg\" alt=\"\" class=\"wp-image-5832\" srcset=\"https:\/\/walsermundart.ch\/wp-content\/uploads\/2022\/01\/Luzein-Gemeinde-Karte-Grenzen-Ausschn-red.jpg 867w, https:\/\/walsermundart.ch\/wp-content\/uploads\/2022\/01\/Luzein-Gemeinde-Karte-Grenzen-Ausschn-red-300x276.jpg 300w, https:\/\/walsermundart.ch\/wp-content\/uploads\/2022\/01\/Luzein-Gemeinde-Karte-Grenzen-Ausschn-red-768x708.jpg 768w\" sizes=\"auto, (max-width: 867px) 100vw, 867px\" \/><figcaption>rot: ungef\u00e4hrer Grenzverlauf; blaue Rechtecke: Kartenausschnitte hier unten<\/figcaption><\/figure>\n\n\n\n<p>Das Luzeiner Gemeindegebiet ist so gross, dass die Kartenausschnitte nur einen kleinen Teil davon zeigen k\u00f6nnen. Eine Auswahl der Flurnamen, die vor der Besiedlung durch die Walser vorhanden waren, ist vertont. Der Klang hat sich in den vielen Jahren wohl stark ver\u00e4ndert.<\/p>\n\n\n\n<figure class=\"wp-block-audio\"><audio controls src=\"https:\/\/walsermundart.ch\/wp-content\/uploads\/2022\/01\/Flurnamen-Luzein.mp3\"><\/audio><\/figure>\n\n\n<p><span style=\"color: #339966;\"><em>Karte 1 Bergm\u00e4hder: <\/em><\/span>Cal<u>o<\/u>ndis, Car<u>a<\/u>lseri, Promis<u>au<\/u>n. <span style=\"color: #339966;\"><em>Karte 2 Maiens\u00e4ss: <\/em><\/span>Crescht\u00e4, Runggal\u00e9z, Planar<u>i\u00e4<\/u>nd, R\u00e4c<u>\u00e4<\/u>li\u00e4. <span style=\"color: #339966;\"><em>Karte 3 Buchwald: <\/em><\/span>Motta, Fantan<u>au<\/u>s, Matr<u>au<\/u>fa, Malutt, M\u00e4l<u>i\u00e4<\/u>t, C\u00e4lim\u00f9nz, Schtrils, Carschiina, Schcams, Langr<u>au<\/u>s. <em><span style=\"color: #339966;\">Karte 4 Luzein:<\/span> <\/em>Pan\u00e4tsch, Fli\u00e4ss, Priif, Bulgg, Rasch<u>au<\/u>s, P\u00e4rs<u>\u00e4<\/u>ni\u00e4, Ggru\u00e4gg, Crescht\u00e4, Faurna, Qu<u>a<\/u>d\u00e4r\u00e4, Baargis, Mariis, Falaarsch, Laz\u00f9ngs, Talf\u00e0z\u00e4<\/p>\n\n\n<figure class=\"wp-block-image size-large\"><img loading=\"lazy\" decoding=\"async\" width=\"1024\" height=\"553\" src=\"https:\/\/walsermundart.ch\/wp-content\/uploads\/2022\/01\/Flurnamen-Luzein-Calondis-red-1024x553.jpg\" alt=\"\" class=\"wp-image-5778\" srcset=\"https:\/\/walsermundart.ch\/wp-content\/uploads\/2022\/01\/Flurnamen-Luzein-Calondis-red-1024x553.jpg 1024w, https:\/\/walsermundart.ch\/wp-content\/uploads\/2022\/01\/Flurnamen-Luzein-Calondis-red-300x162.jpg 300w, https:\/\/walsermundart.ch\/wp-content\/uploads\/2022\/01\/Flurnamen-Luzein-Calondis-red-768x415.jpg 768w, https:\/\/walsermundart.ch\/wp-content\/uploads\/2022\/01\/Flurnamen-Luzein-Calondis-red.jpg 1431w\" sizes=\"auto, (max-width: 1024px) 100vw, 1024px\" \/><\/figure>\n\n\n\n<figure class=\"wp-block-image size-large\"><img loading=\"lazy\" decoding=\"async\" width=\"1024\" height=\"463\" src=\"https:\/\/walsermundart.ch\/wp-content\/uploads\/2022\/01\/Flurnamen-Luzein-Maiensaess-red-1024x463.jpg\" alt=\"\" class=\"wp-image-5777\" srcset=\"https:\/\/walsermundart.ch\/wp-content\/uploads\/2022\/01\/Flurnamen-Luzein-Maiensaess-red-1024x463.jpg 1024w, https:\/\/walsermundart.ch\/wp-content\/uploads\/2022\/01\/Flurnamen-Luzein-Maiensaess-red-300x136.jpg 300w, https:\/\/walsermundart.ch\/wp-content\/uploads\/2022\/01\/Flurnamen-Luzein-Maiensaess-red-768x347.jpg 768w, https:\/\/walsermundart.ch\/wp-content\/uploads\/2022\/01\/Flurnamen-Luzein-Maiensaess-red.jpg 1442w\" sizes=\"auto, (max-width: 1024px) 100vw, 1024px\" \/><\/figure>\n\n\n\n<figure class=\"wp-block-image size-large\"><img loading=\"lazy\" decoding=\"async\" width=\"1024\" height=\"561\" src=\"https:\/\/walsermundart.ch\/wp-content\/uploads\/2022\/01\/Flurnamen-Luzein-Mittelberg-red-1024x561.jpg\" alt=\"\" class=\"wp-image-5775\" srcset=\"https:\/\/walsermundart.ch\/wp-content\/uploads\/2022\/01\/Flurnamen-Luzein-Mittelberg-red-1024x561.jpg 1024w, https:\/\/walsermundart.ch\/wp-content\/uploads\/2022\/01\/Flurnamen-Luzein-Mittelberg-red-300x164.jpg 300w, https:\/\/walsermundart.ch\/wp-content\/uploads\/2022\/01\/Flurnamen-Luzein-Mittelberg-red-768x421.jpg 768w, https:\/\/walsermundart.ch\/wp-content\/uploads\/2022\/01\/Flurnamen-Luzein-Mittelberg-red.jpg 1427w\" sizes=\"auto, (max-width: 1024px) 100vw, 1024px\" \/><\/figure>\n\n\n\n<figure class=\"wp-block-image size-large\"><img loading=\"lazy\" decoding=\"async\" width=\"1024\" height=\"574\" src=\"https:\/\/walsermundart.ch\/wp-content\/uploads\/2022\/01\/Flurnamen-Luzein-red-1024x574.jpg\" alt=\"\" class=\"wp-image-5776\" srcset=\"https:\/\/walsermundart.ch\/wp-content\/uploads\/2022\/01\/Flurnamen-Luzein-red-1024x574.jpg 1024w, https:\/\/walsermundart.ch\/wp-content\/uploads\/2022\/01\/Flurnamen-Luzein-red-300x168.jpg 300w, https:\/\/walsermundart.ch\/wp-content\/uploads\/2022\/01\/Flurnamen-Luzein-red-768x430.jpg 768w, https:\/\/walsermundart.ch\/wp-content\/uploads\/2022\/01\/Flurnamen-Luzein-red.jpg 1438w\" sizes=\"auto, (max-width: 1024px) 100vw, 1024px\" \/><figcaption><sup>Karten: https:\/\/map.geo.admin.ch\/<\/sup><\/figcaption><\/figure>\n\n\n\n<p>Manche Namen haben eine grosse \u00c4hnlichkeit mit jenen in Peist oder werden sogar gleich gesprochen, sowohl romanische wie deutsche: Quad\u00e4r\u00e4, Schpiina, Cresta\/Creschtaltarain, Fascreschtis, Bargun (Peist: Baarg\u00e4), Barguns, Zentgad\u00e4, Zngad\u00e4. <\/p>\n\n\n\n<figure class=\"wp-block-image size-full is-resized\"><a href=\"https:\/\/walsermundart.ch\/?page_id=3877\"><img loading=\"lazy\" decoding=\"async\" src=\"https:\/\/walsermundart.ch\/wp-content\/uploads\/2022\/03\/Pfeil-zurueck-mini-1.jpg\" alt=\"\" class=\"wp-image-6871\" width=\"109\" height=\"70\"\/><\/a><\/figure>\n","protected":false},"excerpt":{"rendered":"<p>Das Luzeiner Gemeindegebiet ist so gross, dass die Kartenausschnitte nur einen kleinen Teil davon zeigen k\u00f6nnen. Eine Auswahl der Flurnamen, die vor der Besiedlung durch&hellip;<\/p>\n","protected":false},"author":1,"featured_media":0,"parent":0,"menu_order":0,"comment_status":"closed","ping_status":"closed","template":"","meta":{"footnotes":""},"class_list":["post-5770","page","type-page","status-publish","hentry"],"_links":{"self":[{"href":"https:\/\/walsermundart.ch\/index.php?rest_route=\/wp\/v2\/pages\/5770","targetHints":{"allow":["GET"]}}],"collection":[{"href":"https:\/\/walsermundart.ch\/index.php?rest_route=\/wp\/v2\/pages"}],"about":[{"href":"https:\/\/walsermundart.ch\/index.php?rest_route=\/wp\/v2\/types\/page"}],"author":[{"embeddable":true,"href":"https:\/\/walsermundart.ch\/index.php?rest_route=\/wp\/v2\/users\/1"}],"replies":[{"embeddable":true,"href":"https:\/\/walsermundart.ch\/index.php?rest_route=%2Fwp%2Fv2%2Fcomments&post=5770"}],"version-history":[{"count":11,"href":"https:\/\/walsermundart.ch\/index.php?rest_route=\/wp\/v2\/pages\/5770\/revisions"}],"predecessor-version":[{"id":8113,"href":"https:\/\/walsermundart.ch\/index.php?rest_route=\/wp\/v2\/pages\/5770\/revisions\/8113"}],"wp:attachment":[{"href":"https:\/\/walsermundart.ch\/index.php?rest_route=%2Fwp%2Fv2%2Fmedia&parent=5770"}],"curies":[{"name":"wp","href":"https:\/\/api.w.org\/{rel}","templated":true}]}}