{"id":5934,"date":"2022-02-08T10:18:37","date_gmt":"2022-02-08T10:18:37","guid":{"rendered":"https:\/\/walsermundart.ch\/?page_id=5934"},"modified":"2022-08-08T08:48:06","modified_gmt":"2022-08-08T08:48:06","slug":"9-01-jahrbuch-1985","status":"publish","type":"page","link":"https:\/\/walsermundart.ch\/?page_id=5934","title":{"rendered":"6.33 &#8211; Tschiertschen und Praden"},"content":{"rendered":"\n<figure class=\"wp-block-image size-full is-resized\"><a href=\"https:\/\/walsermundart.ch\/?page_id=399\"><img loading=\"lazy\" decoding=\"async\" src=\"https:\/\/walsermundart.ch\/wp-content\/uploads\/2022\/03\/Pfeil-zurueck-mini-1.jpg\" alt=\"\" class=\"wp-image-6871\" width=\"107\" height=\"69\"\/><\/a><\/figure>\n\n\n\n<p><a href=\"https:\/\/www.walserverein-gr.ch\/index.php\/shop.html\" target=\"_blank\" rel=\"noreferrer noopener\">Shop &#8211; Walservereinigung (walserverein-gr.ch)<\/a><\/p>\n\n\n\n<p class=\"has-large-font-size\"><strong>Prader Hausgeschichten<\/strong> <\/p>\n\n\n\n<figure class=\"wp-block-image size-full\"><img loading=\"lazy\" decoding=\"async\" width=\"445\" height=\"638\" src=\"https:\/\/walsermundart.ch\/wp-content\/uploads\/2022\/02\/Prader-Hausgeschichten.jpg\" alt=\"\" class=\"wp-image-6071\" srcset=\"https:\/\/walsermundart.ch\/wp-content\/uploads\/2022\/02\/Prader-Hausgeschichten.jpg 445w, https:\/\/walsermundart.ch\/wp-content\/uploads\/2022\/02\/Prader-Hausgeschichten-209x300.jpg 209w\" sizes=\"auto, (max-width: 445px) 100vw, 445px\" \/><\/figure>\n\n\n\n<p>Die alten H\u00e4user und Familien, Aufl. 2020<\/p>\n\n\n\n<p><strong>Ruth Strassmann-St\u00f6ckli \/ Susanne M\u00fcller<\/strong><\/p>\n\n\n\n<div style=\"height:40px\" aria-hidden=\"true\" class=\"wp-block-spacer\"><\/div>\n\n\n\n<p class=\"has-large-font-size\"><strong>Tschiertscher Dialekt<\/strong><\/p>\n\n\n\n<figure class=\"wp-block-image size-full is-resized\"><img loading=\"lazy\" decoding=\"async\" src=\"https:\/\/walsermundart.ch\/wp-content\/uploads\/2022\/02\/Zapporthuette-Snipping-1.jpg\" alt=\"\" class=\"wp-image-6073\" width=\"404\" height=\"534\" srcset=\"https:\/\/walsermundart.ch\/wp-content\/uploads\/2022\/02\/Zapporthuette-Snipping-1.jpg 588w, https:\/\/walsermundart.ch\/wp-content\/uploads\/2022\/02\/Zapporthuette-Snipping-1-227x300.jpg 227w\" sizes=\"auto, (max-width: 404px) 100vw, 404px\" \/><\/figure>\n\n\n\n<p>Anita Engi: <strong>Willkomm\u00e4 in der Zapporth\u00fctt\u00e4 (mit CD!)<\/strong><\/p>\n\n\n\n<p>Walser Dialekttexte der Gegenwart (Mundart von Tschiertschen)<\/p>\n\n\n\n<figure class=\"wp-block-image size-full is-resized\"><a href=\"https:\/\/walsermundart.ch\/?page_id=399\"><img loading=\"lazy\" decoding=\"async\" src=\"https:\/\/walsermundart.ch\/wp-content\/uploads\/2022\/03\/Pfeil-zurueck-mini-1.jpg\" alt=\"\" class=\"wp-image-6871\" width=\"106\" height=\"68\"\/><\/a><\/figure>\n","protected":false},"excerpt":{"rendered":"<p>Shop &#8211; Walservereinigung (walserverein-gr.ch) Prader Hausgeschichten Die alten H\u00e4user und Familien, Aufl. 2020 Ruth Strassmann-St\u00f6ckli \/ Susanne M\u00fcller Tschiertscher Dialekt Anita Engi: Willkomm\u00e4 in der&hellip;<\/p>\n","protected":false},"author":1,"featured_media":0,"parent":0,"menu_order":0,"comment_status":"closed","ping_status":"closed","template":"","meta":{"footnotes":""},"class_list":["post-5934","page","type-page","status-publish","hentry"],"_links":{"self":[{"href":"https:\/\/walsermundart.ch\/index.php?rest_route=\/wp\/v2\/pages\/5934","targetHints":{"allow":["GET"]}}],"collection":[{"href":"https:\/\/walsermundart.ch\/index.php?rest_route=\/wp\/v2\/pages"}],"about":[{"href":"https:\/\/walsermundart.ch\/index.php?rest_route=\/wp\/v2\/types\/page"}],"author":[{"embeddable":true,"href":"https:\/\/walsermundart.ch\/index.php?rest_route=\/wp\/v2\/users\/1"}],"replies":[{"embeddable":true,"href":"https:\/\/walsermundart.ch\/index.php?rest_route=%2Fwp%2Fv2%2Fcomments&post=5934"}],"version-history":[{"count":18,"href":"https:\/\/walsermundart.ch\/index.php?rest_route=\/wp\/v2\/pages\/5934\/revisions"}],"predecessor-version":[{"id":8102,"href":"https:\/\/walsermundart.ch\/index.php?rest_route=\/wp\/v2\/pages\/5934\/revisions\/8102"}],"wp:attachment":[{"href":"https:\/\/walsermundart.ch\/index.php?rest_route=%2Fwp%2Fv2%2Fmedia&parent=5934"}],"curies":[{"name":"wp","href":"https:\/\/api.w.org\/{rel}","templated":true}]}}