{"id":5981,"date":"2022-02-09T15:33:44","date_gmt":"2022-02-09T15:33:44","guid":{"rendered":"https:\/\/walsermundart.ch\/?page_id=5981"},"modified":"2022-08-08T08:45:46","modified_gmt":"2022-08-08T08:45:46","slug":"9-09-die-kirche-zu-st-peter","status":"publish","type":"page","link":"https:\/\/walsermundart.ch\/?page_id=5981","title":{"rendered":"6.31 &#8211; Die Kirche zu St. Peter"},"content":{"rendered":"\n<figure class=\"wp-block-image size-full is-resized\"><a href=\"https:\/\/walsermundart.ch\/?page_id=399\"><img loading=\"lazy\" decoding=\"async\" src=\"https:\/\/walsermundart.ch\/wp-content\/uploads\/2022\/03\/Pfeil-zurueck-mini-1.jpg\" alt=\"\" class=\"wp-image-6871\" width=\"106\" height=\"68\"\/><\/a><\/figure>\n\n\n\n<p>Pfarrer Albert Frigg hat 1989 das Buch <strong>Die evangelische Talschaftskirche zu St. Peter im Schanfigg<\/strong> herausgegeben, aus Liebe zum Bau, den Gem\u00e4lden und der Orgel, auf eigene Kosten!<\/p>\n\n\n\n<figure class=\"wp-block-image size-large is-resized\"><img loading=\"lazy\" decoding=\"async\" src=\"https:\/\/walsermundart.ch\/wp-content\/uploads\/2022\/02\/Schanfigg-Frigg-red-738x1024.jpg\" alt=\"\" class=\"wp-image-5982\" width=\"610\" height=\"846\" srcset=\"https:\/\/walsermundart.ch\/wp-content\/uploads\/2022\/02\/Schanfigg-Frigg-red-738x1024.jpg 738w, https:\/\/walsermundart.ch\/wp-content\/uploads\/2022\/02\/Schanfigg-Frigg-red-216x300.jpg 216w, https:\/\/walsermundart.ch\/wp-content\/uploads\/2022\/02\/Schanfigg-Frigg-red-768x1065.jpg 768w, https:\/\/walsermundart.ch\/wp-content\/uploads\/2022\/02\/Schanfigg-Frigg-red.jpg 1044w\" sizes=\"auto, (max-width: 610px) 100vw, 610px\" \/><\/figure>\n\n\n\n<p>Im Zuge einer umfassenden Kirchenrenovation wurde Augusto Giacometti 1925 um einen Vorschlag f\u00fcr ein Glasfenster gebeten. Der K\u00fcnstler war sehr besch\u00e4ftigt, hier seine Antwort:<\/p>\n\n\n\n<figure class=\"wp-block-image size-large\"><img loading=\"lazy\" decoding=\"async\" width=\"669\" height=\"1024\" src=\"https:\/\/walsermundart.ch\/wp-content\/uploads\/2022\/02\/giacometti-Brief-1925-red-669x1024.jpg\" alt=\"\" class=\"wp-image-5983\" srcset=\"https:\/\/walsermundart.ch\/wp-content\/uploads\/2022\/02\/giacometti-Brief-1925-red-669x1024.jpg 669w, https:\/\/walsermundart.ch\/wp-content\/uploads\/2022\/02\/giacometti-Brief-1925-red-196x300.jpg 196w, https:\/\/walsermundart.ch\/wp-content\/uploads\/2022\/02\/giacometti-Brief-1925-red-768x1175.jpg 768w, https:\/\/walsermundart.ch\/wp-content\/uploads\/2022\/02\/giacometti-Brief-1925-red-1004x1536.jpg 1004w, https:\/\/walsermundart.ch\/wp-content\/uploads\/2022\/02\/giacometti-Brief-1925-red.jpg 1293w\" sizes=\"auto, (max-width: 669px) 100vw, 669px\" \/><\/figure>\n\n\n\n<p>Das Chorfenster mit der Glasmalerei hat schliesslich Giuseppe Scartazzini verwirklicht. Frigg schreibt zu der grossformatigen Fotografie in seinem Buch: In der Talschaftskirche zu St. Peter in kostbarer Glasmalerei von einem B\u00fcndner K\u00fcnstler festgehalten: Szenen aus dem Leben des Apostels Petrus, des urspr\u00fcnglichen Schutzpatrons der SCANAVICO ECCLESIA.<\/p>\n\n\n\n<figure class=\"wp-block-image size-full is-resized\"><a href=\"https:\/\/walsermundart.ch\/?page_id=399\"><img loading=\"lazy\" decoding=\"async\" src=\"https:\/\/walsermundart.ch\/wp-content\/uploads\/2022\/03\/Pfeil-zurueck-mini-1.jpg\" alt=\"\" class=\"wp-image-6871\" width=\"106\" height=\"68\"\/><\/a><\/figure>\n","protected":false},"excerpt":{"rendered":"<p>Pfarrer Albert Frigg hat 1989 das Buch Die evangelische Talschaftskirche zu St. Peter im Schanfigg herausgegeben, aus Liebe zum Bau, den Gem\u00e4lden und der Orgel,&hellip;<\/p>\n","protected":false},"author":1,"featured_media":0,"parent":0,"menu_order":0,"comment_status":"closed","ping_status":"closed","template":"","meta":{"footnotes":""},"class_list":["post-5981","page","type-page","status-publish","hentry"],"_links":{"self":[{"href":"https:\/\/walsermundart.ch\/index.php?rest_route=\/wp\/v2\/pages\/5981","targetHints":{"allow":["GET"]}}],"collection":[{"href":"https:\/\/walsermundart.ch\/index.php?rest_route=\/wp\/v2\/pages"}],"about":[{"href":"https:\/\/walsermundart.ch\/index.php?rest_route=\/wp\/v2\/types\/page"}],"author":[{"embeddable":true,"href":"https:\/\/walsermundart.ch\/index.php?rest_route=\/wp\/v2\/users\/1"}],"replies":[{"embeddable":true,"href":"https:\/\/walsermundart.ch\/index.php?rest_route=%2Fwp%2Fv2%2Fcomments&post=5981"}],"version-history":[{"count":6,"href":"https:\/\/walsermundart.ch\/index.php?rest_route=\/wp\/v2\/pages\/5981\/revisions"}],"predecessor-version":[{"id":8099,"href":"https:\/\/walsermundart.ch\/index.php?rest_route=\/wp\/v2\/pages\/5981\/revisions\/8099"}],"wp:attachment":[{"href":"https:\/\/walsermundart.ch\/index.php?rest_route=%2Fwp%2Fv2%2Fmedia&parent=5981"}],"curies":[{"name":"wp","href":"https:\/\/api.w.org\/{rel}","templated":true}]}}