{"id":5989,"date":"2022-02-10T09:25:04","date_gmt":"2022-02-10T09:25:04","guid":{"rendered":"https:\/\/walsermundart.ch\/?page_id=5989"},"modified":"2022-08-08T08:35:39","modified_gmt":"2022-08-08T08:35:39","slug":"9-03-bsatzig","status":"publish","type":"page","link":"https:\/\/walsermundart.ch\/?page_id=5989","title":{"rendered":"6.23 &#8211; Bsatzig"},"content":{"rendered":"\n<figure class=\"wp-block-image size-full is-resized\"><a href=\"https:\/\/walsermundart.ch\/?page_id=399\"><img loading=\"lazy\" decoding=\"async\" src=\"https:\/\/walsermundart.ch\/wp-content\/uploads\/2022\/03\/Pfeil-zurueck-mini-1.jpg\" alt=\"\" class=\"wp-image-6871\" width=\"107\" height=\"69\"\/><\/a><\/figure>\n\n\n\n<p>\u00c4mterbesetzung in den Kreisen laut Kantonsverfassung<\/p>\n\n\n\n<p>Die Bsatzig fand seit 1851 erst zwei-, dann drei- und zuletzt vierj\u00e4hrlich (entsprechend der Verl\u00e4ngerung der Legislaturperioden des Grossen Rates) am ersten Sonntag im Mai in <a href=\"https:\/\/de.wikipedia.org\/wiki\/St._Peter_GR\">St.&nbsp;Peter<\/a> auf der Wiese seitlich neben der <a href=\"https:\/\/de.wikipedia.org\/wiki\/Reformierte_Kirche_St._Peter_(Schanfigg)\">Dorfkirche<\/a> statt. Gew\u00e4hlt wurden der Landammann, das Kreisgericht, der Vermittler und der\/die Abgeordneten in den Grossen Rat.<\/p>\n\n\n\n<p>Arosa wurde nach Jahrhunderten der Zugeh\u00f6rigkeit zu Davos anno 1851 dem Kreis Schanfigg zugeteilt, genau gleich wie das ehemals selbstst\u00e4ndige Gericht Langwies. Der Haupt- und Gerichtsort des neuen Kreises Schanfigg wurde St. Peter.<\/p>\n\n\n\n<p>Tschiertschen und Praden geh\u00f6rten seit 1851 zum Kreis Churwalden und hatten ihre Landsgemeinde dort. Auf den 1. Januar 2016 wurden die B\u00fcndner Wahlkreise abgeschafft. Seither gibt es die Bsatzig nicht mehr.<\/p>\n\n\n\n<p>Der Castieler Sebastian Pieth erz\u00e4hlt 1926 von der Schanfigger Psatzig (B\u00fcndner Walser erz\u00e4hlen, CD der Walservereinigung). Hier einige S\u00e4tze gek\u00fcrzt und in Schriftdeutsch: Schon zu Beginn des Jahres werden in den Familien Vorbereitungen getroffen, denn alle kleinen Kinder m\u00fcssen neu eingekleidet werden. Die der Schule entwachsenen M\u00e4dchen erhalten zwei neue Kleider, eines f\u00fcr den Psatzig Sonntag und eines f\u00fcr den Psatzig Montag. Auch die Erwachsenen m\u00fcssen neue Kleider haben. Es geht nicht um die Sch\u00f6nheit, sondern um den Reichtum.<\/p>\n\n\n\n<p>Am Sonntag versammelt sich das Volk vom Ausser- und Innerschanfigg in St. Peter auf dem Wahlplatz, wo die M\u00e4nner das Gericht best\u00e4tigen bzw. neu w\u00e4hlen. Anschliessend wird in einem Gasthaus zu Mittag gegessen oder man isst das Mitgebrachte aus dem Psatzigp\u00fcntel. Nun begibt man sich auf den Tanzplatz hoch \u00fcber St. Peter, wo Musikkapellen zum Tanz aufspielen.<\/p>\n\n\n\n<figure class=\"wp-block-image size-large\"><img loading=\"lazy\" decoding=\"async\" width=\"1024\" height=\"706\" src=\"https:\/\/walsermundart.ch\/wp-content\/uploads\/2022\/02\/Bsatzig-Wahlen-vor-1933-1024x706.jpg\" alt=\"\" class=\"wp-image-6158\" srcset=\"https:\/\/walsermundart.ch\/wp-content\/uploads\/2022\/02\/Bsatzig-Wahlen-vor-1933-1024x706.jpg 1024w, https:\/\/walsermundart.ch\/wp-content\/uploads\/2022\/02\/Bsatzig-Wahlen-vor-1933-300x207.jpg 300w, https:\/\/walsermundart.ch\/wp-content\/uploads\/2022\/02\/Bsatzig-Wahlen-vor-1933-768x529.jpg 768w, https:\/\/walsermundart.ch\/wp-content\/uploads\/2022\/02\/Bsatzig-Wahlen-vor-1933.jpg 1043w\" sizes=\"auto, (max-width: 1024px) 100vw, 1024px\" \/><\/figure>\n\n\n\n<p>Foto: Im Hintergrund sieht man die Peister Musikgesellschaft uniformiert und mit ihren Instrumenten. Die Aufnahme entstand vor 1934, denn nach 1933 trat die Musikgesellschaft nicht mehr auf. Eine kurze Zeit ab 1957 wurde wieder gespielt, doch die Proben und Auftritte versandeten bald.<\/p>\n\n\n\n<figure class=\"wp-block-image size-full is-resized\"><img loading=\"lazy\" decoding=\"async\" src=\"https:\/\/walsermundart.ch\/wp-content\/uploads\/2022\/02\/Bsatzig-Frauen.jpg\" alt=\"\" class=\"wp-image-6159\" width=\"512\" height=\"463\" srcset=\"https:\/\/walsermundart.ch\/wp-content\/uploads\/2022\/02\/Bsatzig-Frauen.jpg 846w, https:\/\/walsermundart.ch\/wp-content\/uploads\/2022\/02\/Bsatzig-Frauen-300x272.jpg 300w, https:\/\/walsermundart.ch\/wp-content\/uploads\/2022\/02\/Bsatzig-Frauen-768x695.jpg 768w\" sizes=\"auto, (max-width: 512px) 100vw, 512px\" \/><figcaption>Die Frauen hatten damals noch kein Stimmrecht und mussten sich mit Zusehen begn\u00fcgen.<\/figcaption><\/figure>\n\n\n\n<p>In den F\u00fcnfzigerjahren stellten St. Peter, Pagig und Molinis die eine von zwei Musikkapellen, Peist die andere. F\u00fcr deren Entl\u00f6hnung, den Bau der B\u00fchnen und das Aufstellen von Tischen und B\u00e4nken waren die Ledig\u00e4 zust\u00e4ndig und verantwortlich.<\/p>\n\n\n\n<figure class=\"wp-block-image size-large is-resized\"><img loading=\"lazy\" decoding=\"async\" src=\"https:\/\/walsermundart.ch\/wp-content\/uploads\/2022\/02\/Bsatzig-neben-Tanzbuehne-1024x685.jpg\" alt=\"\" class=\"wp-image-6161\" width=\"664\" height=\"443\" srcset=\"https:\/\/walsermundart.ch\/wp-content\/uploads\/2022\/02\/Bsatzig-neben-Tanzbuehne-1024x685.jpg 1024w, https:\/\/walsermundart.ch\/wp-content\/uploads\/2022\/02\/Bsatzig-neben-Tanzbuehne-300x201.jpg 300w, https:\/\/walsermundart.ch\/wp-content\/uploads\/2022\/02\/Bsatzig-neben-Tanzbuehne-768x514.jpg 768w, https:\/\/walsermundart.ch\/wp-content\/uploads\/2022\/02\/Bsatzig-neben-Tanzbuehne.jpg 1122w\" sizes=\"auto, (max-width: 664px) 100vw, 664px\" \/><\/figure>\n\n\n\n<p>In der Nacht vom Sonntag auf den Montag spielte die Peister Kapelle in Peist auf, die andere in St. Peter. Am Montagnachmittag ging der Tanz auf den B\u00fchnen \u00fcber St. Peter weiter, in der Nacht auf den Dienstag wieder in den zwei Gemeinden. Wer bis in die Morgenstunden durchgetanzt hatte, war am Dienstagmorgen nach zwei Frein\u00e4chten kaum mehr imstande, den Haushalt zu machen oder eine Kuh zu melken, geschweige denn an einer Schule in Chur dem Unterricht zu folgen.<\/p>\n\n\n\n<figure class=\"wp-block-image size-large\"><img loading=\"lazy\" decoding=\"async\" width=\"1024\" height=\"714\" src=\"https:\/\/walsermundart.ch\/wp-content\/uploads\/2022\/02\/Bsatzig-vor-1933-1024x714.jpg\" alt=\"\" class=\"wp-image-6162\" srcset=\"https:\/\/walsermundart.ch\/wp-content\/uploads\/2022\/02\/Bsatzig-vor-1933-1024x714.jpg 1024w, https:\/\/walsermundart.ch\/wp-content\/uploads\/2022\/02\/Bsatzig-vor-1933-300x209.jpg 300w, https:\/\/walsermundart.ch\/wp-content\/uploads\/2022\/02\/Bsatzig-vor-1933-768x535.jpg 768w, https:\/\/walsermundart.ch\/wp-content\/uploads\/2022\/02\/Bsatzig-vor-1933.jpg 1151w\" sizes=\"auto, (max-width: 1024px) 100vw, 1024px\" \/><figcaption>Die Musikanten machen Pause.<\/figcaption><\/figure>\n\n\n\n<p>In Erinnerung an die jahrhundertelange eigene Gerichtsbarkeit hatte Langwies eine Woche sp\u00e4ter eine eigene Bsatzig, an welcher aber nur mehr die eigene Gemeindebeh\u00f6rde gew\u00e4hlt wurde. Die Feierlichkeiten erstreckten sich ebenfalls \u00fcber zwei Tage und N\u00e4chte! <\/p>\n\n\n\n<p>G. und M. Mattli schreiben zur Schanfigger Bsatzig in St. Peter ausf\u00fchrlich im Buch <strong>Vom B\u00fcndnervolk und B\u00fcndnerland<\/strong> von Jos. Hartmann, Kantonaler Lehrmittelverlag Graub\u00fcnden 1958. In diesem Buch erfahren wir viel Wissenswertes, beispielsweise zum Handwerk in Graub\u00fcnden (Die Peister Meister u.a.).<\/p>\n\n\n\n<figure class=\"wp-block-image size-full is-resized\"><a href=\"https:\/\/walsermundart.ch\/?page_id=399\"><img loading=\"lazy\" decoding=\"async\" src=\"https:\/\/walsermundart.ch\/wp-content\/uploads\/2022\/03\/Pfeil-zurueck-mini-1.jpg\" alt=\"\" class=\"wp-image-6871\" width=\"105\" height=\"68\"\/><\/a><\/figure>\n","protected":false},"excerpt":{"rendered":"<p>\u00c4mterbesetzung in den Kreisen laut Kantonsverfassung Die Bsatzig fand seit 1851 erst zwei-, dann drei- und zuletzt vierj\u00e4hrlich (entsprechend der Verl\u00e4ngerung der Legislaturperioden des Grossen&hellip;<\/p>\n","protected":false},"author":1,"featured_media":0,"parent":0,"menu_order":0,"comment_status":"closed","ping_status":"closed","template":"","meta":{"footnotes":""},"class_list":["post-5989","page","type-page","status-publish","hentry"],"_links":{"self":[{"href":"https:\/\/walsermundart.ch\/index.php?rest_route=\/wp\/v2\/pages\/5989","targetHints":{"allow":["GET"]}}],"collection":[{"href":"https:\/\/walsermundart.ch\/index.php?rest_route=\/wp\/v2\/pages"}],"about":[{"href":"https:\/\/walsermundart.ch\/index.php?rest_route=\/wp\/v2\/types\/page"}],"author":[{"embeddable":true,"href":"https:\/\/walsermundart.ch\/index.php?rest_route=\/wp\/v2\/users\/1"}],"replies":[{"embeddable":true,"href":"https:\/\/walsermundart.ch\/index.php?rest_route=%2Fwp%2Fv2%2Fcomments&post=5989"}],"version-history":[{"count":6,"href":"https:\/\/walsermundart.ch\/index.php?rest_route=\/wp\/v2\/pages\/5989\/revisions"}],"predecessor-version":[{"id":8091,"href":"https:\/\/walsermundart.ch\/index.php?rest_route=\/wp\/v2\/pages\/5989\/revisions\/8091"}],"wp:attachment":[{"href":"https:\/\/walsermundart.ch\/index.php?rest_route=%2Fwp%2Fv2%2Fmedia&parent=5989"}],"curies":[{"name":"wp","href":"https:\/\/api.w.org\/{rel}","templated":true}]}}