{"id":5993,"date":"2022-02-10T09:30:20","date_gmt":"2022-02-10T09:30:20","guid":{"rendered":"https:\/\/walsermundart.ch\/?page_id=5993"},"modified":"2022-08-08T08:36:57","modified_gmt":"2022-08-08T08:36:57","slug":"9-05-gemeindefusionen","status":"publish","type":"page","link":"https:\/\/walsermundart.ch\/?page_id=5993","title":{"rendered":"6.24 &#8211; Gemeindefusionen"},"content":{"rendered":"\n<figure class=\"wp-block-image size-full is-resized\"><a href=\"https:\/\/walsermundart.ch\/?page_id=399\"><img loading=\"lazy\" decoding=\"async\" src=\"https:\/\/walsermundart.ch\/wp-content\/uploads\/2022\/03\/Pfeil-zurueck-mini-1.jpg\" alt=\"\" class=\"wp-image-6871\" width=\"109\" height=\"70\"\/><\/a><\/figure>\n\n\n\n<p class=\"has-large-font-size\">Fusion mit Arosa, mit Chur oder selbstst\u00e4ndig bleiben?<\/p>\n\n\n\n<p>Die kleinen Schanfigger Gemeinden hatten in den letzten Jahrzehnten immer mehr M\u00fche, ihre Beh\u00f6rden zu besetzen. So kamen vielen Einwohnern die Bestrebungen des Kantons gelegen, mit Beitr\u00e4gen Gemeindefusionen zu f\u00f6rdern. Es gab aber auch betr\u00e4chtlichen Widerstand, denn die Bef\u00fcrchtungen waren nicht unberechtigt, in einer Grossgemeinde unterzugehen und an Identit\u00e4t zu verlieren. <\/p>\n\n\n\n<figure class=\"wp-block-image size-full\"><img loading=\"lazy\" decoding=\"async\" width=\"827\" height=\"626\" src=\"https:\/\/walsermundart.ch\/wp-content\/uploads\/2022\/02\/Schanfigg-Gemeinden-bearb2-red-1.jpg\" alt=\"\" class=\"wp-image-6025\" srcset=\"https:\/\/walsermundart.ch\/wp-content\/uploads\/2022\/02\/Schanfigg-Gemeinden-bearb2-red-1.jpg 827w, https:\/\/walsermundart.ch\/wp-content\/uploads\/2022\/02\/Schanfigg-Gemeinden-bearb2-red-1-300x227.jpg 300w, https:\/\/walsermundart.ch\/wp-content\/uploads\/2022\/02\/Schanfigg-Gemeinden-bearb2-red-1-768x581.jpg 768w\" sizes=\"auto, (max-width: 827px) 100vw, 827px\" \/><\/figure>\n\n\n\n<p>Mit Ausnahme von Maladers entschieden sich die Gemeinden auf der rechten Talseite, sich Arosa anzuschliessen. In Calfreisen hing die Zustimmung zur Fusion an einer einzigen Stimme. So bilden seit dem 1. Januar 2013 die farbig hervorgehobenen Ortschaften die neue Gemeinde Arosa.<\/p>\n\n\n\n<p><strong>Maladers <\/strong>hat auf den 1. Januar 2020 mit Chur fusioniert.<\/p>\n\n\n\n<p><strong>Tschiertschen-Praden<\/strong> wollten ihre Selbstst\u00e4ndigkeit nicht aufgeben und bilden wie bisher eine politische Gemeinde.<\/p>\n\n\n\n<p>Ohne den guten Willen der Abstimmenden und W\u00e4hlenden der Ortschaft Arosa bzw. Chur, haben die Stimmen der kleinen Ortschaften nur noch eine geringe Bedeutung. Die folgende Grafik soll dies f\u00fcr Arosa veranschaulichen.<\/p>\n\n\n\n<figure class=\"wp-block-image size-full\"><img loading=\"lazy\" decoding=\"async\" width=\"827\" height=\"591\" src=\"https:\/\/walsermundart.ch\/wp-content\/uploads\/2022\/02\/Schanfigg-Bevoelkerungszahl-Arosa-Grafik-fertig.jpg\" alt=\"\" class=\"wp-image-6017\" srcset=\"https:\/\/walsermundart.ch\/wp-content\/uploads\/2022\/02\/Schanfigg-Bevoelkerungszahl-Arosa-Grafik-fertig.jpg 827w, https:\/\/walsermundart.ch\/wp-content\/uploads\/2022\/02\/Schanfigg-Bevoelkerungszahl-Arosa-Grafik-fertig-300x214.jpg 300w, https:\/\/walsermundart.ch\/wp-content\/uploads\/2022\/02\/Schanfigg-Bevoelkerungszahl-Arosa-Grafik-fertig-768x549.jpg 768w\" sizes=\"auto, (max-width: 827px) 100vw, 827px\" \/><\/figure>\n\n\n\n<p>Die Anzahl Bewohner jeder einzelnen Ortschaft ist der Aroser Zeitung vom 19. November 2021 entnommen. Stimm- und wahlberechtigt sind es weniger, besonders in der Tourismusortschaft Arosa.<\/p>\n\n\n\n<figure class=\"wp-block-image size-full is-resized\"><a href=\"https:\/\/walsermundart.ch\/?page_id=399\"><img loading=\"lazy\" decoding=\"async\" src=\"https:\/\/walsermundart.ch\/wp-content\/uploads\/2022\/03\/Pfeil-zurueck-mini-1.jpg\" alt=\"\" class=\"wp-image-6871\" width=\"106\" height=\"68\"\/><\/a><\/figure>\n","protected":false},"excerpt":{"rendered":"<p>Fusion mit Arosa, mit Chur oder selbstst\u00e4ndig bleiben? Die kleinen Schanfigger Gemeinden hatten in den letzten Jahrzehnten immer mehr M\u00fche, ihre Beh\u00f6rden zu besetzen. So&hellip;<\/p>\n","protected":false},"author":1,"featured_media":0,"parent":0,"menu_order":0,"comment_status":"closed","ping_status":"closed","template":"","meta":{"footnotes":""},"class_list":["post-5993","page","type-page","status-publish","hentry"],"_links":{"self":[{"href":"https:\/\/walsermundart.ch\/index.php?rest_route=\/wp\/v2\/pages\/5993","targetHints":{"allow":["GET"]}}],"collection":[{"href":"https:\/\/walsermundart.ch\/index.php?rest_route=\/wp\/v2\/pages"}],"about":[{"href":"https:\/\/walsermundart.ch\/index.php?rest_route=\/wp\/v2\/types\/page"}],"author":[{"embeddable":true,"href":"https:\/\/walsermundart.ch\/index.php?rest_route=\/wp\/v2\/users\/1"}],"replies":[{"embeddable":true,"href":"https:\/\/walsermundart.ch\/index.php?rest_route=%2Fwp%2Fv2%2Fcomments&post=5993"}],"version-history":[{"count":11,"href":"https:\/\/walsermundart.ch\/index.php?rest_route=\/wp\/v2\/pages\/5993\/revisions"}],"predecessor-version":[{"id":8092,"href":"https:\/\/walsermundart.ch\/index.php?rest_route=\/wp\/v2\/pages\/5993\/revisions\/8092"}],"wp:attachment":[{"href":"https:\/\/walsermundart.ch\/index.php?rest_route=%2Fwp%2Fv2%2Fmedia&parent=5993"}],"curies":[{"name":"wp","href":"https:\/\/api.w.org\/{rel}","templated":true}]}}