{"id":6030,"date":"2022-02-14T09:18:28","date_gmt":"2022-02-14T09:18:28","guid":{"rendered":"https:\/\/walsermundart.ch\/?page_id=6030"},"modified":"2022-08-08T13:17:41","modified_gmt":"2022-08-08T13:17:41","slug":"9-12-woerter-und-geschichten","status":"publish","type":"page","link":"https:\/\/walsermundart.ch\/?page_id=6030","title":{"rendered":"7.21 &#8211; W\u00f6rter und Geschichten"},"content":{"rendered":"\n<figure class=\"wp-block-image size-full is-resized\"><a href=\"https:\/\/walsermundart.ch\/?page_id=3877\"><img loading=\"lazy\" decoding=\"async\" src=\"https:\/\/walsermundart.ch\/wp-content\/uploads\/2022\/03\/Pfeil-zurueck-mini-1.jpg\" alt=\"\" class=\"wp-image-6871\" width=\"107\" height=\"69\"\/><\/a><\/figure>\n\n\n\n<p>Ein unersetzliches Buch, bestehend aus einem W\u00f6rterbuch und einem Geschichtenteil. Die Autorinnen und Autoren haben hier ein einmaliges Werk geschaffen. Die verschiedenen Dialekte von Klosters bis Seewis in einem W\u00f6rterbuch unter einen Hut zu bringen, war eine herausfordernde Aufgabe. Zu den Geschichten liegt eine CD bei!<\/p>\n\n\n\n<figure class=\"wp-block-image size-full is-resized\"><img loading=\"lazy\" decoding=\"async\" src=\"https:\/\/walsermundart.ch\/wp-content\/uploads\/2022\/02\/Praettigauer-Dialekt-Geschichten.jpg\" alt=\"\" class=\"wp-image-6084\" width=\"552\" height=\"531\" srcset=\"https:\/\/walsermundart.ch\/wp-content\/uploads\/2022\/02\/Praettigauer-Dialekt-Geschichten.jpg 859w, https:\/\/walsermundart.ch\/wp-content\/uploads\/2022\/02\/Praettigauer-Dialekt-Geschichten-300x289.jpg 300w, https:\/\/walsermundart.ch\/wp-content\/uploads\/2022\/02\/Praettigauer-Dialekt-Geschichten-768x739.jpg 768w\" sizes=\"auto, (max-width: 552px) 100vw, 552px\" \/><\/figure>\n\n\n\n<p><a href=\"https:\/\/www.drucki.ch\/de\/buechershop\">https:\/\/www.drucki.ch\/de\/buechershop<\/a><\/p>\n\n\n\n<p class=\"has-large-font-size\"><strong>L\u00e4sibl\u00fcescht, Pr\u00e4ttigauer und Davoser Dialekttekte aus 159 Jahren<\/strong><\/p>\n\n\n\n<figure class=\"wp-block-image size-full is-resized\"><img loading=\"lazy\" decoding=\"async\" src=\"https:\/\/walsermundart.ch\/wp-content\/uploads\/2022\/02\/Laesiblueescht-1.jpg\" alt=\"\" class=\"wp-image-6091\" width=\"554\" height=\"563\" srcset=\"https:\/\/walsermundart.ch\/wp-content\/uploads\/2022\/02\/Laesiblueescht-1.jpg 633w, https:\/\/walsermundart.ch\/wp-content\/uploads\/2022\/02\/Laesiblueescht-1-295x300.jpg 295w\" sizes=\"auto, (max-width: 554px) 100vw, 554px\" \/><\/figure>\n\n\n\n<p><strong>Mit CD<\/strong>: 15 Geschichten sind vertont. Projektleitung: Marietta Kobald-Walli, Herausgeber: Walservereinigung Graub\u00fcnden.<\/p>\n\n\n\n<p><a href=\"https:\/\/www.walserverein-gr.ch\/index.php\/shop.html\">https:\/\/www.walserverein-gr.ch\/index.php\/shop.html<\/a><\/p>\n\n\n\n<figure class=\"wp-block-image size-full is-resized\"><a href=\"https:\/\/walsermundart.ch\/?page_id=3877\"><img loading=\"lazy\" decoding=\"async\" src=\"https:\/\/walsermundart.ch\/wp-content\/uploads\/2022\/03\/Pfeil-zurueck-mini-1.jpg\" alt=\"\" class=\"wp-image-6871\" width=\"105\" height=\"68\"\/><\/a><\/figure>\n","protected":false},"excerpt":{"rendered":"<p>Ein unersetzliches Buch, bestehend aus einem W\u00f6rterbuch und einem Geschichtenteil. Die Autorinnen und Autoren haben hier ein einmaliges Werk geschaffen. Die verschiedenen Dialekte von Klosters&hellip;<\/p>\n","protected":false},"author":1,"featured_media":0,"parent":0,"menu_order":0,"comment_status":"closed","ping_status":"closed","template":"","meta":{"footnotes":""},"class_list":["post-6030","page","type-page","status-publish","hentry"],"_links":{"self":[{"href":"https:\/\/walsermundart.ch\/index.php?rest_route=\/wp\/v2\/pages\/6030","targetHints":{"allow":["GET"]}}],"collection":[{"href":"https:\/\/walsermundart.ch\/index.php?rest_route=\/wp\/v2\/pages"}],"about":[{"href":"https:\/\/walsermundart.ch\/index.php?rest_route=\/wp\/v2\/types\/page"}],"author":[{"embeddable":true,"href":"https:\/\/walsermundart.ch\/index.php?rest_route=\/wp\/v2\/users\/1"}],"replies":[{"embeddable":true,"href":"https:\/\/walsermundart.ch\/index.php?rest_route=%2Fwp%2Fv2%2Fcomments&post=6030"}],"version-history":[{"count":11,"href":"https:\/\/walsermundart.ch\/index.php?rest_route=\/wp\/v2\/pages\/6030\/revisions"}],"predecessor-version":[{"id":8120,"href":"https:\/\/walsermundart.ch\/index.php?rest_route=\/wp\/v2\/pages\/6030\/revisions\/8120"}],"wp:attachment":[{"href":"https:\/\/walsermundart.ch\/index.php?rest_route=%2Fwp%2Fv2%2Fmedia&parent=6030"}],"curies":[{"name":"wp","href":"https:\/\/api.w.org\/{rel}","templated":true}]}}