{"id":6032,"date":"2022-02-14T09:22:13","date_gmt":"2022-02-14T09:22:13","guid":{"rendered":"https:\/\/walsermundart.ch\/?page_id=6032"},"modified":"2022-09-14T12:38:13","modified_gmt":"2022-09-14T12:38:13","slug":"9-13-laesiblueescht","status":"publish","type":"page","link":"https:\/\/walsermundart.ch\/?page_id=6032","title":{"rendered":"9.06 &#8211; Underw\u00e4gs"},"content":{"rendered":"\n<figure class=\"wp-block-image size-full is-resized\"><a href=\"https:\/\/walsermundart.ch\/?page_id=2483\"><img loading=\"lazy\" decoding=\"async\" src=\"https:\/\/walsermundart.ch\/wp-content\/uploads\/2022\/03\/Pfeil-zurueck-mini-1.jpg\" alt=\"\" class=\"wp-image-6871\" width=\"108\" height=\"70\"\/><\/a><\/figure>\n\n\n\n<figure class=\"wp-block-image size-full\"><img loading=\"lazy\" decoding=\"async\" width=\"601\" height=\"888\" src=\"https:\/\/walsermundart.ch\/wp-content\/uploads\/2022\/03\/Elisabeth-Mani-Underwaegs-Snipping.jpg\" alt=\"\" class=\"wp-image-6467\" srcset=\"https:\/\/walsermundart.ch\/wp-content\/uploads\/2022\/03\/Elisabeth-Mani-Underwaegs-Snipping.jpg 601w, https:\/\/walsermundart.ch\/wp-content\/uploads\/2022\/03\/Elisabeth-Mani-Underwaegs-Snipping-203x300.jpg 203w\" sizes=\"auto, (max-width: 601px) 100vw, 601px\" \/><\/figure>\n\n\n\n<p>Elisabeth Mani-Heldstab, Davos, hat eine feinf\u00fchlige, ganz pers\u00f6nliche Gedichtsammlung herausgegeben, Andreas Fl\u00fctsch hat die passenden Fotos beigesteuert.  Walservereinigung Graub\u00fcnden. <\/p>\n\n\n\n<p>Da das B\u00fcchlein vergriffen ist, d\u00fcrfen wir im Einverst\u00e4ndnis mit Elisabeth Mani die nun vertonten Gedichte hier \u00fcbernehmen, samt einigen Fotos von Andreas Fl\u00fctsch:<\/p>\n\n\n\n<p><a href=\"https:\/\/walsermundart.ch\/?page_id=8184\"><strong>Link zu den Gedichten<\/strong><\/a><\/p>\n\n\n\n<p>Ein Gedicht daraus ist hier als Scan abgebildet und zeigt, was der Verfasserin Heimat bedeutet.<\/p>\n\n\n\n<p> <\/p>\n\n\n\n<figure class=\"wp-block-image size-full is-resized\"><img loading=\"lazy\" decoding=\"async\" src=\"https:\/\/walsermundart.ch\/wp-content\/uploads\/2022\/03\/Elisabeth-Mani-Heimet.jpg\" alt=\"\" class=\"wp-image-6475\" width=\"339\" height=\"641\" srcset=\"https:\/\/walsermundart.ch\/wp-content\/uploads\/2022\/03\/Elisabeth-Mani-Heimet.jpg 462w, https:\/\/walsermundart.ch\/wp-content\/uploads\/2022\/03\/Elisabeth-Mani-Heimet-159x300.jpg 159w\" sizes=\"auto, (max-width: 339px) 100vw, 339px\" \/><\/figure>\n\n\n\n<figure class=\"wp-block-image size-full is-resized\"><a href=\"https:\/\/walsermundart.ch\/?page_id=2483\"><img loading=\"lazy\" decoding=\"async\" src=\"https:\/\/walsermundart.ch\/wp-content\/uploads\/2022\/03\/Pfeil-zurueck-mini-1.jpg\" alt=\"\" class=\"wp-image-6871\" width=\"105\" height=\"68\"\/><\/a><\/figure>\n","protected":false},"excerpt":{"rendered":"<p>Elisabeth Mani-Heldstab, Davos, hat eine feinf\u00fchlige, ganz pers\u00f6nliche Gedichtsammlung herausgegeben, Andreas Fl\u00fctsch hat die passenden Fotos beigesteuert. Walservereinigung Graub\u00fcnden. Da das B\u00fcchlein vergriffen ist, d\u00fcrfen&hellip;<\/p>\n","protected":false},"author":1,"featured_media":0,"parent":0,"menu_order":0,"comment_status":"closed","ping_status":"closed","template":"","meta":{"footnotes":""},"class_list":["post-6032","page","type-page","status-publish","hentry"],"_links":{"self":[{"href":"https:\/\/walsermundart.ch\/index.php?rest_route=\/wp\/v2\/pages\/6032","targetHints":{"allow":["GET"]}}],"collection":[{"href":"https:\/\/walsermundart.ch\/index.php?rest_route=\/wp\/v2\/pages"}],"about":[{"href":"https:\/\/walsermundart.ch\/index.php?rest_route=\/wp\/v2\/types\/page"}],"author":[{"embeddable":true,"href":"https:\/\/walsermundart.ch\/index.php?rest_route=\/wp\/v2\/users\/1"}],"replies":[{"embeddable":true,"href":"https:\/\/walsermundart.ch\/index.php?rest_route=%2Fwp%2Fv2%2Fcomments&post=6032"}],"version-history":[{"count":29,"href":"https:\/\/walsermundart.ch\/index.php?rest_route=\/wp\/v2\/pages\/6032\/revisions"}],"predecessor-version":[{"id":8434,"href":"https:\/\/walsermundart.ch\/index.php?rest_route=\/wp\/v2\/pages\/6032\/revisions\/8434"}],"wp:attachment":[{"href":"https:\/\/walsermundart.ch\/index.php?rest_route=%2Fwp%2Fv2%2Fmedia&parent=6032"}],"curies":[{"name":"wp","href":"https:\/\/api.w.org\/{rel}","templated":true}]}}