{"id":6034,"date":"2022-02-14T09:25:31","date_gmt":"2022-02-14T09:25:31","guid":{"rendered":"https:\/\/walsermundart.ch\/?page_id=6034"},"modified":"2023-03-13T15:28:48","modified_gmt":"2023-03-13T15:28:48","slug":"9-14-das-praettigau-in-bildern","status":"publish","type":"page","link":"https:\/\/walsermundart.ch\/?page_id=6034","title":{"rendered":"11 &#8211; Walserliteratur und Links"},"content":{"rendered":"\n<figure class=\"wp-block-image size-full is-resized\"><a href=\"https:\/\/walsermundart.ch\/\"><img loading=\"lazy\" decoding=\"async\" src=\"https:\/\/walsermundart.ch\/wp-content\/uploads\/2022\/03\/pfeil-home-Snipp.jpg\" alt=\"\" class=\"wp-image-6993\" width=\"132\" height=\"72\" srcset=\"https:\/\/walsermundart.ch\/wp-content\/uploads\/2022\/03\/pfeil-home-Snipp.jpg 316w, https:\/\/walsermundart.ch\/wp-content\/uploads\/2022\/03\/pfeil-home-Snipp-300x164.jpg 300w\" sizes=\"auto, (max-width: 132px) 100vw, 132px\" \/><\/a><\/figure>\n\n\n\n<p class=\"has-vivid-cyan-blue-color has-text-color has-x-large-font-size\"><strong>1.  \u00dcbersicht<\/strong><\/p>\n\n\n\n<p>Die Website der Walservereinigung Graub\u00fcnden bietet eine umfassende Liste \u00fcber Walserliteratur an, insbesondere f\u00fcr den Raum Pr\u00e4ttigau-Davos, zusammengestellt von Marietta Kobald-Walli:<\/p>\n\n\n\n<p><a href=\"http:\/\/wikindx.walserverein-gr.ch\/index.php?action=list_QUICKSEARCH_CORE\" target=\"_blank\" rel=\"noreferrer noopener\">http:\/\/wikindx.walserverein-gr.ch\/index.php?action=list_QUICKSEARCH_CORE<\/a><\/p>\n\n\n\n<p><strong>Suchbeispiel<\/strong>: Alle Urheber<\/p>\n\n\n\n<figure class=\"wp-block-image size-full\"><img loading=\"lazy\" decoding=\"async\" width=\"992\" height=\"650\" src=\"https:\/\/walsermundart.ch\/wp-content\/uploads\/2022\/07\/Literatur-WVG-Suche-Pfeil-red.jpg\" alt=\"\" class=\"wp-image-8057\" srcset=\"https:\/\/walsermundart.ch\/wp-content\/uploads\/2022\/07\/Literatur-WVG-Suche-Pfeil-red.jpg 992w, https:\/\/walsermundart.ch\/wp-content\/uploads\/2022\/07\/Literatur-WVG-Suche-Pfeil-red-300x197.jpg 300w, https:\/\/walsermundart.ch\/wp-content\/uploads\/2022\/07\/Literatur-WVG-Suche-Pfeil-red-768x503.jpg 768w\" sizes=\"auto, (max-width: 992px) 100vw, 992px\" \/><\/figure>\n\n\n\n<div style=\"height:14px\" aria-hidden=\"true\" class=\"wp-block-spacer\"><\/div>\n\n\n\n<p class=\"has-vivid-cyan-blue-color has-text-color has-x-large-font-size\"><strong>2.  Eine Auswahl<\/strong><\/p>\n\n\n\n<p>Wo nicht anders vermerkt, sind die folgenden Werke im Buchhandel, bei der Walservereinigung und\/oder bei der Drucki Schiers erh\u00e4ltlich.<\/p>\n\n\n\n<p><a href=\"https:\/\/www.walserverein-gr.ch\/index.php\/shop.html\" target=\"_blank\" rel=\"noreferrer noopener\">https:\/\/www.walserverein-gr.ch\/index.php\/shop.html<\/a><\/p>\n\n\n\n<p><a href=\"https:\/\/www.drucki.ch\/de\/buechershop\" target=\"_blank\" rel=\"noreferrer noopener\">https:\/\/www.drucki.ch\/de\/buechershop<\/a><\/p>\n\n\n\n<div style=\"height:25px\" aria-hidden=\"true\" class=\"wp-block-spacer\"><\/div>\n\n\n\n<p class=\"has-x-large-font-size\"><strong>Schanfigg<\/strong><\/p>\n\n\n\n<p class=\"has-black-color has-text-color\"><a href=\"https:\/\/www.peist.ch\/home\/\" target=\"_blank\" rel=\"noreferrer noopener\">https:\/\/www.peist.ch\/home\/<\/a><\/p>\n\n\n\n<p><a href=\"https:\/\/www.kulturhuus-schanfigg.ch\/\" target=\"_blank\" rel=\"noreferrer noopener\">https:\/\/www.kulturhuus-schanfigg.ch\/<\/a><\/p>\n\n\n\n<p><a href=\"https:\/\/www.localcities.ch\/de\/veranstaltungen\/arosa\/4921\/1374338\" target=\"_blank\" rel=\"noreferrer noopener\">https:\/\/www.localcities.ch\/de\/veranstaltungen\/arosa\/4921\/1374338<\/a><\/p>\n\n\n\n<p><strong>Schanfigg <\/strong>&#8211; Aus der Geschichte des Tales Schanfigg, Friedrich Pieth, 1951, Separatdruck aus dem Jahresbericht der Hist.-Antiq. Gesellschaft von Graub\u00fcnden<\/p>\n\n\n\n<p style=\"letter-spacing:px\"><strong>Arosa&nbsp;<\/strong>&#8211; Alte Wege im Schanfigg, Hans Danuser<\/p>\n\n\n\n<p class=\"has-vivid-cyan-blue-color has-text-color\" style=\"letter-spacing:px\"><strong>Fondei<\/strong>&nbsp;&#8211; Das Hochtal Fondei, Hans Mettier-Heinrich<\/p>\n\n\n\n<p class=\"has-vivid-cyan-blue-color has-text-color\" style=\"letter-spacing:0.05px\"><strong>Fondei&nbsp;&#8211;<\/strong> Auf Zeitwanderung mit den Walsern, Nando Mettier, Kulturhuus Langwies<\/p>\n\n\n\n<p><strong>Fondei <\/strong>&#8211; D Wasserh\u00fctt\u00e4, T\u00f6ni Engel, Verlag nicht bekannt<\/p>\n\n\n\n<p style=\"letter-spacing:0.05px\"><strong>Sap\u00fcn &#8211; <\/strong>Unser Wohnort ist ein wilder Berg. Peter N. Richardson \/ Georg A. Mattli \/ Peter A. Mattli<\/p>\n\n\n\n<p style=\"letter-spacing:0.05px\"><strong>Sap\u00fcn &#8211; <\/strong>Heimeliggugg, Gabriella Pahud und Sarah Caduff<\/p>\n\n\n\n<p class=\"has-vivid-cyan-blue-color has-text-color\" style=\"letter-spacing:0.05px\"><strong>Peist &#8211; <\/strong>D\u00f6rfligeist Peist, Ursina Beeli-Butzerin<\/p>\n\n\n\n<p class=\"has-vivid-cyan-blue-color has-text-color\" style=\"letter-spacing:0.05px\"><strong>Peist &#8211; <\/strong>Peister Flurnamenkarte mit Worterkl\u00e4rungen<\/p>\n\n\n\n<p style=\"letter-spacing:0.05px\"><strong>St. Peter&nbsp;&#8211; <\/strong>Die Kirche zu St.<strong> <\/strong>Peter, Albert Frigg<\/p>\n\n\n\n<p><strong>Ausserschanfigg <\/strong>&#8211; Schanfigger W\u00f6rter, Christian Patt, Castiel<\/p>\n\n\n\n<p class=\"has-vivid-cyan-blue-color has-text-color\"><strong>Calfreisen <\/strong>&#8211; Dorfgeschichten 1880-1900 von Bartli Hatz<\/p>\n\n\n\n<p class=\"has-vivid-purple-color has-text-color\" style=\"letter-spacing:0.05px\"><strong>Tschiertschen <\/strong>&#8211; Willkomm\u00e4 in der Zapporth\u00fctt\u00e4 (<strong>mit CD<\/strong>), Mundart von Tschiertschen,&nbsp;Anita Engi<\/p>\n\n\n\n<p style=\"letter-spacing:0.05px\"><strong>Praden &#8211; <\/strong>Prader Hausgeschichte(n), Ruth Strassmann-St\u00f6ckli \/ Susanne M\u00fcller<\/p>\n\n\n\n<div style=\"height:40px\" aria-hidden=\"true\" class=\"wp-block-spacer\"><\/div>\n\n\n\n<p class=\"has-x-large-font-size\"><strong>Pr\u00e4ttigau<\/strong><\/p>\n\n\n\n<p class=\"has-vivid-cyan-blue-color has-white-background-color has-text-color has-background\"><a href=\"https:\/\/www.swissinfo.ch\/ger\/marietta-kobald-walli----offen-fuer-neues---vergangenes-bewahren-\/44260040\" target=\"_blank\" rel=\"noreferrer noopener\">https:\/\/www.swissinfo.ch\/ger\/marietta-kobald-walli&#8212;-offen-fuer-neues&#8212;vergangenes-bewahren-\/44260040<\/a><\/p>\n\n\n\n<p><strong>Klosters &#8211; <\/strong>Vergessenes Kulturerbe &#8211; Wildheu-M\u00e4der in der Gemeinde Klosters, Peter Guler<\/p>\n\n\n\n<p class=\"has-vivid-purple-color has-text-color\"><strong>Klosters<\/strong> &#8211; Us dn Erinnerig\u00e4 van F\u00e4rbihans, Gschichten\u00e4 in \u00fcnscher Schpraach (Klosters), Johannes Haltiner<\/p>\n\n\n\n<p class=\"has-vivid-purple-color has-text-color\"><strong>Klosters <\/strong>&#8211; Gschichten\u00e4 vam Chloschter (<strong>mit CD<\/strong>) Walser Dialekttexte von Klosters), Hittel Hew<\/p>\n\n\n\n<p class=\"has-vivid-purple-color has-text-color\"><strong>Klosters <\/strong>\u2013 D Walser, Hans Plattner<\/p>\n\n\n\n<p class=\"has-vivid-cyan-blue-color has-text-color\"><strong>Klosters <\/strong>\u2013 Walserschicksale, Hans Plattner<\/p>\n\n\n\n<p><strong>Klosters <\/strong>\u2013 Vorfahren \u2013 Nachkommen, Ursula Lehmann-Gugolz<\/p>\n\n\n\n<p><strong>Saas&nbsp;<\/strong>&#8211; Saaser Heimatbuch, Christian Hansemann<\/p>\n\n\n\n<p><strong>Conters<\/strong> \u2013 Conterser Heimatbuch, Christian Hansemann<\/p>\n\n\n\n<p><strong>St. Ant\u00f6nien<\/strong> &#8211; Die Geschichte der St. Ant\u00f6nier Lawinen, Holger Finze-Michaelsen<\/p>\n\n\n\n<p class=\"has-vivid-cyan-blue-color has-text-color\"><strong>Luzein&nbsp;<\/strong>&#8211; Heimatluft, Georg Fient<\/p>\n\n\n\n<p class=\"has-vivid-purple-color has-text-color\"><strong>Luzein <\/strong>&#8211; Schiller im Pr\u00e4ttigau, H\u00f6rbuch, gesprochen von Heini F\u00fcmm. AG Buchdruckerei Schiers<\/p>\n\n\n\n<p class=\"has-vivid-purple-color has-text-color\"><strong>Luzein&nbsp;<\/strong>&#8211; Humor in \u00fcnscher Sprach, No meen desch und Gloset, gluoget und gseid, Fluri Aliesch<\/p>\n\n\n\n<p class=\"has-vivid-purple-color has-text-color\"><strong>Luzein &#8211; <\/strong>Gschichten\u00e4 vam Luzeiner B\u00e4rg (<strong>mit CD<\/strong>) Mundart von Luzein, Fluri Aliesch \/ Eva Bardill<\/p>\n\n\n\n<p class=\"has-black-color has-text-color\"><strong>K\u00fcblis <\/strong>\u2013 K\u00fcbliser Heimatbuch, Christian<strong> <\/strong>Hansemann<\/p>\n\n\n\n<p><strong>Jenaz <\/strong>\u2013 Jenazer Heimatbuch, Jakob Rudolf Truog<\/p>\n\n\n\n<p class=\"has-vivid-purple-color has-text-color\"><strong>Furna &#8211; <\/strong>Zwi\u00e4rgg\u00e4l\u00e4, \u00c4rschlig und Burr\u00e4 Waldarbeit im Furner Tobel um 1940, Johannes Steiner-Mathis (1919-2014),&nbsp;hrsg. von Marietta Kobald-Walli<\/p>\n\n\n\n<p class=\"has-vivid-purple-color has-text-color\"><strong>Schiers <\/strong>&#8211; Sch\u00e4lleria Erzell\u00e4g\u00e4, G\u00e4dicht, Gschicht\u00e4, Margrith Ladner-Frei<\/p>\n\n\n\n<p><strong>Schiers<\/strong> &#8211; Geschichte und Kulturgeschichte, Jakob Casal-Heldstab<\/p>\n\n\n\n<p><strong>Schiers&nbsp;<\/strong> &#8211; Salginatobelbr\u00fccke \u2013 Werdegang eines Meisterwerks, Andreas Kessler<\/p>\n\n\n\n<p><strong>Seewis&nbsp;<\/strong>&#8211; Seewiser Heimatbuch, J.U. Meng<\/p>\n\n\n\n<p><strong>Seewis&nbsp;<\/strong>&#8211; Scesaplana, der Spusagang, Anna Frick<\/p>\n\n\n\n<p><strong>Valzeina <\/strong>&#8211; Valzeina, ein Walserdorf im Pr\u00e4ttigau, J. J\u00fcrger Seidel<\/p>\n\n\n\n<p class=\"has-vivid-purple-color has-text-color\"><strong>Pr\u00e4ttigau &#8211; <\/strong>Pr\u00e4ttigauer Dialekt, W\u00f6rter und Geschichten, Regionalverband pro Pr\u00e4ttigau, Georg Fromm, Heini Hagmann, Marietta Kobald-Walli, Lukretia Sonderegger-Guler, Dr. L. Th\u00f6ny u.a. (mit <strong>CD<\/strong>) 2014<\/p>\n\n\n\n<p class=\"has-vivid-purple-color has-text-color\"><strong>Pr\u00e4ttigau\/Davos <\/strong>&#8211; L\u00e4sibl\u00fcescht, Projektleitung: Marietta Kobald-Walli (<strong>mit CD<\/strong>)<\/p>\n\n\n\n<p><strong>Pr\u00e4ttigau\/Davos<\/strong> &#8211; 350 Jahre Loskauf von \u00d6sterreich 1949, 1999, Florian Hitz, Herstellung: Buchdruckerei Davos AG<\/p>\n\n\n\n<p><strong>Pr\u00e4ttigau<\/strong> &#8211; Pr\u00e4ttigauer Talchronik Pro Pr\u00e4ttigau, K\u00fcblis, Kulturkommission (seit 1981)<\/p>\n\n\n\n<p><strong>Pr\u00e4ttigau <\/strong>&#8211; Das Pr\u00e4ttigau, Land und Leute in Bildern, federf\u00fchrend: Martin Gujan, Talvereinigung Pro Pr\u00e4ttigau<\/p>\n\n\n\n<p><strong>Pr\u00e4ttigau <\/strong>&#8211; Das Pr\u00e4ttigau, Christian Hansemann, aus der Reihe Schweizer Heimatb\u00fccher, Verlag Paul Haupt<\/p>\n\n\n\n<p><strong>Pr\u00e4ttigau <\/strong>&#8211; Rund um die Pr\u00e4ttigauer Alpen, Thomas Bardill, <a href=\"https:\/\/www.drucki.ch\/de\/buechershop\">Casanova Druck und Verlag AG<\/a> <\/p>\n\n\n\n<p class=\"has-vivid-purple-color has-text-color\"><strong>Pr\u00e4ttigau &#8211; <\/strong>\u00e4swi\u00e4, \u00e4swo, \u00e4swas &#8211; Jugend im Pr\u00e4ttigau (<strong>DVD<\/strong>)<strong> <\/strong>ein Film \u00fcber die Befindlichkeit der Kinder und Jugendlichen im Pr\u00e4ttigau&nbsp;im Jahr 2006 Anna-Lydia Florin Davos<\/p>\n\n\n\n<p class=\"has-vivid-purple-color has-text-color\"><strong>Pr\u00e4ttigau <\/strong>&#8211; Alles Bschiss! 15 Chinderlieder im Walserdialekt, Bartli Val\u00e4r, Iris Vogt Klaas, Peter Guler-Gartmann, Marietta Kobald-Walli (Text und Musik)<\/p>\n\n\n\n<p><strong>Pr\u00e4ttigau &#8211; <\/strong>Wild &#8211; Nat\u00fcrlich &#8211; Einzigartig, Kurt Ganser, Karl-Heinz J\u00e4ger, Christoph Meier<\/p>\n\n\n\n<p><strong>Pr\u00e4ttigau <\/strong>&#8211; Wie ein Baum, gepflanzt an Wasserb\u00e4chen, Holger Finze-Michaelsen<\/p>\n\n\n\n<p><strong>Pr\u00e4ttigau <\/strong>&#8211; Waldarbeit und Waldarbeiter im Pr\u00e4ttigau, Werner Schmitter<\/p>\n\n\n\n<p><strong>Pr\u00e4ttigau<\/strong> \u2013 Emotionen einer J\u00e4gerin, Margrith Ladner-Frei<\/p>\n\n\n\n<p><strong>Pr\u00e4ttigau <\/strong>\u2013 Die H\u00e4rtli Grinde, Holger Finze-Michaelsen<\/p>\n\n\n\n<p><strong>Pr\u00e4ttigau&nbsp;<\/strong>&#8211; Pr\u00e4ttigauer Rundpanorama, Paul Thalmann<\/p>\n\n\n\n<p><strong>Pr\u00e4ttigau&nbsp;<\/strong>&#8211; Pr\u00e4ttigauer Geschichte, Mathias Th\u00f6ny<\/p>\n\n\n\n<p><strong>Pr\u00e4ttigau&nbsp;<\/strong>&#8211; Pr\u00e4ttigauer Alpen, Bauernverein Pr\u00e4ttigau<\/p>\n\n\n\n<p><strong>Pr\u00e4ttigau<\/strong> \u2013 Elementarkatastrophen, F. Sprecher<\/p>\n\n\n\n<p><strong>Pr\u00e4ttigau<\/strong> &#8211; Gottes Wort ist Wahrheit, Holger Finze-Michaelsen<\/p>\n\n\n\n<p><strong>Pr\u00e4ttigau<\/strong> \u2013 Domenicas Spuren, Ina Zweifel-Disch<\/p>\n\n\n\n<p><strong>Pr\u00e4ttigau&nbsp;<\/strong>&#8211; Pioniergeist im Pr\u00e4ttigau \u2013 Luzius Pol 1754\u20131828 Holger Finze-Michaelsen<\/p>\n\n\n\n<p><strong>Pr\u00e4ttigau<\/strong> \u2013 Gedichtsammlung, Georg Andr\u00e9 Hitz<\/p>\n\n\n\n<p><strong>Pr\u00e4ttigau<\/strong> &#8211; Nena und der B\u00e4r, C\u00e4cilia Flury (Text), Maria Letta (Bilder)<\/p>\n\n\n\n<p><strong>Pr\u00e4ttigau <\/strong>&#8211; Leonhard Meisser \u2013 Ein B\u00fcndner unter den evangelischen Gesangbuchdichtern, Holger Finze-Michaelsen<\/p>\n\n\n\n<div style=\"height:40px\" aria-hidden=\"true\" class=\"wp-block-spacer\"><\/div>\n\n\n\n<p class=\"has-x-large-font-size\"><strong>Davos<\/strong><\/p>\n\n\n\n<p><strong>Wiesen <\/strong>&#8211; Orts- und Kulturgeschichte, Werner Gees, Eigenverlag<\/p>\n\n\n\n<p class=\"has-vivid-purple-color has-text-color\"><strong>Monstein <\/strong>&#8211; Gschicht\u00e4 f\u00fcr d Enekli (mit CD) Mundart von Davos Monstein, Christian und Lisa Meisser<\/p>\n\n\n\n<p><strong>Monstein <\/strong>&#8211; Monstein entdecken, Annina Michel<\/p>\n\n\n\n<p class=\"has-vivid-purple-color has-text-color\"><strong>Unterschnitt <\/strong>&#8211; Us em Underschnitt, Martin Schmid, Walservereinigung Graub\u00fcnden<\/p>\n\n\n\n<p class=\"has-vivid-purple-color has-text-color\"><strong>Sertig <\/strong>&#8211; Sertiiger Erinnrig\u00e4. Va Land und L\u00fc\u00fcten im Underschnitt uf Davaas, Paul Amb\u00fchl-Gehri<\/p>\n\n\n\n<p class=\"has-vivid-purple-color has-text-color\">Davoserdeutsches W\u00f6rterbuch, Martin Schmid und Gaudenz Issler<\/p>\n\n\n\n<p class=\"has-vivid-purple-color has-text-color\">Dr T\u00fcrligiiger &#8211; Gschichten\u00e4 uf Dafaasert\u00fc\u00fctsch (CD mit Textheft), Hans Val\u00e4r, Verlag Davoser Revue<\/p>\n\n\n\n<p>Davoser Jubil\u00e4um 1289-1989, Max Pfister, Verlag: Buchdruckerei Davos AG<\/p>\n\n\n\n<p>Davos, Max Pfister, Verlag Paul Haupt<\/p>\n\n\n\n<p>Der Aufstieg von Davos, Jules Fermann, Verlag Davoser Revue<\/p>\n\n\n\n<p>Davos und seine T\u00e4ler, Fritz D\u00fcrst, Basilius Presse Basel<\/p>\n\n\n\n<p>Sitten und Br\u00e4uche in den T\u00e4lern Pr\u00e4ttigau und Davos, Andreas Gredig-Th\u00f6ni, Verlag Drucki Schiers<\/p>\n\n\n\n<p class=\"has-vivid-cyan-blue-color has-text-color\">Flurnamen der Landschaft Davos, Hans Laely Meyer, Verlag Buchdruckerei Davos AG<\/p>\n\n\n\n<p class=\"has-vivid-purple-color has-text-color\">Davoser Sprichw\u00f6rter und Redensarten, Hans Laely Meyer, Verlag Buchdruckerei Davos AG<\/p>\n\n\n\n<p class=\"has-vivid-purple-color has-text-color\">Underw\u00e4gs, Gedichte im Davoser Dialekt, Elisabeth Mani-Heldstab, Verlag Walservereinigung Graub\u00fcnden<\/p>\n\n\n\n<p>Davoser Heimatkunde, Andreas Laely, Verlag Davoser Revue<\/p>\n\n\n\n<p>Gang und Wandel im alten Davos, Andreas Gredig-Th\u00f6ni, Herausgeber: Verlag Buchdruckerei Davos AG<\/p>\n\n\n\n<p>Davos &#8211; seine Geschichte und besondere Strassennamen in Bildern, Klaus Bergamin, www.davos-erleben.ch<\/p>\n\n\n\n<p>Jahrhundertelanger Davoser Kampf um Freiheit, Max Pfister, Verlag Buchdruckerei Davos AG<\/p>\n\n\n\n<div style=\"height:47px\" aria-hidden=\"true\" class=\"wp-block-spacer\"><\/div>\n\n\n\n<p class=\"has-x-large-font-size\"><strong>Weitere Walsergebiete<\/strong><\/p>\n\n\n\n<p><strong>Avers &#8211; <\/strong>Das Hochtal Avers,&nbsp; Johann Rudolf Stoffel<\/p>\n\n\n\n<p><strong>Avers<\/strong> &#8211; Platta &#8211; eine ehemalige Nachbarschaft im Hochtal Avers, J\u00fcrg Stoffel<\/p>\n\n\n\n<p><strong>Juf<\/strong> &#8211; 2126 Meter \u00fcber Meer &#8211; Das Jahr in Juf, Reportage aus den Jahren 2014\/15<\/p>\n\n\n\n<p><strong>Madris<\/strong> &#8211; ein B\u00fcndner Hochtal am Alpenhauptkamm, J\u00fcrg Stoffel<\/p>\n\n\n\n<p><strong>Rheinwald<\/strong> &#8211; 7 Rheinwalder Filme (1940er-Jahre, Stummfilme) (DVD) Spinnen u. Weben \/ Bergheuet \/ Dorfw\u00e4sche \/ Blackenernte \/ Wildheuet am Mittaghorn \/ Winterliche Heimschaffung des Wildheus \/ Heuzug, Hrsg. von der Schweiz. Ges. f. Volkskunde und der Kulturforschung Graub\u00fcnden<\/p>\n\n\n\n<p class=\"has-vivid-purple-color has-text-color\"><strong>Rheinwald<\/strong> &#8211; Vo d\u00e4 Gemschi, Erz\u00e4hlungen in Rheinwalder Mundart, Hanna Gr\u00fcnitz-Camastral<\/p>\n\n\n\n<p class=\"has-vivid-purple-color has-text-color\"><strong>Rheinwald<\/strong> &#8211; \u00c4s \u00c4\u00e4li. Lexikon der sterbenden W\u00f6rter, Erika H\u00f6ssli<\/p>\n\n\n\n<p class=\"has-vivid-purple-color has-text-color\"><strong>Rheinwald<\/strong> &#8211; Rheinwalder W\u00f6rterbuch, Christian und Tilly Lorez-Brunold<\/p>\n\n\n\n<p><strong>Rheinwald<\/strong> &#8211; Bin gut angekommen Reiseberichte in Briefen an eine Freundin, Erika H\u00f6ssli<\/p>\n\n\n\n<p><strong>Rheinwald<\/strong> &#8211; Philipp H\u00f6ssli oder die Sehnsucht nach der Aussicht auf dem Gipfel des Berges, Kurt Wanner<\/p>\n\n\n\n<p><strong>Hinterrhein<\/strong> &#8211; Dorff\u00fchrer Hinterrhein, Elisabeth Hasler-Stoffel\/Erika H\u00f6ssli<\/p>\n\n\n\n<p class=\"has-vivid-purple-color has-text-color\"><strong>Hinterrhein<\/strong> &#8211; \u00c4ppes vam Tachli Idi (mit <strong>CD<\/strong>), Mundart von Hinterrhein, Ida Stoffel-Schmid<\/p>\n\n\n\n<p class=\"has-vivid-purple-color has-text-color\"><strong>Mutten<\/strong> &#8211; Diis Gsetz isch nit inschas Gsetz. Lebensbilder aus dem Walserdorf Mutten, Erwin Wyss<\/p>\n\n\n\n<p class=\"has-vivid-purple-color has-text-color\"><strong>Tschappina<\/strong> &#8211; Ds Botmartisch Gschichta (mit <strong>CD<\/strong>) Mundart von Tschappina, Luzi Jenny<\/p>\n\n\n\n<p><strong>Tschappina<\/strong> &#8211; Das wahre Heimweh ist sprachlos. Eine Auswanderungsgeschichte aus Tschappina, Christina Schumacher<\/p>\n\n\n\n<p><strong>Safien<\/strong> &#8211; Geschichten aus den Bergen, Erinnerungen eines Safiers, Konrad Buchli<\/p>\n\n\n\n<p class=\"has-vivid-purple-color has-text-color\"><strong>Safien<\/strong> &#8211; Vo wilt\u00e4 Mannli und ander\u00e4 L\u00fct (CD) W\u00f2\u00f2ri und halb\u00e4w\u00f2\u00f2ri Gschicht\u00e4&nbsp;\u00e4rzellt im S\u00f2\u00f2fier Dialekt&nbsp;<\/p>\n\n\n\n<p class=\"has-vivid-purple-color has-text-color\"><strong>Vals<\/strong> &#8211; Esia und h\u00fct (mit CD) Walser Dialekttexte der Gegenwart (Mundart von Vals), Ruedi Vieli<\/p>\n\n\n\n<p class=\"has-vivid-purple-color has-text-color\"><strong>Vals<\/strong><strong> &#8211; Valser Geschichten (CD<\/strong><strong>), <\/strong>Glockenmusik, von Fritz Hauser \/ Geschichten von Joh. Josef J\u00f6rger, gelesen von Peter Schmid<\/p>\n\n\n\n<p><strong>Vals<\/strong> &#8211; Bei den Walsern des Valsertales, Johann J. J\u00f6rger und Paula J\u00f6rger<\/p>\n\n\n\n<p class=\"has-vivid-purple-color has-text-color\"><strong>Vals<\/strong> &#8211; Dr hellig Garta, Geschichte im Valserdialekt, Johann Joseph J\u00f6rger<\/p>\n\n\n\n<p class=\"has-vivid-purple-color has-text-color\"><strong>Obersaxen<\/strong> &#8211; W\u00e0s in Deech pliba ischt (<strong>mit CD<\/strong>), Obersaxer Autorinnen und Autoren<\/p>\n\n\n\n<p class=\"has-vivid-cyan-blue-color has-text-color\"><strong>Obersaxen<\/strong> &#8211; Runggali (Obars\u00e0xartitsch \/ hochdeutsch), Leonie Barandun-Alig (Text) \/ Pierina Seglias (Bilder)<\/p>\n\n\n\n<p class=\"has-vivid-purple-color has-text-color\"><strong>S\u00fcdwalser<\/strong> &#8211; W\u00ea im \u00e4 Tr\u00f6im. Alte und neue Gedichte &#8211; vecchie e nuove poesie, Anna Maria Bacher<\/p>\n\n\n\n<p class=\"has-vivid-purple-color has-text-color\"><strong>S\u00fcdwalser <\/strong>&#8211; Walser Dialekte in Oberitalien &#8211; Sprachaufnahmen aus dem Jahr 1929 (CD mit booklet) Div. Erz\u00e4hler\/innen aus Gressoney, Issime, Rima, Rimella, Macugnaga, Agher, Saley, Pomatt<\/p>\n\n\n\n<p class=\"has-vivid-purple-color has-text-color\"><strong>S\u00fcdwalser <\/strong>&#8211; \u00d6igubl\u00eakch &#8211; Augenblicke &#8211; Colpo d&#8216; occhio, Anna Maria Bacher<\/p>\n\n\n\n<p><strong>S\u00fcdwalser<\/strong> &#8211; Die S\u00fcdwalser im 20. Jahrhundert, Johannes F\u00fchrer<\/p>\n\n\n\n<p><strong>Palfries<\/strong> &#8211; Aus dem Leben der gefreiten Walser am Gonzen und auf Palfries, Nachdruck der Originalausgabe von 1958, Jakob Kuratli<\/p>\n\n\n\n<p><strong>Vorarlberg<\/strong> &#8211; Walserweg Vorarlberg. In 25 Etappen vom Brandnertal bis nach Galt\u00fcr, Stefan Heim<\/p>\n\n\n\n<div style=\"height:47px\" aria-hidden=\"true\" class=\"wp-block-spacer\"><\/div>\n\n\n\n<p><strong>Alle <\/strong>&#8211; Ch\u00e4\u00e4sgez\u00e4ngg und T\u00fcrgg\u00e4ribel, Rezepte aus der Walserk\u00fcche, div. Autor\/innen<\/p>\n\n\n\n<p class=\"has-vivid-purple-color has-text-color\"><strong>Alle <\/strong>&#8211; \u00c4s w\u00fcrd schi \u00e4tt\u00e4 muus\u00e4. Lieder und T\u00e4nze der Walser in Graub\u00fcnden (CD), B\u00fcndner Jugendchor \/ Walser Kapelle<\/p>\n\n\n\n<p class=\"has-vivid-purple-color has-text-color\"><strong>Alle <\/strong>&#8211; B\u00fcndner Walser erz\u00e4hlen &#8211; Sprachaufnahmen aus dem Jahr 1926 (CD mit booklet), Erz\u00e4hler\/innen aus Seewis, K\u00fcblis, Klosters, Davos, Arosa, Langwies, Peist, Castiel, Praden, Churwalden, Vals, Safien, Tschappina, Valendas, Obersaxen<\/p>\n\n\n\n<p class=\"has-vivid-cyan-blue-color has-text-color\"><strong>Alle <\/strong>&#8211; Wie der Berg zu seinem Namen kam, Andrea Schorta, Terra Grischuna Verlag<\/p>\n\n\n\n<p><strong>Alle <\/strong>\u2013 Walser Volkstum, Paul Zinsli<\/p>\n\n\n\n<p><strong>Alle<\/strong> &#8211; 2126 Meter \u00fcber Meer &#8211; Das Jahr in Juf, Jost Auf der Maur \/ Bilder Gaudenz Danuser<\/p>\n\n\n\n<p><strong>Alle<\/strong> \u2013 Der Tannast bei den Walsern, Hartmann Beck<\/p>\n\n\n\n<p><strong>Alle<\/strong> \u2013 Das Backen im Bauernhaus, Berta Schnyder<\/p>\n\n\n\n<p class=\"has-vivid-purple-color has-text-color\"><strong>Alle<\/strong> &#8211; Walser B\u00fcndner Jugendchor \/ Walser Kapelle<\/p>\n\n\n\n<p><strong>Alle<\/strong> &#8211; Bergbauernschicksale \u2013 Drei Schicksale aus dem Schweizerischen Bergland, Hans Bardill<\/p>\n\n\n\n<p><strong>Alle<\/strong> &#8211; Walserweg Graub\u00fcnden, in 23 Etappen vom Hinterrhein in den R\u00e4tikon, Irene Schuler<\/p>\n\n\n\n<p><strong>Alle<\/strong> \u2013 Das alpine R\u00e4tien um 1573, Ulrich Campell, bearbeitet von Florian Hitz<\/p>\n\n\n\n<p><strong>Alle<\/strong> \u2013 Die Kelten, Barry Cunliffe, Silva-Verlag Z\u00fcrich<\/p>\n\n\n\n<p><strong>Alle<\/strong> \u2013 Das Alpwesen Graub\u00fcndens, Richard Weiss, Eugen Rentsch Verlag<\/p>\n\n\n\n<p><strong>Alle<\/strong> \u2013 Zur Besiedlungs- und Wirtschaftsgeschichte Graub\u00fcndens im Mittelalter, Martin Bundi, Calven-Verlag<\/p>\n\n\n\n<p><strong>Alle <\/strong>&#8211; Alpschermen und Maiens\u00e4sse in Graub\u00fcnden, Diego Giovanoli, Verlag Paul Haupt<\/p>\n\n\n\n<figure class=\"wp-block-image size-full is-resized\"><a href=\"https:\/\/walsermundart.ch\/\"><img loading=\"lazy\" decoding=\"async\" src=\"https:\/\/walsermundart.ch\/wp-content\/uploads\/2022\/03\/pfeil-home-Snipp.jpg\" alt=\"\" class=\"wp-image-6993\" width=\"141\" height=\"77\" srcset=\"https:\/\/walsermundart.ch\/wp-content\/uploads\/2022\/03\/pfeil-home-Snipp.jpg 316w, https:\/\/walsermundart.ch\/wp-content\/uploads\/2022\/03\/pfeil-home-Snipp-300x164.jpg 300w\" sizes=\"auto, (max-width: 141px) 100vw, 141px\" \/><\/a><\/figure>\n","protected":false},"excerpt":{"rendered":"<p>1. \u00dcbersicht Die Website der Walservereinigung Graub\u00fcnden bietet eine umfassende Liste \u00fcber Walserliteratur an, insbesondere f\u00fcr den Raum Pr\u00e4ttigau-Davos, zusammengestellt von Marietta Kobald-Walli: http:\/\/wikindx.walserverein-gr.ch\/index.php?action=list_QUICKSEARCH_CORE Suchbeispiel:&hellip;<\/p>\n","protected":false},"author":1,"featured_media":0,"parent":0,"menu_order":0,"comment_status":"closed","ping_status":"closed","template":"","meta":{"footnotes":""},"class_list":["post-6034","page","type-page","status-publish","hentry"],"_links":{"self":[{"href":"https:\/\/walsermundart.ch\/index.php?rest_route=\/wp\/v2\/pages\/6034","targetHints":{"allow":["GET"]}}],"collection":[{"href":"https:\/\/walsermundart.ch\/index.php?rest_route=\/wp\/v2\/pages"}],"about":[{"href":"https:\/\/walsermundart.ch\/index.php?rest_route=\/wp\/v2\/types\/page"}],"author":[{"embeddable":true,"href":"https:\/\/walsermundart.ch\/index.php?rest_route=\/wp\/v2\/users\/1"}],"replies":[{"embeddable":true,"href":"https:\/\/walsermundart.ch\/index.php?rest_route=%2Fwp%2Fv2%2Fcomments&post=6034"}],"version-history":[{"count":60,"href":"https:\/\/walsermundart.ch\/index.php?rest_route=\/wp\/v2\/pages\/6034\/revisions"}],"predecessor-version":[{"id":8520,"href":"https:\/\/walsermundart.ch\/index.php?rest_route=\/wp\/v2\/pages\/6034\/revisions\/8520"}],"wp:attachment":[{"href":"https:\/\/walsermundart.ch\/index.php?rest_route=%2Fwp%2Fv2%2Fmedia&parent=6034"}],"curies":[{"name":"wp","href":"https:\/\/api.w.org\/{rel}","templated":true}]}}